{"id":609704,"date":"2023-04-24T11:16:58","date_gmt":"2023-04-24T10:16:58","guid":{"rendered":"https:\/\/positiveprints.com\/?post_type=product&#038;p=609704"},"modified":"2026-04-28T14:21:23","modified_gmt":"2026-04-28T13:21:23","slug":"mapa-estelar-hola-serias-acepto","status":"publish","type":"product","link":"https:\/\/positiveprints.com\/es\/producto\/mapa-estelar-hola-serias-acepto\/","title":{"rendered":"Mapa estelar: \u201cHola. \u00bfSer\u00edas? \u00a1Acepto!\u201d"},"content":{"rendered":"<p style=\"margin-top: 1rem\">\u00bfBuscas capturar la magia de tu historia de amor en una sola impresi\u00f3n? \u00a1No busques m\u00e1s! \u201cHola. \u00bfSer\u00edas? \u00a1Acepto!\u201d es el regalo de aniversario perfecto para celebrar los momentos especiales de su relaci\u00f3n, ya sea el d\u00eda de su boda, el d\u00eda de San Valent\u00edn o cualquier ocasi\u00f3n especial que desees conmemorar.<\/p>\r\n\r\n\r\n<p style=\"margin-top: 1rem\">Piensa en los momentos especiales de su relaci\u00f3n con esta hermosa impresi\u00f3n que muestra tres mapas estelares personalizados. El primer mapa estelar muestra el momento exacto en que se conocieron, el segundo muestra el d\u00eda en que se comprometieron, con la palabra &#8220;\u00bfSer\u00edas?&#8221; escrita en el pie de p\u00e1gina, y finalmente el tercer mapa estelar muestra el cielo estrellado del d\u00eda de su boda, con un t\u00edtulo que dice &#8220;\u00a1Acepto!&#8221;.<\/p>\r\n\r\n\r\n<p style=\"margin-top: 1rem\">\u00a1Crear un mapa estelar es muy f\u00e1cil! Visita nuestro editor en l\u00ednea, elige el dise\u00f1o y los colores que m\u00e1s te gusten, y elige las fechas y ubicaciones que desees plasmar en cada mapa estelar. Puedes elegir entre mapas circulares o en forma de coraz\u00f3n, e incluso personalizar la paleta de colores a tu gusto. Adem\u00e1s, durante cada paso, podr\u00e1s visualizar c\u00f3mo se ver\u00e1 tu obra de arte desde la secci\u00f3n de vista previa. Y una vez que hayas terminado con todo el proceso de dise\u00f1o, podr\u00e1s elegir el formato y el tama\u00f1o de impresi\u00f3n que m\u00e1s te guste; puedes elegir entre un p\u00f3ster impreso o enmarcado, un lienzo, o incluso un archivo de descarga digital para imprimirlo de forma local.<\/p>\r\n\r\n\r\n<p style=\"margin-top: 1rem\">Pide tu mapa \u201cHola. \u00bfSer\u00edas? \u00a1Acepto!\u201d hoy mismo y sorprende a tu ser amado con un conmovedor regalo que podr\u00e1 atesorar para siempre.<\/p>","protected":false},"excerpt":{"rendered":"<ul class=\"check-list\">\n<li>Dise\u00f1a un mapa estelar que muestre el cielo nocturno de tres lugares y fechas diferentes<\/li>\n<li>Agrega las constelaciones y la V\u00eda L\u00e1ctea<\/li>\n<li>Personal\u00edzalo en tres sencillos pasos<\/li>\n<li>Agrega un texto personalizado<\/li>\n<li>Ve el resultado de inmediato: la vista previa interactiva te permite perfeccionar cada detalle<\/li>\n<\/ul>\n","protected":false},"featured_media":1257513,"template":"","meta":[],"product_brand":[],"product_cat":[9103,106],"product_tag":[14923,15522],"class_list":{"0":"post-609704","1":"product","2":"type-product","3":"status-publish","4":"has-post-thumbnail","6":"product_cat-trio-stars-es","7":"product_cat-todos-los-productos","8":"product_tag-anniversary-es","9":"product_tag-nuestra-historia-de-amor","11":"first","12":"instock","13":"sale","14":"taxable","15":"shipping-taxable","16":"purchasable","17":"product-type-variable"},"yoast_head":"<!-- This site is optimized with the Yoast SEO Premium plugin v27.2 (Yoast SEO v27.2) - https:\/\/yoast.com\/product\/yoast-seo-premium-wordpress\/ -->\n<title>Mapa estelar: \u201cHola. \u00bfSer\u00edas? \u00a1Acepto!\u201d - Positive Prints<\/title>\n<meta name=\"description\" content=\"Pide tu mapa \u201cHola. \u00bfSer\u00edas? \u00a1Acepto!\u201d hoy mismo y sorprende a tu ser amado con un conmovedor regalo que podr\u00e1 atesorar para siempre.\" \/>\n<meta name=\"robots\" content=\"index, follow, max-snippet:-1, max-image-preview:large, max-video-preview:-1\" \/>\n<link rel=\"canonical\" href=\"https:\/\/positiveprints.com\/es\/producto\/mapa-estelar-hola-serias-acepto\/\" \/>\n<meta property=\"og:locale\" content=\"es_ES\" \/>\n<meta property=\"og:type\" content=\"article\" \/>\n<meta property=\"og:title\" content=\"Mapa estelar: \u201cHola. \u00bfSer\u00edas? \u00a1Acepto!\u201d\" \/>\n<meta property=\"og:description\" content=\"Dise\u00f1a un mapa estelar que muestre el cielo nocturno de tres lugares y fechas diferentes Agrega las constelaciones y la V\u00eda L\u00e1ctea Personal\u00edzalo en tres sencillos pasos Agrega un texto personalizado Ve el resultado de inmediato: la vista previa interactiva te permite perfeccionar cada detalle\" \/>\n<meta property=\"og:url\" content=\"https:\/\/positiveprints.com\/es\/producto\/mapa-estelar-hola-serias-acepto\/\" \/>\n<meta property=\"og:site_name\" content=\"Positive Prints\" \/>\n<meta property=\"article:publisher\" content=\"https:\/\/www.facebook.com\/positiveprintscom\" \/>\n<meta property=\"article:modified_time\" content=\"2026-04-28T13:21:23+00:00\" \/>\n<meta property=\"og:image\" content=\"https:\/\/positiveprints.com\/wp-content\/uploads\/2024\/11\/Packshot_ES_Hello-Will-You-I-Do-Star-Map-product-image-.webp\" \/>\n\t<meta property=\"og:image:width\" content=\"1450\" \/>\n\t<meta property=\"og:image:height\" content=\"1450\" \/>\n\t<meta property=\"og:image:type\" content=\"image\/webp\" \/>\n<meta name=\"twitter:card\" content=\"summary_large_image\" \/>\n<!-- \/ Yoast SEO Premium plugin. -->","yoast_head_json":{"title":"Mapa estelar: \u201cHola. \u00bfSer\u00edas? \u00a1Acepto!\u201d - Positive Prints","description":"Pide tu mapa \u201cHola. \u00bfSer\u00edas? \u00a1Acepto!\u201d hoy mismo y sorprende a tu ser amado con un conmovedor regalo que podr\u00e1 atesorar para siempre.","robots":{"index":"index","follow":"follow","max-snippet":"max-snippet:-1","max-image-preview":"max-image-preview:large","max-video-preview":"max-video-preview:-1"},"canonical":"https:\/\/positiveprints.com\/es\/producto\/mapa-estelar-hola-serias-acepto\/","og_locale":"es_ES","og_type":"article","og_title":"Mapa estelar: \u201cHola. \u00bfSer\u00edas? \u00a1Acepto!\u201d","og_description":"Dise\u00f1a un mapa estelar que muestre el cielo nocturno de tres lugares y fechas diferentes Agrega las constelaciones y la V\u00eda L\u00e1ctea Personal\u00edzalo en tres sencillos pasos Agrega un texto personalizado Ve el resultado de inmediato: la vista previa interactiva te permite perfeccionar cada detalle","og_url":"https:\/\/positiveprints.com\/es\/producto\/mapa-estelar-hola-serias-acepto\/","og_site_name":"Positive Prints","article_publisher":"https:\/\/www.facebook.com\/positiveprintscom","article_modified_time":"2026-04-28T13:21:23+00:00","og_image":[{"width":1450,"height":1450,"url":"https:\/\/positiveprints.com\/wp-content\/uploads\/2024\/11\/Packshot_ES_Hello-Will-You-I-Do-Star-Map-product-image-.webp","type":"image\/webp"}],"twitter_card":"summary_large_image","schema":{"@context":"https:\/\/schema.org","@graph":[{"@type":["WebPage","ItemPage"],"@id":"https:\/\/positiveprints.com\/es\/producto\/mapa-estelar-hola-serias-acepto\/","url":"https:\/\/positiveprints.com\/es\/producto\/mapa-estelar-hola-serias-acepto\/","name":"Mapa estelar: \u201cHola. \u00bfSer\u00edas? \u00a1Acepto!\u201d - Positive Prints","isPartOf":{"@id":"https:\/\/positiveprints.com\/es\/#website"},"primaryImageOfPage":{"@id":"https:\/\/positiveprints.com\/es\/producto\/mapa-estelar-hola-serias-acepto\/#primaryimage"},"image":{"@id":"https:\/\/positiveprints.com\/es\/producto\/mapa-estelar-hola-serias-acepto\/#primaryimage"},"thumbnailUrl":"https:\/\/positiveprints.com\/wp-content\/uploads\/2024\/11\/Packshot_ES_Hello-Will-You-I-Do-Star-Map-product-image-.webp","datePublished":"2023-04-24T10:16:58+00:00","dateModified":"2026-04-28T13:21:23+00:00","description":"Pide tu mapa \u201cHola. \u00bfSer\u00edas? \u00a1Acepto!\u201d hoy mismo y sorprende a tu ser amado con un conmovedor regalo que podr\u00e1 atesorar para siempre.","breadcrumb":{"@id":"https:\/\/positiveprints.com\/es\/producto\/mapa-estelar-hola-serias-acepto\/#breadcrumb"},"inLanguage":"es","potentialAction":[{"@type":"ReadAction","target":["https:\/\/positiveprints.com\/es\/producto\/mapa-estelar-hola-serias-acepto\/"]}]},{"@type":"ImageObject","inLanguage":"es","@id":"https:\/\/positiveprints.com\/es\/producto\/mapa-estelar-hola-serias-acepto\/#primaryimage","url":"https:\/\/positiveprints.com\/wp-content\/uploads\/2024\/11\/Packshot_ES_Hello-Will-You-I-Do-Star-Map-product-image-.webp","contentUrl":"https:\/\/positiveprints.com\/wp-content\/uploads\/2024\/11\/Packshot_ES_Hello-Will-You-I-Do-Star-Map-product-image-.webp","width":1450,"height":1450},{"@type":"BreadcrumbList","@id":"https:\/\/positiveprints.com\/es\/producto\/mapa-estelar-hola-serias-acepto\/#breadcrumb","itemListElement":[{"@type":"ListItem","position":1,"name":"CASA","item":"https:\/\/positiveprints.com\/es\/"},{"@type":"ListItem","position":2,"name":"Productos","item":"https:\/\/positiveprints.com\/es\/shop\/"},{"@type":"ListItem","position":3,"name":"Mapa estelar: \u201cHola. \u00bfSer\u00edas? \u00a1Acepto!\u201d"}]},{"@type":"WebSite","@id":"https:\/\/positiveprints.com\/es\/#website","url":"https:\/\/positiveprints.com\/es\/","name":"Positive Prints","description":"Custom Gifts for Special Occasions","publisher":{"@id":"https:\/\/positiveprints.com\/es\/#organization"},"potentialAction":[{"@type":"SearchAction","target":{"@type":"EntryPoint","urlTemplate":"https:\/\/positiveprints.com\/es\/?s={search_term_string}"},"query-input":{"@type":"PropertyValueSpecification","valueRequired":true,"valueName":"search_term_string"}}],"inLanguage":"es"},{"@type":"Organization","@id":"https:\/\/positiveprints.com\/es\/#organization","name":"Positive Prints","alternateName":"Positive Prints ","url":"https:\/\/positiveprints.com\/es\/","logo":{"@type":"ImageObject","inLanguage":"es","@id":"https:\/\/positiveprints.com\/es\/#\/schema\/logo\/image\/","url":"https:\/\/positiveprints.com\/wp-content\/uploads\/2026\/03\/245815646_1337939713319158_5671353136411139666_n.png","contentUrl":"https:\/\/positiveprints.com\/wp-content\/uploads\/2026\/03\/245815646_1337939713319158_5671353136411139666_n.png","width":800,"height":800,"caption":"Positive Prints"},"image":{"@id":"https:\/\/positiveprints.com\/es\/#\/schema\/logo\/image\/"},"sameAs":["https:\/\/www.facebook.com\/positiveprintscom","https:\/\/www.instagram.com\/positiveprintscom\/","https:\/\/www.tiktok.com\/@positiveprintscom","https:\/\/www.pinterest.com\/positiveprintscom\/"]}]}},"jetpack_sharing_enabled":true,"_links":{"self":[{"href":"https:\/\/positiveprints.com\/es\/wp-json\/wp\/v2\/product\/609704","targetHints":{"allow":["GET"]}}],"collection":[{"href":"https:\/\/positiveprints.com\/es\/wp-json\/wp\/v2\/product"}],"about":[{"href":"https:\/\/positiveprints.com\/es\/wp-json\/wp\/v2\/types\/product"}],"wp:featuredmedia":[{"embeddable":true,"href":"https:\/\/positiveprints.com\/es\/wp-json\/wp\/v2\/media\/1257513"}],"wp:attachment":[{"href":"https:\/\/positiveprints.com\/es\/wp-json\/wp\/v2\/media?parent=609704"}],"wp:term":[{"taxonomy":"product_brand","embeddable":true,"href":"https:\/\/positiveprints.com\/es\/wp-json\/wp\/v2\/product_brand?post=609704"},{"taxonomy":"product_cat","embeddable":true,"href":"https:\/\/positiveprints.com\/es\/wp-json\/wp\/v2\/product_cat?post=609704"},{"taxonomy":"product_tag","embeddable":true,"href":"https:\/\/positiveprints.com\/es\/wp-json\/wp\/v2\/product_tag?post=609704"}],"curies":[{"name":"wp","href":"https:\/\/api.w.org\/{rel}","templated":true}]}}