{"id":609663,"date":"2023-04-21T11:01:25","date_gmt":"2023-04-21T10:01:25","guid":{"rendered":"https:\/\/positiveprints.com\/?post_type=product&#038;p=609663"},"modified":"2026-04-28T14:21:28","modified_gmt":"2026-04-28T13:21:28","slug":"mapa-estelar-triple-para-familias","status":"publish","type":"product","link":"https:\/\/positiveprints.com\/es\/producto\/mapa-estelar-triple-para-familias\/","title":{"rendered":"Mapa estelar triple para familias"},"content":{"rendered":"<p style=\"margin-top: 1rem\">Si est\u00e1s buscando un regalo familiar excepcional, significativo y personalizado, entonces el mapa estelar triple para familias es el detalle perfecto. Ya sea un evento especial o simplemente un gesto espont\u00e1neo, esta impresi\u00f3n te ayudar\u00e1 a conmemorar los tres d\u00edas m\u00e1s especiales en la historia familiar.<\/p>\r\n\r\n\r\n<p style=\"margin-top: 1rem\">Imagina c\u00f3mo te sentir\u00e1s cuando seas testigo del cielo estrellado del d\u00eda de nacimiento de tus hijos o del d\u00eda de tu boda. No es solo un regalo: es un preciado recuerdo que durar\u00e1 toda la vida. \u00bfY sabes cu\u00e1l es la mejor parte? \u00a1Las opciones de personalizaci\u00f3n son infinitas! Ya sea que est\u00e9s celebrando la llegada de un reci\u00e9n nacido, o simplemente quieras conservar esos hermosos recuerdos, este es el regalo ideal para ti y toda la familia.<\/p>\r\n\r\n\r\n<p style=\"margin-top: 1rem\">\u00a1Crear tu mapa estelar triple para familias es s\u00faper f\u00e1cil! Con nuestro editor en l\u00ednea, podr\u00e1s elegir la paleta de colores que m\u00e1s te guste. Luego, deber\u00e1s ingresar las fechas y ubicaciones de los mapas estelares que desees agregar a tu obra personalizada. Hay una gran cantidad de formatos y tama\u00f1os disponibles para que puedas recibir exactamente lo que est\u00e1s buscando.<\/p>\r\n\r\n\r\n<p style=\"margin-top: 1rem\">\u00a1No esperes m\u00e1s y comienza a capturar esos momentos especiales! Pide tu mapa estelar triple para familias y crea un regalo que nunca podr\u00e1n olvidar.<\/p>","protected":false},"excerpt":{"rendered":"<ul class=\"check-list\">\n<li>Dise\u00f1a un mapa estelar que muestre el cielo nocturno de tres lugares y fechas diferentes<\/li>\n<li>Agrega las constelaciones y la V\u00eda L\u00e1ctea<\/li>\n<li>Personal\u00edzalo en tres sencillos pasos<\/li>\n<li>Agrega un texto personalizado<\/li>\n<li>Ve el resultado de inmediato: la vista previa interactiva te permite perfeccionar cada detalle<\/li>\n<\/ul>\n","protected":false},"featured_media":1256425,"template":"","meta":[],"product_brand":[],"product_cat":[8215,9766,9103,106,5254,3128,11219,11220,5270,15060,11461,11449,11460,8012,7629,7661,7693,7773,7742,7853,7821],"product_tag":[8541,12637,12628,13429,17279,17190,13459,13469,12638,12629,15267],"class_list":{"0":"post-609663","1":"product","2":"type-product","3":"status-publish","4":"has-post-thumbnail","6":"product_cat-para-el","7":"product_cat-trending-label-es","8":"product_cat-trio-stars-es","9":"product_cat-todos-los-productos","10":"product_cat-regalos-de-nacimiento-de-bebe","11":"product_cat-regalos-de-cumpleanos","12":"product_cat-regalos-de-cumpleanos-para-mujeres","13":"product_cat-regalos-de-cumpleanos-para-hombres","14":"product_cat-regalos-de-navidad","15":"product_cat-regalos-de-navidad-para-la-familia","16":"product_cat-regalos-de-navidad-para-la-hermana","17":"product_cat-regalos-de-navidad-para-el-hermano","18":"product_cat-regalos-de-navidad-para-los-padres","19":"product_cat-regalos-para-hombres","20":"product_cat-regalos-para-mi-hermano","21":"product_cat-regalos-para-mi-hijo","22":"product_cat-regalos-para-mujeres","23":"product_cat-regalos-para-mi-hija","24":"product_cat-regalos-para-mi-hermana","25":"product_cat-regalos-para-la-familia","26":"product_cat-regalos-para-padres-primerizos","27":"product_tag-family-es","28":"product_tag-hermana","29":"product_tag-hermano","30":"product_tag-regalo-de-navidad-para-hermana","31":"product_tag-regalo-para-hermana","32":"product_tag-regalo-para-hermano","33":"product_tag-regalos-de-navidad-para-hermano","34":"product_tag-regalos-de-navidad-para-la-familia","35":"product_tag-regalos-para-hermana","36":"product_tag-regalos-para-hermano","37":"product_tag-weihnachtsgeschenke-fuer-den-bruder","39":"first","40":"instock","41":"sale","42":"taxable","43":"shipping-taxable","44":"purchasable","45":"product-type-variable"},"yoast_head":"<!-- This site is optimized with the Yoast SEO Premium plugin v27.2 (Yoast SEO v27.2) - https:\/\/yoast.com\/product\/yoast-seo-premium-wordpress\/ -->\n<title>Mapa estelar triple para familias - Positive Prints<\/title>\n<meta name=\"description\" content=\"\u00a1No esperes m\u00e1s y comienza a capturar esos momentos especiales! Pide tu mapa estelar triple para familias y crea un regalo que nunca podr\u00e1n olvidar.\" \/>\n<meta name=\"robots\" content=\"index, follow, max-snippet:-1, max-image-preview:large, max-video-preview:-1\" \/>\n<link rel=\"canonical\" href=\"https:\/\/positiveprints.com\/es\/producto\/mapa-estelar-triple-para-familias\/\" \/>\n<meta property=\"og:locale\" content=\"es_ES\" \/>\n<meta property=\"og:type\" content=\"article\" \/>\n<meta property=\"og:title\" content=\"Mapa estelar triple para familias\" \/>\n<meta property=\"og:description\" content=\"Dise\u00f1a un mapa estelar que muestre el cielo nocturno de tres lugares y fechas diferentes Agrega las constelaciones y la V\u00eda L\u00e1ctea Personal\u00edzalo en tres sencillos pasos Agrega un texto personalizado Ve el resultado de inmediato: la vista previa interactiva te permite perfeccionar cada detalle\" \/>\n<meta property=\"og:url\" content=\"https:\/\/positiveprints.com\/es\/producto\/mapa-estelar-triple-para-familias\/\" \/>\n<meta property=\"og:site_name\" content=\"Positive Prints\" \/>\n<meta property=\"article:publisher\" content=\"https:\/\/www.facebook.com\/positiveprintscom\" \/>\n<meta property=\"article:modified_time\" content=\"2026-04-28T13:21:28+00:00\" \/>\n<meta property=\"og:image\" content=\"https:\/\/positiveprints.com\/wp-content\/uploads\/2024\/11\/Packshot_ES_Family-Triple-Star-Map-product-image-.webp\" \/>\n\t<meta property=\"og:image:width\" content=\"1450\" \/>\n\t<meta property=\"og:image:height\" content=\"1450\" \/>\n\t<meta property=\"og:image:type\" content=\"image\/webp\" \/>\n<meta name=\"twitter:card\" content=\"summary_large_image\" \/>\n<!-- \/ Yoast SEO Premium plugin. -->","yoast_head_json":{"title":"Mapa estelar triple para familias - Positive Prints","description":"\u00a1No esperes m\u00e1s y comienza a capturar esos momentos especiales! Pide tu mapa estelar triple para familias y crea un regalo que nunca podr\u00e1n olvidar.","robots":{"index":"index","follow":"follow","max-snippet":"max-snippet:-1","max-image-preview":"max-image-preview:large","max-video-preview":"max-video-preview:-1"},"canonical":"https:\/\/positiveprints.com\/es\/producto\/mapa-estelar-triple-para-familias\/","og_locale":"es_ES","og_type":"article","og_title":"Mapa estelar triple para familias","og_description":"Dise\u00f1a un mapa estelar que muestre el cielo nocturno de tres lugares y fechas diferentes Agrega las constelaciones y la V\u00eda L\u00e1ctea Personal\u00edzalo en tres sencillos pasos Agrega un texto personalizado Ve el resultado de inmediato: la vista previa interactiva te permite perfeccionar cada detalle","og_url":"https:\/\/positiveprints.com\/es\/producto\/mapa-estelar-triple-para-familias\/","og_site_name":"Positive Prints","article_publisher":"https:\/\/www.facebook.com\/positiveprintscom","article_modified_time":"2026-04-28T13:21:28+00:00","og_image":[{"width":1450,"height":1450,"url":"https:\/\/positiveprints.com\/wp-content\/uploads\/2024\/11\/Packshot_ES_Family-Triple-Star-Map-product-image-.webp","type":"image\/webp"}],"twitter_card":"summary_large_image","schema":{"@context":"https:\/\/schema.org","@graph":[{"@type":["WebPage","ItemPage"],"@id":"https:\/\/positiveprints.com\/es\/producto\/mapa-estelar-triple-para-familias\/","url":"https:\/\/positiveprints.com\/es\/producto\/mapa-estelar-triple-para-familias\/","name":"Mapa estelar triple para familias - Positive Prints","isPartOf":{"@id":"https:\/\/positiveprints.com\/es\/#website"},"primaryImageOfPage":{"@id":"https:\/\/positiveprints.com\/es\/producto\/mapa-estelar-triple-para-familias\/#primaryimage"},"image":{"@id":"https:\/\/positiveprints.com\/es\/producto\/mapa-estelar-triple-para-familias\/#primaryimage"},"thumbnailUrl":"https:\/\/positiveprints.com\/wp-content\/uploads\/2024\/11\/Packshot_ES_Family-Triple-Star-Map-product-image-.webp","datePublished":"2023-04-21T10:01:25+00:00","dateModified":"2026-04-28T13:21:28+00:00","description":"\u00a1No esperes m\u00e1s y comienza a capturar esos momentos especiales! Pide tu mapa estelar triple para familias y crea un regalo que nunca podr\u00e1n olvidar.","breadcrumb":{"@id":"https:\/\/positiveprints.com\/es\/producto\/mapa-estelar-triple-para-familias\/#breadcrumb"},"inLanguage":"es","potentialAction":[{"@type":"ReadAction","target":["https:\/\/positiveprints.com\/es\/producto\/mapa-estelar-triple-para-familias\/"]}]},{"@type":"ImageObject","inLanguage":"es","@id":"https:\/\/positiveprints.com\/es\/producto\/mapa-estelar-triple-para-familias\/#primaryimage","url":"https:\/\/positiveprints.com\/wp-content\/uploads\/2024\/11\/Packshot_ES_Family-Triple-Star-Map-product-image-.webp","contentUrl":"https:\/\/positiveprints.com\/wp-content\/uploads\/2024\/11\/Packshot_ES_Family-Triple-Star-Map-product-image-.webp","width":1450,"height":1450},{"@type":"BreadcrumbList","@id":"https:\/\/positiveprints.com\/es\/producto\/mapa-estelar-triple-para-familias\/#breadcrumb","itemListElement":[{"@type":"ListItem","position":1,"name":"CASA","item":"https:\/\/positiveprints.com\/es\/"},{"@type":"ListItem","position":2,"name":"Productos","item":"https:\/\/positiveprints.com\/es\/shop\/"},{"@type":"ListItem","position":3,"name":"Mapa estelar triple para familias"}]},{"@type":"WebSite","@id":"https:\/\/positiveprints.com\/es\/#website","url":"https:\/\/positiveprints.com\/es\/","name":"Positive Prints","description":"Custom Gifts for Special Occasions","publisher":{"@id":"https:\/\/positiveprints.com\/es\/#organization"},"potentialAction":[{"@type":"SearchAction","target":{"@type":"EntryPoint","urlTemplate":"https:\/\/positiveprints.com\/es\/?s={search_term_string}"},"query-input":{"@type":"PropertyValueSpecification","valueRequired":true,"valueName":"search_term_string"}}],"inLanguage":"es"},{"@type":"Organization","@id":"https:\/\/positiveprints.com\/es\/#organization","name":"Positive Prints","alternateName":"Positive Prints ","url":"https:\/\/positiveprints.com\/es\/","logo":{"@type":"ImageObject","inLanguage":"es","@id":"https:\/\/positiveprints.com\/es\/#\/schema\/logo\/image\/","url":"https:\/\/positiveprints.com\/wp-content\/uploads\/2026\/03\/245815646_1337939713319158_5671353136411139666_n.png","contentUrl":"https:\/\/positiveprints.com\/wp-content\/uploads\/2026\/03\/245815646_1337939713319158_5671353136411139666_n.png","width":800,"height":800,"caption":"Positive Prints"},"image":{"@id":"https:\/\/positiveprints.com\/es\/#\/schema\/logo\/image\/"},"sameAs":["https:\/\/www.facebook.com\/positiveprintscom","https:\/\/www.instagram.com\/positiveprintscom\/","https:\/\/www.tiktok.com\/@positiveprintscom","https:\/\/www.pinterest.com\/positiveprintscom\/"]}]}},"jetpack_sharing_enabled":true,"_links":{"self":[{"href":"https:\/\/positiveprints.com\/es\/wp-json\/wp\/v2\/product\/609663","targetHints":{"allow":["GET"]}}],"collection":[{"href":"https:\/\/positiveprints.com\/es\/wp-json\/wp\/v2\/product"}],"about":[{"href":"https:\/\/positiveprints.com\/es\/wp-json\/wp\/v2\/types\/product"}],"wp:featuredmedia":[{"embeddable":true,"href":"https:\/\/positiveprints.com\/es\/wp-json\/wp\/v2\/media\/1256425"}],"wp:attachment":[{"href":"https:\/\/positiveprints.com\/es\/wp-json\/wp\/v2\/media?parent=609663"}],"wp:term":[{"taxonomy":"product_brand","embeddable":true,"href":"https:\/\/positiveprints.com\/es\/wp-json\/wp\/v2\/product_brand?post=609663"},{"taxonomy":"product_cat","embeddable":true,"href":"https:\/\/positiveprints.com\/es\/wp-json\/wp\/v2\/product_cat?post=609663"},{"taxonomy":"product_tag","embeddable":true,"href":"https:\/\/positiveprints.com\/es\/wp-json\/wp\/v2\/product_tag?post=609663"}],"curies":[{"name":"wp","href":"https:\/\/api.w.org\/{rel}","templated":true}]}}