{"id":609642,"date":"2023-04-20T10:10:24","date_gmt":"2023-04-20T09:10:24","guid":{"rendered":"https:\/\/positiveprints.com\/?post_type=product&#038;p=609642"},"modified":"2026-04-12T22:25:54","modified_gmt":"2026-04-12T21:25:54","slug":"mapa-estelar-doble-para-hermanos","status":"publish","type":"product","link":"https:\/\/positiveprints.com\/es\/producto\/mapa-estelar-doble-para-hermanos\/","title":{"rendered":"Mapa estelar doble para hermanos"},"content":{"rendered":"<p style=\"margin-top: 1rem\">\u00bfEst\u00e1s buscando un regalo \u00fanico y personalizado que pueda simbolizar el especial v\u00ednculo que compartes con tu hermano o hermana? \u00a1No busques m\u00e1s y regala nuestro mapa estelar doble para hermanos! Esta incre\u00edble impresi\u00f3n muestra dos mapas estelares personalizados colocados uno al lado del otro, cada uno de los cuales representa el momento exacto y la ubicaci\u00f3n del cielo estrellado del d\u00eda que selecciones. Puedes personalizar tus mapas estelares de diversas formas, lo que te permite crear un mapa \u00fanico para tus hermanos y celebrar cualquier momento inolvidable que hayan compartido, desde cumplea\u00f1os y vacaciones, hasta aventuras inolvidables y logros compartidos. Gracias a nuestro editor en l\u00ednea, dise\u00f1ar tu propio mapa personalizado es m\u00e1s simple y r\u00e1pido que nunca. Entonces, \u00bfpor qu\u00e9 no sorprender a tu hermano con un regalo tan especial como este?<\/p>\r\n\r\n\r\n<p style=\"margin-top: 1rem\">Crear tu propio mapa estelar doble para hermanos nunca hab\u00eda sido tan f\u00e1cil. Todo lo que debes hacer es ir a nuestro editor en l\u00ednea y elegir el estilo, el dise\u00f1o y los tonos que mejor se adapten al gusto de tus hermanos. Ingresa las fechas y ubicaciones que deseas recordar, y nuestro editor se encargar\u00e1 de mostrarte c\u00f3mo aparecer\u00e1n los mapas estelares en esos d\u00edas espec\u00edficos. Adem\u00e1s, tienes la opci\u00f3n de visualizar tu obra maestra y modificarla seg\u00fan sea necesario antes de seleccionar el formato y tama\u00f1o de impresi\u00f3n que desees; puedes elegir entre un p\u00f3ster impreso o enmarcado, o un lienzo, tambi\u00e9n puedes elegir la descarga digital para imprimirlo r\u00e1pidamente de forma local.<\/p>\r\n\r\n\r\n<p style=\"margin-top: 1rem\">Ya sea para un cumplea\u00f1os, Navidad o simplemente porque s\u00ed, el mapa estelar doble para hermanos es un detalle excepcional que sin duda le demostrar\u00e1 a tu hermano cu\u00e1nto significa para ti. Atesora sus momentos juntos con un regalo que nunca dejar\u00e1 de sorprender. Haz tu pedido hoy mismo y conmemora todos los momentos especiales con un regalo igual de especial.<\/p>","protected":false},"excerpt":{"rendered":"<ul class=\"check-list\">\n<li>Dise\u00f1a un mapa estelar que muestre el cielo nocturno de dos lugares y fechas diferentes<\/li>\n<li>Agrega las constelaciones y la V\u00eda L\u00e1ctea<\/li>\n<li>Personal\u00edzalo en tres sencillos pasos<\/li>\n<li>Agrega un texto personalizado<\/li>\n<li>Ve el resultado de inmediato: la vista previa interactiva te permite perfeccionar cada detalle<\/li>\n<\/ul>\n","protected":false},"featured_media":1490276,"template":"","meta":[],"product_brand":[],"product_cat":[9106,106,5270,11461,11449,7629,7742],"product_tag":[8541,12637,12628,13429,17279,17190,13459,12638,12629,15267],"class_list":{"0":"post-609642","1":"product","2":"type-product","3":"status-publish","4":"has-post-thumbnail","6":"product_cat-duo-stars-es","7":"product_cat-todos-los-productos","8":"product_cat-regalos-de-navidad","9":"product_cat-regalos-de-navidad-para-la-hermana","10":"product_cat-regalos-de-navidad-para-el-hermano","11":"product_cat-regalos-para-mi-hermano","12":"product_cat-regalos-para-mi-hermana","13":"product_tag-family-es","14":"product_tag-hermana","15":"product_tag-hermano","16":"product_tag-regalo-de-navidad-para-hermana","17":"product_tag-regalo-para-hermana","18":"product_tag-regalo-para-hermano","19":"product_tag-regalos-de-navidad-para-hermano","20":"product_tag-regalos-para-hermana","21":"product_tag-regalos-para-hermano","22":"product_tag-weihnachtsgeschenke-fuer-den-bruder","24":"first","25":"instock","26":"sale","27":"taxable","28":"shipping-taxable","29":"purchasable","30":"product-type-variable"},"yoast_head":"<!-- This site is optimized with the Yoast SEO Premium plugin v27.2 (Yoast SEO v27.2) - https:\/\/yoast.com\/product\/yoast-seo-premium-wordpress\/ -->\n<title>Mapa estelar doble para hermanos - Positive Prints<\/title>\n<meta name=\"description\" content=\"\u00bfEst\u00e1s buscando un regalo personalizado que simbolice el v\u00ednculo que compartes con tu hermano o hermana? \u00a1Regala nuestro mapa estelar doble para hermanos!\" \/>\n<meta name=\"robots\" content=\"index, follow, max-snippet:-1, max-image-preview:large, max-video-preview:-1\" \/>\n<link rel=\"canonical\" href=\"https:\/\/positiveprints.com\/es\/producto\/mapa-estelar-doble-para-hermanos\/\" \/>\n<meta property=\"og:locale\" content=\"es_ES\" \/>\n<meta property=\"og:type\" content=\"article\" \/>\n<meta property=\"og:title\" content=\"Mapa estelar doble para hermanos\" \/>\n<meta property=\"og:description\" content=\"Dise\u00f1a un mapa estelar que muestre el cielo nocturno de dos lugares y fechas diferentes Agrega las constelaciones y la V\u00eda L\u00e1ctea Personal\u00edzalo en tres sencillos pasos Agrega un texto personalizado Ve el resultado de inmediato: la vista previa interactiva te permite perfeccionar cada detalle\" \/>\n<meta property=\"og:url\" content=\"https:\/\/positiveprints.com\/es\/producto\/mapa-estelar-doble-para-hermanos\/\" \/>\n<meta property=\"og:site_name\" content=\"Positive Prints\" \/>\n<meta property=\"article:publisher\" content=\"https:\/\/www.facebook.com\/positiveprintscom\" \/>\n<meta property=\"article:modified_time\" content=\"2026-04-12T21:25:54+00:00\" \/>\n<meta property=\"og:image\" content=\"https:\/\/positiveprints.com\/wp-content\/uploads\/2024\/11\/Packshot_ES_Siblings-Double-Star-Map-product-image-.webp\" \/>\n\t<meta property=\"og:image:width\" content=\"1450\" \/>\n\t<meta property=\"og:image:height\" content=\"1450\" \/>\n\t<meta property=\"og:image:type\" content=\"image\/webp\" \/>\n<meta name=\"twitter:card\" content=\"summary_large_image\" \/>\n<!-- \/ Yoast SEO Premium plugin. -->","yoast_head_json":{"title":"Mapa estelar doble para hermanos - Positive Prints","description":"\u00bfEst\u00e1s buscando un regalo personalizado que simbolice el v\u00ednculo que compartes con tu hermano o hermana? \u00a1Regala nuestro mapa estelar doble para hermanos!","robots":{"index":"index","follow":"follow","max-snippet":"max-snippet:-1","max-image-preview":"max-image-preview:large","max-video-preview":"max-video-preview:-1"},"canonical":"https:\/\/positiveprints.com\/es\/producto\/mapa-estelar-doble-para-hermanos\/","og_locale":"es_ES","og_type":"article","og_title":"Mapa estelar doble para hermanos","og_description":"Dise\u00f1a un mapa estelar que muestre el cielo nocturno de dos lugares y fechas diferentes Agrega las constelaciones y la V\u00eda L\u00e1ctea Personal\u00edzalo en tres sencillos pasos Agrega un texto personalizado Ve el resultado de inmediato: la vista previa interactiva te permite perfeccionar cada detalle","og_url":"https:\/\/positiveprints.com\/es\/producto\/mapa-estelar-doble-para-hermanos\/","og_site_name":"Positive Prints","article_publisher":"https:\/\/www.facebook.com\/positiveprintscom","article_modified_time":"2026-04-12T21:25:54+00:00","og_image":[{"width":1450,"height":1450,"url":"https:\/\/positiveprints.com\/wp-content\/uploads\/2024\/11\/Packshot_ES_Siblings-Double-Star-Map-product-image-.webp","type":"image\/webp"}],"twitter_card":"summary_large_image","schema":{"@context":"https:\/\/schema.org","@graph":[{"@type":["WebPage","ItemPage"],"@id":"https:\/\/positiveprints.com\/es\/producto\/mapa-estelar-doble-para-hermanos\/","url":"https:\/\/positiveprints.com\/es\/producto\/mapa-estelar-doble-para-hermanos\/","name":"Mapa estelar doble para hermanos - Positive Prints","isPartOf":{"@id":"https:\/\/positiveprints.com\/es\/#website"},"primaryImageOfPage":{"@id":"https:\/\/positiveprints.com\/es\/producto\/mapa-estelar-doble-para-hermanos\/#primaryimage"},"image":{"@id":"https:\/\/positiveprints.com\/es\/producto\/mapa-estelar-doble-para-hermanos\/#primaryimage"},"thumbnailUrl":"https:\/\/positiveprints.com\/wp-content\/uploads\/2025\/08\/Packshot_ES_Mapa-estelar-doble-para-hermanos.webp","datePublished":"2023-04-20T09:10:24+00:00","dateModified":"2026-04-12T21:25:54+00:00","description":"\u00bfEst\u00e1s buscando un regalo personalizado que simbolice el v\u00ednculo que compartes con tu hermano o hermana? \u00a1Regala nuestro mapa estelar doble para hermanos!","breadcrumb":{"@id":"https:\/\/positiveprints.com\/es\/producto\/mapa-estelar-doble-para-hermanos\/#breadcrumb"},"inLanguage":"es","potentialAction":[{"@type":"ReadAction","target":["https:\/\/positiveprints.com\/es\/producto\/mapa-estelar-doble-para-hermanos\/"]}]},{"@type":"ImageObject","inLanguage":"es","@id":"https:\/\/positiveprints.com\/es\/producto\/mapa-estelar-doble-para-hermanos\/#primaryimage","url":"https:\/\/positiveprints.com\/wp-content\/uploads\/2025\/08\/Packshot_ES_Mapa-estelar-doble-para-hermanos.webp","contentUrl":"https:\/\/positiveprints.com\/wp-content\/uploads\/2025\/08\/Packshot_ES_Mapa-estelar-doble-para-hermanos.webp","width":1450,"height":1450,"caption":"Packshot_ES_Mapa estelar doble para hermanos"},{"@type":"BreadcrumbList","@id":"https:\/\/positiveprints.com\/es\/producto\/mapa-estelar-doble-para-hermanos\/#breadcrumb","itemListElement":[{"@type":"ListItem","position":1,"name":"CASA","item":"https:\/\/positiveprints.com\/es\/"},{"@type":"ListItem","position":2,"name":"Productos","item":"https:\/\/positiveprints.com\/es\/shop\/"},{"@type":"ListItem","position":3,"name":"Mapa estelar doble para hermanos"}]},{"@type":"WebSite","@id":"https:\/\/positiveprints.com\/es\/#website","url":"https:\/\/positiveprints.com\/es\/","name":"Positive Prints","description":"Custom Gifts for Special Occasions","publisher":{"@id":"https:\/\/positiveprints.com\/es\/#organization"},"potentialAction":[{"@type":"SearchAction","target":{"@type":"EntryPoint","urlTemplate":"https:\/\/positiveprints.com\/es\/?s={search_term_string}"},"query-input":{"@type":"PropertyValueSpecification","valueRequired":true,"valueName":"search_term_string"}}],"inLanguage":"es"},{"@type":"Organization","@id":"https:\/\/positiveprints.com\/es\/#organization","name":"Positive Prints","alternateName":"Positive Prints","url":"https:\/\/positiveprints.com\/es\/","logo":{"@type":"ImageObject","inLanguage":"es","@id":"https:\/\/positiveprints.com\/es\/#\/schema\/logo\/image\/","url":"https:\/\/positiveprints.com\/wp-content\/uploads\/2026\/03\/245815646_1337939713319158_5671353136411139666_n.png","contentUrl":"https:\/\/positiveprints.com\/wp-content\/uploads\/2026\/03\/245815646_1337939713319158_5671353136411139666_n.png","width":800,"height":800,"caption":"Positive Prints"},"image":{"@id":"https:\/\/positiveprints.com\/es\/#\/schema\/logo\/image\/"},"sameAs":["https:\/\/www.facebook.com\/positiveprintscom","https:\/\/www.instagram.com\/positiveprintscom\/","https:\/\/www.tiktok.com\/@positiveprintscom","https:\/\/www.pinterest.com\/positiveprintscom\/"]}]}},"jetpack_sharing_enabled":true,"_links":{"self":[{"href":"https:\/\/positiveprints.com\/es\/wp-json\/wp\/v2\/product\/609642","targetHints":{"allow":["GET"]}}],"collection":[{"href":"https:\/\/positiveprints.com\/es\/wp-json\/wp\/v2\/product"}],"about":[{"href":"https:\/\/positiveprints.com\/es\/wp-json\/wp\/v2\/types\/product"}],"wp:featuredmedia":[{"embeddable":true,"href":"https:\/\/positiveprints.com\/es\/wp-json\/wp\/v2\/media\/1490276"}],"wp:attachment":[{"href":"https:\/\/positiveprints.com\/es\/wp-json\/wp\/v2\/media?parent=609642"}],"wp:term":[{"taxonomy":"product_brand","embeddable":true,"href":"https:\/\/positiveprints.com\/es\/wp-json\/wp\/v2\/product_brand?post=609642"},{"taxonomy":"product_cat","embeddable":true,"href":"https:\/\/positiveprints.com\/es\/wp-json\/wp\/v2\/product_cat?post=609642"},{"taxonomy":"product_tag","embeddable":true,"href":"https:\/\/positiveprints.com\/es\/wp-json\/wp\/v2\/product_tag?post=609642"}],"curies":[{"name":"wp","href":"https:\/\/api.w.org\/{rel}","templated":true}]}}