{"id":609625,"date":"2023-04-20T08:08:49","date_gmt":"2023-04-20T07:08:49","guid":{"rendered":"https:\/\/positiveprints.com\/?post_type=product&#038;p=609625"},"modified":"2026-04-12T22:27:10","modified_gmt":"2026-04-12T21:27:10","slug":"mapa-estelar-doble-para-abuelos","status":"publish","type":"product","link":"https:\/\/positiveprints.com\/es\/producto\/mapa-estelar-doble-para-abuelos\/","title":{"rendered":"Mapa estelar doble para abuelos"},"content":{"rendered":"<p style=\"margin-top: 1rem\">El mapa estelar doble para abuelos es un hermoso regalo personalizado que sin duda derretir\u00e1 el coraz\u00f3n de tus abuelos. Esta impresi\u00f3n muestra dos mapas estelares, que representan dos de los momentos m\u00e1s especiales en sus vidas: el d\u00eda en que se convirtieron en abuelos o el d\u00eda en que nacieron sus nietos. Es la forma perfecta de conmemorar una ocasi\u00f3n especial y tambi\u00e9n celebrar en familia.<\/p>\r\n\r\n\r\n<p style=\"margin-top: 1rem\">Gracias a nuestro editor en l\u00ednea, crear tu propio mapa estelar doble para tus abuelos nunca hab\u00eda sido tan f\u00e1cil. Selecciona el estilo, el dise\u00f1o y los colores que mejor reflejen el gusto y la personalidad de sus abuelos. Inclsuo puedes personalizarlo eligiendo los colores favoritos de tus abuelos. Ingresa las dos fechas y los lugares m\u00e1s importantes en la vida de tus abuelos, o la fecha y el lugar de nacimiento de sus nietos, para que puedas visualizar c\u00f3mo luc\u00edan los cielos estrellados de esos d\u00edas. Podr\u00e1s ver todos los cambios en la ventana de vista previa de nuestro editor. Por \u00faltimo, elige el formato y tama\u00f1o que mejor se adapte a su estilo; puede ser un p\u00f3ster impreso o enmarcado, un lienzo, o incluso puedes solicitar la descarga digital de tu regalo para que puedas imprimirlo de forma local y regalarlo lo m\u00e1s r\u00e1pido posible.<\/p>\r\n\r\n\r\n<p style=\"margin-top: 1rem\">El mapa estelar doble para abuelos es perfecto para cualquier ocasi\u00f3n, como el cumplea\u00f1os de tus abuelos, Navidad, el d\u00eda de los abuelos o simplemente porque s\u00ed. Es un regalo verdaderamente \u00fanico y personal, que sin duda evocar\u00e1 sentimientos de amor y calidez en su hogar. La belleza del mapa estelar doble radica no solo en la representaci\u00f3n visual, sino tambi\u00e9n en las emociones y los recuerdos que provoca en cada uno de los miembros de la familia. \u00a1Crea tu mapa estelar doble hoy mismo y reg\u00e1lales algo que siempre les traer\u00e1 alegr\u00eda y amor a tus abuelos!<\/p>","protected":false},"excerpt":{"rendered":"<ul class=\"check-list\">\n<li>Dise\u00f1a un mapa estelar que muestre el cielo nocturno de dos lugares y fechas diferentes<\/li>\n<li>Agrega las constelaciones y la V\u00eda L\u00e1ctea<\/li>\n<li>Personal\u00edzalo en tres sencillos pasos<\/li>\n<li>Agrega un texto personalizado<\/li>\n<li>Ve el resultado de inmediato: la vista previa interactiva te permite perfeccionar cada detalle<\/li>\n<\/ul>\n","protected":false},"featured_media":1328080,"template":"","meta":[],"product_brand":[],"product_cat":[8997,9106,5270,11453,11454,7613,7726,106,9766],"product_tag":[8589,8672,8682,15477,13351,13350],"class_list":{"0":"post-609625","1":"product","2":"type-product","3":"status-publish","4":"has-post-thumbnail","6":"product_cat-dia-de-los-abuelos","7":"product_cat-duo-stars-es","8":"product_cat-regalos-de-navidad","9":"product_cat-regalos-de-navidad-para-abuela","10":"product_cat-regalos-de-navidad-para-abuelo","11":"product_cat-regalos-para-el-abuelo","12":"product_cat-regalos-para-la-abuela","13":"product_cat-todos-los-productos","14":"product_cat-trending-label-es","15":"product_tag-abuelita","16":"product_tag-grandpa-es","17":"product_tag-grandparents-es","18":"product_tag-nietos","19":"product_tag-regalo-de-navidad-para-un-abuelo","20":"product_tag-regalo-de-navidad-para-una-abuela","22":"first","23":"instock","24":"sale","25":"taxable","26":"shipping-taxable","27":"purchasable","28":"product-type-variable"},"yoast_head":"<!-- This site is optimized with the Yoast SEO Premium plugin v27.2 (Yoast SEO v27.2) - https:\/\/yoast.com\/product\/yoast-seo-premium-wordpress\/ -->\n<title>Mapa estelar doble para abuelos - Positive Prints<\/title>\n<meta name=\"description\" content=\"El mapa estelar doble para abuelos es un hermoso regalo personalizado que sin duda derretir\u00e1 el coraz\u00f3n de tus abuelos.\" \/>\n<meta name=\"robots\" content=\"index, follow, max-snippet:-1, max-image-preview:large, max-video-preview:-1\" \/>\n<link rel=\"canonical\" href=\"https:\/\/positiveprints.com\/es\/producto\/mapa-estelar-doble-para-abuelos\/\" \/>\n<meta property=\"og:locale\" content=\"es_ES\" \/>\n<meta property=\"og:type\" content=\"article\" \/>\n<meta property=\"og:title\" content=\"Mapa estelar doble para abuelos\" \/>\n<meta property=\"og:description\" content=\"Dise\u00f1a un mapa estelar que muestre el cielo nocturno de dos lugares y fechas diferentes Agrega las constelaciones y la V\u00eda L\u00e1ctea Personal\u00edzalo en tres sencillos pasos Agrega un texto personalizado Ve el resultado de inmediato: la vista previa interactiva te permite perfeccionar cada detalle\" \/>\n<meta property=\"og:url\" content=\"https:\/\/positiveprints.com\/es\/producto\/mapa-estelar-doble-para-abuelos\/\" \/>\n<meta property=\"og:site_name\" content=\"Positive Prints\" \/>\n<meta property=\"article:publisher\" content=\"https:\/\/www.facebook.com\/positiveprintscom\" \/>\n<meta property=\"article:modified_time\" content=\"2026-04-12T21:27:10+00:00\" \/>\n<meta property=\"og:image\" content=\"https:\/\/positiveprints.com\/wp-content\/uploads\/2025\/01\/Mapa-estelar-doble-para-abuelos-1.webp\" \/>\n\t<meta property=\"og:image:width\" content=\"1450\" \/>\n\t<meta property=\"og:image:height\" content=\"1450\" \/>\n\t<meta property=\"og:image:type\" content=\"image\/webp\" \/>\n<meta name=\"twitter:card\" content=\"summary_large_image\" \/>\n<!-- \/ Yoast SEO Premium plugin. -->","yoast_head_json":{"title":"Mapa estelar doble para abuelos - Positive Prints","description":"El mapa estelar doble para abuelos es un hermoso regalo personalizado que sin duda derretir\u00e1 el coraz\u00f3n de tus abuelos.","robots":{"index":"index","follow":"follow","max-snippet":"max-snippet:-1","max-image-preview":"max-image-preview:large","max-video-preview":"max-video-preview:-1"},"canonical":"https:\/\/positiveprints.com\/es\/producto\/mapa-estelar-doble-para-abuelos\/","og_locale":"es_ES","og_type":"article","og_title":"Mapa estelar doble para abuelos","og_description":"Dise\u00f1a un mapa estelar que muestre el cielo nocturno de dos lugares y fechas diferentes Agrega las constelaciones y la V\u00eda L\u00e1ctea Personal\u00edzalo en tres sencillos pasos Agrega un texto personalizado Ve el resultado de inmediato: la vista previa interactiva te permite perfeccionar cada detalle","og_url":"https:\/\/positiveprints.com\/es\/producto\/mapa-estelar-doble-para-abuelos\/","og_site_name":"Positive Prints","article_publisher":"https:\/\/www.facebook.com\/positiveprintscom","article_modified_time":"2026-04-12T21:27:10+00:00","og_image":[{"width":1450,"height":1450,"url":"https:\/\/positiveprints.com\/wp-content\/uploads\/2025\/01\/Mapa-estelar-doble-para-abuelos-1.webp","type":"image\/webp"}],"twitter_card":"summary_large_image","schema":{"@context":"https:\/\/schema.org","@graph":[{"@type":["WebPage","ItemPage"],"@id":"https:\/\/positiveprints.com\/es\/producto\/mapa-estelar-doble-para-abuelos\/","url":"https:\/\/positiveprints.com\/es\/producto\/mapa-estelar-doble-para-abuelos\/","name":"Mapa estelar doble para abuelos - Positive Prints","isPartOf":{"@id":"https:\/\/positiveprints.com\/es\/#website"},"primaryImageOfPage":{"@id":"https:\/\/positiveprints.com\/es\/producto\/mapa-estelar-doble-para-abuelos\/#primaryimage"},"image":{"@id":"https:\/\/positiveprints.com\/es\/producto\/mapa-estelar-doble-para-abuelos\/#primaryimage"},"thumbnailUrl":"https:\/\/positiveprints.com\/wp-content\/uploads\/2025\/01\/Mapa-estelar-doble-para-abuelos-1.webp","datePublished":"2023-04-20T07:08:49+00:00","dateModified":"2026-04-12T21:27:10+00:00","description":"El mapa estelar doble para abuelos es un hermoso regalo personalizado que sin duda derretir\u00e1 el coraz\u00f3n de tus abuelos.","breadcrumb":{"@id":"https:\/\/positiveprints.com\/es\/producto\/mapa-estelar-doble-para-abuelos\/#breadcrumb"},"inLanguage":"es","potentialAction":[{"@type":"ReadAction","target":["https:\/\/positiveprints.com\/es\/producto\/mapa-estelar-doble-para-abuelos\/"]}]},{"@type":"ImageObject","inLanguage":"es","@id":"https:\/\/positiveprints.com\/es\/producto\/mapa-estelar-doble-para-abuelos\/#primaryimage","url":"https:\/\/positiveprints.com\/wp-content\/uploads\/2025\/01\/Mapa-estelar-doble-para-abuelos-1.webp","contentUrl":"https:\/\/positiveprints.com\/wp-content\/uploads\/2025\/01\/Mapa-estelar-doble-para-abuelos-1.webp","width":1450,"height":1450},{"@type":"BreadcrumbList","@id":"https:\/\/positiveprints.com\/es\/producto\/mapa-estelar-doble-para-abuelos\/#breadcrumb","itemListElement":[{"@type":"ListItem","position":1,"name":"CASA","item":"https:\/\/positiveprints.com\/es\/"},{"@type":"ListItem","position":2,"name":"Productos","item":"https:\/\/positiveprints.com\/es\/shop\/"},{"@type":"ListItem","position":3,"name":"Mapa estelar doble para abuelos"}]},{"@type":"WebSite","@id":"https:\/\/positiveprints.com\/es\/#website","url":"https:\/\/positiveprints.com\/es\/","name":"Positive Prints","description":"Custom Gifts for Special Occasions","publisher":{"@id":"https:\/\/positiveprints.com\/es\/#organization"},"potentialAction":[{"@type":"SearchAction","target":{"@type":"EntryPoint","urlTemplate":"https:\/\/positiveprints.com\/es\/?s={search_term_string}"},"query-input":{"@type":"PropertyValueSpecification","valueRequired":true,"valueName":"search_term_string"}}],"inLanguage":"es"},{"@type":"Organization","@id":"https:\/\/positiveprints.com\/es\/#organization","name":"Positive Prints","alternateName":"Positive Prints","url":"https:\/\/positiveprints.com\/es\/","logo":{"@type":"ImageObject","inLanguage":"es","@id":"https:\/\/positiveprints.com\/es\/#\/schema\/logo\/image\/","url":"https:\/\/positiveprints.com\/wp-content\/uploads\/2026\/03\/245815646_1337939713319158_5671353136411139666_n.png","contentUrl":"https:\/\/positiveprints.com\/wp-content\/uploads\/2026\/03\/245815646_1337939713319158_5671353136411139666_n.png","width":800,"height":800,"caption":"Positive Prints"},"image":{"@id":"https:\/\/positiveprints.com\/es\/#\/schema\/logo\/image\/"},"sameAs":["https:\/\/www.facebook.com\/positiveprintscom","https:\/\/www.instagram.com\/positiveprintscom\/","https:\/\/www.tiktok.com\/@positiveprintscom","https:\/\/www.pinterest.com\/positiveprintscom\/"]}]}},"jetpack_sharing_enabled":true,"_links":{"self":[{"href":"https:\/\/positiveprints.com\/es\/wp-json\/wp\/v2\/product\/609625","targetHints":{"allow":["GET"]}}],"collection":[{"href":"https:\/\/positiveprints.com\/es\/wp-json\/wp\/v2\/product"}],"about":[{"href":"https:\/\/positiveprints.com\/es\/wp-json\/wp\/v2\/types\/product"}],"wp:featuredmedia":[{"embeddable":true,"href":"https:\/\/positiveprints.com\/es\/wp-json\/wp\/v2\/media\/1328080"}],"wp:attachment":[{"href":"https:\/\/positiveprints.com\/es\/wp-json\/wp\/v2\/media?parent=609625"}],"wp:term":[{"taxonomy":"product_brand","embeddable":true,"href":"https:\/\/positiveprints.com\/es\/wp-json\/wp\/v2\/product_brand?post=609625"},{"taxonomy":"product_cat","embeddable":true,"href":"https:\/\/positiveprints.com\/es\/wp-json\/wp\/v2\/product_cat?post=609625"},{"taxonomy":"product_tag","embeddable":true,"href":"https:\/\/positiveprints.com\/es\/wp-json\/wp\/v2\/product_tag?post=609625"}],"curies":[{"name":"wp","href":"https:\/\/api.w.org\/{rel}","templated":true}]}}