{"id":609283,"date":"2023-04-20T08:16:14","date_gmt":"2023-04-20T07:16:14","guid":{"rendered":"https:\/\/positiveprints.com\/?post_type=product&#038;p=609283"},"modified":"2026-04-18T05:54:50","modified_gmt":"2026-04-18T04:54:50","slug":"mapa-estelar-doble-para-mi-mejor-amigo","status":"publish","type":"product","link":"https:\/\/positiveprints.com\/es\/producto\/mapa-estelar-doble-para-mi-mejor-amigo\/","title":{"rendered":"Mapa estelar doble para mi mejor amigo"},"content":{"rendered":"<p style=\"margin-top: 1rem\">El mapa estelar doble para mi mejor amigo (o mejor amiga) es el regalo personalizado perfecto para esa persona que nunca deja de estar a tu lado. Este hermoso dise\u00f1o muestra los mapas estelares de algunos de los momentos m\u00e1s especiales de su amistad. Quiz\u00e1s un mapa muestra tu cumplea\u00f1os y el otro, el de tu mejor amigo, o quiz\u00e1s elijas tener uno del d\u00eda en que se conocieron y el otro del d\u00eda en que se hicieron mejores amigos. \u00a1Las posibilidades son infinitas! Al final, tendr\u00e1s un regalo \u00fanico que simboliza los lazos que comparten.<\/p>\r\n\r\n\r\n<p style=\"margin-top: 1rem\">Gracias a nuestro editor en l\u00ednea, crear tu propio mapa estelar doble para tu mejor amigo nunca hab\u00eda sido tan f\u00e1cil. Elige el estilo, el dise\u00f1o y los colores que reflejen bien la personalidad de tu mejor amigo o amiga, o incluso puedes personalizarlo con sus colores favoritos. Selcciona las fechas y ubicaciones importantes para ustedes, y mira c\u00f3mo los mapas estelares cobran vida. Podr\u00e1s ver todos los cambios al instante desde la secci\u00f3n de vista previa, para que te asegures de que todo quede perfecto. Por \u00faltimo, elige el formato y tama\u00f1o que mejor se adapte al estilo de tu mejor amigo o amiga; puedes elegir entre un p\u00f3ster impreso o enmarcado, un lienzo o una descarga digital instant\u00e1nea.<\/p>\r\n\r\n\r\n<p style=\"margin-top: 1rem\">El mapa estelar doble para mi mejor amigo es el regalo perfecto para cualquier ocasi\u00f3n, como su cumplea\u00f1os, Navidad, el d\u00eda de la amistad o simplemente porque s\u00ed. Es una forma sincera de celebrar su amistad y mostrarle cu\u00e1nto significa para ti. Crea tu propio mapa estelar doble hoy mismo y sorprende a tu mejor amigo con un regalo que sin duda alegrar\u00e1 su d\u00eda.<\/p>","protected":false},"excerpt":{"rendered":"<ul class=\"check-list\">\n<li>Dise\u00f1a un mapa estelar que muestre el cielo nocturno de dos lugares y fechas diferentes<\/li>\n<li>Agrega las constelaciones y la V\u00eda L\u00e1ctea<\/li>\n<li>Personal\u00edzalo en tres sencillos pasos<\/li>\n<li>Agrega un texto personalizado<\/li>\n<li>Ve el resultado de inmediato: la vista previa interactiva te permite perfeccionar cada detalle<\/li>\n<\/ul>\n","protected":false},"featured_media":1251251,"template":"","meta":[],"product_brand":[],"product_cat":[9280,9106,5270,7837,15045,106],"product_tag":[8634,11000,11872,15192,15193,9389,15194,15235,13493,9372,13479],"class_list":{"0":"post-609283","1":"product","2":"type-product","3":"status-publish","4":"has-post-thumbnail","6":"product_cat-bestsellers-label-es","7":"product_cat-duo-stars-es","8":"product_cat-regalos-de-navidad","9":"product_cat-regalos-para-amigos","10":"product_cat-regalos-de-navidad-para-amigos","11":"product_cat-todos-los-productos","12":"product_tag-amigas","13":"product_tag-amigo","14":"product_tag-amistad","15":"product_tag-best-friend-es","16":"product_tag-best-friends-forever-es","17":"product_tag-besties-es","18":"product_tag-bff-es","19":"product_tag-galentines-day-es-2","20":"product_tag-galentines-day-es","21":"product_tag-mejores-amigos","22":"product_tag-regalos-de-navidad-para-amigos","24":"first","25":"instock","26":"sale","27":"taxable","28":"shipping-taxable","29":"purchasable","30":"product-type-variable"},"yoast_head":"<!-- This site is optimized with the Yoast SEO Premium plugin v27.2 (Yoast SEO v27.2) - https:\/\/yoast.com\/product\/yoast-seo-premium-wordpress\/ -->\n<title>Mapa estelar doble para mi mejor amigo - Positive Prints<\/title>\n<meta name=\"description\" content=\"El mapa estelar doble para mi mejor amigo es el regalo perfecto para cualquier ocasi\u00f3n, como su cumplea\u00f1os, Navidad, el d\u00eda de la amistad o simplemente porque s\u00ed.\" \/>\n<meta name=\"robots\" content=\"index, follow, max-snippet:-1, max-image-preview:large, max-video-preview:-1\" \/>\n<link rel=\"canonical\" href=\"https:\/\/positiveprints.com\/es\/producto\/mapa-estelar-doble-para-mi-mejor-amigo\/\" \/>\n<meta property=\"og:locale\" content=\"es_ES\" \/>\n<meta property=\"og:type\" content=\"article\" \/>\n<meta property=\"og:title\" content=\"Mapa estelar doble para mi mejor amigo\" \/>\n<meta property=\"og:description\" content=\"Dise\u00f1a un mapa estelar que muestre el cielo nocturno de dos lugares y fechas diferentes Agrega las constelaciones y la V\u00eda L\u00e1ctea Personal\u00edzalo en tres sencillos pasos Agrega un texto personalizado Ve el resultado de inmediato: la vista previa interactiva te permite perfeccionar cada detalle\" \/>\n<meta property=\"og:url\" content=\"https:\/\/positiveprints.com\/es\/producto\/mapa-estelar-doble-para-mi-mejor-amigo\/\" \/>\n<meta property=\"og:site_name\" content=\"Positive Prints\" \/>\n<meta property=\"article:publisher\" content=\"https:\/\/www.facebook.com\/positiveprintscom\" \/>\n<meta property=\"article:modified_time\" content=\"2026-04-18T04:54:50+00:00\" \/>\n<meta property=\"og:image\" content=\"https:\/\/positiveprints.com\/wp-content\/uploads\/2024\/11\/PACKSHOT_ES_Best-Friend-Double-Star-Map-product-image-.webp\" \/>\n\t<meta property=\"og:image:width\" content=\"1450\" \/>\n\t<meta property=\"og:image:height\" content=\"1450\" \/>\n\t<meta property=\"og:image:type\" content=\"image\/webp\" \/>\n<meta name=\"twitter:card\" content=\"summary_large_image\" \/>\n<meta name=\"twitter:label1\" content=\"Tiempo de lectura\" \/>\n\t<meta name=\"twitter:data1\" content=\"2 minutos\" \/>\n<!-- \/ Yoast SEO Premium plugin. -->","yoast_head_json":{"title":"Mapa estelar doble para mi mejor amigo - Positive Prints","description":"El mapa estelar doble para mi mejor amigo es el regalo perfecto para cualquier ocasi\u00f3n, como su cumplea\u00f1os, Navidad, el d\u00eda de la amistad o simplemente porque s\u00ed.","robots":{"index":"index","follow":"follow","max-snippet":"max-snippet:-1","max-image-preview":"max-image-preview:large","max-video-preview":"max-video-preview:-1"},"canonical":"https:\/\/positiveprints.com\/es\/producto\/mapa-estelar-doble-para-mi-mejor-amigo\/","og_locale":"es_ES","og_type":"article","og_title":"Mapa estelar doble para mi mejor amigo","og_description":"Dise\u00f1a un mapa estelar que muestre el cielo nocturno de dos lugares y fechas diferentes Agrega las constelaciones y la V\u00eda L\u00e1ctea Personal\u00edzalo en tres sencillos pasos Agrega un texto personalizado Ve el resultado de inmediato: la vista previa interactiva te permite perfeccionar cada detalle","og_url":"https:\/\/positiveprints.com\/es\/producto\/mapa-estelar-doble-para-mi-mejor-amigo\/","og_site_name":"Positive Prints","article_publisher":"https:\/\/www.facebook.com\/positiveprintscom","article_modified_time":"2026-04-18T04:54:50+00:00","og_image":[{"width":1450,"height":1450,"url":"https:\/\/positiveprints.com\/wp-content\/uploads\/2024\/11\/PACKSHOT_ES_Best-Friend-Double-Star-Map-product-image-.webp","type":"image\/webp"}],"twitter_card":"summary_large_image","twitter_misc":{"Tiempo de lectura":"2 minutos"},"schema":{"@context":"https:\/\/schema.org","@graph":[{"@type":["WebPage","ItemPage"],"@id":"https:\/\/positiveprints.com\/es\/producto\/mapa-estelar-doble-para-mi-mejor-amigo\/","url":"https:\/\/positiveprints.com\/es\/producto\/mapa-estelar-doble-para-mi-mejor-amigo\/","name":"Mapa estelar doble para mi mejor amigo - Positive Prints","isPartOf":{"@id":"https:\/\/positiveprints.com\/es\/#website"},"primaryImageOfPage":{"@id":"https:\/\/positiveprints.com\/es\/producto\/mapa-estelar-doble-para-mi-mejor-amigo\/#primaryimage"},"image":{"@id":"https:\/\/positiveprints.com\/es\/producto\/mapa-estelar-doble-para-mi-mejor-amigo\/#primaryimage"},"thumbnailUrl":"https:\/\/positiveprints.com\/wp-content\/uploads\/2024\/11\/PACKSHOT_ES_Best-Friend-Double-Star-Map-product-image-.webp","datePublished":"2023-04-20T07:16:14+00:00","dateModified":"2026-04-18T04:54:50+00:00","description":"El mapa estelar doble para mi mejor amigo es el regalo perfecto para cualquier ocasi\u00f3n, como su cumplea\u00f1os, Navidad, el d\u00eda de la amistad o simplemente porque s\u00ed.","breadcrumb":{"@id":"https:\/\/positiveprints.com\/es\/producto\/mapa-estelar-doble-para-mi-mejor-amigo\/#breadcrumb"},"inLanguage":"es","potentialAction":[{"@type":"ReadAction","target":["https:\/\/positiveprints.com\/es\/producto\/mapa-estelar-doble-para-mi-mejor-amigo\/"]}]},{"@type":"ImageObject","inLanguage":"es","@id":"https:\/\/positiveprints.com\/es\/producto\/mapa-estelar-doble-para-mi-mejor-amigo\/#primaryimage","url":"https:\/\/positiveprints.com\/wp-content\/uploads\/2024\/11\/PACKSHOT_ES_Best-Friend-Double-Star-Map-product-image-.webp","contentUrl":"https:\/\/positiveprints.com\/wp-content\/uploads\/2024\/11\/PACKSHOT_ES_Best-Friend-Double-Star-Map-product-image-.webp","width":1450,"height":1450,"caption":"PACKSHOT_ES_Best Friend Double Star Map product image"},{"@type":"BreadcrumbList","@id":"https:\/\/positiveprints.com\/es\/producto\/mapa-estelar-doble-para-mi-mejor-amigo\/#breadcrumb","itemListElement":[{"@type":"ListItem","position":1,"name":"CASA","item":"https:\/\/positiveprints.com\/es\/"},{"@type":"ListItem","position":2,"name":"Productos","item":"https:\/\/positiveprints.com\/es\/shop\/"},{"@type":"ListItem","position":3,"name":"Mapa estelar doble para mi mejor amigo"}]},{"@type":"WebSite","@id":"https:\/\/positiveprints.com\/es\/#website","url":"https:\/\/positiveprints.com\/es\/","name":"Positive Prints","description":"Custom Gifts for Special Occasions","publisher":{"@id":"https:\/\/positiveprints.com\/es\/#organization"},"potentialAction":[{"@type":"SearchAction","target":{"@type":"EntryPoint","urlTemplate":"https:\/\/positiveprints.com\/es\/?s={search_term_string}"},"query-input":{"@type":"PropertyValueSpecification","valueRequired":true,"valueName":"search_term_string"}}],"inLanguage":"es"},{"@type":"Organization","@id":"https:\/\/positiveprints.com\/es\/#organization","name":"Positive Prints","alternateName":"Positive Prints","url":"https:\/\/positiveprints.com\/es\/","logo":{"@type":"ImageObject","inLanguage":"es","@id":"https:\/\/positiveprints.com\/es\/#\/schema\/logo\/image\/","url":"https:\/\/positiveprints.com\/wp-content\/uploads\/2026\/03\/245815646_1337939713319158_5671353136411139666_n.png","contentUrl":"https:\/\/positiveprints.com\/wp-content\/uploads\/2026\/03\/245815646_1337939713319158_5671353136411139666_n.png","width":800,"height":800,"caption":"Positive Prints"},"image":{"@id":"https:\/\/positiveprints.com\/es\/#\/schema\/logo\/image\/"},"sameAs":["https:\/\/www.facebook.com\/positiveprintscom","https:\/\/www.instagram.com\/positiveprintscom\/","https:\/\/www.tiktok.com\/@positiveprintscom","https:\/\/www.pinterest.com\/positiveprintscom\/"]}]}},"jetpack_sharing_enabled":true,"_links":{"self":[{"href":"https:\/\/positiveprints.com\/es\/wp-json\/wp\/v2\/product\/609283","targetHints":{"allow":["GET"]}}],"collection":[{"href":"https:\/\/positiveprints.com\/es\/wp-json\/wp\/v2\/product"}],"about":[{"href":"https:\/\/positiveprints.com\/es\/wp-json\/wp\/v2\/types\/product"}],"wp:featuredmedia":[{"embeddable":true,"href":"https:\/\/positiveprints.com\/es\/wp-json\/wp\/v2\/media\/1251251"}],"wp:attachment":[{"href":"https:\/\/positiveprints.com\/es\/wp-json\/wp\/v2\/media?parent=609283"}],"wp:term":[{"taxonomy":"product_brand","embeddable":true,"href":"https:\/\/positiveprints.com\/es\/wp-json\/wp\/v2\/product_brand?post=609283"},{"taxonomy":"product_cat","embeddable":true,"href":"https:\/\/positiveprints.com\/es\/wp-json\/wp\/v2\/product_cat?post=609283"},{"taxonomy":"product_tag","embeddable":true,"href":"https:\/\/positiveprints.com\/es\/wp-json\/wp\/v2\/product_tag?post=609283"}],"curies":[{"name":"wp","href":"https:\/\/api.w.org\/{rel}","templated":true}]}}