{"id":609264,"date":"2023-05-24T14:23:44","date_gmt":"2023-05-24T13:23:44","guid":{"rendered":"https:\/\/positiveprints.com\/?post_type=product&#038;p=609264"},"modified":"2026-04-18T05:46:24","modified_gmt":"2026-04-18T04:46:24","slug":"mapa-estelar-doble-cuando-los-dos-se-volvieron-uno-mismo","status":"publish","type":"product","link":"https:\/\/positiveprints.com\/es\/producto\/mapa-estelar-doble-cuando-los-dos-se-volvieron-uno-mismo\/","title":{"rendered":"Mapa estelar doble: Cuando los dos se volvieron uno mismo"},"content":{"rendered":"<p style=\"margin-top: 1rem\">\u201cCuando los dos se volvieron uno mismo\u201d es un hermoso mapa estelar doble que puedes personalizar por completo, y es perfecto para regalarlo en aniversarios, bodas, San Valent\u00edn o Navidad. Esta impresi\u00f3n muestra dos mapas estelares personalizados, que representan los cielos estrellados de dos d\u00edas diferentes, y que adem\u00e1s simbolizan algo especial para ti y tu ser querido. Ya sea el d\u00eda en que se comprometieron, el d\u00eda de su boda o cualquier ocasi\u00f3n especial, sin duda tendr\u00e1s un hermoso regalo que evocar\u00e1 recuerdos y emociones por muchos a\u00f1os m\u00e1s.<\/p>\r\n\r\n\r\n<p style=\"margin-top: 1rem\">Crear tu propio mapa estelar doble nunca antes hab\u00eda sido tan f\u00e1cil. Abre nuestro editor en l\u00ednea y elige el dise\u00f1o, el estilo y los colores que muestren tus gustos personales. Selecciona dos fechas y ubicaciones que sean importantes para ti y esa persona especial, y descubre c\u00f3mo se ve\u00eda el cielo en aquellos d\u00edas. Tambi\u00e9n puedes agregar un mensaje personalizado para que puedas demostrarle a esa persona cu\u00e1n importante es para ti. Despu\u00e9s de dise\u00f1ar todo, impr\u00edmelo o enm\u00e1rcalo como p\u00f3ster, lienzo o como formato digital para que puedas descargarlo e imprimirlo por tu cuenta.<\/p>\r\n\r\n\r\n<p style=\"margin-top: 1rem\">\u201cCuando los dos se volvieron uno mismo\u201d es un regalo verdaderamente especial que necesita mucho amor a la hora de crearlo. Sin duda, tu ser querido podr\u00e1 apreciar todos los detalles que pusiste en tu obra de arte. Los regalos perfectos no se encuentran en las estanter\u00edas de un supermercado: tu creaci\u00f3n est\u00e1 dise\u00f1ada para esa persona especial. Es un regalo que atesorar\u00e1 y podr\u00e1 mostrar a su descendencia. Crea tu propio mapa estelar doble de \u201ccuando los dos se volvieron uno mismo\u201d, \u00a1y reg\u00e1lale algo que nunca podr\u00e1 olvidar!<\/p>","protected":false},"excerpt":{"rendered":"<ul class=\"check-list\">\n<li>Dise\u00f1a un mapa estelar que muestre el cielo nocturno de dos lugares y fechas diferentes<\/li>\n<li>Agrega las constelaciones y la V\u00eda L\u00e1ctea<\/li>\n<li>Personal\u00edzalo en tres sencillos pasos<\/li>\n<li>Agrega un texto personalizado<\/li>\n<li>Ve el resultado de inmediato: la vista previa interactiva te permite perfeccionar cada detalle<\/li>\n<\/ul>\n","protected":false},"featured_media":1252664,"template":"","meta":[],"product_brand":[],"product_cat":[5334,7933,9106,8012,7693,11189,11188,11187,106],"product_tag":[15081,8485],"class_list":{"0":"post-609264","1":"product","2":"type-product","3":"status-publish","4":"has-post-thumbnail","6":"product_cat-regalos-de-aniversario","7":"product_cat-regalos-para-despedidas-de-soltera","8":"product_cat-duo-stars-es","9":"product_cat-regalos-para-hombres","10":"product_cat-regalos-para-mujeres","11":"product_cat-regalos-de-aniversario-para-el","12":"product_cat-regalos-de-aniversario-para-ella","13":"product_cat-regalos-de-aniversario-para-pareja","14":"product_cat-todos-los-productos","15":"product_tag-wedding-es-2","16":"product_tag-wedding-es","18":"first","19":"instock","20":"sale","21":"taxable","22":"shipping-taxable","23":"purchasable","24":"product-type-variable"},"yoast_head":"<!-- This site is optimized with the Yoast SEO Premium plugin v27.2 (Yoast SEO v27.2) - https:\/\/yoast.com\/product\/yoast-seo-premium-wordpress\/ -->\n<title>Cuando los dos se volvieron uno mismo - Positive Prints<\/title>\n<meta name=\"description\" content=\"Crea tu propio mapa estelar doble de \u201ccuando los dos se volvieron uno mismo\u201d, \u00a1y reg\u00e1lale algo que nunca podr\u00e1 olvidar!\" \/>\n<meta name=\"robots\" content=\"index, follow, max-snippet:-1, max-image-preview:large, max-video-preview:-1\" \/>\n<link rel=\"canonical\" href=\"https:\/\/positiveprints.com\/es\/producto\/mapa-estelar-doble-cuando-los-dos-se-volvieron-uno-mismo\/\" \/>\n<meta property=\"og:locale\" content=\"es_ES\" \/>\n<meta property=\"og:type\" content=\"article\" \/>\n<meta property=\"og:title\" content=\"Mapa estelar doble: Cuando los dos se volvieron uno mismo\" \/>\n<meta property=\"og:description\" content=\"Dise\u00f1a un mapa estelar que muestre el cielo nocturno de dos lugares y fechas diferentes Agrega las constelaciones y la V\u00eda L\u00e1ctea Personal\u00edzalo en tres sencillos pasos Agrega un texto personalizado Ve el resultado de inmediato: la vista previa interactiva te permite perfeccionar cada detalle\" \/>\n<meta property=\"og:url\" content=\"https:\/\/positiveprints.com\/es\/producto\/mapa-estelar-doble-cuando-los-dos-se-volvieron-uno-mismo\/\" \/>\n<meta property=\"og:site_name\" content=\"Positive Prints\" \/>\n<meta property=\"article:publisher\" content=\"https:\/\/www.facebook.com\/positiveprintscom\" \/>\n<meta property=\"article:modified_time\" content=\"2026-04-18T04:46:24+00:00\" \/>\n<meta property=\"og:image\" content=\"https:\/\/positiveprints.com\/wp-content\/uploads\/2024\/11\/PACKSHOT_ES_When-Two-Became-One-Double-Star-Map-product-image-.webp\" \/>\n\t<meta property=\"og:image:width\" content=\"1450\" \/>\n\t<meta property=\"og:image:height\" content=\"1450\" \/>\n\t<meta property=\"og:image:type\" content=\"image\/webp\" \/>\n<meta name=\"twitter:card\" content=\"summary_large_image\" \/>\n<meta name=\"twitter:label1\" content=\"Tiempo de lectura\" \/>\n\t<meta name=\"twitter:data1\" content=\"2 minutos\" \/>\n<!-- \/ Yoast SEO Premium plugin. -->","yoast_head_json":{"title":"Cuando los dos se volvieron uno mismo - Positive Prints","description":"Crea tu propio mapa estelar doble de \u201ccuando los dos se volvieron uno mismo\u201d, \u00a1y reg\u00e1lale algo que nunca podr\u00e1 olvidar!","robots":{"index":"index","follow":"follow","max-snippet":"max-snippet:-1","max-image-preview":"max-image-preview:large","max-video-preview":"max-video-preview:-1"},"canonical":"https:\/\/positiveprints.com\/es\/producto\/mapa-estelar-doble-cuando-los-dos-se-volvieron-uno-mismo\/","og_locale":"es_ES","og_type":"article","og_title":"Mapa estelar doble: Cuando los dos se volvieron uno mismo","og_description":"Dise\u00f1a un mapa estelar que muestre el cielo nocturno de dos lugares y fechas diferentes Agrega las constelaciones y la V\u00eda L\u00e1ctea Personal\u00edzalo en tres sencillos pasos Agrega un texto personalizado Ve el resultado de inmediato: la vista previa interactiva te permite perfeccionar cada detalle","og_url":"https:\/\/positiveprints.com\/es\/producto\/mapa-estelar-doble-cuando-los-dos-se-volvieron-uno-mismo\/","og_site_name":"Positive Prints","article_publisher":"https:\/\/www.facebook.com\/positiveprintscom","article_modified_time":"2026-04-18T04:46:24+00:00","og_image":[{"width":1450,"height":1450,"url":"https:\/\/positiveprints.com\/wp-content\/uploads\/2024\/11\/PACKSHOT_ES_When-Two-Became-One-Double-Star-Map-product-image-.webp","type":"image\/webp"}],"twitter_card":"summary_large_image","twitter_misc":{"Tiempo de lectura":"2 minutos"},"schema":{"@context":"https:\/\/schema.org","@graph":[{"@type":["WebPage","ItemPage"],"@id":"https:\/\/positiveprints.com\/es\/producto\/mapa-estelar-doble-cuando-los-dos-se-volvieron-uno-mismo\/","url":"https:\/\/positiveprints.com\/es\/producto\/mapa-estelar-doble-cuando-los-dos-se-volvieron-uno-mismo\/","name":"Cuando los dos se volvieron uno mismo - Positive Prints","isPartOf":{"@id":"https:\/\/positiveprints.com\/es\/#website"},"primaryImageOfPage":{"@id":"https:\/\/positiveprints.com\/es\/producto\/mapa-estelar-doble-cuando-los-dos-se-volvieron-uno-mismo\/#primaryimage"},"image":{"@id":"https:\/\/positiveprints.com\/es\/producto\/mapa-estelar-doble-cuando-los-dos-se-volvieron-uno-mismo\/#primaryimage"},"thumbnailUrl":"https:\/\/positiveprints.com\/wp-content\/uploads\/2024\/11\/PACKSHOT_ES_When-Two-Became-One-Double-Star-Map-product-image-.webp","datePublished":"2023-05-24T13:23:44+00:00","dateModified":"2026-04-18T04:46:24+00:00","description":"Crea tu propio mapa estelar doble de \u201ccuando los dos se volvieron uno mismo\u201d, \u00a1y reg\u00e1lale algo que nunca podr\u00e1 olvidar!","breadcrumb":{"@id":"https:\/\/positiveprints.com\/es\/producto\/mapa-estelar-doble-cuando-los-dos-se-volvieron-uno-mismo\/#breadcrumb"},"inLanguage":"es","potentialAction":[{"@type":"ReadAction","target":["https:\/\/positiveprints.com\/es\/producto\/mapa-estelar-doble-cuando-los-dos-se-volvieron-uno-mismo\/"]}]},{"@type":"ImageObject","inLanguage":"es","@id":"https:\/\/positiveprints.com\/es\/producto\/mapa-estelar-doble-cuando-los-dos-se-volvieron-uno-mismo\/#primaryimage","url":"https:\/\/positiveprints.com\/wp-content\/uploads\/2024\/11\/PACKSHOT_ES_When-Two-Became-One-Double-Star-Map-product-image-.webp","contentUrl":"https:\/\/positiveprints.com\/wp-content\/uploads\/2024\/11\/PACKSHOT_ES_When-Two-Became-One-Double-Star-Map-product-image-.webp","width":1450,"height":1450},{"@type":"BreadcrumbList","@id":"https:\/\/positiveprints.com\/es\/producto\/mapa-estelar-doble-cuando-los-dos-se-volvieron-uno-mismo\/#breadcrumb","itemListElement":[{"@type":"ListItem","position":1,"name":"CASA","item":"https:\/\/positiveprints.com\/es\/"},{"@type":"ListItem","position":2,"name":"Productos","item":"https:\/\/positiveprints.com\/es\/shop\/"},{"@type":"ListItem","position":3,"name":"Mapa estelar doble: Cuando los dos se volvieron uno mismo"}]},{"@type":"WebSite","@id":"https:\/\/positiveprints.com\/es\/#website","url":"https:\/\/positiveprints.com\/es\/","name":"Positive Prints","description":"Custom Gifts for Special Occasions","publisher":{"@id":"https:\/\/positiveprints.com\/es\/#organization"},"potentialAction":[{"@type":"SearchAction","target":{"@type":"EntryPoint","urlTemplate":"https:\/\/positiveprints.com\/es\/?s={search_term_string}"},"query-input":{"@type":"PropertyValueSpecification","valueRequired":true,"valueName":"search_term_string"}}],"inLanguage":"es"},{"@type":"Organization","@id":"https:\/\/positiveprints.com\/es\/#organization","name":"Positive Prints","alternateName":"Positive Prints","url":"https:\/\/positiveprints.com\/es\/","logo":{"@type":"ImageObject","inLanguage":"es","@id":"https:\/\/positiveprints.com\/es\/#\/schema\/logo\/image\/","url":"https:\/\/positiveprints.com\/wp-content\/uploads\/2026\/03\/245815646_1337939713319158_5671353136411139666_n.png","contentUrl":"https:\/\/positiveprints.com\/wp-content\/uploads\/2026\/03\/245815646_1337939713319158_5671353136411139666_n.png","width":800,"height":800,"caption":"Positive Prints"},"image":{"@id":"https:\/\/positiveprints.com\/es\/#\/schema\/logo\/image\/"},"sameAs":["https:\/\/www.facebook.com\/positiveprintscom","https:\/\/www.instagram.com\/positiveprintscom\/","https:\/\/www.tiktok.com\/@positiveprintscom","https:\/\/www.pinterest.com\/positiveprintscom\/"]}]}},"jetpack_sharing_enabled":true,"_links":{"self":[{"href":"https:\/\/positiveprints.com\/es\/wp-json\/wp\/v2\/product\/609264","targetHints":{"allow":["GET"]}}],"collection":[{"href":"https:\/\/positiveprints.com\/es\/wp-json\/wp\/v2\/product"}],"about":[{"href":"https:\/\/positiveprints.com\/es\/wp-json\/wp\/v2\/types\/product"}],"wp:featuredmedia":[{"embeddable":true,"href":"https:\/\/positiveprints.com\/es\/wp-json\/wp\/v2\/media\/1252664"}],"wp:attachment":[{"href":"https:\/\/positiveprints.com\/es\/wp-json\/wp\/v2\/media?parent=609264"}],"wp:term":[{"taxonomy":"product_brand","embeddable":true,"href":"https:\/\/positiveprints.com\/es\/wp-json\/wp\/v2\/product_brand?post=609264"},{"taxonomy":"product_cat","embeddable":true,"href":"https:\/\/positiveprints.com\/es\/wp-json\/wp\/v2\/product_cat?post=609264"},{"taxonomy":"product_tag","embeddable":true,"href":"https:\/\/positiveprints.com\/es\/wp-json\/wp\/v2\/product_tag?post=609264"}],"curies":[{"name":"wp","href":"https:\/\/api.w.org\/{rel}","templated":true}]}}