{"id":606974,"date":"2023-04-19T12:22:58","date_gmt":"2023-04-19T11:22:58","guid":{"rendered":"https:\/\/positiveprints.com\/?post_type=product&#038;p=606974"},"modified":"2026-04-18T05:56:26","modified_gmt":"2026-04-18T04:56:26","slug":"mapa-estelar-doble-cuando-las-estrellas-se-alinearon","status":"publish","type":"product","link":"https:\/\/positiveprints.com\/es\/producto\/mapa-estelar-doble-cuando-las-estrellas-se-alinearon\/","title":{"rendered":"Mapa estelar doble: Cuando las estrellas se alinearon"},"content":{"rendered":"<p style=\"margin-top: 1rem\">\u201cCuando las estrellas se alinearon\u201d es un mapa estelar doble que puedes regalar en aquellas ocasiones especiales donde necesitas un detalle verdaderamente \u00fanico y personal. Esta impresi\u00f3n muestra dos mapas estelares personalizados, que representan los cielos estrellados de dos d\u00edas diferentes, y que adem\u00e1s simbolizan algo especial para ti y tu ser querido. Quiz\u00e1s sea el d\u00eda en que se conocieron y el d\u00eda en que se casaron o dos cumplea\u00f1os que son importantes para ti. \u00a1Las posibilidades son infinitas! Al final tendr\u00e1s un regalo hermoso que esa persona especial apreciar\u00e1 por la eternidad.<\/p>\r\n\r\n\r\n<p style=\"margin-top: 1rem\">\u201cCuando las estrellas se alinearon\u201d es un t\u00e9rmino que se suele utilizar para describir aquellos momentos m\u00e1gicos en la vida que parecen estar destinados a suceder. Este mapa estelar doble captura perfectamente ese sentimiento, y muestra dos d\u00edas en los que las estrellas se alinearon de manera especial, solo para ti y tu ser querido. Nos hace recordar que incluso en la inmensidad del universo, hay sucesos que nos conectan de manera especial.<\/p>\r\n\r\n\r\n<p style=\"margin-top: 1rem\">Ahora puedes crear un mapa estelar doble de \u201cCuando las estrellas se alinearon\u201d en nuestro editor en l\u00ednea. Elige entre una variedad de dise\u00f1os, estilos y colores para que puedas crear una impresi\u00f3n que se adapte perfectamente a tus necesidades. Selecciona dos fechas y ubicaciones que sean importantes para ti y observa c\u00f3mo se ve\u00eda el cielo aquellos d\u00edas. Para darle el toque final, agr\u00e9gale un mensaje personal para que el regalo sea a\u00fan m\u00e1s especial. Tienes la opci\u00f3n de recibirlo como un p\u00f3ster impreso o enmarcado, un lienzo o como descarga digital para que puedas imprimirlo de forma local. Con \u201cCuando las estrellas se alinearon\u201d, \u00a1estar\u00e1s regalo un detalle fuera de este mundo!<\/p>\r\n\r\n<p style=\"margin-top: 1rem\">Pedir \u201cCuando las estrellas se alinearon\u201d es una experiencia tan especial que dejar\u00e1 una buena impresi\u00f3n (\u00a1j\u00e1!) en tu ser querido. Es el regalo perfecto para aniversarios, bodas, San Valent\u00edn o Navidad: cualquier ocasi\u00f3n que requiera un regalo \u00fanico y memorable. \u00a1Las posibilidades son infinitas! Al final tu ser querido recibir\u00e1 una conmovedora obra de arte personal que podr\u00e1 atesorar para siempre. Entonces, \u00bfpor qu\u00e9 esperar? Abre nuestro editor en l\u00ednea y crea tu propio mapa estelar doble para demostrarle a esa persona especial cu\u00e1nto significa para ti.<\/p>","protected":false},"excerpt":{"rendered":"<ul class=\"check-list\">\n<li>Dise\u00f1a un mapa estelar que muestre el cielo nocturno de dos lugares y fechas diferentes<\/li>\n<li>Agrega las constelaciones y la V\u00eda L\u00e1ctea<\/li>\n<li>Personal\u00edzalo en tres sencillos pasos<\/li>\n<li>Agrega un texto personalizado<\/li>\n<li>Ve el resultado de inmediato: la vista previa interactiva te permite perfeccionar cada detalle<\/li>\n<\/ul>\n","protected":false},"featured_media":1252527,"template":"","meta":[],"product_brand":[],"product_cat":[9106,8189,8215,106,5277,3124,7933,5270,11455,11456,11452,11448,11462,11457,8012,7678,7646,7693,7789,7757,7805,3119,11249,11250],"product_tag":[14923,11826,11821,11757,11825,11820,11771],"class_list":{"0":"post-606974","1":"product","2":"type-product","3":"status-publish","4":"has-post-thumbnail","6":"product_cat-duo-stars-es","7":"product_cat-para-ella","8":"product_cat-para-el","9":"product_cat-todos-los-productos","10":"product_cat-regalos-de-compromiso","11":"product_cat-regalos-de-boda","12":"product_cat-regalos-para-despedidas-de-soltera","13":"product_cat-regalos-de-navidad","14":"product_cat-regalos-de-navidad-para-mujer","15":"product_cat-regalos-de-navidad-para-hombre","16":"product_cat-regalos-de-navidad-para-la-novia","17":"product_cat-regalos-de-navidad-para-el-novio","18":"product_cat-regalos-de-navidad-para-la-esposa","19":"product_cat-regalos-de-navidad-para-el-marido","20":"product_cat-regalos-para-hombres","21":"product_cat-regalos-para-mi-novio","22":"product_cat-regalos-para-mi-esposo","23":"product_cat-regalos-para-mujeres","24":"product_cat-regalos-para-mi-novia","25":"product_cat-regalos-para-mi-esposa","26":"product_cat-regalos-para-parejas","27":"product_cat-regalos-de-san-valentin","28":"product_cat-regalos-de-san-valentin-mujeres","29":"product_cat-regalos-de-san-valentin-hombres","30":"product_tag-anniversary-es","31":"product_tag-regalos-de-navidad-para-el","32":"product_tag-regalos-de-navidad-para-el-marido","33":"product_tag-regalos-de-navidad-para-el-novio","34":"product_tag-regalos-de-navidad-para-ella","35":"product_tag-regalos-de-navidad-para-la-esposa","36":"product_tag-regalos-de-navidad-para-la-novia","38":"first","39":"instock","40":"sale","41":"taxable","42":"shipping-taxable","43":"purchasable","44":"product-type-variable"},"yoast_head":"<!-- This site is optimized with the Yoast SEO Premium plugin v27.2 (Yoast SEO v27.2) - https:\/\/yoast.com\/product\/yoast-seo-premium-wordpress\/ -->\n<title>Cuando las estrellas se alinearon - Positive Prints<\/title>\n<meta name=\"description\" content=\"El mapa estelar doble de \u201cCuando las estrellas se alinearon\u201d es el regalo perfecto para aniversarios, bodas, San Valent\u00edn o Navidad.\" \/>\n<meta name=\"robots\" content=\"index, follow, max-snippet:-1, max-image-preview:large, max-video-preview:-1\" \/>\n<link rel=\"canonical\" href=\"https:\/\/positiveprints.com\/es\/producto\/mapa-estelar-doble-cuando-las-estrellas-se-alinearon\/\" \/>\n<meta property=\"og:locale\" content=\"es_ES\" \/>\n<meta property=\"og:type\" content=\"article\" \/>\n<meta property=\"og:title\" content=\"Mapa estelar doble: Cuando las estrellas se alinearon\" \/>\n<meta property=\"og:description\" content=\"Dise\u00f1a un mapa estelar que muestre el cielo nocturno de dos lugares y fechas diferentes Agrega las constelaciones y la V\u00eda L\u00e1ctea Personal\u00edzalo en tres sencillos pasos Agrega un texto personalizado Ve el resultado de inmediato: la vista previa interactiva te permite perfeccionar cada detalle\" \/>\n<meta property=\"og:url\" content=\"https:\/\/positiveprints.com\/es\/producto\/mapa-estelar-doble-cuando-las-estrellas-se-alinearon\/\" \/>\n<meta property=\"og:site_name\" content=\"Positive Prints\" \/>\n<meta property=\"article:publisher\" content=\"https:\/\/www.facebook.com\/positiveprintscom\" \/>\n<meta property=\"article:modified_time\" content=\"2026-04-18T04:56:26+00:00\" \/>\n<meta property=\"og:image\" content=\"https:\/\/positiveprints.com\/wp-content\/uploads\/2024\/11\/PACKSHOT_ES_When-The-Stars-Aligned-Double-Star-Map-product-image-.webp\" \/>\n\t<meta property=\"og:image:width\" content=\"1450\" \/>\n\t<meta property=\"og:image:height\" content=\"1450\" \/>\n\t<meta property=\"og:image:type\" content=\"image\/webp\" \/>\n<meta name=\"twitter:card\" content=\"summary_large_image\" \/>\n<meta name=\"twitter:label1\" content=\"Tiempo de lectura\" \/>\n\t<meta name=\"twitter:data1\" content=\"2 minutos\" \/>\n<!-- \/ Yoast SEO Premium plugin. -->","yoast_head_json":{"title":"Cuando las estrellas se alinearon - Positive Prints","description":"El mapa estelar doble de \u201cCuando las estrellas se alinearon\u201d es el regalo perfecto para aniversarios, bodas, San Valent\u00edn o Navidad.","robots":{"index":"index","follow":"follow","max-snippet":"max-snippet:-1","max-image-preview":"max-image-preview:large","max-video-preview":"max-video-preview:-1"},"canonical":"https:\/\/positiveprints.com\/es\/producto\/mapa-estelar-doble-cuando-las-estrellas-se-alinearon\/","og_locale":"es_ES","og_type":"article","og_title":"Mapa estelar doble: Cuando las estrellas se alinearon","og_description":"Dise\u00f1a un mapa estelar que muestre el cielo nocturno de dos lugares y fechas diferentes Agrega las constelaciones y la V\u00eda L\u00e1ctea Personal\u00edzalo en tres sencillos pasos Agrega un texto personalizado Ve el resultado de inmediato: la vista previa interactiva te permite perfeccionar cada detalle","og_url":"https:\/\/positiveprints.com\/es\/producto\/mapa-estelar-doble-cuando-las-estrellas-se-alinearon\/","og_site_name":"Positive Prints","article_publisher":"https:\/\/www.facebook.com\/positiveprintscom","article_modified_time":"2026-04-18T04:56:26+00:00","og_image":[{"width":1450,"height":1450,"url":"https:\/\/positiveprints.com\/wp-content\/uploads\/2024\/11\/PACKSHOT_ES_When-The-Stars-Aligned-Double-Star-Map-product-image-.webp","type":"image\/webp"}],"twitter_card":"summary_large_image","twitter_misc":{"Tiempo de lectura":"2 minutos"},"schema":{"@context":"https:\/\/schema.org","@graph":[{"@type":["WebPage","ItemPage"],"@id":"https:\/\/positiveprints.com\/es\/producto\/mapa-estelar-doble-cuando-las-estrellas-se-alinearon\/","url":"https:\/\/positiveprints.com\/es\/producto\/mapa-estelar-doble-cuando-las-estrellas-se-alinearon\/","name":"Cuando las estrellas se alinearon - Positive Prints","isPartOf":{"@id":"https:\/\/positiveprints.com\/es\/#website"},"primaryImageOfPage":{"@id":"https:\/\/positiveprints.com\/es\/producto\/mapa-estelar-doble-cuando-las-estrellas-se-alinearon\/#primaryimage"},"image":{"@id":"https:\/\/positiveprints.com\/es\/producto\/mapa-estelar-doble-cuando-las-estrellas-se-alinearon\/#primaryimage"},"thumbnailUrl":"https:\/\/positiveprints.com\/wp-content\/uploads\/2024\/11\/PACKSHOT_ES_When-The-Stars-Aligned-Double-Star-Map-product-image-.webp","datePublished":"2023-04-19T11:22:58+00:00","dateModified":"2026-04-18T04:56:26+00:00","description":"El mapa estelar doble de \u201cCuando las estrellas se alinearon\u201d es el regalo perfecto para aniversarios, bodas, San Valent\u00edn o Navidad.","breadcrumb":{"@id":"https:\/\/positiveprints.com\/es\/producto\/mapa-estelar-doble-cuando-las-estrellas-se-alinearon\/#breadcrumb"},"inLanguage":"es","potentialAction":[{"@type":"ReadAction","target":["https:\/\/positiveprints.com\/es\/producto\/mapa-estelar-doble-cuando-las-estrellas-se-alinearon\/"]}]},{"@type":"ImageObject","inLanguage":"es","@id":"https:\/\/positiveprints.com\/es\/producto\/mapa-estelar-doble-cuando-las-estrellas-se-alinearon\/#primaryimage","url":"https:\/\/positiveprints.com\/wp-content\/uploads\/2024\/11\/PACKSHOT_ES_When-The-Stars-Aligned-Double-Star-Map-product-image-.webp","contentUrl":"https:\/\/positiveprints.com\/wp-content\/uploads\/2024\/11\/PACKSHOT_ES_When-The-Stars-Aligned-Double-Star-Map-product-image-.webp","width":1450,"height":1450,"caption":"PACKSHOT_ES_When The Stars Aligned Double Star Map product image"},{"@type":"BreadcrumbList","@id":"https:\/\/positiveprints.com\/es\/producto\/mapa-estelar-doble-cuando-las-estrellas-se-alinearon\/#breadcrumb","itemListElement":[{"@type":"ListItem","position":1,"name":"CASA","item":"https:\/\/positiveprints.com\/es\/"},{"@type":"ListItem","position":2,"name":"Productos","item":"https:\/\/positiveprints.com\/es\/shop\/"},{"@type":"ListItem","position":3,"name":"Mapa estelar doble: Cuando las estrellas se alinearon"}]},{"@type":"WebSite","@id":"https:\/\/positiveprints.com\/es\/#website","url":"https:\/\/positiveprints.com\/es\/","name":"Positive Prints","description":"Custom Gifts for Special Occasions","publisher":{"@id":"https:\/\/positiveprints.com\/es\/#organization"},"potentialAction":[{"@type":"SearchAction","target":{"@type":"EntryPoint","urlTemplate":"https:\/\/positiveprints.com\/es\/?s={search_term_string}"},"query-input":{"@type":"PropertyValueSpecification","valueRequired":true,"valueName":"search_term_string"}}],"inLanguage":"es"},{"@type":"Organization","@id":"https:\/\/positiveprints.com\/es\/#organization","name":"Positive Prints","alternateName":"Positive Prints","url":"https:\/\/positiveprints.com\/es\/","logo":{"@type":"ImageObject","inLanguage":"es","@id":"https:\/\/positiveprints.com\/es\/#\/schema\/logo\/image\/","url":"https:\/\/positiveprints.com\/wp-content\/uploads\/2026\/03\/245815646_1337939713319158_5671353136411139666_n.png","contentUrl":"https:\/\/positiveprints.com\/wp-content\/uploads\/2026\/03\/245815646_1337939713319158_5671353136411139666_n.png","width":800,"height":800,"caption":"Positive Prints"},"image":{"@id":"https:\/\/positiveprints.com\/es\/#\/schema\/logo\/image\/"},"sameAs":["https:\/\/www.facebook.com\/positiveprintscom","https:\/\/www.instagram.com\/positiveprintscom\/","https:\/\/www.tiktok.com\/@positiveprintscom","https:\/\/www.pinterest.com\/positiveprintscom\/"]}]}},"jetpack_sharing_enabled":true,"_links":{"self":[{"href":"https:\/\/positiveprints.com\/es\/wp-json\/wp\/v2\/product\/606974","targetHints":{"allow":["GET"]}}],"collection":[{"href":"https:\/\/positiveprints.com\/es\/wp-json\/wp\/v2\/product"}],"about":[{"href":"https:\/\/positiveprints.com\/es\/wp-json\/wp\/v2\/types\/product"}],"wp:featuredmedia":[{"embeddable":true,"href":"https:\/\/positiveprints.com\/es\/wp-json\/wp\/v2\/media\/1252527"}],"wp:attachment":[{"href":"https:\/\/positiveprints.com\/es\/wp-json\/wp\/v2\/media?parent=606974"}],"wp:term":[{"taxonomy":"product_brand","embeddable":true,"href":"https:\/\/positiveprints.com\/es\/wp-json\/wp\/v2\/product_brand?post=606974"},{"taxonomy":"product_cat","embeddable":true,"href":"https:\/\/positiveprints.com\/es\/wp-json\/wp\/v2\/product_cat?post=606974"},{"taxonomy":"product_tag","embeddable":true,"href":"https:\/\/positiveprints.com\/es\/wp-json\/wp\/v2\/product_tag?post=606974"}],"curies":[{"name":"wp","href":"https:\/\/api.w.org\/{rel}","templated":true}]}}