{"id":606941,"date":"2023-04-17T14:23:38","date_gmt":"2023-04-17T13:23:38","guid":{"rendered":"https:\/\/positiveprints.com\/?post_type=product&#038;p=606941"},"modified":"2026-04-12T22:30:00","modified_gmt":"2026-04-12T21:30:00","slug":"mapa-estelar-doble-de-mama-y-papa","status":"publish","type":"product","link":"https:\/\/positiveprints.com\/es\/producto\/mapa-estelar-doble-de-mama-y-papa\/","title":{"rendered":"Mapa estelar doble de mam\u00e1 y pap\u00e1"},"content":{"rendered":"<p style=\"margin-top: 1rem\">El mapa estelar doble de mam\u00e1 y pap\u00e1 es un detalle \u00fanico y lleno de amor, que sin duda atesorar\u00e1n de por vida. Es un regalo personalizado que muestra los mapas estelares de dos fechas importantes en la vida de tus padres: uno para tu mam\u00e1 y el otro para tu pap\u00e1. Si lo deseas, puedes mostrar los mapas estelares de sus fechas de cumplea\u00f1os, del d\u00eda en que se comprometieron y luego casaron, o incluso las fechas en las que tus hermanos y t\u00fa nacieron.<\/p>\r\n\r\n\r\n<p style=\"margin-top: 1rem\">Crear un mapa estelar doble en nuestro editor en l\u00ednea es muy f\u00e1cil. Puedes personalizar tu impresi\u00f3n eligiendo una de nuestra amplia gama de colores y estilos. Luego, introduce las fechas y lugares que deseas poner en tu mapa y visualiza c\u00f3mo se ve\u00eda el cielo nocturno en aquellos momentos especiales. Elige c\u00f3mo quieres recibirlo: como p\u00f3ster impreso o enmarcado, como un lienzo, o como una descarga digital instant\u00e1nea.<\/p>\r\n\r\n\r\n<p style=\"margin-top: 1rem\">El mapa estelar doble de mam\u00e1 y papa es perfecto para regalarlo en ocasiones especiales, como cumplea\u00f1os, Navidad, el d\u00eda de las madres o el d\u00eda del padre. Es una forma conmovedora de celebrar y recordar los eventos y momentos m\u00e1s importantes en la vida de tus padres. Adem\u00e1s de ser un detalle elegante para el hogar de tus padres, tambi\u00e9n sirve como recordatorio de tu amor y afecto por ellos.<\/p>\r\n\r\n\r\n<p style=\"margin-top: 1rem\">Incluso el mapa estelar doble de mam\u00e1 y pap\u00e1 puede servir para iniciar conversaciones entre familia y amigos. Es un regalo \u00fanico que muestra los mapas estelares de los d\u00edas m\u00e1s importantes en la historia familiar. Puedes usarlo para crear lazos y recordar momentos especiales con tu familia y tus amigos.<\/p>\r\n\r\n\r\n<p style=\"margin-top: 1rem\">No compres regalos gen\u00e9ricos. Sorprende a tus padres con un regalo \u00fanico y lleno de significado que sin duda apreciar\u00e1n durante toda su vida. \u00a1Crea tu mapa estelar doble de mam\u00e1 y pap\u00e1 hoy mismo!<\/p>","protected":false},"excerpt":{"rendered":"<ul class=\"check-list\">\n<li>Dise\u00f1a un mapa estelar que muestre el cielo nocturno de dos lugares y fechas diferentes<\/li>\n<li>Agrega las constelaciones y la V\u00eda L\u00e1ctea<\/li>\n<li>Personal\u00edzalo en tres sencillos pasos<\/li>\n<li>Agrega un texto personalizado<\/li>\n<li>Ve el resultado de inmediato: la vista previa interactiva te permite perfeccionar cada detalle<\/li>\n<\/ul>\n","protected":false},"featured_media":1252240,"template":"","meta":[],"product_brand":[],"product_cat":[9280,9106,106,5254,7965,5270,15060,11460,7853,7821],"product_tag":[15584,15500,8760,13469],"class_list":{"0":"post-606941","1":"product","2":"type-product","3":"status-publish","4":"has-post-thumbnail","6":"product_cat-bestsellers-label-es","7":"product_cat-duo-stars-es","8":"product_cat-todos-los-productos","9":"product_cat-regalos-de-nacimiento-de-bebe","10":"product_cat-regalos-para-baby-showers","11":"product_cat-regalos-de-navidad","12":"product_cat-regalos-de-navidad-para-la-familia","13":"product_cat-regalos-de-navidad-para-los-padres","14":"product_cat-regalos-para-la-familia","15":"product_cat-regalos-para-padres-primerizos","16":"product_tag-el-dia-que-se-convirtieron-en-nuestros-padres","17":"product_tag-mama-y-papa","18":"product_tag-parents-es","19":"product_tag-regalos-de-navidad-para-la-familia","21":"first","22":"instock","23":"sale","24":"taxable","25":"shipping-taxable","26":"purchasable","27":"product-type-variable"},"yoast_head":"<!-- This site is optimized with the Yoast SEO Premium plugin v27.2 (Yoast SEO v27.2) - https:\/\/yoast.com\/product\/yoast-seo-premium-wordpress\/ -->\n<title>Mapa estelar doble de mam\u00e1 y pap\u00e1 - Positive Prints<\/title>\n<meta name=\"description\" content=\"El mapa estelar doble de mam\u00e1 y pap\u00e1 es un detalle personalizado que muestra los mapas estelares de dos fechas importantes en la vida de tus padres.\" \/>\n<meta name=\"robots\" content=\"index, follow, max-snippet:-1, max-image-preview:large, max-video-preview:-1\" \/>\n<link rel=\"canonical\" href=\"https:\/\/positiveprints.com\/es\/producto\/mapa-estelar-doble-de-mama-y-papa\/\" \/>\n<meta property=\"og:locale\" content=\"es_ES\" \/>\n<meta property=\"og:type\" content=\"article\" \/>\n<meta property=\"og:title\" content=\"Mapa estelar doble de mam\u00e1 y pap\u00e1\" \/>\n<meta property=\"og:description\" content=\"Dise\u00f1a un mapa estelar que muestre el cielo nocturno de dos lugares y fechas diferentes Agrega las constelaciones y la V\u00eda L\u00e1ctea Personal\u00edzalo en tres sencillos pasos Agrega un texto personalizado Ve el resultado de inmediato: la vista previa interactiva te permite perfeccionar cada detalle\" \/>\n<meta property=\"og:url\" content=\"https:\/\/positiveprints.com\/es\/producto\/mapa-estelar-doble-de-mama-y-papa\/\" \/>\n<meta property=\"og:site_name\" content=\"Positive Prints\" \/>\n<meta property=\"article:publisher\" content=\"https:\/\/www.facebook.com\/positiveprintscom\" \/>\n<meta property=\"article:modified_time\" content=\"2026-04-12T21:30:00+00:00\" \/>\n<meta property=\"og:image\" content=\"https:\/\/positiveprints.com\/wp-content\/uploads\/2024\/11\/PACKSHOT_ES_Mom-and-Dad-Double-Star-Map-product-image-.webp\" \/>\n\t<meta property=\"og:image:width\" content=\"1450\" \/>\n\t<meta property=\"og:image:height\" content=\"1450\" \/>\n\t<meta property=\"og:image:type\" content=\"image\/webp\" \/>\n<meta name=\"twitter:card\" content=\"summary_large_image\" \/>\n<!-- \/ Yoast SEO Premium plugin. -->","yoast_head_json":{"title":"Mapa estelar doble de mam\u00e1 y pap\u00e1 - Positive Prints","description":"El mapa estelar doble de mam\u00e1 y pap\u00e1 es un detalle personalizado que muestra los mapas estelares de dos fechas importantes en la vida de tus padres.","robots":{"index":"index","follow":"follow","max-snippet":"max-snippet:-1","max-image-preview":"max-image-preview:large","max-video-preview":"max-video-preview:-1"},"canonical":"https:\/\/positiveprints.com\/es\/producto\/mapa-estelar-doble-de-mama-y-papa\/","og_locale":"es_ES","og_type":"article","og_title":"Mapa estelar doble de mam\u00e1 y pap\u00e1","og_description":"Dise\u00f1a un mapa estelar que muestre el cielo nocturno de dos lugares y fechas diferentes Agrega las constelaciones y la V\u00eda L\u00e1ctea Personal\u00edzalo en tres sencillos pasos Agrega un texto personalizado Ve el resultado de inmediato: la vista previa interactiva te permite perfeccionar cada detalle","og_url":"https:\/\/positiveprints.com\/es\/producto\/mapa-estelar-doble-de-mama-y-papa\/","og_site_name":"Positive Prints","article_publisher":"https:\/\/www.facebook.com\/positiveprintscom","article_modified_time":"2026-04-12T21:30:00+00:00","og_image":[{"width":1450,"height":1450,"url":"https:\/\/positiveprints.com\/wp-content\/uploads\/2024\/11\/PACKSHOT_ES_Mom-and-Dad-Double-Star-Map-product-image-.webp","type":"image\/webp"}],"twitter_card":"summary_large_image","schema":{"@context":"https:\/\/schema.org","@graph":[{"@type":["WebPage","ItemPage"],"@id":"https:\/\/positiveprints.com\/es\/producto\/mapa-estelar-doble-de-mama-y-papa\/","url":"https:\/\/positiveprints.com\/es\/producto\/mapa-estelar-doble-de-mama-y-papa\/","name":"Mapa estelar doble de mam\u00e1 y pap\u00e1 - Positive Prints","isPartOf":{"@id":"https:\/\/positiveprints.com\/es\/#website"},"primaryImageOfPage":{"@id":"https:\/\/positiveprints.com\/es\/producto\/mapa-estelar-doble-de-mama-y-papa\/#primaryimage"},"image":{"@id":"https:\/\/positiveprints.com\/es\/producto\/mapa-estelar-doble-de-mama-y-papa\/#primaryimage"},"thumbnailUrl":"https:\/\/positiveprints.com\/wp-content\/uploads\/2024\/11\/PACKSHOT_ES_Mom-and-Dad-Double-Star-Map-product-image-.webp","datePublished":"2023-04-17T13:23:38+00:00","dateModified":"2026-04-12T21:30:00+00:00","description":"El mapa estelar doble de mam\u00e1 y pap\u00e1 es un detalle personalizado que muestra los mapas estelares de dos fechas importantes en la vida de tus padres.","breadcrumb":{"@id":"https:\/\/positiveprints.com\/es\/producto\/mapa-estelar-doble-de-mama-y-papa\/#breadcrumb"},"inLanguage":"es","potentialAction":[{"@type":"ReadAction","target":["https:\/\/positiveprints.com\/es\/producto\/mapa-estelar-doble-de-mama-y-papa\/"]}]},{"@type":"ImageObject","inLanguage":"es","@id":"https:\/\/positiveprints.com\/es\/producto\/mapa-estelar-doble-de-mama-y-papa\/#primaryimage","url":"https:\/\/positiveprints.com\/wp-content\/uploads\/2024\/11\/PACKSHOT_ES_Mom-and-Dad-Double-Star-Map-product-image-.webp","contentUrl":"https:\/\/positiveprints.com\/wp-content\/uploads\/2024\/11\/PACKSHOT_ES_Mom-and-Dad-Double-Star-Map-product-image-.webp","width":1450,"height":1450},{"@type":"BreadcrumbList","@id":"https:\/\/positiveprints.com\/es\/producto\/mapa-estelar-doble-de-mama-y-papa\/#breadcrumb","itemListElement":[{"@type":"ListItem","position":1,"name":"CASA","item":"https:\/\/positiveprints.com\/es\/"},{"@type":"ListItem","position":2,"name":"Productos","item":"https:\/\/positiveprints.com\/es\/shop\/"},{"@type":"ListItem","position":3,"name":"Mapa estelar doble de mam\u00e1 y pap\u00e1"}]},{"@type":"WebSite","@id":"https:\/\/positiveprints.com\/es\/#website","url":"https:\/\/positiveprints.com\/es\/","name":"Positive Prints","description":"Custom Gifts for Special Occasions","publisher":{"@id":"https:\/\/positiveprints.com\/es\/#organization"},"potentialAction":[{"@type":"SearchAction","target":{"@type":"EntryPoint","urlTemplate":"https:\/\/positiveprints.com\/es\/?s={search_term_string}"},"query-input":{"@type":"PropertyValueSpecification","valueRequired":true,"valueName":"search_term_string"}}],"inLanguage":"es"},{"@type":"Organization","@id":"https:\/\/positiveprints.com\/es\/#organization","name":"Positive Prints","alternateName":"Positive Prints","url":"https:\/\/positiveprints.com\/es\/","logo":{"@type":"ImageObject","inLanguage":"es","@id":"https:\/\/positiveprints.com\/es\/#\/schema\/logo\/image\/","url":"https:\/\/positiveprints.com\/wp-content\/uploads\/2026\/03\/245815646_1337939713319158_5671353136411139666_n.png","contentUrl":"https:\/\/positiveprints.com\/wp-content\/uploads\/2026\/03\/245815646_1337939713319158_5671353136411139666_n.png","width":800,"height":800,"caption":"Positive Prints"},"image":{"@id":"https:\/\/positiveprints.com\/es\/#\/schema\/logo\/image\/"},"sameAs":["https:\/\/www.facebook.com\/positiveprintscom","https:\/\/www.instagram.com\/positiveprintscom\/","https:\/\/www.tiktok.com\/@positiveprintscom","https:\/\/www.pinterest.com\/positiveprintscom\/"]}]}},"jetpack_sharing_enabled":true,"_links":{"self":[{"href":"https:\/\/positiveprints.com\/es\/wp-json\/wp\/v2\/product\/606941","targetHints":{"allow":["GET"]}}],"collection":[{"href":"https:\/\/positiveprints.com\/es\/wp-json\/wp\/v2\/product"}],"about":[{"href":"https:\/\/positiveprints.com\/es\/wp-json\/wp\/v2\/types\/product"}],"wp:featuredmedia":[{"embeddable":true,"href":"https:\/\/positiveprints.com\/es\/wp-json\/wp\/v2\/media\/1252240"}],"wp:attachment":[{"href":"https:\/\/positiveprints.com\/es\/wp-json\/wp\/v2\/media?parent=606941"}],"wp:term":[{"taxonomy":"product_brand","embeddable":true,"href":"https:\/\/positiveprints.com\/es\/wp-json\/wp\/v2\/product_brand?post=606941"},{"taxonomy":"product_cat","embeddable":true,"href":"https:\/\/positiveprints.com\/es\/wp-json\/wp\/v2\/product_cat?post=606941"},{"taxonomy":"product_tag","embeddable":true,"href":"https:\/\/positiveprints.com\/es\/wp-json\/wp\/v2\/product_tag?post=606941"}],"curies":[{"name":"wp","href":"https:\/\/api.w.org\/{rel}","templated":true}]}}