{"id":591090,"date":"2023-04-07T20:38:07","date_gmt":"2023-04-07T19:38:07","guid":{"rendered":"https:\/\/positiveprints.com\/?post_type=product&#038;p=591090"},"modified":"2026-04-03T03:19:03","modified_gmt":"2026-04-03T02:19:03","slug":"mapa-estelar-triple-de-nuestro-padre","status":"publish","type":"product","link":"https:\/\/positiveprints.com\/es\/producto\/mapa-estelar-triple-de-nuestro-padre\/","title":{"rendered":"Mapa estelar triple de nuestro padre"},"content":{"rendered":"<p style=\"margin-top: 1rem\">\u00a1El mapa estelar triple de nuestro padre es el regalo ideal para celebrar cualquier ocasi\u00f3n especial! Ya sea el d\u00eda del padre, su cumplea\u00f1os o Navidad, esta impresi\u00f3n har\u00e1 que su d\u00eda sea m\u00e1s que inolvidable.<\/p>\r\n\r\n\r\n<p style=\"margin-top: 1rem\">\u00a1Personaliza cada uno de los tres mapas estelares de este p\u00f3ster! Uno de los mapas muestra la fecha y la ubicaci\u00f3n del nacimiento de tu padre, mientras que los otros dos muestran la fecha de tu nacimiento y la de tus hermanos.<\/p>\r\n\r\n\r\n<p style=\"margin-top: 1rem\">Nuestro editor en l\u00ednea es muy f\u00e1cil de usar, y tendr\u00e1s la libertad de elegir entre una amplia gama de dise\u00f1os y colores para crear un hermoso \u201cmapa estelar triple de nuestro padre\u201d. \u00a1Incluso puedes incluir un mensaje personal o una cita para darle un toque especial!<\/p>\r\n\r\n\r\n<p style=\"margin-top: 1rem\">Una vez que hayas dise\u00f1ado tus mapas estelares, puedes elegir el tama\u00f1o y el formato que mejor se adapte a tus necesidades. Ofrecemos p\u00f3sters impresos o enmarcados, lienzos o incluso un archivo de descarga digital, para que puedas elegir la opci\u00f3n perfecta para ti en unos cuantos clics. Reg\u00e1lale a tu padre un detalle inolvidable: el \u201cmapa estelar triple de nuestro padre\u201d.<\/p>","protected":false},"excerpt":{"rendered":"<ul class=\"check-list\">\n<li>Celebra la paternidad y reg\u00e1lale a pap\u00e1 una obra verdaderamente atemporal que podr\u00e1 atesorar por la eternidad.<\/li>\n<li>Agrega las constelaciones y la V\u00eda L\u00e1ctea<\/li>\n<li>Personal\u00edzalo en tres sencillos pasos<\/li>\n<li>Agrega un texto personalizado<\/li>\n<li>Ve el resultado de inmediato: la vista previa interactiva te permite perfeccionar cada detalle<\/li>\n<\/ul>\n","protected":false},"featured_media":1258588,"template":"","meta":[],"product_brand":[],"product_cat":[9103,106],"product_tag":[8559],"class_list":{"0":"post-591090","1":"product","2":"type-product","3":"status-publish","4":"has-post-thumbnail","6":"product_cat-trio-stars-es","7":"product_cat-todos-los-productos","8":"product_tag-father-es","10":"first","11":"instock","12":"sale","13":"taxable","14":"shipping-taxable","15":"purchasable","16":"product-type-variable"},"yoast_head":"<!-- This site is optimized with the Yoast SEO Premium plugin v27.2 (Yoast SEO v27.2) - https:\/\/yoast.com\/product\/yoast-seo-premium-wordpress\/ -->\n<title>Mapa estelar triple de nuestro padre - Positive Prints<\/title>\n<meta name=\"description\" content=\"Celebra la paternidad y reg\u00e1lale a tu padre una obra de arte verdaderamente atemporal que podr\u00e1 atesorar de por vida. \u00a1Pide el \u201cmapa estelar triple de nuestro padre\u201d hoy mismo!\" \/>\n<meta name=\"robots\" content=\"index, follow, max-snippet:-1, max-image-preview:large, max-video-preview:-1\" \/>\n<link rel=\"canonical\" href=\"https:\/\/positiveprints.com\/es\/producto\/mapa-estelar-triple-de-nuestro-padre\/\" \/>\n<meta property=\"og:locale\" content=\"es_ES\" \/>\n<meta property=\"og:type\" content=\"article\" \/>\n<meta property=\"og:title\" content=\"Mapa estelar triple de nuestro padre\" \/>\n<meta property=\"og:description\" content=\"Celebra la paternidad y reg\u00e1lale a pap\u00e1 una obra verdaderamente atemporal que podr\u00e1 atesorar por la eternidad. Agrega las constelaciones y la V\u00eda L\u00e1ctea Personal\u00edzalo en tres sencillos pasos Agrega un texto personalizado Ve el resultado de inmediato: la vista previa interactiva te permite perfeccionar cada detalle\" \/>\n<meta property=\"og:url\" content=\"https:\/\/positiveprints.com\/es\/producto\/mapa-estelar-triple-de-nuestro-padre\/\" \/>\n<meta property=\"og:site_name\" content=\"Positive Prints\" \/>\n<meta property=\"article:publisher\" content=\"https:\/\/www.facebook.com\/positiveprintscom\" \/>\n<meta property=\"article:modified_time\" content=\"2026-04-03T02:19:03+00:00\" \/>\n<meta property=\"og:image\" content=\"https:\/\/positiveprints.com\/wp-content\/uploads\/2024\/11\/Packshot_ES_Our-Dad-Triple-Star-Map-product-image-.webp\" \/>\n\t<meta property=\"og:image:width\" content=\"1450\" \/>\n\t<meta property=\"og:image:height\" content=\"1450\" \/>\n\t<meta property=\"og:image:type\" content=\"image\/webp\" \/>\n<meta name=\"twitter:card\" content=\"summary_large_image\" \/>\n<meta name=\"twitter:label1\" content=\"Tiempo de lectura\" \/>\n\t<meta name=\"twitter:data1\" content=\"1 minuto\" \/>\n<!-- \/ Yoast SEO Premium plugin. -->","yoast_head_json":{"title":"Mapa estelar triple de nuestro padre - Positive Prints","description":"Celebra la paternidad y reg\u00e1lale a tu padre una obra de arte verdaderamente atemporal que podr\u00e1 atesorar de por vida. \u00a1Pide el \u201cmapa estelar triple de nuestro padre\u201d hoy mismo!","robots":{"index":"index","follow":"follow","max-snippet":"max-snippet:-1","max-image-preview":"max-image-preview:large","max-video-preview":"max-video-preview:-1"},"canonical":"https:\/\/positiveprints.com\/es\/producto\/mapa-estelar-triple-de-nuestro-padre\/","og_locale":"es_ES","og_type":"article","og_title":"Mapa estelar triple de nuestro padre","og_description":"Celebra la paternidad y reg\u00e1lale a pap\u00e1 una obra verdaderamente atemporal que podr\u00e1 atesorar por la eternidad. Agrega las constelaciones y la V\u00eda L\u00e1ctea Personal\u00edzalo en tres sencillos pasos Agrega un texto personalizado Ve el resultado de inmediato: la vista previa interactiva te permite perfeccionar cada detalle","og_url":"https:\/\/positiveprints.com\/es\/producto\/mapa-estelar-triple-de-nuestro-padre\/","og_site_name":"Positive Prints","article_publisher":"https:\/\/www.facebook.com\/positiveprintscom","article_modified_time":"2026-04-03T02:19:03+00:00","og_image":[{"width":1450,"height":1450,"url":"https:\/\/positiveprints.com\/wp-content\/uploads\/2024\/11\/Packshot_ES_Our-Dad-Triple-Star-Map-product-image-.webp","type":"image\/webp"}],"twitter_card":"summary_large_image","twitter_misc":{"Tiempo de lectura":"1 minuto"},"schema":{"@context":"https:\/\/schema.org","@graph":[{"@type":["WebPage","ItemPage"],"@id":"https:\/\/positiveprints.com\/es\/producto\/mapa-estelar-triple-de-nuestro-padre\/","url":"https:\/\/positiveprints.com\/es\/producto\/mapa-estelar-triple-de-nuestro-padre\/","name":"Mapa estelar triple de nuestro padre - Positive Prints","isPartOf":{"@id":"https:\/\/positiveprints.com\/es\/#website"},"primaryImageOfPage":{"@id":"https:\/\/positiveprints.com\/es\/producto\/mapa-estelar-triple-de-nuestro-padre\/#primaryimage"},"image":{"@id":"https:\/\/positiveprints.com\/es\/producto\/mapa-estelar-triple-de-nuestro-padre\/#primaryimage"},"thumbnailUrl":"https:\/\/positiveprints.com\/wp-content\/uploads\/2024\/11\/Packshot_ES_Our-Dad-Triple-Star-Map-product-image-.webp","datePublished":"2023-04-07T19:38:07+00:00","dateModified":"2026-04-03T02:19:03+00:00","description":"Celebra la paternidad y reg\u00e1lale a tu padre una obra de arte verdaderamente atemporal que podr\u00e1 atesorar de por vida. \u00a1Pide el \u201cmapa estelar triple de nuestro padre\u201d hoy mismo!","breadcrumb":{"@id":"https:\/\/positiveprints.com\/es\/producto\/mapa-estelar-triple-de-nuestro-padre\/#breadcrumb"},"inLanguage":"es","potentialAction":[{"@type":"ReadAction","target":["https:\/\/positiveprints.com\/es\/producto\/mapa-estelar-triple-de-nuestro-padre\/"]}]},{"@type":"ImageObject","inLanguage":"es","@id":"https:\/\/positiveprints.com\/es\/producto\/mapa-estelar-triple-de-nuestro-padre\/#primaryimage","url":"https:\/\/positiveprints.com\/wp-content\/uploads\/2024\/11\/Packshot_ES_Our-Dad-Triple-Star-Map-product-image-.webp","contentUrl":"https:\/\/positiveprints.com\/wp-content\/uploads\/2024\/11\/Packshot_ES_Our-Dad-Triple-Star-Map-product-image-.webp","width":1450,"height":1450},{"@type":"BreadcrumbList","@id":"https:\/\/positiveprints.com\/es\/producto\/mapa-estelar-triple-de-nuestro-padre\/#breadcrumb","itemListElement":[{"@type":"ListItem","position":1,"name":"CASA","item":"https:\/\/positiveprints.com\/es\/"},{"@type":"ListItem","position":2,"name":"Productos","item":"https:\/\/positiveprints.com\/es\/shop\/"},{"@type":"ListItem","position":3,"name":"Mapa estelar triple de nuestro padre"}]},{"@type":"WebSite","@id":"https:\/\/positiveprints.com\/es\/#website","url":"https:\/\/positiveprints.com\/es\/","name":"Positive Prints","description":"Custom Gifts for Special Occasions","publisher":{"@id":"https:\/\/positiveprints.com\/es\/#organization"},"potentialAction":[{"@type":"SearchAction","target":{"@type":"EntryPoint","urlTemplate":"https:\/\/positiveprints.com\/es\/?s={search_term_string}"},"query-input":{"@type":"PropertyValueSpecification","valueRequired":true,"valueName":"search_term_string"}}],"inLanguage":"es"},{"@type":"Organization","@id":"https:\/\/positiveprints.com\/es\/#organization","name":"Positive Prints","alternateName":"Positive Prints","url":"https:\/\/positiveprints.com\/es\/","logo":{"@type":"ImageObject","inLanguage":"es","@id":"https:\/\/positiveprints.com\/es\/#\/schema\/logo\/image\/","url":"https:\/\/positiveprints.com\/wp-content\/uploads\/2026\/03\/245815646_1337939713319158_5671353136411139666_n.png","contentUrl":"https:\/\/positiveprints.com\/wp-content\/uploads\/2026\/03\/245815646_1337939713319158_5671353136411139666_n.png","width":800,"height":800,"caption":"Positive Prints"},"image":{"@id":"https:\/\/positiveprints.com\/es\/#\/schema\/logo\/image\/"},"sameAs":["https:\/\/www.facebook.com\/positiveprintscom","https:\/\/www.instagram.com\/positiveprintscom\/","https:\/\/www.tiktok.com\/@positiveprintscom","https:\/\/www.pinterest.com\/positiveprintscom\/"]}]}},"jetpack_sharing_enabled":true,"_links":{"self":[{"href":"https:\/\/positiveprints.com\/es\/wp-json\/wp\/v2\/product\/591090","targetHints":{"allow":["GET"]}}],"collection":[{"href":"https:\/\/positiveprints.com\/es\/wp-json\/wp\/v2\/product"}],"about":[{"href":"https:\/\/positiveprints.com\/es\/wp-json\/wp\/v2\/types\/product"}],"wp:featuredmedia":[{"embeddable":true,"href":"https:\/\/positiveprints.com\/es\/wp-json\/wp\/v2\/media\/1258588"}],"wp:attachment":[{"href":"https:\/\/positiveprints.com\/es\/wp-json\/wp\/v2\/media?parent=591090"}],"wp:term":[{"taxonomy":"product_brand","embeddable":true,"href":"https:\/\/positiveprints.com\/es\/wp-json\/wp\/v2\/product_brand?post=591090"},{"taxonomy":"product_cat","embeddable":true,"href":"https:\/\/positiveprints.com\/es\/wp-json\/wp\/v2\/product_cat?post=591090"},{"taxonomy":"product_tag","embeddable":true,"href":"https:\/\/positiveprints.com\/es\/wp-json\/wp\/v2\/product_tag?post=591090"}],"curies":[{"name":"wp","href":"https:\/\/api.w.org\/{rel}","templated":true}]}}