{"id":56344,"date":"2021-04-12T08:31:51","date_gmt":"2021-04-12T07:31:51","guid":{"rendered":"https:\/\/positiveprints.com\/?post_type=product&#038;p=56344"},"modified":"2026-04-18T09:09:36","modified_gmt":"2026-04-18T08:09:36","slug":"mapa-de-primera-cita-compromiso-y-boda","status":"publish","type":"product","link":"https:\/\/positiveprints.com\/es\/producto\/mapa-de-primera-cita-compromiso-y-boda\/","title":{"rendered":"Mapa de Primera Cita, Compromiso y Boda"},"content":{"rendered":"<p>Una manera \u00fanica de contar tu historia de amor, representando las fechas especiales: su primera cita, compromiso, boda. <\/p>\r\n\r\n<p style=\"margin-top: 1rem\">Primero se conocieron, despu\u00e9s se enamoraron. Una vez que decidieron que quer\u00edan pasar la vida juntos, se comprometieron. Ahora que est\u00e1n casados, pueden rememorar cada instante de su historia de amor. Este es un proceso similar, pero a la vez completamente distinto para cada pareja en el mundo. Una manera de contar tu historia \u00fanica es capturando cada fecha importante de ella: el d\u00eda que se conocieron, cuando se comprometieron y el d\u00eda en que se casaron. <\/p>\r\n\r\n<h2 class=\"grenB f24 cblue\" style=\"margin-top: 3rem\">Qu\u00e9 es un mapa de primera cita, compromiso y boda<\/h2>\r\n\r\n<p style=\"margin-top: 1rem\">Tal como un diario, este es un mapa de los eventos m\u00e1s relevantes en su relaci\u00f3n: el d\u00eda en que se conocieron, cuando decidieron comprometerse y el d\u00eda en que se casaron. Es un mapa que marca el viaje con tu alma gemela.<\/p>\r\n\r\n<p style=\"margin-top: 1rem\">Esta art\u00edstica ilustraci\u00f3n les permitir\u00e1 revivir su historia de amor una y otra vez conforme pasen los a\u00f1os. Un mapa de primera cita, compromiso y boda es un regalo excelente para tu pareja o para obsequiar a alguna pareja especial en tu vida; pero lo m\u00e1s importante es que se trata de un art\u00edculo \u00fanico porque se trata de una historia en particular.<\/p>\r\n\r\n<h2 class=\"grenB f24 cblue\" style=\"margin-top: 3rem\">Por qu\u00e9 un mapa de primera cita, compromiso y boda<\/h2>\r\n\r\n<p style=\"margin-top: 1rem\">Seamos honestos, no es nada original ir a una tienda, escoger un regalo, envolverlo y obsequiarlo a tu pareja. No hay nada de malo con un regalo comprado en una tienda si es algo que sabes que es algo que la persona usar\u00e1, sin embargo, los regalos personalizados siempre ser\u00e1n m\u00e1s apreciados, porque muestran el esfuerzo de crear un regalo original, irrepetible y de gran valor simb\u00f3lico. Esto es m\u00e1s valioso que el regalo en s\u00ed.<\/p>\r\n\r\n<p style=\"margin-top: 1rem\">Un mapa de primera cita, compromiso y boda demuestra que recuerdas los eventos importantes que han marcado su historia y que los atesoras en el coraz\u00f3n. <\/p>\r\n\r\n<p style=\"margin-top: 1rem\">Muchos de nuestros clientes acuden a Positive Prints para ayudarse a crear un regalo original. Desean dar un obsequio original, inesperado y hecho especialmente para su pareja. Debido al nivel de personalizaci\u00f3n de un mapa de primera cita, compromiso y boda, cada mapa se convierte en \u00fanico en su tipo. <\/p>\r\n\r\n<h2 class=\"grenB f24 cblue\" style=\"margin-top: 3rem\">C\u00f3mo hacer un mapa de primera cita, compromiso y boda<\/h2>\r\n\r\n<p style=\"margin-top: 1rem\">Nuestros mapas de fechas especiales en Positive Prints est\u00e1n dise\u00f1ados como una sola imagen, pero representan tres momentos especiales de tu historia de amor. T\u00fa puedes decidir cu\u00e1les son estas fechas y lugares que deseas que aparezcan en \u00e9l. Utilizamos tecnolog\u00eda GPS de \u00faltima generaci\u00f3n para localizar cada lugar, como donde se conocieron, en donde decidieron compartir su vida y donde dieron el \u201cs\u00ed\u201d.<\/p>\r\n\r\n<p style=\"margin-top: 1rem\">Estos son los pasos que debes seguir para convertirte en todo un artista y crear tu mapa:<\/p>\r\n\r\n<p style=\"margin-top: 1rem\"><b>Paso uno: Selecciona tu dise\u00f1o<\/b><\/p>\r\n\r\n<p style=\"margin-top: 1rem\">Cuando se trata de dar un obsequio personalizado, lo importante es crear un dise\u00f1o que en verdad exprese tus gustos o los de tu pareja. Por eso ofrecemos distintas opciones de templetes, para que elijas el que m\u00e1s te agrade. Si te sientes extra creativo, selecciona la opci\u00f3n \u201ccustom\u201d que te permite elegir tu propia combinaci\u00f3n.<\/p>\r\n \r\n<p style=\"margin-top: 1rem\">Cada cambio que realices se actualiza en tiempo real para que veas cu\u00e1l ser\u00e1 el resultado final. <\/p>\r\n\r\n<p style=\"margin-top: 1rem\"><b>Paso dos: Ingresa tus datos<\/b><\/p>\r\n\r\n<p style=\"margin-top: 1rem\">M\u00e1s que solo im\u00e1genes, en tu mapa de primera cita, compromiso y boda tambi\u00e9n se incluyen m\u00faltiples l\u00edneas de texto para que puedas crear una descripci\u00f3n de cada momento. Podr\u00e1s incluir la fecha de cada evento, el nombre del lugar o alguna frase en la que expreses por qu\u00e9 cada lugar es tan especial. Escribe lo que quieras, \u00a1las opciones son infinitas!<\/p>\r\n\r\n<p style=\"margin-top: 1rem\"><b>Paso tres: Elige el formato<\/b><\/p>\r\n\r\n<p style=\"margin-top: 1rem\">Como muchos de nuestros art\u00edculos en Possitive Prints, puedes elegir entre m\u00faltiples formatos y opciones de entrega. Para entregas a domicilio, imprimimos los posters en papel de calidad profesional para mantener los colores originales y que luzca espectacular en tu pared. Tambi\u00e9n podemos imprimirlo en un lienzo o canvas, o con un bello marco, si as\u00ed lo deseas. <\/p>\r\n\r\n<p style=\"margin-top: 1rem\">Tambi\u00e9n contamos con distintos tama\u00f1os, para que escojas el que se ajuste mejor a tus espacios. <\/p>\r\n\r\n<h2 class=\"grenB f24 cblue\" style=\"margin-top: 3rem\">Sorprende a tu ser amado con un mapa de primera cita, compromiso y boda<\/h2>\r\n\r\n<p style=\"margin-top: 1rem\">Este mapa es perfecto como regalo de cumplea\u00f1os, boda, aniversario, Navidad, o para obsequiar en cualquier momento y celebrar el amor. Tambi\u00e9n es la soluci\u00f3n para quien lo tiene todo y no necesita nada. O, simplemente, es un detalle lindo, divertido e inesperado que puedes dar en cualquier momento por el simple gusto de hacerlo. <\/p>","protected":false},"excerpt":{"rendered":"<ul class=\"check-list\">\n<li>Marca direcciones exactas con el s\u00edmbolo de tu elecci\u00f3n<\/li>\n<li>Usa nuestro editor para personalizar tu dise\u00f1o en apenas tres pasos<\/li>\n<li>A\u00f1ade un mensaje personalizado para que\u00a0tu dise\u00f1o sea \u00fanico y especial<\/li>\n<li>Visualiza tu dise\u00f1o de forma r\u00e1pida usando la vista previa interactiva<\/li>\n<\/ul>\n","protected":false},"featured_media":1240657,"template":"","meta":[],"product_brand":[],"product_cat":[9280,15115,8250,265,11592,11603,11593,11589,11594,11590,11591,7933,8012,7693,7231],"product_tag":[14920],"class_list":{"0":"post-56344","1":"product","2":"type-product","3":"status-publish","4":"has-post-thumbnail","6":"product_cat-bestsellers-label-es","7":"product_cat-bestsellers-menu-es","8":"product_cat-digital-products-es","9":"product_cat-creators-es-2","10":"product_cat-10-aniversario","11":"product_cat-50-aniversario","12":"product_cat-15-aniversario","13":"product_cat-1-aniversario","14":"product_cat-20-aniversario","15":"product_cat-2-aniversario","16":"product_cat-5-aniversario","17":"product_cat-regalos-para-despedidas-de-soltera","18":"product_cat-regalos-para-hombres","19":"product_cat-regalos-para-mujeres","20":"product_cat-triple-maps-es","21":"product_tag-creators-es-2","23":"first","24":"instock","25":"sale","26":"taxable","27":"shipping-taxable","28":"purchasable","29":"product-type-variable"},"yoast_head":"<!-- This site is optimized with the Yoast SEO Premium plugin v27.2 (Yoast SEO v27.2) - https:\/\/yoast.com\/product\/yoast-seo-premium-wordpress\/ -->\n<title>Mapa de Primera Cita, Compromiso y Boda - Positive Prints<\/title>\n<meta name=\"description\" content=\"Una manera \u00fanica de contar tu historia de amor, representando las fechas m\u00e1s importantes: vuestra primera cita, el d\u00eda en que os compromet\u00edsteis y el d\u00eda de vuestra boda.\" \/>\n<meta name=\"robots\" content=\"index, follow, max-snippet:-1, max-image-preview:large, max-video-preview:-1\" \/>\n<link rel=\"canonical\" href=\"https:\/\/positiveprints.com\/es\/producto\/mapa-de-primera-cita-compromiso-y-boda\/\" \/>\n<meta property=\"og:locale\" content=\"es_ES\" \/>\n<meta property=\"og:type\" content=\"article\" \/>\n<meta property=\"og:title\" content=\"Mapa de Primera Cita, Compromiso y Boda\" \/>\n<meta property=\"og:description\" content=\"Marca direcciones exactas con el s\u00edmbolo de tu elecci\u00f3n  Usa nuestro editor para personalizar tu dise\u00f1o en apenas tres pasos  A\u00f1ade un mensaje personalizado para que\u00a0tu dise\u00f1o sea \u00fanico y especial  Visualiza tu dise\u00f1o de forma r\u00e1pida usando la vista previa interactiva\" \/>\n<meta property=\"og:url\" content=\"https:\/\/positiveprints.com\/es\/producto\/mapa-de-primera-cita-compromiso-y-boda\/\" \/>\n<meta property=\"og:site_name\" content=\"Positive Prints\" \/>\n<meta property=\"article:publisher\" content=\"https:\/\/www.facebook.com\/positiveprintscom\" \/>\n<meta property=\"article:modified_time\" content=\"2026-04-18T08:09:36+00:00\" \/>\n<meta property=\"og:image\" content=\"https:\/\/positiveprints.com\/wp-content\/uploads\/2024\/10\/Packshot_ES_Met-Engaged-Married-product-image.webp\" \/>\n\t<meta property=\"og:image:width\" content=\"1450\" \/>\n\t<meta property=\"og:image:height\" content=\"1450\" \/>\n\t<meta property=\"og:image:type\" content=\"image\/webp\" \/>\n<meta name=\"twitter:card\" content=\"summary_large_image\" \/>\n<meta name=\"twitter:label1\" content=\"Tiempo de lectura\" \/>\n\t<meta name=\"twitter:data1\" content=\"4 minutos\" \/>\n<!-- \/ Yoast SEO Premium plugin. -->","yoast_head_json":{"title":"Mapa de Primera Cita, Compromiso y Boda - Positive Prints","description":"Una manera \u00fanica de contar tu historia de amor, representando las fechas m\u00e1s importantes: vuestra primera cita, el d\u00eda en que os compromet\u00edsteis y el d\u00eda de vuestra boda.","robots":{"index":"index","follow":"follow","max-snippet":"max-snippet:-1","max-image-preview":"max-image-preview:large","max-video-preview":"max-video-preview:-1"},"canonical":"https:\/\/positiveprints.com\/es\/producto\/mapa-de-primera-cita-compromiso-y-boda\/","og_locale":"es_ES","og_type":"article","og_title":"Mapa de Primera Cita, Compromiso y Boda","og_description":"Marca direcciones exactas con el s\u00edmbolo de tu elecci\u00f3n  Usa nuestro editor para personalizar tu dise\u00f1o en apenas tres pasos  A\u00f1ade un mensaje personalizado para que\u00a0tu dise\u00f1o sea \u00fanico y especial  Visualiza tu dise\u00f1o de forma r\u00e1pida usando la vista previa interactiva","og_url":"https:\/\/positiveprints.com\/es\/producto\/mapa-de-primera-cita-compromiso-y-boda\/","og_site_name":"Positive Prints","article_publisher":"https:\/\/www.facebook.com\/positiveprintscom","article_modified_time":"2026-04-18T08:09:36+00:00","og_image":[{"width":1450,"height":1450,"url":"https:\/\/positiveprints.com\/wp-content\/uploads\/2024\/10\/Packshot_ES_Met-Engaged-Married-product-image.webp","type":"image\/webp"}],"twitter_card":"summary_large_image","twitter_misc":{"Tiempo de lectura":"4 minutos"},"schema":{"@context":"https:\/\/schema.org","@graph":[{"@type":["WebPage","ItemPage"],"@id":"https:\/\/positiveprints.com\/es\/producto\/mapa-de-primera-cita-compromiso-y-boda\/","url":"https:\/\/positiveprints.com\/es\/producto\/mapa-de-primera-cita-compromiso-y-boda\/","name":"Mapa de Primera Cita, Compromiso y Boda - Positive Prints","isPartOf":{"@id":"https:\/\/positiveprints.com\/es\/#website"},"primaryImageOfPage":{"@id":"https:\/\/positiveprints.com\/es\/producto\/mapa-de-primera-cita-compromiso-y-boda\/#primaryimage"},"image":{"@id":"https:\/\/positiveprints.com\/es\/producto\/mapa-de-primera-cita-compromiso-y-boda\/#primaryimage"},"thumbnailUrl":"https:\/\/positiveprints.com\/wp-content\/uploads\/2024\/10\/Packshot_ES_Met-Engaged-Married-product-image.webp","datePublished":"2021-04-12T07:31:51+00:00","dateModified":"2026-04-18T08:09:36+00:00","description":"Una manera \u00fanica de contar tu historia de amor, representando las fechas m\u00e1s importantes: vuestra primera cita, el d\u00eda en que os compromet\u00edsteis y el d\u00eda de vuestra boda.","breadcrumb":{"@id":"https:\/\/positiveprints.com\/es\/producto\/mapa-de-primera-cita-compromiso-y-boda\/#breadcrumb"},"inLanguage":"es","potentialAction":[{"@type":"ReadAction","target":["https:\/\/positiveprints.com\/es\/producto\/mapa-de-primera-cita-compromiso-y-boda\/"]}]},{"@type":"ImageObject","inLanguage":"es","@id":"https:\/\/positiveprints.com\/es\/producto\/mapa-de-primera-cita-compromiso-y-boda\/#primaryimage","url":"https:\/\/positiveprints.com\/wp-content\/uploads\/2024\/10\/Packshot_ES_Met-Engaged-Married-product-image.webp","contentUrl":"https:\/\/positiveprints.com\/wp-content\/uploads\/2024\/10\/Packshot_ES_Met-Engaged-Married-product-image.webp","width":1450,"height":1450},{"@type":"BreadcrumbList","@id":"https:\/\/positiveprints.com\/es\/producto\/mapa-de-primera-cita-compromiso-y-boda\/#breadcrumb","itemListElement":[{"@type":"ListItem","position":1,"name":"CASA","item":"https:\/\/positiveprints.com\/es\/"},{"@type":"ListItem","position":2,"name":"Productos","item":"https:\/\/positiveprints.com\/es\/shop\/"},{"@type":"ListItem","position":3,"name":"Mapa de Primera Cita, Compromiso y Boda"}]},{"@type":"WebSite","@id":"https:\/\/positiveprints.com\/es\/#website","url":"https:\/\/positiveprints.com\/es\/","name":"Positive Prints","description":"Custom Gifts for Special Occasions","publisher":{"@id":"https:\/\/positiveprints.com\/es\/#organization"},"potentialAction":[{"@type":"SearchAction","target":{"@type":"EntryPoint","urlTemplate":"https:\/\/positiveprints.com\/es\/?s={search_term_string}"},"query-input":{"@type":"PropertyValueSpecification","valueRequired":true,"valueName":"search_term_string"}}],"inLanguage":"es"},{"@type":"Organization","@id":"https:\/\/positiveprints.com\/es\/#organization","name":"Positive Prints","alternateName":"Positive Prints","url":"https:\/\/positiveprints.com\/es\/","logo":{"@type":"ImageObject","inLanguage":"es","@id":"https:\/\/positiveprints.com\/es\/#\/schema\/logo\/image\/","url":"https:\/\/positiveprints.com\/wp-content\/uploads\/2026\/03\/245815646_1337939713319158_5671353136411139666_n.png","contentUrl":"https:\/\/positiveprints.com\/wp-content\/uploads\/2026\/03\/245815646_1337939713319158_5671353136411139666_n.png","width":800,"height":800,"caption":"Positive Prints"},"image":{"@id":"https:\/\/positiveprints.com\/es\/#\/schema\/logo\/image\/"},"sameAs":["https:\/\/www.facebook.com\/positiveprintscom","https:\/\/www.instagram.com\/positiveprintscom\/","https:\/\/www.tiktok.com\/@positiveprintscom","https:\/\/www.pinterest.com\/positiveprintscom\/"]}]}},"jetpack_sharing_enabled":true,"_links":{"self":[{"href":"https:\/\/positiveprints.com\/es\/wp-json\/wp\/v2\/product\/56344","targetHints":{"allow":["GET"]}}],"collection":[{"href":"https:\/\/positiveprints.com\/es\/wp-json\/wp\/v2\/product"}],"about":[{"href":"https:\/\/positiveprints.com\/es\/wp-json\/wp\/v2\/types\/product"}],"wp:featuredmedia":[{"embeddable":true,"href":"https:\/\/positiveprints.com\/es\/wp-json\/wp\/v2\/media\/1240657"}],"wp:attachment":[{"href":"https:\/\/positiveprints.com\/es\/wp-json\/wp\/v2\/media?parent=56344"}],"wp:term":[{"taxonomy":"product_brand","embeddable":true,"href":"https:\/\/positiveprints.com\/es\/wp-json\/wp\/v2\/product_brand?post=56344"},{"taxonomy":"product_cat","embeddable":true,"href":"https:\/\/positiveprints.com\/es\/wp-json\/wp\/v2\/product_cat?post=56344"},{"taxonomy":"product_tag","embeddable":true,"href":"https:\/\/positiveprints.com\/es\/wp-json\/wp\/v2\/product_tag?post=56344"}],"curies":[{"name":"wp","href":"https:\/\/api.w.org\/{rel}","templated":true}]}}