{"id":470876,"date":"2023-04-07T13:29:53","date_gmt":"2023-04-07T12:29:53","guid":{"rendered":"https:\/\/positiveprints.com\/?post_type=product&#038;p=470876"},"modified":"2026-04-28T14:23:58","modified_gmt":"2026-04-28T13:23:58","slug":"mapa-estelar-triple-para-papa","status":"publish","type":"product","link":"https:\/\/positiveprints.com\/es\/producto\/mapa-estelar-triple-para-papa\/","title":{"rendered":"Mapa estelar triple para pap\u00e1"},"content":{"rendered":"<p style=\"margin-top: 1rem\">\u00a1El mapa estelar triple para pap\u00e1 es el regalo personalizado ideal para cualquier padre de tres hijos! Ya sea que busques un regalo para el d\u00eda del padre, su cumplea\u00f1os o Navidad, este detalle dejar\u00e1 una buena impresi\u00f3n en tu ser querido.<\/p>\r\n\r\n\r\n<p style=\"margin-top: 1rem\">Ya que cuenta con tres hermosos mapas estelares en un solo p\u00f3ster, podr\u00e1s representar el cielo nocturno de los d\u00edas en que nacieron sus tres hijos. Adem\u00e1s puedes agregar otros momentos importantes en su vida\u2026 \u00a1Las posibilidades de personalizaci\u00f3n son infinitas!<\/p>\r\n\r\n\r\n<p style=\"margin-top: 1rem\">Nuestro editor es muy f\u00e1cil de usar, y con \u00e9l tendr\u00e1s la libertad de elegir entre una amplia gama de dise\u00f1os y colores para crear un hermoso mapa estelar triple para pap\u00e1. Puedes elegir una paleta de colores o crear la tuya para que se adapte m\u00e1s al gusto de tu padre. Incluso puedes agregarle un toque personal con un mensaje especial o una frase que te recuerde a \u00e9l.<\/p>\r\n\r\n\r\n<p style=\"margin-top: 1rem\">Una vez que hayas dise\u00f1ado tu obra de arte triple para pap\u00e1, puedes elegir el tama\u00f1o y el formato que mejor se adapte a tus necesidades. Ofrecemos p\u00f3sters impresos o enmarcados, lienzos o incluso un archivo de descarga digital, para que puedas elegir la opci\u00f3n perfecta para ti en unos cuantos clics. No cabe duda que este regalo ser\u00e1 atesorado por muchos a\u00f1os, y es una maravillosa forma de mostrarle tu aprecio a esa figura paterna en tu vida.<\/p>","protected":false},"excerpt":{"rendered":"<ul class=\"check-list\">\n<li>Crea un recuerdo atemporal para tu padre que le permita recordar cada vez que se convirti\u00f3 en pap\u00e1.<\/li>\n<li>Agrega las constelaciones y la V\u00eda L\u00e1ctea<\/li>\n<li>Personal\u00edzalo en tres sencillos pasos<\/li>\n<li>Agrega un texto personalizado<\/li>\n<li>Ve el resultado de inmediato: la vista previa interactiva te permite perfeccionar cada detalle<\/li>\n<\/ul>\n","protected":false},"featured_media":1263418,"template":"","meta":[],"product_brand":[],"product_cat":[9103,106,7334,5270,11451,7981],"product_tag":[8559,11764],"class_list":{"0":"post-470876","1":"product","2":"type-product","3":"status-publish","4":"has-post-thumbnail","6":"product_cat-trio-stars-es","7":"product_cat-todos-los-productos","8":"product_cat-regalos-del-dia-del-padre","9":"product_cat-regalos-de-navidad","10":"product_cat-regalos-de-navidad-para-papa","11":"product_cat-regalos-para-papa","12":"product_tag-father-es","13":"product_tag-regalos-de-navidad-para-papa","15":"first","16":"instock","17":"sale","18":"taxable","19":"shipping-taxable","20":"purchasable","21":"product-type-variable"},"yoast_head":"<!-- This site is optimized with the Yoast SEO Premium plugin v27.2 (Yoast SEO v27.2) - https:\/\/yoast.com\/product\/yoast-seo-premium-wordpress\/ -->\n<title>Mapa estelar triple para pap\u00e1 - Positive Prints<\/title>\n<meta name=\"description\" content=\"El mapa estelar triple para pap\u00e1 es un detalle que atesorar\u00e1 por muchos a\u00f1os, y es una maravillosa forma de mostrarle tu aprecio a esa figura paterna en tu vida.\" \/>\n<meta name=\"robots\" content=\"index, follow, max-snippet:-1, max-image-preview:large, max-video-preview:-1\" \/>\n<link rel=\"canonical\" href=\"https:\/\/positiveprints.com\/es\/producto\/mapa-estelar-triple-para-papa\/\" \/>\n<meta property=\"og:locale\" content=\"es_ES\" \/>\n<meta property=\"og:type\" content=\"article\" \/>\n<meta property=\"og:title\" content=\"Mapa estelar triple para pap\u00e1\" \/>\n<meta property=\"og:description\" content=\"Crea un recuerdo atemporal para tu padre que le permita recordar cada vez que se convirti\u00f3 en pap\u00e1. Agrega las constelaciones y la V\u00eda L\u00e1ctea Personal\u00edzalo en tres sencillos pasos Agrega un texto personalizado Ve el resultado de inmediato: la vista previa interactiva te permite perfeccionar cada detalle\" \/>\n<meta property=\"og:url\" content=\"https:\/\/positiveprints.com\/es\/producto\/mapa-estelar-triple-para-papa\/\" \/>\n<meta property=\"og:site_name\" content=\"Positive Prints\" \/>\n<meta property=\"article:publisher\" content=\"https:\/\/www.facebook.com\/positiveprintscom\" \/>\n<meta property=\"article:modified_time\" content=\"2026-04-28T13:23:58+00:00\" \/>\n<meta property=\"og:image\" content=\"https:\/\/positiveprints.com\/wp-content\/uploads\/2024\/11\/Packshot_ES_Triple-Star-Map-for-Dad-product-image-.webp\" \/>\n\t<meta property=\"og:image:width\" content=\"1450\" \/>\n\t<meta property=\"og:image:height\" content=\"1450\" \/>\n\t<meta property=\"og:image:type\" content=\"image\/webp\" \/>\n<meta name=\"twitter:card\" content=\"summary_large_image\" \/>\n<!-- \/ Yoast SEO Premium plugin. -->","yoast_head_json":{"title":"Mapa estelar triple para pap\u00e1 - Positive Prints","description":"El mapa estelar triple para pap\u00e1 es un detalle que atesorar\u00e1 por muchos a\u00f1os, y es una maravillosa forma de mostrarle tu aprecio a esa figura paterna en tu vida.","robots":{"index":"index","follow":"follow","max-snippet":"max-snippet:-1","max-image-preview":"max-image-preview:large","max-video-preview":"max-video-preview:-1"},"canonical":"https:\/\/positiveprints.com\/es\/producto\/mapa-estelar-triple-para-papa\/","og_locale":"es_ES","og_type":"article","og_title":"Mapa estelar triple para pap\u00e1","og_description":"Crea un recuerdo atemporal para tu padre que le permita recordar cada vez que se convirti\u00f3 en pap\u00e1. Agrega las constelaciones y la V\u00eda L\u00e1ctea Personal\u00edzalo en tres sencillos pasos Agrega un texto personalizado Ve el resultado de inmediato: la vista previa interactiva te permite perfeccionar cada detalle","og_url":"https:\/\/positiveprints.com\/es\/producto\/mapa-estelar-triple-para-papa\/","og_site_name":"Positive Prints","article_publisher":"https:\/\/www.facebook.com\/positiveprintscom","article_modified_time":"2026-04-28T13:23:58+00:00","og_image":[{"width":1450,"height":1450,"url":"https:\/\/positiveprints.com\/wp-content\/uploads\/2024\/11\/Packshot_ES_Triple-Star-Map-for-Dad-product-image-.webp","type":"image\/webp"}],"twitter_card":"summary_large_image","schema":{"@context":"https:\/\/schema.org","@graph":[{"@type":["WebPage","ItemPage"],"@id":"https:\/\/positiveprints.com\/es\/producto\/mapa-estelar-triple-para-papa\/","url":"https:\/\/positiveprints.com\/es\/producto\/mapa-estelar-triple-para-papa\/","name":"Mapa estelar triple para pap\u00e1 - Positive Prints","isPartOf":{"@id":"https:\/\/positiveprints.com\/es\/#website"},"primaryImageOfPage":{"@id":"https:\/\/positiveprints.com\/es\/producto\/mapa-estelar-triple-para-papa\/#primaryimage"},"image":{"@id":"https:\/\/positiveprints.com\/es\/producto\/mapa-estelar-triple-para-papa\/#primaryimage"},"thumbnailUrl":"https:\/\/positiveprints.com\/wp-content\/uploads\/2024\/11\/Packshot_ES_Triple-Star-Map-for-Dad-product-image-.webp","datePublished":"2023-04-07T12:29:53+00:00","dateModified":"2026-04-28T13:23:58+00:00","description":"El mapa estelar triple para pap\u00e1 es un detalle que atesorar\u00e1 por muchos a\u00f1os, y es una maravillosa forma de mostrarle tu aprecio a esa figura paterna en tu vida.","breadcrumb":{"@id":"https:\/\/positiveprints.com\/es\/producto\/mapa-estelar-triple-para-papa\/#breadcrumb"},"inLanguage":"es","potentialAction":[{"@type":"ReadAction","target":["https:\/\/positiveprints.com\/es\/producto\/mapa-estelar-triple-para-papa\/"]}]},{"@type":"ImageObject","inLanguage":"es","@id":"https:\/\/positiveprints.com\/es\/producto\/mapa-estelar-triple-para-papa\/#primaryimage","url":"https:\/\/positiveprints.com\/wp-content\/uploads\/2024\/11\/Packshot_ES_Triple-Star-Map-for-Dad-product-image-.webp","contentUrl":"https:\/\/positiveprints.com\/wp-content\/uploads\/2024\/11\/Packshot_ES_Triple-Star-Map-for-Dad-product-image-.webp","width":1450,"height":1450},{"@type":"BreadcrumbList","@id":"https:\/\/positiveprints.com\/es\/producto\/mapa-estelar-triple-para-papa\/#breadcrumb","itemListElement":[{"@type":"ListItem","position":1,"name":"CASA","item":"https:\/\/positiveprints.com\/es\/"},{"@type":"ListItem","position":2,"name":"Productos","item":"https:\/\/positiveprints.com\/es\/shop\/"},{"@type":"ListItem","position":3,"name":"Mapa estelar triple para pap\u00e1"}]},{"@type":"WebSite","@id":"https:\/\/positiveprints.com\/es\/#website","url":"https:\/\/positiveprints.com\/es\/","name":"Positive Prints","description":"Custom Gifts for Special Occasions","publisher":{"@id":"https:\/\/positiveprints.com\/es\/#organization"},"potentialAction":[{"@type":"SearchAction","target":{"@type":"EntryPoint","urlTemplate":"https:\/\/positiveprints.com\/es\/?s={search_term_string}"},"query-input":{"@type":"PropertyValueSpecification","valueRequired":true,"valueName":"search_term_string"}}],"inLanguage":"es"},{"@type":"Organization","@id":"https:\/\/positiveprints.com\/es\/#organization","name":"Positive Prints","alternateName":"Positive Prints ","url":"https:\/\/positiveprints.com\/es\/","logo":{"@type":"ImageObject","inLanguage":"es","@id":"https:\/\/positiveprints.com\/es\/#\/schema\/logo\/image\/","url":"https:\/\/positiveprints.com\/wp-content\/uploads\/2026\/03\/245815646_1337939713319158_5671353136411139666_n.png","contentUrl":"https:\/\/positiveprints.com\/wp-content\/uploads\/2026\/03\/245815646_1337939713319158_5671353136411139666_n.png","width":800,"height":800,"caption":"Positive Prints"},"image":{"@id":"https:\/\/positiveprints.com\/es\/#\/schema\/logo\/image\/"},"sameAs":["https:\/\/www.facebook.com\/positiveprintscom","https:\/\/www.instagram.com\/positiveprintscom\/","https:\/\/www.tiktok.com\/@positiveprintscom","https:\/\/www.pinterest.com\/positiveprintscom\/"]}]}},"jetpack_sharing_enabled":true,"_links":{"self":[{"href":"https:\/\/positiveprints.com\/es\/wp-json\/wp\/v2\/product\/470876","targetHints":{"allow":["GET"]}}],"collection":[{"href":"https:\/\/positiveprints.com\/es\/wp-json\/wp\/v2\/product"}],"about":[{"href":"https:\/\/positiveprints.com\/es\/wp-json\/wp\/v2\/types\/product"}],"wp:featuredmedia":[{"embeddable":true,"href":"https:\/\/positiveprints.com\/es\/wp-json\/wp\/v2\/media\/1263418"}],"wp:attachment":[{"href":"https:\/\/positiveprints.com\/es\/wp-json\/wp\/v2\/media?parent=470876"}],"wp:term":[{"taxonomy":"product_brand","embeddable":true,"href":"https:\/\/positiveprints.com\/es\/wp-json\/wp\/v2\/product_brand?post=470876"},{"taxonomy":"product_cat","embeddable":true,"href":"https:\/\/positiveprints.com\/es\/wp-json\/wp\/v2\/product_cat?post=470876"},{"taxonomy":"product_tag","embeddable":true,"href":"https:\/\/positiveprints.com\/es\/wp-json\/wp\/v2\/product_tag?post=470876"}],"curies":[{"name":"wp","href":"https:\/\/api.w.org\/{rel}","templated":true}]}}