{"id":470853,"date":"2023-04-07T12:22:35","date_gmt":"2023-04-07T11:22:35","guid":{"rendered":"https:\/\/positiveprints.com\/?post_type=product&#038;p=470853"},"modified":"2026-04-28T14:24:12","modified_gmt":"2026-04-28T13:24:12","slug":"los-dias-en-que-te-convertiste-en-nuestro-padre","status":"publish","type":"product","link":"https:\/\/positiveprints.com\/es\/producto\/los-dias-en-que-te-convertiste-en-nuestro-padre\/","title":{"rendered":"Los d\u00edas en que te convertiste en nuestro padre"},"content":{"rendered":"<p style=\"margin-top: 1rem\">\u201cLos d\u00edas en que te convertiste en nuestro padre\u201d es la impresi\u00f3n personalizada perfecta para aquellos padres que aprecian los momentos en los que se convirtieron en figura paterna. Este precioso regalo captura el cielo nocturno del d\u00eda en que un padre le dio la bienvenida a cada uno de sus hijos, permitiendo crear una hermosa representaci\u00f3n del universo en cada momento especial.<\/p>\r\n\r\n\r\n<p style=\"margin-top: 1rem\">Cada impresi\u00f3n puede personalizarse con la fecha, la hora y la ubicaci\u00f3n de cada nacimiento, as\u00ed como el nombre de cada uno de los hijos. El resultado es una impresionante obra de arte que celebra la alegr\u00eda y el amor que viene con la paternidad.<\/p>\r\n\r\n\r\n<p style=\"margin-top: 1rem\">\u201cLos d\u00edas en que te convertiste en nuestro padre\u201d es el regalo ideal para el d\u00eda del padre, un cumplea\u00f1os o una sorpresa de Navidad. Tu padre podr\u00e1 atesorar esta obra de arte personalizada por toda la eternidad, y es una excelente forma de expresarle tu amor y aprecio a esa figura paterna en tu vida.<\/p>","protected":false},"excerpt":{"rendered":"<ul class=\"check-list\">\n<li>Agrega las constelaciones y la V\u00eda L\u00e1ctea<\/li>\n<li>Personal\u00edzalo en tres sencillos pasos<\/li>\n<li>Agrega un texto personalizado<\/li>\n<li>Ve el resultado de inmediato: la vista previa interactiva te permite perfeccionar cada detalle<\/li>\n<\/ul>\n","protected":false},"featured_media":1357043,"template":"","meta":[],"product_brand":[],"product_cat":[9280,9106,106,7334,5270,11451,7981],"product_tag":[10965,15573,9294,8559,13687,11764],"class_list":{"0":"post-470853","1":"product","2":"type-product","3":"status-publish","4":"has-post-thumbnail","6":"product_cat-bestsellers-label-es","7":"product_cat-duo-stars-es","8":"product_cat-todos-los-productos","9":"product_cat-regalos-del-dia-del-padre","10":"product_cat-regalos-de-navidad","11":"product_cat-regalos-de-navidad-para-papa","12":"product_cat-regalos-para-papa","13":"product_tag-dia-del-padre","14":"product_tag-el-dia-que-te-convertiste-en-papa","15":"product_tag-el-mejor-papa-del-mundo","16":"product_tag-father-es","17":"product_tag-regalo-para-el-dia-del-padre","18":"product_tag-regalos-de-navidad-para-papa","20":"first","21":"instock","22":"sale","23":"taxable","24":"shipping-taxable","25":"purchasable","26":"product-type-variable"},"yoast_head":"<!-- This site is optimized with the Yoast SEO Premium plugin v27.2 (Yoast SEO v27.2) - https:\/\/yoast.com\/product\/yoast-seo-premium-wordpress\/ -->\n<title>Los d\u00edas en que te convertiste en padre - Positive Prints<\/title>\n<meta name=\"description\" content=\"\u201cLos d\u00edas en que te convertiste en nuestro padre\u201d es la impresi\u00f3n personalizada perfecta para aquellos padres que aprecian los momentos en los que se convirtieron en figura paterna.\" \/>\n<meta name=\"robots\" content=\"index, follow, max-snippet:-1, max-image-preview:large, max-video-preview:-1\" \/>\n<link rel=\"canonical\" href=\"https:\/\/positiveprints.com\/es\/producto\/los-dias-en-que-te-convertiste-en-nuestro-padre\/\" \/>\n<meta property=\"og:locale\" content=\"es_ES\" \/>\n<meta property=\"og:type\" content=\"article\" \/>\n<meta property=\"og:title\" content=\"Los d\u00edas en que te convertiste en nuestro padre\" \/>\n<meta property=\"og:description\" content=\"Agrega las constelaciones y la V\u00eda L\u00e1ctea Personal\u00edzalo en tres sencillos pasos Agrega un texto personalizado Ve el resultado de inmediato: la vista previa interactiva te permite perfeccionar cada detalle\" \/>\n<meta property=\"og:url\" content=\"https:\/\/positiveprints.com\/es\/producto\/los-dias-en-que-te-convertiste-en-nuestro-padre\/\" \/>\n<meta property=\"og:site_name\" content=\"Positive Prints\" \/>\n<meta property=\"article:publisher\" content=\"https:\/\/www.facebook.com\/positiveprintscom\" \/>\n<meta property=\"article:modified_time\" content=\"2026-04-28T13:24:12+00:00\" \/>\n<meta property=\"og:image\" content=\"https:\/\/positiveprints.com\/wp-content\/uploads\/2024\/10\/Packshot_ES_The-Days-You-Became-Our-Dadproduct-image.webp\" \/>\n\t<meta property=\"og:image:width\" content=\"1450\" \/>\n\t<meta property=\"og:image:height\" content=\"1450\" \/>\n\t<meta property=\"og:image:type\" content=\"image\/webp\" \/>\n<meta name=\"twitter:card\" content=\"summary_large_image\" \/>\n<!-- \/ Yoast SEO Premium plugin. -->","yoast_head_json":{"title":"Los d\u00edas en que te convertiste en padre - Positive Prints","description":"\u201cLos d\u00edas en que te convertiste en nuestro padre\u201d es la impresi\u00f3n personalizada perfecta para aquellos padres que aprecian los momentos en los que se convirtieron en figura paterna.","robots":{"index":"index","follow":"follow","max-snippet":"max-snippet:-1","max-image-preview":"max-image-preview:large","max-video-preview":"max-video-preview:-1"},"canonical":"https:\/\/positiveprints.com\/es\/producto\/los-dias-en-que-te-convertiste-en-nuestro-padre\/","og_locale":"es_ES","og_type":"article","og_title":"Los d\u00edas en que te convertiste en nuestro padre","og_description":"Agrega las constelaciones y la V\u00eda L\u00e1ctea Personal\u00edzalo en tres sencillos pasos Agrega un texto personalizado Ve el resultado de inmediato: la vista previa interactiva te permite perfeccionar cada detalle","og_url":"https:\/\/positiveprints.com\/es\/producto\/los-dias-en-que-te-convertiste-en-nuestro-padre\/","og_site_name":"Positive Prints","article_publisher":"https:\/\/www.facebook.com\/positiveprintscom","article_modified_time":"2026-04-28T13:24:12+00:00","og_image":[{"width":1450,"height":1450,"url":"https:\/\/positiveprints.com\/wp-content\/uploads\/2024\/10\/Packshot_ES_The-Days-You-Became-Our-Dadproduct-image.webp","type":"image\/webp"}],"twitter_card":"summary_large_image","schema":{"@context":"https:\/\/schema.org","@graph":[{"@type":["WebPage","ItemPage"],"@id":"https:\/\/positiveprints.com\/es\/producto\/los-dias-en-que-te-convertiste-en-nuestro-padre\/","url":"https:\/\/positiveprints.com\/es\/producto\/los-dias-en-que-te-convertiste-en-nuestro-padre\/","name":"Los d\u00edas en que te convertiste en padre - Positive Prints","isPartOf":{"@id":"https:\/\/positiveprints.com\/es\/#website"},"primaryImageOfPage":{"@id":"https:\/\/positiveprints.com\/es\/producto\/los-dias-en-que-te-convertiste-en-nuestro-padre\/#primaryimage"},"image":{"@id":"https:\/\/positiveprints.com\/es\/producto\/los-dias-en-que-te-convertiste-en-nuestro-padre\/#primaryimage"},"thumbnailUrl":"https:\/\/positiveprints.com\/wp-content\/uploads\/2025\/02\/Los-di\u0301as-en-que-te-convertiste-en-nuestro-padre-1.webp","datePublished":"2023-04-07T11:22:35+00:00","dateModified":"2026-04-28T13:24:12+00:00","description":"\u201cLos d\u00edas en que te convertiste en nuestro padre\u201d es la impresi\u00f3n personalizada perfecta para aquellos padres que aprecian los momentos en los que se convirtieron en figura paterna.","breadcrumb":{"@id":"https:\/\/positiveprints.com\/es\/producto\/los-dias-en-que-te-convertiste-en-nuestro-padre\/#breadcrumb"},"inLanguage":"es","potentialAction":[{"@type":"ReadAction","target":["https:\/\/positiveprints.com\/es\/producto\/los-dias-en-que-te-convertiste-en-nuestro-padre\/"]}]},{"@type":"ImageObject","inLanguage":"es","@id":"https:\/\/positiveprints.com\/es\/producto\/los-dias-en-que-te-convertiste-en-nuestro-padre\/#primaryimage","url":"https:\/\/positiveprints.com\/wp-content\/uploads\/2025\/02\/Los-di\u0301as-en-que-te-convertiste-en-nuestro-padre-1.webp","contentUrl":"https:\/\/positiveprints.com\/wp-content\/uploads\/2025\/02\/Los-di\u0301as-en-que-te-convertiste-en-nuestro-padre-1.webp","width":1450,"height":1450},{"@type":"BreadcrumbList","@id":"https:\/\/positiveprints.com\/es\/producto\/los-dias-en-que-te-convertiste-en-nuestro-padre\/#breadcrumb","itemListElement":[{"@type":"ListItem","position":1,"name":"CASA","item":"https:\/\/positiveprints.com\/es\/"},{"@type":"ListItem","position":2,"name":"Productos","item":"https:\/\/positiveprints.com\/es\/shop\/"},{"@type":"ListItem","position":3,"name":"Los d\u00edas en que te convertiste en nuestro padre"}]},{"@type":"WebSite","@id":"https:\/\/positiveprints.com\/es\/#website","url":"https:\/\/positiveprints.com\/es\/","name":"Positive Prints","description":"Custom Gifts for Special Occasions","publisher":{"@id":"https:\/\/positiveprints.com\/es\/#organization"},"potentialAction":[{"@type":"SearchAction","target":{"@type":"EntryPoint","urlTemplate":"https:\/\/positiveprints.com\/es\/?s={search_term_string}"},"query-input":{"@type":"PropertyValueSpecification","valueRequired":true,"valueName":"search_term_string"}}],"inLanguage":"es"},{"@type":"Organization","@id":"https:\/\/positiveprints.com\/es\/#organization","name":"Positive Prints","alternateName":"Positive Prints ","url":"https:\/\/positiveprints.com\/es\/","logo":{"@type":"ImageObject","inLanguage":"es","@id":"https:\/\/positiveprints.com\/es\/#\/schema\/logo\/image\/","url":"https:\/\/positiveprints.com\/wp-content\/uploads\/2026\/03\/245815646_1337939713319158_5671353136411139666_n.png","contentUrl":"https:\/\/positiveprints.com\/wp-content\/uploads\/2026\/03\/245815646_1337939713319158_5671353136411139666_n.png","width":800,"height":800,"caption":"Positive Prints"},"image":{"@id":"https:\/\/positiveprints.com\/es\/#\/schema\/logo\/image\/"},"sameAs":["https:\/\/www.facebook.com\/positiveprintscom","https:\/\/www.instagram.com\/positiveprintscom\/","https:\/\/www.tiktok.com\/@positiveprintscom","https:\/\/www.pinterest.com\/positiveprintscom\/"]}]}},"jetpack_sharing_enabled":true,"_links":{"self":[{"href":"https:\/\/positiveprints.com\/es\/wp-json\/wp\/v2\/product\/470853","targetHints":{"allow":["GET"]}}],"collection":[{"href":"https:\/\/positiveprints.com\/es\/wp-json\/wp\/v2\/product"}],"about":[{"href":"https:\/\/positiveprints.com\/es\/wp-json\/wp\/v2\/types\/product"}],"wp:featuredmedia":[{"embeddable":true,"href":"https:\/\/positiveprints.com\/es\/wp-json\/wp\/v2\/media\/1357043"}],"wp:attachment":[{"href":"https:\/\/positiveprints.com\/es\/wp-json\/wp\/v2\/media?parent=470853"}],"wp:term":[{"taxonomy":"product_brand","embeddable":true,"href":"https:\/\/positiveprints.com\/es\/wp-json\/wp\/v2\/product_brand?post=470853"},{"taxonomy":"product_cat","embeddable":true,"href":"https:\/\/positiveprints.com\/es\/wp-json\/wp\/v2\/product_cat?post=470853"},{"taxonomy":"product_tag","embeddable":true,"href":"https:\/\/positiveprints.com\/es\/wp-json\/wp\/v2\/product_tag?post=470853"}],"curies":[{"name":"wp","href":"https:\/\/api.w.org\/{rel}","templated":true}]}}