{"id":470791,"date":"2023-04-06T21:21:45","date_gmt":"2023-04-06T20:21:45","guid":{"rendered":"https:\/\/positiveprints.com\/?post_type=product&#038;p=470791"},"modified":"2026-04-28T14:24:19","modified_gmt":"2026-04-28T13:24:19","slug":"mapa-estelar-doble-para-papa","status":"publish","type":"product","link":"https:\/\/positiveprints.com\/es\/producto\/mapa-estelar-doble-para-papa\/","title":{"rendered":"Mapa estelar doble para pap\u00e1"},"content":{"rendered":"<p style=\"margin-top: 1rem\">El mapa estelar doble para pap\u00e1 es un incre\u00edble regalo que captura los momentos m\u00e1s memorables en la vida de un padre, como el nacimiento de sus hijos, de manera hermosa y personalizada. Este mapa estelar le recordar\u00e1 a tu padre todos los momentos especiales que ha vivido, y los atesorar\u00e1 para siempre.<\/p>\r\n\r\n<p style=\"margin-top: 1rem\">Puedes crear tu mapa estelar doble de forma f\u00e1cil y r\u00e1pida en tres sencillos pasos. Primero, puedes personalizar los colores de las estrellas y el fondo de tu impresi\u00f3n para crear una paleta verdaderamente \u00fanica para tu pieza personalizada. Luego, ingresa la fecha de nacimiento, la hora, y la ubicaci\u00f3n del nacimiento de cada hijo, as\u00ed como un texto personal. Por \u00faltimo, elige entre un p\u00f3ster o lienzo, impreso o enmarcado, o una descarga digital instant\u00e1nea que puedas imprimir por tu cuenta.<\/p>\r\n\r\n<p style=\"margin-top: 1rem\">Tienes la opci\u00f3n de agregar el nombre y la hora de nacimiento de cada hijo, convirti\u00e9ndolo en una obra de arte \u00fanica para cada padre. Ya sea que est\u00e9s buscando el regalo perfecto para el d\u00eda del padre, un cumplea\u00f1os o simplemente quieras expresarle tu amor, nuestro mapa estelar doble es un regalo inolvidable que \u00e9l atesorar\u00e1 por el resto de sus d\u00edas.<\/p>","protected":false},"excerpt":{"rendered":"<ul class=\"check-list\">\n<li>Celebra la paternidad y reg\u00e1lale a tu pap\u00e1 una obra que guardar\u00e1 con grande cari\u00f1o para siempre.<\/li>\n<li>A\u00f1ade las constelaciones y la V\u00eda L\u00e1ctea<\/li>\n<li>Usa nuestro editor para personalizar tu dise\u00f1o en apenas tres pasos<\/li>\n<li>A\u00f1ade un mensaje personalizado para que\u00a0tu dise\u00f1o sea \u00fanico y especial<\/li>\n<li>Visualiza tu dise\u00f1o de forma r\u00e1pida usando la vista previa interactiva<\/li>\n<\/ul>\n","protected":false},"featured_media":1251658,"template":"","meta":[],"product_brand":[],"product_cat":[9106,106,7334,5270,11451,7981],"product_tag":[8559,11764],"class_list":{"0":"post-470791","1":"product","2":"type-product","3":"status-publish","4":"has-post-thumbnail","6":"product_cat-duo-stars-es","7":"product_cat-todos-los-productos","8":"product_cat-regalos-del-dia-del-padre","9":"product_cat-regalos-de-navidad","10":"product_cat-regalos-de-navidad-para-papa","11":"product_cat-regalos-para-papa","12":"product_tag-father-es","13":"product_tag-regalos-de-navidad-para-papa","15":"first","16":"instock","17":"sale","18":"taxable","19":"shipping-taxable","20":"purchasable","21":"product-type-variable"},"yoast_head":"<!-- This site is optimized with the Yoast SEO Premium plugin v27.2 (Yoast SEO v27.2) - https:\/\/yoast.com\/product\/yoast-seo-premium-wordpress\/ -->\n<title>Mapa estelar doble para pap\u00e1 - Positive Prints<\/title>\n<meta name=\"description\" content=\"El mapa estelar doble para pap\u00e1 es un regalo que captura la alineaci\u00f3n de las estrellas de los dos d\u00edas m\u00e1s especiales en la vida de un padre: el nacimiento de sus hijos.\" \/>\n<meta name=\"robots\" content=\"index, follow, max-snippet:-1, max-image-preview:large, max-video-preview:-1\" \/>\n<link rel=\"canonical\" href=\"https:\/\/positiveprints.com\/es\/producto\/mapa-estelar-doble-para-papa\/\" \/>\n<meta property=\"og:locale\" content=\"es_ES\" \/>\n<meta property=\"og:type\" content=\"article\" \/>\n<meta property=\"og:title\" content=\"Mapa estelar doble para pap\u00e1\" \/>\n<meta property=\"og:description\" content=\"Celebra la paternidad y reg\u00e1lale a tu pap\u00e1 una obra que guardar\u00e1 con grande cari\u00f1o para siempre. A\u00f1ade las constelaciones y la V\u00eda L\u00e1ctea Usa nuestro editor para personalizar tu dise\u00f1o en apenas tres pasos A\u00f1ade un mensaje personalizado para que\u00a0tu dise\u00f1o sea \u00fanico y especial Visualiza tu dise\u00f1o de forma r\u00e1pida usando la vista previa interactiva\" \/>\n<meta property=\"og:url\" content=\"https:\/\/positiveprints.com\/es\/producto\/mapa-estelar-doble-para-papa\/\" \/>\n<meta property=\"og:site_name\" content=\"Positive Prints\" \/>\n<meta property=\"article:publisher\" content=\"https:\/\/www.facebook.com\/positiveprintscom\" \/>\n<meta property=\"article:modified_time\" content=\"2026-04-28T13:24:19+00:00\" \/>\n<meta property=\"og:image\" content=\"https:\/\/positiveprints.com\/wp-content\/uploads\/2024\/11\/ES_PACKSHOT_Double-Star-Map-for-Dad-product-image-.webp\" \/>\n\t<meta property=\"og:image:width\" content=\"1450\" \/>\n\t<meta property=\"og:image:height\" content=\"1450\" \/>\n\t<meta property=\"og:image:type\" content=\"image\/webp\" \/>\n<meta name=\"twitter:card\" content=\"summary_large_image\" \/>\n<!-- \/ Yoast SEO Premium plugin. -->","yoast_head_json":{"title":"Mapa estelar doble para pap\u00e1 - Positive Prints","description":"El mapa estelar doble para pap\u00e1 es un regalo que captura la alineaci\u00f3n de las estrellas de los dos d\u00edas m\u00e1s especiales en la vida de un padre: el nacimiento de sus hijos.","robots":{"index":"index","follow":"follow","max-snippet":"max-snippet:-1","max-image-preview":"max-image-preview:large","max-video-preview":"max-video-preview:-1"},"canonical":"https:\/\/positiveprints.com\/es\/producto\/mapa-estelar-doble-para-papa\/","og_locale":"es_ES","og_type":"article","og_title":"Mapa estelar doble para pap\u00e1","og_description":"Celebra la paternidad y reg\u00e1lale a tu pap\u00e1 una obra que guardar\u00e1 con grande cari\u00f1o para siempre. A\u00f1ade las constelaciones y la V\u00eda L\u00e1ctea Usa nuestro editor para personalizar tu dise\u00f1o en apenas tres pasos A\u00f1ade un mensaje personalizado para que\u00a0tu dise\u00f1o sea \u00fanico y especial Visualiza tu dise\u00f1o de forma r\u00e1pida usando la vista previa interactiva","og_url":"https:\/\/positiveprints.com\/es\/producto\/mapa-estelar-doble-para-papa\/","og_site_name":"Positive Prints","article_publisher":"https:\/\/www.facebook.com\/positiveprintscom","article_modified_time":"2026-04-28T13:24:19+00:00","og_image":[{"width":1450,"height":1450,"url":"https:\/\/positiveprints.com\/wp-content\/uploads\/2024\/11\/ES_PACKSHOT_Double-Star-Map-for-Dad-product-image-.webp","type":"image\/webp"}],"twitter_card":"summary_large_image","schema":{"@context":"https:\/\/schema.org","@graph":[{"@type":["WebPage","ItemPage"],"@id":"https:\/\/positiveprints.com\/es\/producto\/mapa-estelar-doble-para-papa\/","url":"https:\/\/positiveprints.com\/es\/producto\/mapa-estelar-doble-para-papa\/","name":"Mapa estelar doble para pap\u00e1 - Positive Prints","isPartOf":{"@id":"https:\/\/positiveprints.com\/es\/#website"},"primaryImageOfPage":{"@id":"https:\/\/positiveprints.com\/es\/producto\/mapa-estelar-doble-para-papa\/#primaryimage"},"image":{"@id":"https:\/\/positiveprints.com\/es\/producto\/mapa-estelar-doble-para-papa\/#primaryimage"},"thumbnailUrl":"https:\/\/positiveprints.com\/wp-content\/uploads\/2024\/11\/ES_PACKSHOT_Double-Star-Map-for-Dad-product-image-.webp","datePublished":"2023-04-06T20:21:45+00:00","dateModified":"2026-04-28T13:24:19+00:00","description":"El mapa estelar doble para pap\u00e1 es un regalo que captura la alineaci\u00f3n de las estrellas de los dos d\u00edas m\u00e1s especiales en la vida de un padre: el nacimiento de sus hijos.","breadcrumb":{"@id":"https:\/\/positiveprints.com\/es\/producto\/mapa-estelar-doble-para-papa\/#breadcrumb"},"inLanguage":"es","potentialAction":[{"@type":"ReadAction","target":["https:\/\/positiveprints.com\/es\/producto\/mapa-estelar-doble-para-papa\/"]}]},{"@type":"ImageObject","inLanguage":"es","@id":"https:\/\/positiveprints.com\/es\/producto\/mapa-estelar-doble-para-papa\/#primaryimage","url":"https:\/\/positiveprints.com\/wp-content\/uploads\/2024\/11\/ES_PACKSHOT_Double-Star-Map-for-Dad-product-image-.webp","contentUrl":"https:\/\/positiveprints.com\/wp-content\/uploads\/2024\/11\/ES_PACKSHOT_Double-Star-Map-for-Dad-product-image-.webp","width":1450,"height":1450},{"@type":"BreadcrumbList","@id":"https:\/\/positiveprints.com\/es\/producto\/mapa-estelar-doble-para-papa\/#breadcrumb","itemListElement":[{"@type":"ListItem","position":1,"name":"CASA","item":"https:\/\/positiveprints.com\/es\/"},{"@type":"ListItem","position":2,"name":"Productos","item":"https:\/\/positiveprints.com\/es\/shop\/"},{"@type":"ListItem","position":3,"name":"Mapa estelar doble para pap\u00e1"}]},{"@type":"WebSite","@id":"https:\/\/positiveprints.com\/es\/#website","url":"https:\/\/positiveprints.com\/es\/","name":"Positive Prints","description":"Custom Gifts for Special Occasions","publisher":{"@id":"https:\/\/positiveprints.com\/es\/#organization"},"potentialAction":[{"@type":"SearchAction","target":{"@type":"EntryPoint","urlTemplate":"https:\/\/positiveprints.com\/es\/?s={search_term_string}"},"query-input":{"@type":"PropertyValueSpecification","valueRequired":true,"valueName":"search_term_string"}}],"inLanguage":"es"},{"@type":"Organization","@id":"https:\/\/positiveprints.com\/es\/#organization","name":"Positive Prints","alternateName":"Positive Prints ","url":"https:\/\/positiveprints.com\/es\/","logo":{"@type":"ImageObject","inLanguage":"es","@id":"https:\/\/positiveprints.com\/es\/#\/schema\/logo\/image\/","url":"https:\/\/positiveprints.com\/wp-content\/uploads\/2026\/03\/245815646_1337939713319158_5671353136411139666_n.png","contentUrl":"https:\/\/positiveprints.com\/wp-content\/uploads\/2026\/03\/245815646_1337939713319158_5671353136411139666_n.png","width":800,"height":800,"caption":"Positive Prints"},"image":{"@id":"https:\/\/positiveprints.com\/es\/#\/schema\/logo\/image\/"},"sameAs":["https:\/\/www.facebook.com\/positiveprintscom","https:\/\/www.instagram.com\/positiveprintscom\/","https:\/\/www.tiktok.com\/@positiveprintscom","https:\/\/www.pinterest.com\/positiveprintscom\/"]}]}},"jetpack_sharing_enabled":true,"_links":{"self":[{"href":"https:\/\/positiveprints.com\/es\/wp-json\/wp\/v2\/product\/470791","targetHints":{"allow":["GET"]}}],"collection":[{"href":"https:\/\/positiveprints.com\/es\/wp-json\/wp\/v2\/product"}],"about":[{"href":"https:\/\/positiveprints.com\/es\/wp-json\/wp\/v2\/types\/product"}],"wp:featuredmedia":[{"embeddable":true,"href":"https:\/\/positiveprints.com\/es\/wp-json\/wp\/v2\/media\/1251658"}],"wp:attachment":[{"href":"https:\/\/positiveprints.com\/es\/wp-json\/wp\/v2\/media?parent=470791"}],"wp:term":[{"taxonomy":"product_brand","embeddable":true,"href":"https:\/\/positiveprints.com\/es\/wp-json\/wp\/v2\/product_brand?post=470791"},{"taxonomy":"product_cat","embeddable":true,"href":"https:\/\/positiveprints.com\/es\/wp-json\/wp\/v2\/product_cat?post=470791"},{"taxonomy":"product_tag","embeddable":true,"href":"https:\/\/positiveprints.com\/es\/wp-json\/wp\/v2\/product_tag?post=470791"}],"curies":[{"name":"wp","href":"https:\/\/api.w.org\/{rel}","templated":true}]}}