{"id":47048,"date":"2020-01-15T18:00:50","date_gmt":"2020-01-15T17:00:50","guid":{"rendered":"https:\/\/positiveprints.com\/product\/mapa-de-donde-nos-conocimos\/"},"modified":"2026-04-18T09:18:09","modified_gmt":"2026-04-18T08:18:09","slug":"donde-todo-comenzo","status":"publish","type":"product","link":"https:\/\/positiveprints.com\/es\/producto\/donde-todo-comenzo\/","title":{"rendered":"Donde todo comenz\u00f3"},"content":{"rendered":"<p>Sin duda, tu ser amado reconocer\u00e1 el esfuerzo que has hecho al crear un mapa de donde todo comenz\u00f3, un regalo que tocar\u00e1 su coraz\u00f3n y que te agradecer\u00e1 por siempre.<\/p>\r\n\r\n<p style=\"margin-top: 1rem\">El instante en el que conociste a esa persona que hoy es tan especial para ti fue un momento m\u00e1gico. En el aire se percib\u00eda una energ\u00eda distinta y todo alrededor parec\u00eda haber desaparecido: solo eran ustedes dos. Para recordar ese d\u00eda para siempre, un mapa de donde todo comenz\u00f3 es perfecto.<\/p>\r\n\r\n<h2 class=\"grenB f24 cblue\" style=\"margin-top: 3rem\">\u00bfQu\u00e9 es un mapa de donde todo comenz\u00f3?<\/h2>\r\n\r\n<p style=\"margin-top: 1rem\">Puede haber sido una cita a ciegas o un encuentro casual, el lugar donde se vieron por primera vez tiene un valor especial para ambos. Un mapa de donde todo comenz\u00f3 indica esa ubicaci\u00f3n tan importante para ustedes como pareja.<\/p>\r\n\r\n<p style=\"margin-top: 1rem\">Los mapas personalizados pueden ser de cualquier ciudad, estado o pa\u00eds en el mundo. Todo lo que necesitas es seleccionar un lugar en el creador de mapas geogr\u00e1ficos personalizados para crear un mapa de escala perfecta. Realiza acercamientos o aleja la imagen tanto como desees hasta obtener el cuadro ideal; despu\u00e9s, marca el lugar preciso donde su maravillosa historia de amor inici\u00f3. <\/p>\r\n\r\n<p style=\"margin-top: 1rem\">Los mapas de donde todo comenz\u00f3 pueden personalizarse a\u00fan m\u00e1s con algunas l\u00edneas de texto que tengan un significado especial: un mensaje de amor, una frase que solo ustedes entiendan, nombres, fechas, todo aquello que defina su relaci\u00f3n.<\/p>\r\n\r\n<h2 class=\"grenB f24 cblue\" style=\"margin-top: 3rem\">\u00bfPor qu\u00e9 crear un mapa personalizado &#8211; Donde todo comenz\u00f3?<\/h2>\r\n\r\n<p style=\"margin-top: 1rem\">No podr\u00e1s negar que un mapa de donde todo comenz\u00f3 es un detalle \u00fanico. No es algo que simplemente tomas de un estante en una tienda. Este regalo lleva un esfuerzo extra y algo de creatividad al dise\u00f1ar t\u00fa mismo el lugar que deseas que aparezca en el mapa y el mensaje que llevar\u00e1, \u00a1por eso es el mejor regalo para alguien tan importante! Porque no hay otro exactamente igual en el mundo y solamente puede ser entregado a una persona: tu pareja.<\/p>\r\n\r\n<h2 class=\"grenB f24 cblue\" style=\"margin-top: 3rem\">\u00bfC\u00f3mo hacer un mapa de donde todo comenz\u00f3?<\/h2>\r\n\r\n<p style=\"margin-top: 1rem\">En Positive Prints nos esforzamos porque tu p\u00f3ster luzca espectacular y con un dise\u00f1o profesional. T\u00fa solo deber\u00e1s preocuparte por se\u00f1alar el lugar donde se conocieron, la figura que m\u00e1s te guste para tu mapa (c\u00edrculo, coraz\u00f3n o cuadrado), el esquema de colores y pensar en un lindo mensaje. Podr\u00e1s ver todos los cambios que realices a tu mapa en tiempo real con nuestra herramienta de personalizaci\u00f3n.<\/p>\r\n\r\n<p style=\"margin-top: 1rem\">Por \u00faltimo, selecciona la orientaci\u00f3n de tu p\u00f3ster, ya sea horizontal o vertical, as\u00ed como el formato. Existen dos opciones: Un poster impreso con la m\u00e1s alta calidad, en papel dise\u00f1ado para durar de por vida y que ser\u00e1 enviado hasta las puertas de tu casa o, si est\u00e1s algo corto de tiempo, una versi\u00f3n digital en alta resoluci\u00f3n que se enviar\u00e1 a tu bandeja de correo electr\u00f3nico para que puedas llevarla con tu impresor m\u00e1s cercano.<\/p>\r\n\r\n<p style=\"margin-top: 1rem\">Si lo deseas, podemos imprimir tu mapa de donde todo comenz\u00f3 en una bella almohada. En Positive Prints simplificamos al m\u00e1ximo el proceso para que cualquier persona pueda dise\u00f1ar su mapa con facilidad. Una vez que completes los pasos, nosotros nos encargamos del resto. <\/p>\r\n\r\n<h2 class=\"grenB f24 cblue\" style=\"margin-top: 3rem\">Un mapa de donde todo comenz\u00f3 es el regalo perfecto<\/h2>\r\n\r\n<p style=\"margin-top: 1rem\">Un mapa personalizado de ciudad es un rom\u00e1ntico regalo que sorprender\u00e1 a tu ser amado y que conservar\u00e1 por siempre. Cualesquiera de nuestros dise\u00f1os muestran el esfuerzo dedicado para dar un detalle s\u00faper especial. Es ideal para ser enmarcado y exhibido en una de las paredes de su casa como un recordatorio del lugar donde inici\u00f3 su historia de amor. Es un presente que puedes entregar en:\r\n<ul>\r\n<li>Cumplea\u00f1os<\/li>\r\n<li>Aniversarios<\/li>\r\n<li>Navidad<\/li>\r\n<li>San Valent\u00edn<\/li>\r\n<li>D\u00eda de la madre<\/li>\r\n<li>D\u00eda del padre<\/li>\r\n<li>Bodas<\/li>\r\nFiestas de compromiso<\/li>\r\n<\/ul><\/p>\r\n\r\n<p style=\"margin-top: 1rem\">Un mapa del lugar donde se conocieron es tan especial para ti como lo es para tu pareja. Ser\u00e1 un recordatorio de lo valiosa que es su relaci\u00f3n cada vez que observen el mapa de ese d\u00eda, que es como la primera p\u00e1gina del libro de su historia de amor.<\/p>\r\n\r\n<p style=\"margin-top: 1rem\">Sin duda, tu ser amado reconocer\u00e1 el esfuerzo que has hecho al crear un mapa personalizado de donde todo comenz\u00f3, un regalo que tocar\u00e1 su coraz\u00f3n y que te agradecer\u00e1 por siempre.<\/p>","protected":false},"excerpt":{"rendered":"<ul class=\"check-list\">\n<li>Marca un lugar especial con el s\u00edmbolo de tu elecci\u00f3n<\/li>\n<li>Usa nuestro editor para personalizar tu dise\u00f1o en apenas tres pasos<\/li>\n<li>A\u00f1ade un mensaje personalizado para que\u00a0tu dise\u00f1o sea \u00fanico y especial<\/li>\n<li>Visualiza tu dise\u00f1o de forma r\u00e1pida usando la vista previa interactiva<\/li>\n<\/ul>\n","protected":false},"featured_media":1216223,"template":"","meta":[],"product_brand":[],"product_cat":[15850,8189,8215,9766,1814,7195,5334,11187,11188,11189,3128,11219,11220,5277,7933,8012,7678,7646,7693,7789,7757,7805,11249,11250],"product_tag":[14923,15727,11826,11821,11757,11825,11827,11820,11771,11824],"class_list":{"0":"post-47048","1":"product","2":"type-product","3":"status-publish","4":"has-post-thumbnail","6":"product_cat-shop-bestsellers-es","7":"product_cat-para-ella","8":"product_cat-para-el","9":"product_cat-trending-label-es","10":"product_cat-bestsellers-es","11":"product_cat-map-es","12":"product_cat-regalos-de-aniversario","13":"product_cat-regalos-de-aniversario-para-pareja","14":"product_cat-regalos-de-aniversario-para-ella","15":"product_cat-regalos-de-aniversario-para-el","16":"product_cat-regalos-de-cumpleanos","17":"product_cat-regalos-de-cumpleanos-para-mujeres","18":"product_cat-regalos-de-cumpleanos-para-hombres","19":"product_cat-regalos-de-compromiso","20":"product_cat-regalos-para-despedidas-de-soltera","21":"product_cat-regalos-para-hombres","22":"product_cat-regalos-para-mi-novio","23":"product_cat-regalos-para-mi-esposo","24":"product_cat-regalos-para-mujeres","25":"product_cat-regalos-para-mi-novia","26":"product_cat-regalos-para-mi-esposa","27":"product_cat-regalos-para-parejas","28":"product_cat-regalos-de-san-valentin-mujeres","29":"product_cat-regalos-de-san-valentin-hombres","30":"product_tag-anniversary-es","31":"product_tag-christmas-present-es","32":"product_tag-regalos-de-navidad-para-el","33":"product_tag-regalos-de-navidad-para-el-marido","34":"product_tag-regalos-de-navidad-para-el-novio","35":"product_tag-regalos-de-navidad-para-ella","36":"product_tag-regalos-de-navidad-para-hombres","37":"product_tag-regalos-de-navidad-para-la-esposa","38":"product_tag-regalos-de-navidad-para-la-novia","39":"product_tag-regalos-de-navidad-para-mujer","41":"first","42":"instock","43":"sale","44":"taxable","45":"shipping-taxable","46":"purchasable","47":"product-type-variable"},"yoast_head":"<!-- This site is optimized with the Yoast SEO Premium plugin v27.2 (Yoast SEO v27.2) - https:\/\/yoast.com\/product\/yoast-seo-premium-wordpress\/ -->\n<title>Donde Todo Comenz\u00f3 - Mapa Personalizado - Positive Prints<\/title>\n<meta name=\"description\" content=\"Sin duda, tu ser amado reconocer\u00e1 el esfuerzo que has hecho al crear un mapa de donde todo comenz\u00f3, un regalo que tocar\u00e1 su coraz\u00f3n.\" \/>\n<meta name=\"robots\" content=\"index, follow, max-snippet:-1, max-image-preview:large, max-video-preview:-1\" \/>\n<link rel=\"canonical\" href=\"https:\/\/positiveprints.com\/es\/producto\/donde-todo-comenzo\/\" \/>\n<meta property=\"og:locale\" content=\"es_ES\" \/>\n<meta property=\"og:type\" content=\"article\" \/>\n<meta property=\"og:title\" content=\"Donde todo comenz\u00f3\" \/>\n<meta property=\"og:description\" content=\"Marca un lugar especial con el s\u00edmbolo de tu elecci\u00f3n    Usa nuestro editor para personalizar tu dise\u00f1o en apenas tres pasos    A\u00f1ade un mensaje personalizado para que\u00a0tu dise\u00f1o sea \u00fanico y especial    Visualiza tu dise\u00f1o de forma r\u00e1pida usando la vista previa interactiva\" \/>\n<meta property=\"og:url\" content=\"https:\/\/positiveprints.com\/es\/producto\/donde-todo-comenzo\/\" \/>\n<meta property=\"og:site_name\" content=\"Positive Prints\" \/>\n<meta property=\"article:publisher\" content=\"https:\/\/www.facebook.com\/positiveprintscom\" \/>\n<meta property=\"article:modified_time\" content=\"2026-04-18T08:18:09+00:00\" \/>\n<meta property=\"og:image\" content=\"https:\/\/positiveprints.com\/wp-content\/uploads\/2024\/10\/Packshot_ES_where-we-met-product-image.webp\" \/>\n\t<meta property=\"og:image:width\" content=\"1450\" \/>\n\t<meta property=\"og:image:height\" content=\"1450\" \/>\n\t<meta property=\"og:image:type\" content=\"image\/webp\" \/>\n<meta name=\"twitter:card\" content=\"summary_large_image\" \/>\n<meta name=\"twitter:label1\" content=\"Tiempo de lectura\" \/>\n\t<meta name=\"twitter:data1\" content=\"4 minutos\" \/>\n<!-- \/ Yoast SEO Premium plugin. -->","yoast_head_json":{"title":"Donde Todo Comenz\u00f3 - Mapa Personalizado - Positive Prints","description":"Sin duda, tu ser amado reconocer\u00e1 el esfuerzo que has hecho al crear un mapa de donde todo comenz\u00f3, un regalo que tocar\u00e1 su coraz\u00f3n.","robots":{"index":"index","follow":"follow","max-snippet":"max-snippet:-1","max-image-preview":"max-image-preview:large","max-video-preview":"max-video-preview:-1"},"canonical":"https:\/\/positiveprints.com\/es\/producto\/donde-todo-comenzo\/","og_locale":"es_ES","og_type":"article","og_title":"Donde todo comenz\u00f3","og_description":"Marca un lugar especial con el s\u00edmbolo de tu elecci\u00f3n    Usa nuestro editor para personalizar tu dise\u00f1o en apenas tres pasos    A\u00f1ade un mensaje personalizado para que\u00a0tu dise\u00f1o sea \u00fanico y especial    Visualiza tu dise\u00f1o de forma r\u00e1pida usando la vista previa interactiva","og_url":"https:\/\/positiveprints.com\/es\/producto\/donde-todo-comenzo\/","og_site_name":"Positive Prints","article_publisher":"https:\/\/www.facebook.com\/positiveprintscom","article_modified_time":"2026-04-18T08:18:09+00:00","og_image":[{"width":1450,"height":1450,"url":"https:\/\/positiveprints.com\/wp-content\/uploads\/2024\/10\/Packshot_ES_where-we-met-product-image.webp","type":"image\/webp"}],"twitter_card":"summary_large_image","twitter_misc":{"Tiempo de lectura":"4 minutos"},"schema":{"@context":"https:\/\/schema.org","@graph":[{"@type":["WebPage","ItemPage"],"@id":"https:\/\/positiveprints.com\/es\/producto\/donde-todo-comenzo\/","url":"https:\/\/positiveprints.com\/es\/producto\/donde-todo-comenzo\/","name":"Donde Todo Comenz\u00f3 - Mapa Personalizado - Positive Prints","isPartOf":{"@id":"https:\/\/positiveprints.com\/es\/#website"},"primaryImageOfPage":{"@id":"https:\/\/positiveprints.com\/es\/producto\/donde-todo-comenzo\/#primaryimage"},"image":{"@id":"https:\/\/positiveprints.com\/es\/producto\/donde-todo-comenzo\/#primaryimage"},"thumbnailUrl":"https:\/\/positiveprints.com\/wp-content\/uploads\/2024\/10\/Packshot_ES_where-we-met-product-image.webp","datePublished":"2020-01-15T17:00:50+00:00","dateModified":"2026-04-18T08:18:09+00:00","description":"Sin duda, tu ser amado reconocer\u00e1 el esfuerzo que has hecho al crear un mapa de donde todo comenz\u00f3, un regalo que tocar\u00e1 su coraz\u00f3n.","breadcrumb":{"@id":"https:\/\/positiveprints.com\/es\/producto\/donde-todo-comenzo\/#breadcrumb"},"inLanguage":"es","potentialAction":[{"@type":"ReadAction","target":["https:\/\/positiveprints.com\/es\/producto\/donde-todo-comenzo\/"]}]},{"@type":"ImageObject","inLanguage":"es","@id":"https:\/\/positiveprints.com\/es\/producto\/donde-todo-comenzo\/#primaryimage","url":"https:\/\/positiveprints.com\/wp-content\/uploads\/2024\/10\/Packshot_ES_where-we-met-product-image.webp","contentUrl":"https:\/\/positiveprints.com\/wp-content\/uploads\/2024\/10\/Packshot_ES_where-we-met-product-image.webp","width":1450,"height":1450},{"@type":"BreadcrumbList","@id":"https:\/\/positiveprints.com\/es\/producto\/donde-todo-comenzo\/#breadcrumb","itemListElement":[{"@type":"ListItem","position":1,"name":"CASA","item":"https:\/\/positiveprints.com\/es\/"},{"@type":"ListItem","position":2,"name":"Productos","item":"https:\/\/positiveprints.com\/es\/shop\/"},{"@type":"ListItem","position":3,"name":"Donde todo comenz\u00f3"}]},{"@type":"WebSite","@id":"https:\/\/positiveprints.com\/es\/#website","url":"https:\/\/positiveprints.com\/es\/","name":"Positive Prints","description":"Custom Gifts for Special Occasions","publisher":{"@id":"https:\/\/positiveprints.com\/es\/#organization"},"potentialAction":[{"@type":"SearchAction","target":{"@type":"EntryPoint","urlTemplate":"https:\/\/positiveprints.com\/es\/?s={search_term_string}"},"query-input":{"@type":"PropertyValueSpecification","valueRequired":true,"valueName":"search_term_string"}}],"inLanguage":"es"},{"@type":"Organization","@id":"https:\/\/positiveprints.com\/es\/#organization","name":"Positive Prints","alternateName":"Positive Prints","url":"https:\/\/positiveprints.com\/es\/","logo":{"@type":"ImageObject","inLanguage":"es","@id":"https:\/\/positiveprints.com\/es\/#\/schema\/logo\/image\/","url":"https:\/\/positiveprints.com\/wp-content\/uploads\/2026\/03\/245815646_1337939713319158_5671353136411139666_n.png","contentUrl":"https:\/\/positiveprints.com\/wp-content\/uploads\/2026\/03\/245815646_1337939713319158_5671353136411139666_n.png","width":800,"height":800,"caption":"Positive Prints"},"image":{"@id":"https:\/\/positiveprints.com\/es\/#\/schema\/logo\/image\/"},"sameAs":["https:\/\/www.facebook.com\/positiveprintscom","https:\/\/www.instagram.com\/positiveprintscom\/","https:\/\/www.tiktok.com\/@positiveprintscom","https:\/\/www.pinterest.com\/positiveprintscom\/"]}]}},"jetpack_sharing_enabled":true,"_links":{"self":[{"href":"https:\/\/positiveprints.com\/es\/wp-json\/wp\/v2\/product\/47048","targetHints":{"allow":["GET"]}}],"collection":[{"href":"https:\/\/positiveprints.com\/es\/wp-json\/wp\/v2\/product"}],"about":[{"href":"https:\/\/positiveprints.com\/es\/wp-json\/wp\/v2\/types\/product"}],"wp:featuredmedia":[{"embeddable":true,"href":"https:\/\/positiveprints.com\/es\/wp-json\/wp\/v2\/media\/1216223"}],"wp:attachment":[{"href":"https:\/\/positiveprints.com\/es\/wp-json\/wp\/v2\/media?parent=47048"}],"wp:term":[{"taxonomy":"product_brand","embeddable":true,"href":"https:\/\/positiveprints.com\/es\/wp-json\/wp\/v2\/product_brand?post=47048"},{"taxonomy":"product_cat","embeddable":true,"href":"https:\/\/positiveprints.com\/es\/wp-json\/wp\/v2\/product_cat?post=47048"},{"taxonomy":"product_tag","embeddable":true,"href":"https:\/\/positiveprints.com\/es\/wp-json\/wp\/v2\/product_tag?post=47048"}],"curies":[{"name":"wp","href":"https:\/\/api.w.org\/{rel}","templated":true}]}}