{"id":469421,"date":"2023-04-17T21:58:34","date_gmt":"2023-04-17T20:58:34","guid":{"rendered":"https:\/\/positiveprints.com\/?post_type=product&#038;p=469421"},"modified":"2026-04-03T03:18:09","modified_gmt":"2026-04-03T02:18:09","slug":"collage-fotografico-de-graduacion","status":"publish","type":"product","link":"https:\/\/positiveprints.com\/es\/producto\/collage-fotografico-de-graduacion\/","title":{"rendered":"Collage fotogr\u00e1fico de graduaci\u00f3n"},"content":{"rendered":"<p style=\"margin-top: 1rem\">\u00bfEst\u00e1s buscando el regalo de graduaci\u00f3n perfecto para celebrar los logros de esa persona especial en tu vida? \u00a1No busques m\u00e1s! Celebra ese momento con un collage fotogr\u00e1fico de graduaci\u00f3n de Positive Prints. Este detalle personalizado te permite crear un impresionante collage con la forma del a\u00f1o de graduaci\u00f3n, como \u201c2023\u201d o del a\u00f1o que elijas. Tambi\u00e9n puedes elegir que las fotos formen la palabra \u201cgraduado\u201d o \u201cegresado\u201d para hacer que tu dise\u00f1o sea a\u00fan m\u00e1s creativo y \u00fanico.<\/p>\r\n\r\n\r\n<p style=\"margin-top: 1rem\">Para comenzar a crear tu propio collage fotogr\u00e1fico de graduaci\u00f3n, elige una palabra (o un n\u00famero) y sube las fotos que quieras agregar. La tecnolog\u00eda de nuestro editor te permite organizar las fotos en el n\u00famero o la palabra de tu elecci\u00f3n, y se asegura de que tu collage sea una representaci\u00f3n precisa del dise\u00f1o que elegiste desde el principio. Luego puedes personalizar el formato de impresi\u00f3n: impr\u00edmelo como p\u00f3ster, lienzo o una impresi\u00f3n enmarcada. Incluso podr\u00e1s descargarlo como archivo digital para que puedas imprimirlo de manera local.<\/p>\r\n\r\n\r\n<p style=\"margin-top: 1rem\">Positive Prints usa los materiales y la tecnolog\u00eda de impresi\u00f3n de la m\u00e1s alta calidad para que tu collage fotogr\u00e1fico de graduaci\u00f3n se vea incre\u00edblemente profesional y refinado. Es el regalo perfecto para conmemorar el d\u00eda especial del graduado y todos los a\u00f1os de arduo trabajo y dedicaci\u00f3n que lo llevaron hasta ese instante.<\/p>\r\n\r\n\r\n<p style=\"margin-top: 1rem\">En general, el collage fotogr\u00e1fico de graduaci\u00f3n de Positive Prints te permite celebrar la graduaci\u00f3n de esa persona especial de forma creativa y significativa. \u00a1Reg\u00e1lale al graduado un detalle personalizado que atesorar\u00e1 por el resto de su vida!<\/p>","protected":false},"excerpt":{"rendered":"<ul class=\"check-list\">\n<li>Sube tus fotos favoritas y personaliza cada letra<\/li>\n<li>A\u00f1ade un mensaje personalizado para que tu dise\u00f1o sea \u00fanico y especial<\/li>\n<li>Usa nuestro editor para personalizar tu dise\u00f1o en apenas tres pasos<\/li>\n<li>Elige una plantilla o pon manos a la obra<\/li>\n<li>Visualiza tu dise\u00f1o de forma r\u00e1pida usando la vista previa interactiva<\/li>\n<\/ul>\n","protected":false},"featured_media":1348516,"template":"","meta":[],"product_brand":[],"product_cat":[7917,9124,106],"product_tag":[8496],"class_list":{"0":"post-469421","1":"product","2":"type-product","3":"status-publish","4":"has-post-thumbnail","6":"product_cat-regalos-de-graduacion","7":"product_cat-photo-letter-es","8":"product_cat-todos-los-productos","9":"product_tag-graduation-es","11":"first","12":"instock","13":"sale","14":"taxable","15":"shipping-taxable","16":"purchasable","17":"product-type-variable"},"yoast_head":"<!-- This site is optimized with the Yoast SEO Premium plugin v27.2 (Yoast SEO v27.2) - https:\/\/yoast.com\/product\/yoast-seo-premium-wordpress\/ -->\n<title>Collage fotogr\u00e1fico de graduaci\u00f3n - Positive Prints<\/title>\n<meta name=\"description\" content=\"\u00a1Conmemora este logro tan importante con un regalo de graduaci\u00f3n lleno de significado! Crea un collage de letras personalizado con fotos que recogen los momentos m\u00e1s inolvidables.\" \/>\n<meta name=\"robots\" content=\"index, follow, max-snippet:-1, max-image-preview:large, max-video-preview:-1\" \/>\n<link rel=\"canonical\" href=\"https:\/\/positiveprints.com\/es\/producto\/collage-fotografico-de-graduacion\/\" \/>\n<meta property=\"og:locale\" content=\"es_ES\" \/>\n<meta property=\"og:type\" content=\"article\" \/>\n<meta property=\"og:title\" content=\"Collage fotogr\u00e1fico de graduaci\u00f3n\" \/>\n<meta property=\"og:description\" content=\"Sube tus fotos favoritas y personaliza cada letra A\u00f1ade un mensaje personalizado para que tu dise\u00f1o sea \u00fanico y especial Usa nuestro editor para personalizar tu dise\u00f1o en apenas tres pasos Elige una plantilla o pon manos a la obra Visualiza tu dise\u00f1o de forma r\u00e1pida usando la vista previa interactiva\" \/>\n<meta property=\"og:url\" content=\"https:\/\/positiveprints.com\/es\/producto\/collage-fotografico-de-graduacion\/\" \/>\n<meta property=\"og:site_name\" content=\"Positive Prints\" \/>\n<meta property=\"article:publisher\" content=\"https:\/\/www.facebook.com\/positiveprintscom\" \/>\n<meta property=\"article:modified_time\" content=\"2026-04-03T02:18:09+00:00\" \/>\n<meta property=\"og:image\" content=\"https:\/\/positiveprints.com\/wp-content\/uploads\/2025\/04\/Collage-fotogra\u0301fico-de-graduacio\u0301n-1.webp\" \/>\n\t<meta property=\"og:image:width\" content=\"1450\" \/>\n\t<meta property=\"og:image:height\" content=\"1450\" \/>\n\t<meta property=\"og:image:type\" content=\"image\/webp\" \/>\n<meta name=\"twitter:card\" content=\"summary_large_image\" \/>\n<meta name=\"twitter:label1\" content=\"Tiempo de lectura\" \/>\n\t<meta name=\"twitter:data1\" content=\"2 minutos\" \/>\n<!-- \/ Yoast SEO Premium plugin. -->","yoast_head_json":{"title":"Collage fotogr\u00e1fico de graduaci\u00f3n - Positive Prints","description":"\u00a1Conmemora este logro tan importante con un regalo de graduaci\u00f3n lleno de significado! Crea un collage de letras personalizado con fotos que recogen los momentos m\u00e1s inolvidables.","robots":{"index":"index","follow":"follow","max-snippet":"max-snippet:-1","max-image-preview":"max-image-preview:large","max-video-preview":"max-video-preview:-1"},"canonical":"https:\/\/positiveprints.com\/es\/producto\/collage-fotografico-de-graduacion\/","og_locale":"es_ES","og_type":"article","og_title":"Collage fotogr\u00e1fico de graduaci\u00f3n","og_description":"Sube tus fotos favoritas y personaliza cada letra A\u00f1ade un mensaje personalizado para que tu dise\u00f1o sea \u00fanico y especial Usa nuestro editor para personalizar tu dise\u00f1o en apenas tres pasos Elige una plantilla o pon manos a la obra Visualiza tu dise\u00f1o de forma r\u00e1pida usando la vista previa interactiva","og_url":"https:\/\/positiveprints.com\/es\/producto\/collage-fotografico-de-graduacion\/","og_site_name":"Positive Prints","article_publisher":"https:\/\/www.facebook.com\/positiveprintscom","article_modified_time":"2026-04-03T02:18:09+00:00","og_image":[{"width":1450,"height":1450,"url":"https:\/\/positiveprints.com\/wp-content\/uploads\/2025\/04\/Collage-fotogra\u0301fico-de-graduacio\u0301n-1.webp","type":"image\/webp"}],"twitter_card":"summary_large_image","twitter_misc":{"Tiempo de lectura":"2 minutos"},"schema":{"@context":"https:\/\/schema.org","@graph":[{"@type":["WebPage","ItemPage"],"@id":"https:\/\/positiveprints.com\/es\/producto\/collage-fotografico-de-graduacion\/","url":"https:\/\/positiveprints.com\/es\/producto\/collage-fotografico-de-graduacion\/","name":"Collage fotogr\u00e1fico de graduaci\u00f3n - Positive Prints","isPartOf":{"@id":"https:\/\/positiveprints.com\/es\/#website"},"primaryImageOfPage":{"@id":"https:\/\/positiveprints.com\/es\/producto\/collage-fotografico-de-graduacion\/#primaryimage"},"image":{"@id":"https:\/\/positiveprints.com\/es\/producto\/collage-fotografico-de-graduacion\/#primaryimage"},"thumbnailUrl":"https:\/\/positiveprints.com\/wp-content\/uploads\/2025\/02\/Collage-fotogra\u0301fico-de-graduacio\u0301n-1.webp","datePublished":"2023-04-17T20:58:34+00:00","dateModified":"2026-04-03T02:18:09+00:00","description":"\u00a1Conmemora este logro tan importante con un regalo de graduaci\u00f3n lleno de significado! Crea un collage de letras personalizado con fotos que recogen los momentos m\u00e1s inolvidables.","breadcrumb":{"@id":"https:\/\/positiveprints.com\/es\/producto\/collage-fotografico-de-graduacion\/#breadcrumb"},"inLanguage":"es","potentialAction":[{"@type":"ReadAction","target":["https:\/\/positiveprints.com\/es\/producto\/collage-fotografico-de-graduacion\/"]}]},{"@type":"ImageObject","inLanguage":"es","@id":"https:\/\/positiveprints.com\/es\/producto\/collage-fotografico-de-graduacion\/#primaryimage","url":"https:\/\/positiveprints.com\/wp-content\/uploads\/2025\/02\/Collage-fotogra\u0301fico-de-graduacio\u0301n-1.webp","contentUrl":"https:\/\/positiveprints.com\/wp-content\/uploads\/2025\/02\/Collage-fotogra\u0301fico-de-graduacio\u0301n-1.webp","width":1450,"height":1450,"caption":"Collage fotogra\u0301fico de graduacio\u0301n 1"},{"@type":"BreadcrumbList","@id":"https:\/\/positiveprints.com\/es\/producto\/collage-fotografico-de-graduacion\/#breadcrumb","itemListElement":[{"@type":"ListItem","position":1,"name":"CASA","item":"https:\/\/positiveprints.com\/es\/"},{"@type":"ListItem","position":2,"name":"Productos","item":"https:\/\/positiveprints.com\/es\/shop\/"},{"@type":"ListItem","position":3,"name":"Collage fotogr\u00e1fico de graduaci\u00f3n"}]},{"@type":"WebSite","@id":"https:\/\/positiveprints.com\/es\/#website","url":"https:\/\/positiveprints.com\/es\/","name":"Positive Prints","description":"Custom Gifts for Special Occasions","publisher":{"@id":"https:\/\/positiveprints.com\/es\/#organization"},"potentialAction":[{"@type":"SearchAction","target":{"@type":"EntryPoint","urlTemplate":"https:\/\/positiveprints.com\/es\/?s={search_term_string}"},"query-input":{"@type":"PropertyValueSpecification","valueRequired":true,"valueName":"search_term_string"}}],"inLanguage":"es"},{"@type":"Organization","@id":"https:\/\/positiveprints.com\/es\/#organization","name":"Positive Prints","alternateName":"Positive Prints","url":"https:\/\/positiveprints.com\/es\/","logo":{"@type":"ImageObject","inLanguage":"es","@id":"https:\/\/positiveprints.com\/es\/#\/schema\/logo\/image\/","url":"https:\/\/positiveprints.com\/wp-content\/uploads\/2026\/03\/245815646_1337939713319158_5671353136411139666_n.png","contentUrl":"https:\/\/positiveprints.com\/wp-content\/uploads\/2026\/03\/245815646_1337939713319158_5671353136411139666_n.png","width":800,"height":800,"caption":"Positive Prints"},"image":{"@id":"https:\/\/positiveprints.com\/es\/#\/schema\/logo\/image\/"},"sameAs":["https:\/\/www.facebook.com\/positiveprintscom","https:\/\/www.instagram.com\/positiveprintscom\/","https:\/\/www.tiktok.com\/@positiveprintscom","https:\/\/www.pinterest.com\/positiveprintscom\/"]}]}},"jetpack_sharing_enabled":true,"_links":{"self":[{"href":"https:\/\/positiveprints.com\/es\/wp-json\/wp\/v2\/product\/469421","targetHints":{"allow":["GET"]}}],"collection":[{"href":"https:\/\/positiveprints.com\/es\/wp-json\/wp\/v2\/product"}],"about":[{"href":"https:\/\/positiveprints.com\/es\/wp-json\/wp\/v2\/types\/product"}],"wp:featuredmedia":[{"embeddable":true,"href":"https:\/\/positiveprints.com\/es\/wp-json\/wp\/v2\/media\/1348516"}],"wp:attachment":[{"href":"https:\/\/positiveprints.com\/es\/wp-json\/wp\/v2\/media?parent=469421"}],"wp:term":[{"taxonomy":"product_brand","embeddable":true,"href":"https:\/\/positiveprints.com\/es\/wp-json\/wp\/v2\/product_brand?post=469421"},{"taxonomy":"product_cat","embeddable":true,"href":"https:\/\/positiveprints.com\/es\/wp-json\/wp\/v2\/product_cat?post=469421"},{"taxonomy":"product_tag","embeddable":true,"href":"https:\/\/positiveprints.com\/es\/wp-json\/wp\/v2\/product_tag?post=469421"}],"curies":[{"name":"wp","href":"https:\/\/api.w.org\/{rel}","templated":true}]}}