{"id":469401,"date":"2023-04-17T21:51:54","date_gmt":"2023-04-17T20:51:54","guid":{"rendered":"https:\/\/positiveprints.com\/?post_type=product&#038;p=469401"},"modified":"2026-04-12T22:28:39","modified_gmt":"2026-04-12T21:28:39","slug":"collage-fotografico-de-letras-para-el-abuelo","status":"publish","type":"product","link":"https:\/\/positiveprints.com\/es\/producto\/collage-fotografico-de-letras-para-el-abuelo\/","title":{"rendered":"Collage de letras para el abuelo"},"content":{"rendered":"<p style=\"margin-top: 1rem;\">No hay nada como el v\u00ednculo especial que comparten un abuelo y sus nietos. Celebra esta relaci\u00f3n con el collage fotogr\u00e1fico de letras para el abuelo de Positive Prints: un regalo personalizado que tu abuelo podr\u00e1 atesorar para siempre. Usa tus fotos favoritas y col\u00f3calas en cada una de las letras de la palabra \u201cabuelo\u201d, o si lo prefieres, puedes personalizar la palabra para que diga el nombre o el apodo de tu abuelo, como \u201cabue\u201d o incluso \u201cpap\u00e1\u201d.<\/p>\r\n<p style=\"margin-top: 1rem;\">Crear tu propio collage fotogr\u00e1fico de letras para el abuelo es muy f\u00e1cil. Solo dir\u00edgete a nuestro editor en l\u00ednea y sube tus fotos favoritas en cada una de las letras de la palabra que elijas. Tambi\u00e9n puedes seleccionar el formato de impresi\u00f3n: impr\u00edmelo como p\u00f3ster, lienzo o una impresi\u00f3n enmarcada. Incluso podr\u00e1s descargarlo como archivo digital para que puedas imprimirlo de manera local.<\/p>\r\n<p style=\"margin-top: 1rem;\">Positive Prints usa los materiales y la tecnolog\u00eda de impresi\u00f3n de la m\u00e1s alta calidad para que tu collage fotogr\u00e1fico de letras para el abuelo se vea incre\u00edblemente profesional. Es el regalo perfecto para cualquier ocasi\u00f3n, ya sea un cumplea\u00f1os, Navidad o solo porque quieres mostrarle a tu abuelo lo mucho que te importa.<\/p>\r\n<p style=\"margin-top: 1rem;\">Entonces, \u00bfpor qu\u00e9 no darle a tu abuelo un regalo que pueda atesorar toda la vida? Nuestro collage fotogr\u00e1fico de letras para el abuelo es una forma especial y personalizada de expresar cu\u00e1nto lo amas y lo aprecias, y de mostrarle cu\u00e1nto ha significado para ti a lo largo de los a\u00f1os. Con Positive Prints, \u00a1crear un collage fotogr\u00e1fico de letras para el abuelo nunca antes hab\u00eda sido tan f\u00e1cil!<\/p>","protected":false},"excerpt":{"rendered":"<ul class=\"check-list\">\n<li>A\u00f1ade un mensaje personalizado para que\u00a0tu dise\u00f1o sea \u00fanico y especial<\/li>\n<li>Usa nuestro editor para personalizar tu dise\u00f1o en apenas tres pasos<\/li>\n<li>Elige una plantilla o deja volar tu imaginaci\u00f3n y crea tu propio dise\u00f1o <\/li>\n<li>Visualiza tu dise\u00f1o de forma r\u00e1pida usando la vista previa interactiva<\/li>\n<\/ul>\n","protected":false},"featured_media":1670524,"template":"","meta":[],"product_brand":[],"product_cat":[9280,5270,11454,7613,9124,106],"product_tag":[8672,15670,12630,15684,11823],"class_list":{"0":"post-469401","1":"product","2":"type-product","3":"status-publish","4":"has-post-thumbnail","6":"product_cat-bestsellers-label-es","7":"product_cat-regalos-de-navidad","8":"product_cat-regalos-de-navidad-para-abuelo","9":"product_cat-regalos-para-el-abuelo","10":"product_cat-photo-letter-es","11":"product_cat-todos-los-productos","12":"product_tag-grandpa-es","13":"product_tag-regalo-de-cumpleanos-para-el-abuelo","14":"product_tag-regalo-para-abuelo","15":"product_tag-regalo-para-el-abuelo","16":"product_tag-regalos-de-navidad-para-abuelo","18":"first","19":"instock","20":"sale","21":"taxable","22":"shipping-taxable","23":"purchasable","24":"product-type-variable"},"yoast_head":"<!-- This site is optimized with the Yoast SEO Premium plugin v27.2 (Yoast SEO v27.2) - https:\/\/yoast.com\/product\/yoast-seo-premium-wordpress\/ -->\n<title>Collage de letras para el abuelo - Positive Prints<\/title>\n<meta name=\"description\" content=\"\u00a1Demuestra a tu abuelo cu\u00e1nto le quieres con un regalo pensado desde el coraz\u00f3n! Dise\u00f1a un collage fotogr\u00e1fico de letras repleto de momentos inolvidables.\" \/>\n<meta name=\"robots\" content=\"index, follow, max-snippet:-1, max-image-preview:large, max-video-preview:-1\" \/>\n<link rel=\"canonical\" href=\"https:\/\/positiveprints.com\/es\/producto\/collage-fotografico-de-letras-para-el-abuelo\/\" \/>\n<meta property=\"og:locale\" content=\"es_ES\" \/>\n<meta property=\"og:type\" content=\"article\" \/>\n<meta property=\"og:title\" content=\"Collage de letras para el abuelo\" \/>\n<meta property=\"og:description\" content=\"A\u00f1ade un mensaje personalizado para que\u00a0tu dise\u00f1o sea \u00fanico y especial      Usa nuestro editor para personalizar tu dise\u00f1o en apenas tres pasos      Elige una plantilla o deja volar tu imaginaci\u00f3n y crea tu propio dise\u00f1o      Visualiza tu dise\u00f1o de forma r\u00e1pida usando la vista previa interactiva\" \/>\n<meta property=\"og:url\" content=\"https:\/\/positiveprints.com\/es\/producto\/collage-fotografico-de-letras-para-el-abuelo\/\" \/>\n<meta property=\"og:site_name\" content=\"Positive Prints\" \/>\n<meta property=\"article:publisher\" content=\"https:\/\/www.facebook.com\/positiveprintscom\" \/>\n<meta property=\"article:modified_time\" content=\"2026-04-12T21:28:39+00:00\" \/>\n<meta property=\"og:image\" content=\"https:\/\/positiveprints.com\/wp-content\/uploads\/2025\/03\/Packshot_ES_abuelo.webp\" \/>\n\t<meta property=\"og:image:width\" content=\"1450\" \/>\n\t<meta property=\"og:image:height\" content=\"1450\" \/>\n\t<meta property=\"og:image:type\" content=\"image\/webp\" \/>\n<meta name=\"twitter:card\" content=\"summary_large_image\" \/>\n<meta name=\"twitter:label1\" content=\"Tiempo de lectura\" \/>\n\t<meta name=\"twitter:data1\" content=\"2 minutos\" \/>\n<!-- \/ Yoast SEO Premium plugin. -->","yoast_head_json":{"title":"Collage de letras para el abuelo - Positive Prints","description":"\u00a1Demuestra a tu abuelo cu\u00e1nto le quieres con un regalo pensado desde el coraz\u00f3n! Dise\u00f1a un collage fotogr\u00e1fico de letras repleto de momentos inolvidables.","robots":{"index":"index","follow":"follow","max-snippet":"max-snippet:-1","max-image-preview":"max-image-preview:large","max-video-preview":"max-video-preview:-1"},"canonical":"https:\/\/positiveprints.com\/es\/producto\/collage-fotografico-de-letras-para-el-abuelo\/","og_locale":"es_ES","og_type":"article","og_title":"Collage de letras para el abuelo","og_description":"A\u00f1ade un mensaje personalizado para que\u00a0tu dise\u00f1o sea \u00fanico y especial      Usa nuestro editor para personalizar tu dise\u00f1o en apenas tres pasos      Elige una plantilla o deja volar tu imaginaci\u00f3n y crea tu propio dise\u00f1o      Visualiza tu dise\u00f1o de forma r\u00e1pida usando la vista previa interactiva","og_url":"https:\/\/positiveprints.com\/es\/producto\/collage-fotografico-de-letras-para-el-abuelo\/","og_site_name":"Positive Prints","article_publisher":"https:\/\/www.facebook.com\/positiveprintscom","article_modified_time":"2026-04-12T21:28:39+00:00","og_image":[{"width":1450,"height":1450,"url":"https:\/\/positiveprints.com\/wp-content\/uploads\/2025\/03\/Packshot_ES_abuelo.webp","type":"image\/webp"}],"twitter_card":"summary_large_image","twitter_misc":{"Tiempo de lectura":"2 minutos"},"schema":{"@context":"https:\/\/schema.org","@graph":[{"@type":["WebPage","ItemPage"],"@id":"https:\/\/positiveprints.com\/es\/producto\/collage-fotografico-de-letras-para-el-abuelo\/","url":"https:\/\/positiveprints.com\/es\/producto\/collage-fotografico-de-letras-para-el-abuelo\/","name":"Collage de letras para el abuelo - Positive Prints","isPartOf":{"@id":"https:\/\/positiveprints.com\/es\/#website"},"primaryImageOfPage":{"@id":"https:\/\/positiveprints.com\/es\/producto\/collage-fotografico-de-letras-para-el-abuelo\/#primaryimage"},"image":{"@id":"https:\/\/positiveprints.com\/es\/producto\/collage-fotografico-de-letras-para-el-abuelo\/#primaryimage"},"thumbnailUrl":"https:\/\/positiveprints.com\/wp-content\/uploads\/2026\/03\/abuelo_ES.webp","datePublished":"2023-04-17T20:51:54+00:00","dateModified":"2026-04-12T21:28:39+00:00","description":"\u00a1Demuestra a tu abuelo cu\u00e1nto le quieres con un regalo pensado desde el coraz\u00f3n! Dise\u00f1a un collage fotogr\u00e1fico de letras repleto de momentos inolvidables.","breadcrumb":{"@id":"https:\/\/positiveprints.com\/es\/producto\/collage-fotografico-de-letras-para-el-abuelo\/#breadcrumb"},"inLanguage":"es","potentialAction":[{"@type":"ReadAction","target":["https:\/\/positiveprints.com\/es\/producto\/collage-fotografico-de-letras-para-el-abuelo\/"]}]},{"@type":"ImageObject","inLanguage":"es","@id":"https:\/\/positiveprints.com\/es\/producto\/collage-fotografico-de-letras-para-el-abuelo\/#primaryimage","url":"https:\/\/positiveprints.com\/wp-content\/uploads\/2026\/03\/abuelo_ES.webp","contentUrl":"https:\/\/positiveprints.com\/wp-content\/uploads\/2026\/03\/abuelo_ES.webp","width":1450,"height":1450},{"@type":"BreadcrumbList","@id":"https:\/\/positiveprints.com\/es\/producto\/collage-fotografico-de-letras-para-el-abuelo\/#breadcrumb","itemListElement":[{"@type":"ListItem","position":1,"name":"CASA","item":"https:\/\/positiveprints.com\/es\/"},{"@type":"ListItem","position":2,"name":"Productos","item":"https:\/\/positiveprints.com\/es\/shop\/"},{"@type":"ListItem","position":3,"name":"Collage de letras para el abuelo"}]},{"@type":"WebSite","@id":"https:\/\/positiveprints.com\/es\/#website","url":"https:\/\/positiveprints.com\/es\/","name":"Positive Prints","description":"Custom Gifts for Special Occasions","publisher":{"@id":"https:\/\/positiveprints.com\/es\/#organization"},"potentialAction":[{"@type":"SearchAction","target":{"@type":"EntryPoint","urlTemplate":"https:\/\/positiveprints.com\/es\/?s={search_term_string}"},"query-input":{"@type":"PropertyValueSpecification","valueRequired":true,"valueName":"search_term_string"}}],"inLanguage":"es"},{"@type":"Organization","@id":"https:\/\/positiveprints.com\/es\/#organization","name":"Positive Prints","alternateName":"Positive Prints","url":"https:\/\/positiveprints.com\/es\/","logo":{"@type":"ImageObject","inLanguage":"es","@id":"https:\/\/positiveprints.com\/es\/#\/schema\/logo\/image\/","url":"https:\/\/positiveprints.com\/wp-content\/uploads\/2026\/03\/245815646_1337939713319158_5671353136411139666_n.png","contentUrl":"https:\/\/positiveprints.com\/wp-content\/uploads\/2026\/03\/245815646_1337939713319158_5671353136411139666_n.png","width":800,"height":800,"caption":"Positive Prints"},"image":{"@id":"https:\/\/positiveprints.com\/es\/#\/schema\/logo\/image\/"},"sameAs":["https:\/\/www.facebook.com\/positiveprintscom","https:\/\/www.instagram.com\/positiveprintscom\/","https:\/\/www.tiktok.com\/@positiveprintscom","https:\/\/www.pinterest.com\/positiveprintscom\/"]}]}},"jetpack_sharing_enabled":true,"_links":{"self":[{"href":"https:\/\/positiveprints.com\/es\/wp-json\/wp\/v2\/product\/469401","targetHints":{"allow":["GET"]}}],"collection":[{"href":"https:\/\/positiveprints.com\/es\/wp-json\/wp\/v2\/product"}],"about":[{"href":"https:\/\/positiveprints.com\/es\/wp-json\/wp\/v2\/types\/product"}],"wp:featuredmedia":[{"embeddable":true,"href":"https:\/\/positiveprints.com\/es\/wp-json\/wp\/v2\/media\/1670524"}],"wp:attachment":[{"href":"https:\/\/positiveprints.com\/es\/wp-json\/wp\/v2\/media?parent=469401"}],"wp:term":[{"taxonomy":"product_brand","embeddable":true,"href":"https:\/\/positiveprints.com\/es\/wp-json\/wp\/v2\/product_brand?post=469401"},{"taxonomy":"product_cat","embeddable":true,"href":"https:\/\/positiveprints.com\/es\/wp-json\/wp\/v2\/product_cat?post=469401"},{"taxonomy":"product_tag","embeddable":true,"href":"https:\/\/positiveprints.com\/es\/wp-json\/wp\/v2\/product_tag?post=469401"}],"curies":[{"name":"wp","href":"https:\/\/api.w.org\/{rel}","templated":true}]}}