{"id":469380,"date":"2023-04-17T21:35:09","date_gmt":"2023-04-17T20:35:09","guid":{"rendered":"https:\/\/positiveprints.com\/?post_type=product&#038;p=469380"},"modified":"2026-04-03T03:18:29","modified_gmt":"2026-04-03T02:18:29","slug":"collage-fotografico-de-letras-para-papa","status":"publish","type":"product","link":"https:\/\/positiveprints.com\/es\/producto\/collage-fotografico-de-letras-para-papa\/","title":{"rendered":"Collage fotogr\u00e1fico de letras para pap\u00e1"},"content":{"rendered":"<p style=\"margin-top: 1rem\">Con el collage fotogr\u00e1fico de letras para pap\u00e1 de Positive Prints, \u00a1celebrar a los padres y el amor que le tienen a sus hijos nunca hab\u00eda sido tan f\u00e1cil! Este regalo personalizado sin duda tocar\u00e1 el coraz\u00f3n de tu pap\u00e1 de forma \u00fanica y conmovedora. Puedes crear un collage fotogr\u00e1fico poniendo tus fotos favoritas en la palabra \u201cpap\u00e1\u201d, o si lo prefieres, puedes personalizar la palabra para que diga el nombre de tu padre o su apodo, como \u201cpapi\u201d o \u201cpadre\u201d.<\/p>\r\n\r\n\r\n<p style=\"margin-top: 1rem\">Para crear tu propio collage fotogr\u00e1fico de letras para pap\u00e1, dir\u00edgete a nuestro editor en l\u00ednea y sube tus fotos favoritas. Cada letra de la palabra que elijas se formar\u00e1 con las fotograf\u00edas que pongas en el editor, permiti\u00e9ndote crear una obra de arte \u00fanica. Por \u00faltimo, podr\u00e1s elegir el formato de impresi\u00f3n: impr\u00edmelo como p\u00f3ster, lienzo o una impresi\u00f3n enmarcada. Incluso podr\u00e1s descargarlo como archivo digital para que puedas imprimirlo de manera local.<\/p>\r\n\r\n\r\n<p style=\"margin-top: 1rem\">Sin duda, con los materiales y la tecnolog\u00eda de impresi\u00f3n de alta calidad de Positive Prints, recibir\u00e1s un producto final que se ver\u00e1 incre\u00edblemente profesional. Es un regalo que lo har\u00e1 sonre\u00edr, y servir\u00e1 como un hermoso recordatorio de todos los maravillosos momentos que han compartido juntos.<\/p>\r\n\r\n\r\n<p style=\"margin-top: 1rem\">Ya sea que est\u00e9s buscando un regalo para el d\u00eda del padre, su cumplea\u00f1os o cualquier otra ocasi\u00f3n, el collage fotogr\u00e1fico de letras para pap\u00e1 es ideal para demostrarle a tu padre cu\u00e1nto significa para ti. Es un regalo que atesorar\u00e1 de por vida y le recordar\u00e1 cu\u00e1n incre\u00edble padre es. Con Positive Prints, \u00a1crear un collage fotogr\u00e1fico de letras para pap\u00e1 nunca antes hab\u00eda sido tan f\u00e1cil!<\/p>","protected":false},"excerpt":{"rendered":"<ul class=\"check-list\">\n<li>A\u00f1ade un mensaje personalizado para que\u00a0tu dise\u00f1o sea \u00fanico y especial<\/li>\n<li>Usa nuestro editor para personalizar tu dise\u00f1o en apenas tres pasos<\/li>\n<li>Elige una plantilla o deja volar tu imaginaci\u00f3n y crea tu propio dise\u00f1o <\/li>\n<li>Visualiza tu dise\u00f1o de forma r\u00e1pida usando la vista previa interactiva<\/li>\n<\/ul>\n","protected":false},"featured_media":1278903,"template":"","meta":[],"product_brand":[],"product_cat":[9124,106],"product_tag":[8559],"class_list":{"0":"post-469380","1":"product","2":"type-product","3":"status-publish","4":"has-post-thumbnail","6":"product_cat-photo-letter-es","7":"product_cat-todos-los-productos","8":"product_tag-father-es","10":"first","11":"instock","12":"sale","13":"taxable","14":"shipping-taxable","15":"purchasable","16":"product-type-variable"},"yoast_head":"<!-- This site is optimized with the Yoast SEO Premium plugin v27.2 (Yoast SEO v27.2) - https:\/\/yoast.com\/product\/yoast-seo-premium-wordpress\/ -->\n<title>Collage fotogr\u00e1fico de letras para pap\u00e1 - Positive Prints<\/title>\n<meta name=\"description\" content=\"Si buscas un regalo para el d\u00eda del padre, para su cumplea\u00f1os o cualquier otra ocasi\u00f3n especial, el collage fotogr\u00e1fico de letras es ideal para demostrarle cu\u00e1nto le quieres.\" \/>\n<meta name=\"robots\" content=\"index, follow, max-snippet:-1, max-image-preview:large, max-video-preview:-1\" \/>\n<link rel=\"canonical\" href=\"https:\/\/positiveprints.com\/es\/producto\/collage-fotografico-de-letras-para-papa\/\" \/>\n<meta property=\"og:locale\" content=\"es_ES\" \/>\n<meta property=\"og:type\" content=\"article\" \/>\n<meta property=\"og:title\" content=\"Collage fotogr\u00e1fico de letras para pap\u00e1\" \/>\n<meta property=\"og:description\" content=\"A\u00f1ade un mensaje personalizado para que\u00a0tu dise\u00f1o sea \u00fanico y especial Usa nuestro editor para personalizar tu dise\u00f1o en apenas tres pasos Elige una plantilla o deja volar tu imaginaci\u00f3n y crea tu propio dise\u00f1o  Visualiza tu dise\u00f1o de forma r\u00e1pida usando la vista previa interactiva\" \/>\n<meta property=\"og:url\" content=\"https:\/\/positiveprints.com\/es\/producto\/collage-fotografico-de-letras-para-papa\/\" \/>\n<meta property=\"og:site_name\" content=\"Positive Prints\" \/>\n<meta property=\"article:publisher\" content=\"https:\/\/www.facebook.com\/positiveprintscom\" \/>\n<meta property=\"article:modified_time\" content=\"2026-04-03T02:18:29+00:00\" \/>\n<meta property=\"og:image\" content=\"https:\/\/positiveprints.com\/wp-content\/uploads\/2024\/11\/Packshot_ES_Dad-Letter-Photo-Collage-product-image-.webp\" \/>\n\t<meta property=\"og:image:width\" content=\"1450\" \/>\n\t<meta property=\"og:image:height\" content=\"1450\" \/>\n\t<meta property=\"og:image:type\" content=\"image\/webp\" \/>\n<meta name=\"twitter:card\" content=\"summary_large_image\" \/>\n<meta name=\"twitter:label1\" content=\"Tiempo de lectura\" \/>\n\t<meta name=\"twitter:data1\" content=\"2 minutos\" \/>\n<!-- \/ Yoast SEO Premium plugin. -->","yoast_head_json":{"title":"Collage fotogr\u00e1fico de letras para pap\u00e1 - Positive Prints","description":"Si buscas un regalo para el d\u00eda del padre, para su cumplea\u00f1os o cualquier otra ocasi\u00f3n especial, el collage fotogr\u00e1fico de letras es ideal para demostrarle cu\u00e1nto le quieres.","robots":{"index":"index","follow":"follow","max-snippet":"max-snippet:-1","max-image-preview":"max-image-preview:large","max-video-preview":"max-video-preview:-1"},"canonical":"https:\/\/positiveprints.com\/es\/producto\/collage-fotografico-de-letras-para-papa\/","og_locale":"es_ES","og_type":"article","og_title":"Collage fotogr\u00e1fico de letras para pap\u00e1","og_description":"A\u00f1ade un mensaje personalizado para que\u00a0tu dise\u00f1o sea \u00fanico y especial Usa nuestro editor para personalizar tu dise\u00f1o en apenas tres pasos Elige una plantilla o deja volar tu imaginaci\u00f3n y crea tu propio dise\u00f1o  Visualiza tu dise\u00f1o de forma r\u00e1pida usando la vista previa interactiva","og_url":"https:\/\/positiveprints.com\/es\/producto\/collage-fotografico-de-letras-para-papa\/","og_site_name":"Positive Prints","article_publisher":"https:\/\/www.facebook.com\/positiveprintscom","article_modified_time":"2026-04-03T02:18:29+00:00","og_image":[{"width":1450,"height":1450,"url":"https:\/\/positiveprints.com\/wp-content\/uploads\/2024\/11\/Packshot_ES_Dad-Letter-Photo-Collage-product-image-.webp","type":"image\/webp"}],"twitter_card":"summary_large_image","twitter_misc":{"Tiempo de lectura":"2 minutos"},"schema":{"@context":"https:\/\/schema.org","@graph":[{"@type":["WebPage","ItemPage"],"@id":"https:\/\/positiveprints.com\/es\/producto\/collage-fotografico-de-letras-para-papa\/","url":"https:\/\/positiveprints.com\/es\/producto\/collage-fotografico-de-letras-para-papa\/","name":"Collage fotogr\u00e1fico de letras para pap\u00e1 - Positive Prints","isPartOf":{"@id":"https:\/\/positiveprints.com\/es\/#website"},"primaryImageOfPage":{"@id":"https:\/\/positiveprints.com\/es\/producto\/collage-fotografico-de-letras-para-papa\/#primaryimage"},"image":{"@id":"https:\/\/positiveprints.com\/es\/producto\/collage-fotografico-de-letras-para-papa\/#primaryimage"},"thumbnailUrl":"https:\/\/positiveprints.com\/wp-content\/uploads\/2024\/11\/Packshot_ES_Dad-Letter-Photo-Collage-product-image-.webp","datePublished":"2023-04-17T20:35:09+00:00","dateModified":"2026-04-03T02:18:29+00:00","description":"Si buscas un regalo para el d\u00eda del padre, para su cumplea\u00f1os o cualquier otra ocasi\u00f3n especial, el collage fotogr\u00e1fico de letras es ideal para demostrarle cu\u00e1nto le quieres.","breadcrumb":{"@id":"https:\/\/positiveprints.com\/es\/producto\/collage-fotografico-de-letras-para-papa\/#breadcrumb"},"inLanguage":"es","potentialAction":[{"@type":"ReadAction","target":["https:\/\/positiveprints.com\/es\/producto\/collage-fotografico-de-letras-para-papa\/"]}]},{"@type":"ImageObject","inLanguage":"es","@id":"https:\/\/positiveprints.com\/es\/producto\/collage-fotografico-de-letras-para-papa\/#primaryimage","url":"https:\/\/positiveprints.com\/wp-content\/uploads\/2024\/11\/Packshot_ES_Dad-Letter-Photo-Collage-product-image-.webp","contentUrl":"https:\/\/positiveprints.com\/wp-content\/uploads\/2024\/11\/Packshot_ES_Dad-Letter-Photo-Collage-product-image-.webp","width":1450,"height":1450},{"@type":"BreadcrumbList","@id":"https:\/\/positiveprints.com\/es\/producto\/collage-fotografico-de-letras-para-papa\/#breadcrumb","itemListElement":[{"@type":"ListItem","position":1,"name":"CASA","item":"https:\/\/positiveprints.com\/es\/"},{"@type":"ListItem","position":2,"name":"Productos","item":"https:\/\/positiveprints.com\/es\/shop\/"},{"@type":"ListItem","position":3,"name":"Collage fotogr\u00e1fico de letras para pap\u00e1"}]},{"@type":"WebSite","@id":"https:\/\/positiveprints.com\/es\/#website","url":"https:\/\/positiveprints.com\/es\/","name":"Positive Prints","description":"Custom Gifts for Special Occasions","publisher":{"@id":"https:\/\/positiveprints.com\/es\/#organization"},"potentialAction":[{"@type":"SearchAction","target":{"@type":"EntryPoint","urlTemplate":"https:\/\/positiveprints.com\/es\/?s={search_term_string}"},"query-input":{"@type":"PropertyValueSpecification","valueRequired":true,"valueName":"search_term_string"}}],"inLanguage":"es"},{"@type":"Organization","@id":"https:\/\/positiveprints.com\/es\/#organization","name":"Positive Prints","alternateName":"Positive Prints","url":"https:\/\/positiveprints.com\/es\/","logo":{"@type":"ImageObject","inLanguage":"es","@id":"https:\/\/positiveprints.com\/es\/#\/schema\/logo\/image\/","url":"https:\/\/positiveprints.com\/wp-content\/uploads\/2026\/03\/245815646_1337939713319158_5671353136411139666_n.png","contentUrl":"https:\/\/positiveprints.com\/wp-content\/uploads\/2026\/03\/245815646_1337939713319158_5671353136411139666_n.png","width":800,"height":800,"caption":"Positive Prints"},"image":{"@id":"https:\/\/positiveprints.com\/es\/#\/schema\/logo\/image\/"},"sameAs":["https:\/\/www.facebook.com\/positiveprintscom","https:\/\/www.instagram.com\/positiveprintscom\/","https:\/\/www.tiktok.com\/@positiveprintscom","https:\/\/www.pinterest.com\/positiveprintscom\/"]}]}},"jetpack_sharing_enabled":true,"_links":{"self":[{"href":"https:\/\/positiveprints.com\/es\/wp-json\/wp\/v2\/product\/469380","targetHints":{"allow":["GET"]}}],"collection":[{"href":"https:\/\/positiveprints.com\/es\/wp-json\/wp\/v2\/product"}],"about":[{"href":"https:\/\/positiveprints.com\/es\/wp-json\/wp\/v2\/types\/product"}],"wp:featuredmedia":[{"embeddable":true,"href":"https:\/\/positiveprints.com\/es\/wp-json\/wp\/v2\/media\/1278903"}],"wp:attachment":[{"href":"https:\/\/positiveprints.com\/es\/wp-json\/wp\/v2\/media?parent=469380"}],"wp:term":[{"taxonomy":"product_brand","embeddable":true,"href":"https:\/\/positiveprints.com\/es\/wp-json\/wp\/v2\/product_brand?post=469380"},{"taxonomy":"product_cat","embeddable":true,"href":"https:\/\/positiveprints.com\/es\/wp-json\/wp\/v2\/product_cat?post=469380"},{"taxonomy":"product_tag","embeddable":true,"href":"https:\/\/positiveprints.com\/es\/wp-json\/wp\/v2\/product_tag?post=469380"}],"curies":[{"name":"wp","href":"https:\/\/api.w.org\/{rel}","templated":true}]}}