{"id":469377,"date":"2023-04-13T13:48:42","date_gmt":"2023-04-13T12:48:42","guid":{"rendered":"https:\/\/positiveprints.com\/?post_type=product&#038;p=469377"},"modified":"2026-04-12T22:30:09","modified_gmt":"2026-04-12T21:30:09","slug":"collage-fotografico-de-letras-para-la-abuela","status":"publish","type":"product","link":"https:\/\/positiveprints.com\/es\/producto\/collage-fotografico-de-letras-para-la-abuela\/","title":{"rendered":"Collage de letras para la abuela"},"content":{"rendered":"<p style=\"margin-top: 1rem;\">\u00a1Celebra el v\u00ednculo especial entre abuelas y nietos con el collage fotogr\u00e1fico de letras para la abuela con Positive Prints! Este regalo personalizado te permite crear un hermoso collage con tus fotos favoritas en forma de la palabra \u201cabuela\u201d. O si lo prefieres, puedes elegir la palabra que quieras para que coincida con el nombre o el apodo favorito de tu abuela, como \u201cabue\u201d o incluso \u201cmam\u00e1\u201d.<\/p>\r\n<p style=\"margin-top: 1rem;\">Para crear tu propio collage fotogr\u00e1fico de letras para la abuela, dir\u00edgete a nuestro editor en l\u00ednea y sube tus fotos favoritas. Cada letra de la palabra que elijas se formar\u00e1 con las fotograf\u00edas que pongas en el editor, permiti\u00e9ndote crear un detalle \u00fanico y personalizado para tu ser querido. Por \u00faltimo, podr\u00e1s elegir el formato de impresi\u00f3n: impr\u00edmelo como p\u00f3ster, lienzo o una impresi\u00f3n enmarcada. Incluso podr\u00e1s descargarlo como archivo digital para que puedas imprimirlo de manera local.<\/p>\r\n<p style=\"margin-top: 1rem;\">Al elegir los materiales y la tecnolog\u00eda de impresi\u00f3n de alta calidad de Positive Prints, recibir\u00e1s un producto final que lucir\u00e1 tanto espectacular como profesional. Es un regalo que iluminar\u00e1 los d\u00edas de tu abuela, y servir\u00e1 como un hermoso recordatorio de todos los maravillosos momentos que han compartido juntos.<\/p>\r\n<p style=\"margin-top: 1rem;\">Ya sea que est\u00e9s buscando un regalo para el cumplea\u00f1os de tu abuela, el d\u00eda de las madres o cualquier ocasi\u00f3n especial, el collage fotogr\u00e1fico de letras para la abuela es el regalo perfecto para la persona que tambi\u00e9n te vio nacer. Es una forma \u00fanica y sentimental de celebrar el v\u00ednculo especial que tienes con tu abuela, y le muestra lo mucho que te importa. Con Positive Prints, \u00a1crear un collage fotogr\u00e1fico de letras para la abuela nunca antes hab\u00eda sido tan f\u00e1cil!<\/p>","protected":false},"excerpt":{"rendered":"<ul class=\"check-list\">\n<li>Sube tus fotos favoritas y personaliza cada letra<\/li>\n<li>A\u00f1ade un mensaje personalizado para que\u00a0tu dise\u00f1o sea \u00fanico y especial<\/li>\n<li>Es un regalo que emociona; lleno de memorias que tocan el coraz\u00f3n<\/li>\n<li>Visualiza tu dise\u00f1o de forma r\u00e1pida usando la vista previa interactiva<\/li>\n<\/ul>\n","protected":false},"featured_media":1670376,"template":"","meta":[],"product_brand":[],"product_cat":[9280,8997,5270,11453,7726,9124,106],"product_tag":[9458,8589,15727,11779],"class_list":{"0":"post-469377","1":"product","2":"type-product","3":"status-publish","4":"has-post-thumbnail","6":"product_cat-bestsellers-label-es","7":"product_cat-dia-de-los-abuelos","8":"product_cat-regalos-de-navidad","9":"product_cat-regalos-de-navidad-para-abuela","10":"product_cat-regalos-para-la-abuela","11":"product_cat-photo-letter-es","12":"product_cat-todos-los-productos","13":"product_tag-abuela","14":"product_tag-abuelita","15":"product_tag-christmas-present-es","16":"product_tag-regalos-de-navidad-para-abuela","18":"first","19":"instock","20":"sale","21":"taxable","22":"shipping-taxable","23":"purchasable","24":"product-type-variable"},"yoast_head":"<!-- This site is optimized with the Yoast SEO Premium plugin v27.2 (Yoast SEO v27.2) - https:\/\/yoast.com\/product\/yoast-seo-premium-wordpress\/ -->\n<title>Collage de letras para la abuela - Positive Prints<\/title>\n<meta name=\"description\" content=\"Sorprende a tu abuela con un collage de fotos personalizado, lleno de momentos familiares que han dejado huella en su vida. Es un regalo lleno de ternura y recuerdos inolvidables.\" \/>\n<meta name=\"robots\" content=\"index, follow, max-snippet:-1, max-image-preview:large, max-video-preview:-1\" \/>\n<link rel=\"canonical\" href=\"https:\/\/positiveprints.com\/es\/producto\/collage-fotografico-de-letras-para-la-abuela\/\" \/>\n<meta property=\"og:locale\" content=\"es_ES\" \/>\n<meta property=\"og:type\" content=\"article\" \/>\n<meta property=\"og:title\" content=\"Collage de letras para la abuela\" \/>\n<meta property=\"og:description\" content=\"Sube tus fotos favoritas y personaliza cada letra      A\u00f1ade un mensaje personalizado para que\u00a0tu dise\u00f1o sea \u00fanico y especial      Es un regalo que emociona; lleno de memorias que tocan el coraz\u00f3n      Visualiza tu dise\u00f1o de forma r\u00e1pida usando la vista previa interactiva\" \/>\n<meta property=\"og:url\" content=\"https:\/\/positiveprints.com\/es\/producto\/collage-fotografico-de-letras-para-la-abuela\/\" \/>\n<meta property=\"og:site_name\" content=\"Positive Prints\" \/>\n<meta property=\"article:publisher\" content=\"https:\/\/www.facebook.com\/positiveprintscom\" \/>\n<meta property=\"article:modified_time\" content=\"2026-04-12T21:30:09+00:00\" \/>\n<meta property=\"og:image\" content=\"https:\/\/positiveprints.com\/wp-content\/uploads\/2025\/03\/Packshot_ES_abuela.webp\" \/>\n\t<meta property=\"og:image:width\" content=\"1450\" \/>\n\t<meta property=\"og:image:height\" content=\"1450\" \/>\n\t<meta property=\"og:image:type\" content=\"image\/webp\" \/>\n<meta name=\"twitter:card\" content=\"summary_large_image\" \/>\n<meta name=\"twitter:label1\" content=\"Tiempo de lectura\" \/>\n\t<meta name=\"twitter:data1\" content=\"2 minutos\" \/>\n<!-- \/ Yoast SEO Premium plugin. -->","yoast_head_json":{"title":"Collage de letras para la abuela - Positive Prints","description":"Sorprende a tu abuela con un collage de fotos personalizado, lleno de momentos familiares que han dejado huella en su vida. Es un regalo lleno de ternura y recuerdos inolvidables.","robots":{"index":"index","follow":"follow","max-snippet":"max-snippet:-1","max-image-preview":"max-image-preview:large","max-video-preview":"max-video-preview:-1"},"canonical":"https:\/\/positiveprints.com\/es\/producto\/collage-fotografico-de-letras-para-la-abuela\/","og_locale":"es_ES","og_type":"article","og_title":"Collage de letras para la abuela","og_description":"Sube tus fotos favoritas y personaliza cada letra      A\u00f1ade un mensaje personalizado para que\u00a0tu dise\u00f1o sea \u00fanico y especial      Es un regalo que emociona; lleno de memorias que tocan el coraz\u00f3n      Visualiza tu dise\u00f1o de forma r\u00e1pida usando la vista previa interactiva","og_url":"https:\/\/positiveprints.com\/es\/producto\/collage-fotografico-de-letras-para-la-abuela\/","og_site_name":"Positive Prints","article_publisher":"https:\/\/www.facebook.com\/positiveprintscom","article_modified_time":"2026-04-12T21:30:09+00:00","og_image":[{"width":1450,"height":1450,"url":"https:\/\/positiveprints.com\/wp-content\/uploads\/2025\/03\/Packshot_ES_abuela.webp","type":"image\/webp"}],"twitter_card":"summary_large_image","twitter_misc":{"Tiempo de lectura":"2 minutos"},"schema":{"@context":"https:\/\/schema.org","@graph":[{"@type":["WebPage","ItemPage"],"@id":"https:\/\/positiveprints.com\/es\/producto\/collage-fotografico-de-letras-para-la-abuela\/","url":"https:\/\/positiveprints.com\/es\/producto\/collage-fotografico-de-letras-para-la-abuela\/","name":"Collage de letras para la abuela - Positive Prints","isPartOf":{"@id":"https:\/\/positiveprints.com\/es\/#website"},"primaryImageOfPage":{"@id":"https:\/\/positiveprints.com\/es\/producto\/collage-fotografico-de-letras-para-la-abuela\/#primaryimage"},"image":{"@id":"https:\/\/positiveprints.com\/es\/producto\/collage-fotografico-de-letras-para-la-abuela\/#primaryimage"},"thumbnailUrl":"https:\/\/positiveprints.com\/wp-content\/uploads\/2026\/03\/abuela_ES.webp","datePublished":"2023-04-13T12:48:42+00:00","dateModified":"2026-04-12T21:30:09+00:00","description":"Sorprende a tu abuela con un collage de fotos personalizado, lleno de momentos familiares que han dejado huella en su vida. Es un regalo lleno de ternura y recuerdos inolvidables.","breadcrumb":{"@id":"https:\/\/positiveprints.com\/es\/producto\/collage-fotografico-de-letras-para-la-abuela\/#breadcrumb"},"inLanguage":"es","potentialAction":[{"@type":"ReadAction","target":["https:\/\/positiveprints.com\/es\/producto\/collage-fotografico-de-letras-para-la-abuela\/"]}]},{"@type":"ImageObject","inLanguage":"es","@id":"https:\/\/positiveprints.com\/es\/producto\/collage-fotografico-de-letras-para-la-abuela\/#primaryimage","url":"https:\/\/positiveprints.com\/wp-content\/uploads\/2026\/03\/abuela_ES.webp","contentUrl":"https:\/\/positiveprints.com\/wp-content\/uploads\/2026\/03\/abuela_ES.webp","width":1450,"height":1450},{"@type":"BreadcrumbList","@id":"https:\/\/positiveprints.com\/es\/producto\/collage-fotografico-de-letras-para-la-abuela\/#breadcrumb","itemListElement":[{"@type":"ListItem","position":1,"name":"CASA","item":"https:\/\/positiveprints.com\/es\/"},{"@type":"ListItem","position":2,"name":"Productos","item":"https:\/\/positiveprints.com\/es\/shop\/"},{"@type":"ListItem","position":3,"name":"Collage de letras para la abuela"}]},{"@type":"WebSite","@id":"https:\/\/positiveprints.com\/es\/#website","url":"https:\/\/positiveprints.com\/es\/","name":"Positive Prints","description":"Custom Gifts for Special Occasions","publisher":{"@id":"https:\/\/positiveprints.com\/es\/#organization"},"potentialAction":[{"@type":"SearchAction","target":{"@type":"EntryPoint","urlTemplate":"https:\/\/positiveprints.com\/es\/?s={search_term_string}"},"query-input":{"@type":"PropertyValueSpecification","valueRequired":true,"valueName":"search_term_string"}}],"inLanguage":"es"},{"@type":"Organization","@id":"https:\/\/positiveprints.com\/es\/#organization","name":"Positive Prints","alternateName":"Positive Prints","url":"https:\/\/positiveprints.com\/es\/","logo":{"@type":"ImageObject","inLanguage":"es","@id":"https:\/\/positiveprints.com\/es\/#\/schema\/logo\/image\/","url":"https:\/\/positiveprints.com\/wp-content\/uploads\/2026\/03\/245815646_1337939713319158_5671353136411139666_n.png","contentUrl":"https:\/\/positiveprints.com\/wp-content\/uploads\/2026\/03\/245815646_1337939713319158_5671353136411139666_n.png","width":800,"height":800,"caption":"Positive Prints"},"image":{"@id":"https:\/\/positiveprints.com\/es\/#\/schema\/logo\/image\/"},"sameAs":["https:\/\/www.facebook.com\/positiveprintscom","https:\/\/www.instagram.com\/positiveprintscom\/","https:\/\/www.tiktok.com\/@positiveprintscom","https:\/\/www.pinterest.com\/positiveprintscom\/"]}]}},"jetpack_sharing_enabled":true,"_links":{"self":[{"href":"https:\/\/positiveprints.com\/es\/wp-json\/wp\/v2\/product\/469377","targetHints":{"allow":["GET"]}}],"collection":[{"href":"https:\/\/positiveprints.com\/es\/wp-json\/wp\/v2\/product"}],"about":[{"href":"https:\/\/positiveprints.com\/es\/wp-json\/wp\/v2\/types\/product"}],"wp:featuredmedia":[{"embeddable":true,"href":"https:\/\/positiveprints.com\/es\/wp-json\/wp\/v2\/media\/1670376"}],"wp:attachment":[{"href":"https:\/\/positiveprints.com\/es\/wp-json\/wp\/v2\/media?parent=469377"}],"wp:term":[{"taxonomy":"product_brand","embeddable":true,"href":"https:\/\/positiveprints.com\/es\/wp-json\/wp\/v2\/product_brand?post=469377"},{"taxonomy":"product_cat","embeddable":true,"href":"https:\/\/positiveprints.com\/es\/wp-json\/wp\/v2\/product_cat?post=469377"},{"taxonomy":"product_tag","embeddable":true,"href":"https:\/\/positiveprints.com\/es\/wp-json\/wp\/v2\/product_tag?post=469377"}],"curies":[{"name":"wp","href":"https:\/\/api.w.org\/{rel}","templated":true}]}}