{"id":469371,"date":"2023-04-12T10:23:49","date_gmt":"2023-04-12T09:23:49","guid":{"rendered":"https:\/\/positiveprints.com\/?post_type=product&#038;p=469371"},"modified":"2026-04-18T06:01:19","modified_gmt":"2026-04-18T05:01:19","slug":"collage-fotografico-de-letras-para-mama","status":"publish","type":"product","link":"https:\/\/positiveprints.com\/es\/producto\/collage-fotografico-de-letras-para-mama\/","title":{"rendered":"Collage fotogr\u00e1fico de letras para mam\u00e1"},"content":{"rendered":"<p style=\"margin-top: 1rem\">\u00bfEst\u00e1s buscando un regalo personalizado y significativo para tu madre? \u00a1No busques m\u00e1s! Positive Prints celebra el amor entre madre e hijo con el collage fotogr\u00e1fico de letras para mam\u00e1: un producto que te permite crear un collage con tus fotos favoritas en la forma de la palabra \u201cmam\u00e1\u201d. Puedes escribir m\u00e1s que la palabra \u201cmam\u00e1\u201d: puedes elegir la palabra que quieras. Desde \u201cmami\u201d hasta \u201camor\u201d, usa cualquier palabra personalizada que quieras. Este collage es una forma maravillosa de celebrar y apreciar los momentos y recuerdos que has compartido con tu madre.<\/p>\r\n\r\n\r\n<p style=\"margin-top: 1rem\">El proceso es sencillo y r\u00e1pido: para crear tu propio collage fotogr\u00e1fico de letras para mam\u00e1, dir\u00edgete a nuestro editor en l\u00ednea y sube las fotos de cada letra. Puedes elegir entre diferentes formatos de impresi\u00f3n, como p\u00f3steres, lienzos o impresiones enmarcadas, o incluso descargar la versi\u00f3n digital del collage. El proceso es r\u00e1pido y f\u00e1cil, y puedes personalizar el dise\u00f1o para que se adapte a tus necesidades.<\/p>\r\n\r\n\r\n<p style=\"margin-top: 1rem\">Al elegir los materiales y la tecnolog\u00eda de impresi\u00f3n de alta calidad de Positive Prints, recibir\u00e1s un producto final que lucir\u00e1 tanto espectacular como profesional. Puedes colgar la impresi\u00f3n en tu hogar, o regal\u00e1rsela a tu madre en su cumplea\u00f1os, d\u00eda de las madres o cualquier otra ocasi\u00f3n especial.<\/p>\r\n\r\n\r\n<p style=\"margin-top: 1rem\">En general, el collage fotogr\u00e1fico de letras para mam\u00e1 de Positive Prints es una incre\u00edble forma de celebrar el amor y la conexi\u00f3n entre madre e hijo. Reg\u00e1lale a mam\u00e1 un detalle personalizado de Positive Prints que podr\u00e1 atesorar para siempre.<\/p>","protected":false},"excerpt":{"rendered":"<ul class=\"check-list\">\n<li>Usa nuestro editor para personalizar tu dise\u00f1o en apenas tres pasos<\/li>\n<li>Elige una plantilla o ponte manos a la obra<\/li>\n<li>Visualiza tu dise\u00f1o de forma r\u00e1pida usando la vista previa interactiva<\/li>\n<\/ul>\n","protected":false},"featured_media":1284015,"template":"","meta":[],"product_brand":[],"product_cat":[9124,9766,106,7279,5270,11459,7709],"product_tag":[11035,10959,11034,11036,11037,11038,8408,11822],"class_list":{"0":"post-469371","1":"product","2":"type-product","3":"status-publish","4":"has-post-thumbnail","6":"product_cat-photo-letter-es","7":"product_cat-trending-label-es","8":"product_cat-todos-los-productos","9":"product_cat-regalos-del-dia-de-las-madres","10":"product_cat-regalos-de-navidad","11":"product_cat-regalos-de-navidad-para-mama","12":"product_cat-regalos-para-mama","13":"product_tag-mam-es","14":"product_tag-mama-es","15":"product_tag-mama-es-2","16":"product_tag-mama-es-3","17":"product_tag-mami","18":"product_tag-momia","19":"product_tag-mother-es","20":"product_tag-regalos-de-navidad-para-mama","22":"first","23":"instock","24":"sale","25":"taxable","26":"shipping-taxable","27":"purchasable","28":"product-type-variable"},"yoast_head":"<!-- This site is optimized with the Yoast SEO Premium plugin v27.2 (Yoast SEO v27.2) - https:\/\/yoast.com\/product\/yoast-seo-premium-wordpress\/ -->\n<title>Collage fotogr\u00e1fico de letras para mam\u00e1 - Positive Prints<\/title>\n<meta name=\"description\" content=\"\u00bfEst\u00e1s buscando un regalo personalizado y s\u00faper especial para tu madre? \u00a1No busques m\u00e1s! H\u00e1zle saber cu\u00e1nto la quieres con el collage fotos con letras para tu mam\u00e1 de Positive Prints.\" \/>\n<meta name=\"robots\" content=\"index, follow, max-snippet:-1, max-image-preview:large, max-video-preview:-1\" \/>\n<link rel=\"canonical\" href=\"https:\/\/positiveprints.com\/es\/producto\/collage-fotografico-de-letras-para-mama\/\" \/>\n<meta property=\"og:locale\" content=\"es_ES\" \/>\n<meta property=\"og:type\" content=\"article\" \/>\n<meta property=\"og:title\" content=\"Collage fotogr\u00e1fico de letras para mam\u00e1\" \/>\n<meta property=\"og:description\" content=\"Usa nuestro editor para personalizar tu dise\u00f1o en apenas tres pasos Elige una plantilla o ponte manos a la obra Visualiza tu dise\u00f1o de forma r\u00e1pida usando la vista previa interactiva\" \/>\n<meta property=\"og:url\" content=\"https:\/\/positiveprints.com\/es\/producto\/collage-fotografico-de-letras-para-mama\/\" \/>\n<meta property=\"og:site_name\" content=\"Positive Prints\" \/>\n<meta property=\"article:publisher\" content=\"https:\/\/www.facebook.com\/positiveprintscom\" \/>\n<meta property=\"article:modified_time\" content=\"2026-04-18T05:01:19+00:00\" \/>\n<meta property=\"og:image\" content=\"https:\/\/positiveprints.com\/wp-content\/uploads\/2024\/11\/Packshot_ES_Mom-Letter-Photo-Collage-product-image.webp\" \/>\n\t<meta property=\"og:image:width\" content=\"1450\" \/>\n\t<meta property=\"og:image:height\" content=\"1450\" \/>\n\t<meta property=\"og:image:type\" content=\"image\/webp\" \/>\n<meta name=\"twitter:card\" content=\"summary_large_image\" \/>\n<meta name=\"twitter:label1\" content=\"Tiempo de lectura\" \/>\n\t<meta name=\"twitter:data1\" content=\"2 minutos\" \/>\n<!-- \/ Yoast SEO Premium plugin. -->","yoast_head_json":{"title":"Collage fotogr\u00e1fico de letras para mam\u00e1 - Positive Prints","description":"\u00bfEst\u00e1s buscando un regalo personalizado y s\u00faper especial para tu madre? \u00a1No busques m\u00e1s! H\u00e1zle saber cu\u00e1nto la quieres con el collage fotos con letras para tu mam\u00e1 de Positive Prints.","robots":{"index":"index","follow":"follow","max-snippet":"max-snippet:-1","max-image-preview":"max-image-preview:large","max-video-preview":"max-video-preview:-1"},"canonical":"https:\/\/positiveprints.com\/es\/producto\/collage-fotografico-de-letras-para-mama\/","og_locale":"es_ES","og_type":"article","og_title":"Collage fotogr\u00e1fico de letras para mam\u00e1","og_description":"Usa nuestro editor para personalizar tu dise\u00f1o en apenas tres pasos Elige una plantilla o ponte manos a la obra Visualiza tu dise\u00f1o de forma r\u00e1pida usando la vista previa interactiva","og_url":"https:\/\/positiveprints.com\/es\/producto\/collage-fotografico-de-letras-para-mama\/","og_site_name":"Positive Prints","article_publisher":"https:\/\/www.facebook.com\/positiveprintscom","article_modified_time":"2026-04-18T05:01:19+00:00","og_image":[{"width":1450,"height":1450,"url":"https:\/\/positiveprints.com\/wp-content\/uploads\/2024\/11\/Packshot_ES_Mom-Letter-Photo-Collage-product-image.webp","type":"image\/webp"}],"twitter_card":"summary_large_image","twitter_misc":{"Tiempo de lectura":"2 minutos"},"schema":{"@context":"https:\/\/schema.org","@graph":[{"@type":["WebPage","ItemPage"],"@id":"https:\/\/positiveprints.com\/es\/producto\/collage-fotografico-de-letras-para-mama\/","url":"https:\/\/positiveprints.com\/es\/producto\/collage-fotografico-de-letras-para-mama\/","name":"Collage fotogr\u00e1fico de letras para mam\u00e1 - Positive Prints","isPartOf":{"@id":"https:\/\/positiveprints.com\/es\/#website"},"primaryImageOfPage":{"@id":"https:\/\/positiveprints.com\/es\/producto\/collage-fotografico-de-letras-para-mama\/#primaryimage"},"image":{"@id":"https:\/\/positiveprints.com\/es\/producto\/collage-fotografico-de-letras-para-mama\/#primaryimage"},"thumbnailUrl":"https:\/\/positiveprints.com\/wp-content\/uploads\/2024\/11\/Packshot_ES_Mom-Letter-Photo-Collage-product-image.webp","datePublished":"2023-04-12T09:23:49+00:00","dateModified":"2026-04-18T05:01:19+00:00","description":"\u00bfEst\u00e1s buscando un regalo personalizado y s\u00faper especial para tu madre? \u00a1No busques m\u00e1s! H\u00e1zle saber cu\u00e1nto la quieres con el collage fotos con letras para tu mam\u00e1 de Positive Prints.","breadcrumb":{"@id":"https:\/\/positiveprints.com\/es\/producto\/collage-fotografico-de-letras-para-mama\/#breadcrumb"},"inLanguage":"es","potentialAction":[{"@type":"ReadAction","target":["https:\/\/positiveprints.com\/es\/producto\/collage-fotografico-de-letras-para-mama\/"]}]},{"@type":"ImageObject","inLanguage":"es","@id":"https:\/\/positiveprints.com\/es\/producto\/collage-fotografico-de-letras-para-mama\/#primaryimage","url":"https:\/\/positiveprints.com\/wp-content\/uploads\/2024\/11\/Packshot_ES_Mom-Letter-Photo-Collage-product-image.webp","contentUrl":"https:\/\/positiveprints.com\/wp-content\/uploads\/2024\/11\/Packshot_ES_Mom-Letter-Photo-Collage-product-image.webp","width":1450,"height":1450},{"@type":"BreadcrumbList","@id":"https:\/\/positiveprints.com\/es\/producto\/collage-fotografico-de-letras-para-mama\/#breadcrumb","itemListElement":[{"@type":"ListItem","position":1,"name":"CASA","item":"https:\/\/positiveprints.com\/es\/"},{"@type":"ListItem","position":2,"name":"Productos","item":"https:\/\/positiveprints.com\/es\/shop\/"},{"@type":"ListItem","position":3,"name":"Collage fotogr\u00e1fico de letras para mam\u00e1"}]},{"@type":"WebSite","@id":"https:\/\/positiveprints.com\/es\/#website","url":"https:\/\/positiveprints.com\/es\/","name":"Positive Prints","description":"Custom Gifts for Special Occasions","publisher":{"@id":"https:\/\/positiveprints.com\/es\/#organization"},"potentialAction":[{"@type":"SearchAction","target":{"@type":"EntryPoint","urlTemplate":"https:\/\/positiveprints.com\/es\/?s={search_term_string}"},"query-input":{"@type":"PropertyValueSpecification","valueRequired":true,"valueName":"search_term_string"}}],"inLanguage":"es"},{"@type":"Organization","@id":"https:\/\/positiveprints.com\/es\/#organization","name":"Positive Prints","alternateName":"Positive Prints","url":"https:\/\/positiveprints.com\/es\/","logo":{"@type":"ImageObject","inLanguage":"es","@id":"https:\/\/positiveprints.com\/es\/#\/schema\/logo\/image\/","url":"https:\/\/positiveprints.com\/wp-content\/uploads\/2026\/03\/245815646_1337939713319158_5671353136411139666_n.png","contentUrl":"https:\/\/positiveprints.com\/wp-content\/uploads\/2026\/03\/245815646_1337939713319158_5671353136411139666_n.png","width":800,"height":800,"caption":"Positive Prints"},"image":{"@id":"https:\/\/positiveprints.com\/es\/#\/schema\/logo\/image\/"},"sameAs":["https:\/\/www.facebook.com\/positiveprintscom","https:\/\/www.instagram.com\/positiveprintscom\/","https:\/\/www.tiktok.com\/@positiveprintscom","https:\/\/www.pinterest.com\/positiveprintscom\/"]}]}},"jetpack_sharing_enabled":true,"_links":{"self":[{"href":"https:\/\/positiveprints.com\/es\/wp-json\/wp\/v2\/product\/469371","targetHints":{"allow":["GET"]}}],"collection":[{"href":"https:\/\/positiveprints.com\/es\/wp-json\/wp\/v2\/product"}],"about":[{"href":"https:\/\/positiveprints.com\/es\/wp-json\/wp\/v2\/types\/product"}],"wp:featuredmedia":[{"embeddable":true,"href":"https:\/\/positiveprints.com\/es\/wp-json\/wp\/v2\/media\/1284015"}],"wp:attachment":[{"href":"https:\/\/positiveprints.com\/es\/wp-json\/wp\/v2\/media?parent=469371"}],"wp:term":[{"taxonomy":"product_brand","embeddable":true,"href":"https:\/\/positiveprints.com\/es\/wp-json\/wp\/v2\/product_brand?post=469371"},{"taxonomy":"product_cat","embeddable":true,"href":"https:\/\/positiveprints.com\/es\/wp-json\/wp\/v2\/product_cat?post=469371"},{"taxonomy":"product_tag","embeddable":true,"href":"https:\/\/positiveprints.com\/es\/wp-json\/wp\/v2\/product_tag?post=469371"}],"curies":[{"name":"wp","href":"https:\/\/api.w.org\/{rel}","templated":true}]}}