{"id":460040,"date":"2021-10-13T16:16:29","date_gmt":"2021-10-13T15:16:29","guid":{"rendered":"https:\/\/positiveprints.com\/product\/poster-mapa-de-ho-chi-minh\/"},"modified":"2026-04-03T03:42:15","modified_gmt":"2026-04-03T02:42:15","slug":"ho-chi-minh-mapa-poster","status":"publish","type":"product","link":"https:\/\/positiveprints.com\/es\/producto\/ho-chi-minh-mapa-poster\/","title":{"rendered":"P\u00f3ster Mapa de Ho Chi Minh"},"content":{"rendered":"Ll\u00e9vate a casa un trozo de tus aventuras favoritas con nuestro p\u00f3ster del mapa de Ho Chi Minh. Nuestros p\u00f3steres personalizados de alta calidad son excelentes obras de arte y regalos.\n<h2>Obtenga un mapa de cualquier ciudad del mundo<\/h2>\nLos mapas no s\u00f3lo sirven para orientarse. Tambi\u00e9n cuentan historias de sus viajes, mostrando las mismas calles y lugares emblem\u00e1ticos donde han tenido lugar algunos de los mejores momentos de su vida. Cuando tienes un lugar muy querido, no hay mejor manera de rendirle homenaje que plasmarlo en un p\u00f3ster personalizado.\n\n\nNuestro p\u00f3ster del mapa de Ho Chi Minh est\u00e1 art\u00edsticamente dibujado a escala utilizando los datos cartogr\u00e1ficos m\u00e1s precisos y actualizados. Tus lugares favoritos se convierten en una obra de arte instant\u00e1nea y reflejan los lugares que m\u00e1s te importan.\n\n\n<h2>P\u00f3ster con el mapa de Ho Chi Minh &#8211; \u00a1El regalo perfecto para cualquier ocasi\u00f3n!<\/h2>\nSi te gustan las cosas \u00fanicas e inesperadas, \u00a1te encantar\u00e1 regalar un mapa impreso de Ho Chi Minh! Nuestros mapas son preciados recuerdos que encantar\u00e1n a sus familiares o amigos, pero que quiz\u00e1 nunca se planteen comprar para s\u00ed mismos. Son la sorpresa perfecta para aniversarios, cumplea\u00f1os, graduaciones, vacaciones, compromisos, bodas y todos los grandes hitos de la vida.\n\n\nCada mapa se hace a medida: USTED elige la ciudad, la combinaci\u00f3n de colores y los detalles, y nosotros nos encargamos del resto. Tambi\u00e9n puede personalizarlo a\u00fan m\u00e1s con l\u00edneas de texto personalizadas. A\u00f1ade detalles sobre una fecha importante en la vida de tu destinatario, como un matrimonio, un compromiso, una nueva carrera o una gran mudanza.\n\n\nIncluye un marcador cartogr\u00e1fico de un lugar concreto en tu mapa impreso de Ho Chi Minh para se\u00f1alar un lugar especialmente importante que haga que Ho Chi Minh sea especial para ti.\n\n\n<h2>Cuente su historia con\nArte cartogr\u00e1fico<\/h2>\nVayas donde vayas, tus lugares favoritos pueden contar una historia art\u00edstica y personalizada en tu hogar.\n\n\nMuchos se han preguntado qu\u00e9 dir\u00edan las paredes si pudieran hablar. Gracias a nuestro arte cartogr\u00e1fico de Ho Chi Minh, ya no tendr\u00e1s que pregunt\u00e1rtelo.\n\n\nCada vez que a\u00f1ades un p\u00f3ster de un mapa urbano a tus paredes, est\u00e1s contando una parte de la historia de tu vida a cada visitante que entra en tu casa. Puedes empezar con el arte del mapa de Ho Chi Minh, y luego a\u00f1adir m\u00e1s grabados de ciudades a tus paredes con el tiempo, cada uno compartiendo un cap\u00edtulo diferente de tu vida.\n\n\nDeja que tu arte cartogr\u00e1fico de Ho Chi Minh inspire tus viajes, pasados y futuros. Cada vez que mires tu mapa, podr\u00e1s rememorar todos los buenos recuerdos que has vivido en tus lugares favoritos y encontrar nuevos sitios para tus pr\u00f3ximas aventuras.\n\n\n<h2>Crea tu p\u00f3ster del mapa de Ho Chi Minh en minutos<\/h2>\nNuestro sistema personalizado Ho Chi Minh\nmap print maker te convertir\u00e1 en un artista de los mapas en cuesti\u00f3n de minutos. S\u00f3lo tiene que introducir sus datos, seguir los pasos y esperar a que se lo entreguemos. Tambi\u00e9n puede optar por descargar una impresi\u00f3n digital para obtener su mapa incluso antes.\n\n\nCrea un mapa de las ciudades que significan algo especial para ti.","protected":false},"excerpt":{"rendered":"<ul class=\"check-list\">\n<li>Disfrute de la cautivadora belleza de su ciudad favorita con nuestro detallado p\u00f3ster cartogr\u00e1fico<\/li>\n<li>Marcar un lugar especial con un s\u00edmbolo elegido<\/li>\n<li>Personalizar en 3 sencillos pasos<\/li>\n<li>Elija una plantilla o sea creativo<\/li>\n<li>Ve el resultado de inmediato: la vista previa interactiva te permite perfeccionar cada detalle<\/li>\n<\/ul>\n","protected":false},"featured_media":169096,"template":"","meta":[],"product_brand":[],"product_cat":[7151],"product_tag":[],"class_list":{"0":"post-460040","1":"product","2":"type-product","3":"status-publish","4":"has-post-thumbnail","6":"product_cat-vietnam-es","8":"first","9":"instock","10":"sale","11":"taxable","12":"shipping-taxable","13":"purchasable","14":"product-type-variable"},"yoast_head":"<!-- This site is optimized with the Yoast SEO Premium plugin v27.2 (Yoast SEO v27.2) - https:\/\/yoast.com\/product\/yoast-seo-premium-wordpress\/ -->\n<title>P\u00f3ster del Mapa de Ho Chi Minh - Arte del Mapa de tu Ciudad - Impresiones Positivas<\/title>\n<meta name=\"description\" content=\"Ll\u00e9vate a casa un trozo de tus aventuras favoritas con nuestro p\u00f3ster del mapa de Ho Chi Minh. Nuestros p\u00f3steres de alta calidad son excelentes obras de arte mural.\" \/>\n<meta name=\"robots\" content=\"index, follow, max-snippet:-1, max-image-preview:large, max-video-preview:-1\" \/>\n<link rel=\"canonical\" href=\"https:\/\/positiveprints.com\/es\/producto\/ho-chi-minh-mapa-poster\/\" \/>\n<meta property=\"og:locale\" content=\"es_ES\" \/>\n<meta property=\"og:type\" content=\"article\" \/>\n<meta property=\"og:title\" content=\"P\u00f3ster Mapa de Ho Chi Minh\" \/>\n<meta property=\"og:description\" content=\"Disfrute de la cautivadora belleza de su ciudad favorita con nuestro detallado p\u00f3ster cartogr\u00e1fico Marcar un lugar especial con un s\u00edmbolo elegido Personalizar en 3 sencillos pasos Elija una plantilla o sea creativo Ve el resultado de inmediato: la vista previa interactiva te permite perfeccionar cada detalle\" \/>\n<meta property=\"og:url\" content=\"https:\/\/positiveprints.com\/es\/producto\/ho-chi-minh-mapa-poster\/\" \/>\n<meta property=\"og:site_name\" content=\"Positive Prints\" \/>\n<meta property=\"article:publisher\" content=\"https:\/\/www.facebook.com\/positiveprintscom\" \/>\n<meta property=\"article:modified_time\" content=\"2026-04-03T02:42:15+00:00\" \/>\n<meta property=\"og:image\" content=\"https:\/\/positiveprints.com\/wp-content\/uploads\/2021\/10\/Ho-Chi-Minh-city-map-poster.jpg\" \/>\n\t<meta property=\"og:image:width\" content=\"1080\" \/>\n\t<meta property=\"og:image:height\" content=\"1080\" \/>\n\t<meta property=\"og:image:type\" content=\"image\/jpeg\" \/>\n<meta name=\"twitter:card\" content=\"summary_large_image\" \/>\n<meta name=\"twitter:label1\" content=\"Tiempo de lectura\" \/>\n\t<meta name=\"twitter:data1\" content=\"3 minutos\" \/>\n<!-- \/ Yoast SEO Premium plugin. -->","yoast_head_json":{"title":"P\u00f3ster del Mapa de Ho Chi Minh - Arte del Mapa de tu Ciudad - Impresiones Positivas","description":"Ll\u00e9vate a casa un trozo de tus aventuras favoritas con nuestro p\u00f3ster del mapa de Ho Chi Minh. Nuestros p\u00f3steres de alta calidad son excelentes obras de arte mural.","robots":{"index":"index","follow":"follow","max-snippet":"max-snippet:-1","max-image-preview":"max-image-preview:large","max-video-preview":"max-video-preview:-1"},"canonical":"https:\/\/positiveprints.com\/es\/producto\/ho-chi-minh-mapa-poster\/","og_locale":"es_ES","og_type":"article","og_title":"P\u00f3ster Mapa de Ho Chi Minh","og_description":"Disfrute de la cautivadora belleza de su ciudad favorita con nuestro detallado p\u00f3ster cartogr\u00e1fico Marcar un lugar especial con un s\u00edmbolo elegido Personalizar en 3 sencillos pasos Elija una plantilla o sea creativo Ve el resultado de inmediato: la vista previa interactiva te permite perfeccionar cada detalle","og_url":"https:\/\/positiveprints.com\/es\/producto\/ho-chi-minh-mapa-poster\/","og_site_name":"Positive Prints","article_publisher":"https:\/\/www.facebook.com\/positiveprintscom","article_modified_time":"2026-04-03T02:42:15+00:00","og_image":[{"width":1080,"height":1080,"url":"https:\/\/positiveprints.com\/wp-content\/uploads\/2021\/10\/Ho-Chi-Minh-city-map-poster.jpg","type":"image\/jpeg"}],"twitter_card":"summary_large_image","twitter_misc":{"Tiempo de lectura":"3 minutos"},"schema":{"@context":"https:\/\/schema.org","@graph":[{"@type":["WebPage","ItemPage"],"@id":"https:\/\/positiveprints.com\/es\/producto\/ho-chi-minh-mapa-poster\/","url":"https:\/\/positiveprints.com\/es\/producto\/ho-chi-minh-mapa-poster\/","name":"P\u00f3ster del Mapa de Ho Chi Minh - Arte del Mapa de tu Ciudad - Impresiones Positivas","isPartOf":{"@id":"https:\/\/positiveprints.com\/es\/#website"},"primaryImageOfPage":{"@id":"https:\/\/positiveprints.com\/es\/producto\/ho-chi-minh-mapa-poster\/#primaryimage"},"image":{"@id":"https:\/\/positiveprints.com\/es\/producto\/ho-chi-minh-mapa-poster\/#primaryimage"},"thumbnailUrl":"https:\/\/positiveprints.com\/wp-content\/uploads\/2021\/10\/Ho-Chi-Minh-city-map-poster.jpg","datePublished":"2021-10-13T15:16:29+00:00","dateModified":"2026-04-03T02:42:15+00:00","description":"Ll\u00e9vate a casa un trozo de tus aventuras favoritas con nuestro p\u00f3ster del mapa de Ho Chi Minh. Nuestros p\u00f3steres de alta calidad son excelentes obras de arte mural.","breadcrumb":{"@id":"https:\/\/positiveprints.com\/es\/producto\/ho-chi-minh-mapa-poster\/#breadcrumb"},"inLanguage":"es","potentialAction":[{"@type":"ReadAction","target":["https:\/\/positiveprints.com\/es\/producto\/ho-chi-minh-mapa-poster\/"]}]},{"@type":"ImageObject","inLanguage":"es","@id":"https:\/\/positiveprints.com\/es\/producto\/ho-chi-minh-mapa-poster\/#primaryimage","url":"https:\/\/positiveprints.com\/wp-content\/uploads\/2021\/10\/Ho-Chi-Minh-city-map-poster.jpg","contentUrl":"https:\/\/positiveprints.com\/wp-content\/uploads\/2021\/10\/Ho-Chi-Minh-city-map-poster.jpg","width":1080,"height":1080,"caption":"Nuestro p\u00f3ster del mapa de Ho Chi Minh est\u00e1 art\u00edsticamente dibujado a escala utilizando los datos cartogr\u00e1ficos m\u00e1s precisos y actualizados."},{"@type":"BreadcrumbList","@id":"https:\/\/positiveprints.com\/es\/producto\/ho-chi-minh-mapa-poster\/#breadcrumb","itemListElement":[{"@type":"ListItem","position":1,"name":"CASA","item":"https:\/\/positiveprints.com\/es\/"},{"@type":"ListItem","position":2,"name":"Productos","item":"https:\/\/positiveprints.com\/es\/shop\/"},{"@type":"ListItem","position":3,"name":"P\u00f3ster Mapa de Ho Chi Minh"}]},{"@type":"WebSite","@id":"https:\/\/positiveprints.com\/es\/#website","url":"https:\/\/positiveprints.com\/es\/","name":"Positive Prints","description":"Custom Gifts for Special Occasions","publisher":{"@id":"https:\/\/positiveprints.com\/es\/#organization"},"potentialAction":[{"@type":"SearchAction","target":{"@type":"EntryPoint","urlTemplate":"https:\/\/positiveprints.com\/es\/?s={search_term_string}"},"query-input":{"@type":"PropertyValueSpecification","valueRequired":true,"valueName":"search_term_string"}}],"inLanguage":"es"},{"@type":"Organization","@id":"https:\/\/positiveprints.com\/es\/#organization","name":"Positive Prints","alternateName":"Positive Prints","url":"https:\/\/positiveprints.com\/es\/","logo":{"@type":"ImageObject","inLanguage":"es","@id":"https:\/\/positiveprints.com\/es\/#\/schema\/logo\/image\/","url":"https:\/\/positiveprints.com\/wp-content\/uploads\/2026\/03\/245815646_1337939713319158_5671353136411139666_n.png","contentUrl":"https:\/\/positiveprints.com\/wp-content\/uploads\/2026\/03\/245815646_1337939713319158_5671353136411139666_n.png","width":800,"height":800,"caption":"Positive Prints"},"image":{"@id":"https:\/\/positiveprints.com\/es\/#\/schema\/logo\/image\/"},"sameAs":["https:\/\/www.facebook.com\/positiveprintscom","https:\/\/www.instagram.com\/positiveprintscom\/","https:\/\/www.tiktok.com\/@positiveprintscom","https:\/\/www.pinterest.com\/positiveprintscom\/"]}]}},"jetpack_sharing_enabled":true,"_links":{"self":[{"href":"https:\/\/positiveprints.com\/es\/wp-json\/wp\/v2\/product\/460040","targetHints":{"allow":["GET"]}}],"collection":[{"href":"https:\/\/positiveprints.com\/es\/wp-json\/wp\/v2\/product"}],"about":[{"href":"https:\/\/positiveprints.com\/es\/wp-json\/wp\/v2\/types\/product"}],"wp:featuredmedia":[{"embeddable":true,"href":"https:\/\/positiveprints.com\/es\/wp-json\/wp\/v2\/media\/169096"}],"wp:attachment":[{"href":"https:\/\/positiveprints.com\/es\/wp-json\/wp\/v2\/media?parent=460040"}],"wp:term":[{"taxonomy":"product_brand","embeddable":true,"href":"https:\/\/positiveprints.com\/es\/wp-json\/wp\/v2\/product_brand?post=460040"},{"taxonomy":"product_cat","embeddable":true,"href":"https:\/\/positiveprints.com\/es\/wp-json\/wp\/v2\/product_cat?post=460040"},{"taxonomy":"product_tag","embeddable":true,"href":"https:\/\/positiveprints.com\/es\/wp-json\/wp\/v2\/product_tag?post=460040"}],"curies":[{"name":"wp","href":"https:\/\/api.w.org\/{rel}","templated":true}]}}