{"id":453601,"date":"2023-02-17T14:09:33","date_gmt":"2023-02-17T13:09:33","guid":{"rendered":"https:\/\/positiveprints.com\/?post_type=product&#038;p=453601"},"modified":"2026-04-18T06:11:15","modified_gmt":"2026-04-18T05:11:15","slug":"mapa-personalizado-para-padres","status":"publish","type":"product","link":"https:\/\/positiveprints.com\/es\/producto\/mapa-personalizado-para-padres\/","title":{"rendered":"Mapa personalizado para padres"},"content":{"rendered":"<p><span style=\"font-weight: 400;\">\u00bfEst\u00e1s buscando un regalo original para tus padres? \u00a1Elige una obra de arte personalizada! Puedes crear un mapa personalizado, modificando elementos de dise\u00f1o, colores y texto. Es tan f\u00e1cil dise\u00f1ar que puedes crear algo significativo e inolvidable. Sin importar la ocasi\u00f3n, un mapa personalizado para padres har\u00e1 que ellos se sientan muy apreciados y amados.<\/span><\/p>\n<h2><b>Muestra tu apreciaci\u00f3n y consideraci\u00f3n<\/b><\/h2>\n<p><span style=\"font-weight: 400;\">Un mapa personalizado para padres puede ser una gran forma de recordar ocasiones especiales como aniversarios, cumplea\u00f1os o graduaciones. Elige un lugar que tenga un significado especial para tus padres, como el lugar donde se casaron, su ciudad natal o alg\u00fan lugar que visitaron juntos. Este tipo de regalos les mostrar\u00e1 cu\u00e1nto te importan (\u00a1y que no olvidas esos peque\u00f1os detalles que permitieron que pudieras existir!).<\/span><\/p>\n<h2><b>Haz tu propio mapa personalizado para padres<\/b><\/h2>\n<p><span style=\"font-weight: 400;\">Sin importar la ocasi\u00f3n, nuestro mapa personalizado para padres ofrece una gran variedad de dise\u00f1os y colores que puedes elegir para crear algo verdaderamente \u00fanico. Desde mapas cl\u00e1sicos en blanco y negro hasta dise\u00f1os abstractos y llamativos, podr\u00e1s encontrar algo que les encante\u00a0 a tus padres. Elige un dise\u00f1o que refleje su personalidad o que sepas que les va a llamar la atenci\u00f3n.<\/span><\/p>\n<p><span style=\"font-weight: 400;\">A\u00f1ade\u00a0 tu texto en un p\u00f3ster o lienzo. Puedes incluir un mensaje personal, como decirles cu\u00e1nto los quieres . O si quieres hacer re\u00edr a tus padres, \u00bfpor qu\u00e9 no escribir una frase divertida? Si usas tus propias palabras para personalizar tu mapa, har\u00e1s que tu regalo sea a\u00fan m\u00e1s especial e inolvidable.<\/span><\/p>\n<h2><b>\u00a1El regalo perfecto para cualquier ocasi\u00f3n!<\/b><\/h2>\n<p><span style=\"font-weight: 400;\">Ya sea que est\u00e9s celebrando una ocasi\u00f3n especial o solo quieras darles un detalle espont\u00e1neo, nuestro mapa personalizado para padres es el regalo perfecto. Es un detalle \u00fanico y personal que te permite mostrar\u00a0 tu amor hacia ellos. \u00a1Crea tu mapa personalizado para padres hoy mismo!<\/span><\/p><h2 class=\"wp-block-heading\" id=\"h-preguntas-frecuentes\"><strong>Preguntas Frecuentes<\/strong><\/h2><details class=\"wp-block-details is-layout-flow wp-block-details-is-layout-flow\"><summary><strong>\u00bfQu\u00e9 es un Mapa Personalizado para Padres?<\/strong><\/summary><p>Un Mapa Personalizado para Padres es un p\u00f3ster que muestra lugares especiales y significativos para ellos. Espec\u00edficamente, se\u00f1ala&nbsp; ubicaciones como d\u00f3nde&nbsp; se casaron, su ciudad natal o lugares que han visitados juntos. Por lo tanto , celebra momentos importantes de su historia en un solo dise\u00f1o.\u200b<\/p><\/details><details class=\"wp-block-details is-layout-flow wp-block-details-is-layout-flow\"><summary><strong>\u00bfEs completamente personalizado?<\/strong><\/summary><p>S\u00ed, cada mapa es completamente personalizado. De hecho, eliges el lugar, la forma y los colores del dise\u00f1o.&nbsp; Se\u00f1ala&nbsp; lugares especiales con s\u00edmbolos de tu elecci\u00f3n y a\u00f1ade&nbsp; texto personalizado. Adem\u00e1s , la vista previa interactiva te permite perfeccionar&nbsp; cada detalle f\u00e1cilmente.&nbsp;<\/p><\/details><details class=\"wp-block-details is-layout-flow wp-block-details-is-layout-flow\"><summary><strong>\u00bfPor qu\u00e9 es el regalo perfecto para padres?<\/strong><\/summary><p>Es el regalo perfecto porque muestra apreciaci\u00f3n, consideraci\u00f3n y amor de una manera \u00fanica. Espec\u00edficamente, es un detalle significativo e inolvidable que refleja su personalidad. Por lo tanto, es un recuerdo especial que atesorar\u00e1n para siempre.\u200b<\/p><\/details><details class=\"wp-block-details is-layout-flow wp-block-details-is-layout-flow\"><summary><strong>\u00bfC\u00f3mo crear mi Mapa Personalizado para Padres?<\/strong><\/summary><p>Crear tu mapa se hace en tres pasos. En primer lugar , selecciona dise\u00f1o, forma y esquema de colores preferido. Luego, marca las ubicaciones especiales y a\u00f1ade mensaje personal con texto significativo. Finalmente, elige formato de impresi\u00f3n, enmarcado o descarga digital.\u200b<\/p><\/details><details class=\"wp-block-details is-layout-flow wp-block-details-is-layout-flow\"><summary><strong>\u00bfPara qu\u00e9 ocasiones es perfecto este mapa?<\/strong><\/summary><p>Este mapa es perfecto para aniversarios, cumplea\u00f1os, D\u00eda del Padre y graduaciones. Adem\u00e1s, es ideal para Navidad, la inauguraci\u00f3n de una casa o regalos&nbsp; espont\u00e1neos. Tambi\u00e9n&nbsp; es excelente para cualquier momento especial que desees celebrar.\u200b<\/p><\/details><details class=\"wp-block-details is-layout-flow wp-block-details-is-layout-flow\"><summary><strong>\u00bfEn cu\u00e1nto tiempo puedo recibir mi mapa?<\/strong><\/summary><p>Para un regalo r\u00e1pido , elige nuestra descarga digital instant\u00e1nea, un archivo JPEG de alta resoluci\u00f3n 300 dpi que puedes imprimir t\u00fa mismo . Sin embargo, tambi\u00e9n contamos con productos f\u00edsicos que imprimimos y enviamos localmente desde nuestros centros en Australia, Canad\u00e1, Estados Unidos, Reino Unido y Europa. Esto garantiza una entrega r\u00e1pida y confiable, normalmente&nbsp; en pocos d\u00edas.<\/p><\/details>","protected":false},"excerpt":{"rendered":"<ul class=\"check-list\">\n<li>Marca un lugar especial con el s\u00edmbolo de tu elecci\u00f3n<\/li>\n<li>Personal\u00edzalo en tres sencillos pasos<\/li>\n<li>Incluye un texto personalizado<\/li>\n<li>Ve el resultado de inmediato: la vista previa interactiva te permite perfeccionar cada detalle<\/li>\n<\/ul>\n","protected":false},"featured_media":1611572,"template":"","meta":[],"product_brand":[],"product_cat":[106,7195,5270,11460],"product_tag":[15500,8760],"class_list":{"0":"post-453601","1":"product","2":"type-product","3":"status-publish","4":"has-post-thumbnail","6":"product_cat-todos-los-productos","7":"product_cat-map-es","8":"product_cat-regalos-de-navidad","9":"product_cat-regalos-de-navidad-para-los-padres","10":"product_tag-mama-y-papa","11":"product_tag-parents-es","13":"first","14":"instock","15":"sale","16":"taxable","17":"shipping-taxable","18":"purchasable","19":"product-type-variable"},"yoast_head":"<!-- This site is optimized with the Yoast SEO Premium plugin v27.2 (Yoast SEO v27.2) - https:\/\/yoast.com\/product\/yoast-seo-premium-wordpress\/ -->\n<title>Mapa personalizado para padres - Positive Prints<\/title>\n<meta name=\"description\" content=\"Nuestro mapa personalizado para padres es el regalo perfecto para cualquier ocasi\u00f3n, incluso si solo quieres demostrarles cu\u00e1nto los amas.\" \/>\n<meta name=\"robots\" content=\"index, follow, max-snippet:-1, max-image-preview:large, max-video-preview:-1\" \/>\n<link rel=\"canonical\" href=\"https:\/\/positiveprints.com\/es\/producto\/mapa-personalizado-para-padres\/\" \/>\n<meta property=\"og:locale\" content=\"es_ES\" \/>\n<meta property=\"og:type\" content=\"article\" \/>\n<meta property=\"og:title\" content=\"Mapa personalizado para padres\" \/>\n<meta property=\"og:description\" content=\"Marca un lugar especial con el s\u00edmbolo de tu elecci\u00f3n Personal\u00edzalo en tres sencillos pasos Incluye un texto personalizado Ve el resultado de inmediato: la vista previa interactiva te permite perfeccionar cada detalle\" \/>\n<meta property=\"og:url\" content=\"https:\/\/positiveprints.com\/es\/producto\/mapa-personalizado-para-padres\/\" \/>\n<meta property=\"og:site_name\" content=\"Positive Prints\" \/>\n<meta property=\"article:publisher\" content=\"https:\/\/www.facebook.com\/positiveprintscom\" \/>\n<meta property=\"article:modified_time\" content=\"2026-04-18T05:11:15+00:00\" \/>\n<meta property=\"og:image\" content=\"https:\/\/positiveprints.com\/wp-content\/uploads\/2023\/08\/Mapa-personalizado-para-padres-1.jpg\" \/>\n\t<meta property=\"og:image:width\" content=\"1080\" \/>\n\t<meta property=\"og:image:height\" content=\"1080\" \/>\n\t<meta property=\"og:image:type\" content=\"image\/jpeg\" \/>\n<meta name=\"twitter:card\" content=\"summary_large_image\" \/>\n<meta name=\"twitter:label1\" content=\"Tiempo de lectura\" \/>\n\t<meta name=\"twitter:data1\" content=\"3 minutos\" \/>\n<!-- \/ Yoast SEO Premium plugin. -->","yoast_head_json":{"title":"Mapa personalizado para padres - Positive Prints","description":"Nuestro mapa personalizado para padres es el regalo perfecto para cualquier ocasi\u00f3n, incluso si solo quieres demostrarles cu\u00e1nto los amas.","robots":{"index":"index","follow":"follow","max-snippet":"max-snippet:-1","max-image-preview":"max-image-preview:large","max-video-preview":"max-video-preview:-1"},"canonical":"https:\/\/positiveprints.com\/es\/producto\/mapa-personalizado-para-padres\/","og_locale":"es_ES","og_type":"article","og_title":"Mapa personalizado para padres","og_description":"Marca un lugar especial con el s\u00edmbolo de tu elecci\u00f3n Personal\u00edzalo en tres sencillos pasos Incluye un texto personalizado Ve el resultado de inmediato: la vista previa interactiva te permite perfeccionar cada detalle","og_url":"https:\/\/positiveprints.com\/es\/producto\/mapa-personalizado-para-padres\/","og_site_name":"Positive Prints","article_publisher":"https:\/\/www.facebook.com\/positiveprintscom","article_modified_time":"2026-04-18T05:11:15+00:00","og_image":[{"width":1080,"height":1080,"url":"https:\/\/positiveprints.com\/wp-content\/uploads\/2023\/08\/Mapa-personalizado-para-padres-1.jpg","type":"image\/jpeg"}],"twitter_card":"summary_large_image","twitter_misc":{"Tiempo de lectura":"3 minutos"},"schema":{"@context":"https:\/\/schema.org","@graph":[{"@type":["WebPage","ItemPage"],"@id":"https:\/\/positiveprints.com\/es\/producto\/mapa-personalizado-para-padres\/","url":"https:\/\/positiveprints.com\/es\/producto\/mapa-personalizado-para-padres\/","name":"Mapa personalizado para padres - Positive Prints","isPartOf":{"@id":"https:\/\/positiveprints.com\/es\/#website"},"primaryImageOfPage":{"@id":"https:\/\/positiveprints.com\/es\/producto\/mapa-personalizado-para-padres\/#primaryimage"},"image":{"@id":"https:\/\/positiveprints.com\/es\/producto\/mapa-personalizado-para-padres\/#primaryimage"},"thumbnailUrl":"https:\/\/positiveprints.com\/wp-content\/uploads\/2026\/01\/Packshot_ES_Mapa-personalizado-para-padres.webp","datePublished":"2023-02-17T13:09:33+00:00","dateModified":"2026-04-18T05:11:15+00:00","description":"Nuestro mapa personalizado para padres es el regalo perfecto para cualquier ocasi\u00f3n, incluso si solo quieres demostrarles cu\u00e1nto los amas.","breadcrumb":{"@id":"https:\/\/positiveprints.com\/es\/producto\/mapa-personalizado-para-padres\/#breadcrumb"},"inLanguage":"es","potentialAction":[{"@type":"ReadAction","target":["https:\/\/positiveprints.com\/es\/producto\/mapa-personalizado-para-padres\/"]}]},{"@type":"ImageObject","inLanguage":"es","@id":"https:\/\/positiveprints.com\/es\/producto\/mapa-personalizado-para-padres\/#primaryimage","url":"https:\/\/positiveprints.com\/wp-content\/uploads\/2026\/01\/Packshot_ES_Mapa-personalizado-para-padres.webp","contentUrl":"https:\/\/positiveprints.com\/wp-content\/uploads\/2026\/01\/Packshot_ES_Mapa-personalizado-para-padres.webp","width":1450,"height":1450},{"@type":"BreadcrumbList","@id":"https:\/\/positiveprints.com\/es\/producto\/mapa-personalizado-para-padres\/#breadcrumb","itemListElement":[{"@type":"ListItem","position":1,"name":"CASA","item":"https:\/\/positiveprints.com\/es\/"},{"@type":"ListItem","position":2,"name":"Productos","item":"https:\/\/positiveprints.com\/es\/shop\/"},{"@type":"ListItem","position":3,"name":"Mapa personalizado para padres"}]},{"@type":"WebSite","@id":"https:\/\/positiveprints.com\/es\/#website","url":"https:\/\/positiveprints.com\/es\/","name":"Positive Prints","description":"Custom Gifts for Special Occasions","publisher":{"@id":"https:\/\/positiveprints.com\/es\/#organization"},"potentialAction":[{"@type":"SearchAction","target":{"@type":"EntryPoint","urlTemplate":"https:\/\/positiveprints.com\/es\/?s={search_term_string}"},"query-input":{"@type":"PropertyValueSpecification","valueRequired":true,"valueName":"search_term_string"}}],"inLanguage":"es"},{"@type":"Organization","@id":"https:\/\/positiveprints.com\/es\/#organization","name":"Positive Prints","alternateName":"Positive Prints","url":"https:\/\/positiveprints.com\/es\/","logo":{"@type":"ImageObject","inLanguage":"es","@id":"https:\/\/positiveprints.com\/es\/#\/schema\/logo\/image\/","url":"https:\/\/positiveprints.com\/wp-content\/uploads\/2026\/03\/245815646_1337939713319158_5671353136411139666_n.png","contentUrl":"https:\/\/positiveprints.com\/wp-content\/uploads\/2026\/03\/245815646_1337939713319158_5671353136411139666_n.png","width":800,"height":800,"caption":"Positive Prints"},"image":{"@id":"https:\/\/positiveprints.com\/es\/#\/schema\/logo\/image\/"},"sameAs":["https:\/\/www.facebook.com\/positiveprintscom","https:\/\/www.instagram.com\/positiveprintscom\/","https:\/\/www.tiktok.com\/@positiveprintscom","https:\/\/www.pinterest.com\/positiveprintscom\/"]}]}},"jetpack_sharing_enabled":true,"_links":{"self":[{"href":"https:\/\/positiveprints.com\/es\/wp-json\/wp\/v2\/product\/453601","targetHints":{"allow":["GET"]}}],"collection":[{"href":"https:\/\/positiveprints.com\/es\/wp-json\/wp\/v2\/product"}],"about":[{"href":"https:\/\/positiveprints.com\/es\/wp-json\/wp\/v2\/types\/product"}],"wp:featuredmedia":[{"embeddable":true,"href":"https:\/\/positiveprints.com\/es\/wp-json\/wp\/v2\/media\/1611572"}],"wp:attachment":[{"href":"https:\/\/positiveprints.com\/es\/wp-json\/wp\/v2\/media?parent=453601"}],"wp:term":[{"taxonomy":"product_brand","embeddable":true,"href":"https:\/\/positiveprints.com\/es\/wp-json\/wp\/v2\/product_brand?post=453601"},{"taxonomy":"product_cat","embeddable":true,"href":"https:\/\/positiveprints.com\/es\/wp-json\/wp\/v2\/product_cat?post=453601"},{"taxonomy":"product_tag","embeddable":true,"href":"https:\/\/positiveprints.com\/es\/wp-json\/wp\/v2\/product_tag?post=453601"}],"curies":[{"name":"wp","href":"https:\/\/api.w.org\/{rel}","templated":true}]}}