{"id":453493,"date":"2023-02-16T13:31:44","date_gmt":"2023-02-16T12:31:44","guid":{"rendered":"https:\/\/positiveprints.com\/?post_type=product&#038;p=453493"},"modified":"2026-04-28T14:28:31","modified_gmt":"2026-04-28T13:28:31","slug":"mapa-de-la-casa-de-mis-padres","status":"publish","type":"product","link":"https:\/\/positiveprints.com\/es\/producto\/mapa-de-la-casa-de-mis-padres\/","title":{"rendered":"Mapa de la casa de mis padres"},"content":{"rendered":"<p style=\"margin-top: 1rem\">\u00bfEst\u00e1s buscando un regalo original para tus padres? No busques m\u00e1s y dise\u00f1a \u201cel mapa de la casa de mis padres\u201d: un regalo \u00fanico que tus padres apreciar\u00e1n por el resto de sus d\u00edas. \u00bfPor qu\u00e9 no sorprenderlos con un regalo tan considerado? \u00a1Seguro que les encantar\u00e1!<\/p>\r\n\r\n<h2 class=\"grenB f24 cblue\" style=\"margin-top: 3rem\">Un recordatorio de todos los maravillosos recuerdos<\/h2>\r\n\r\n<p style=\"margin-top: 1rem\">El \u201cmapa de la casa de mis padres\u201d es una gran opci\u00f3n para aquellos que quieren darles a sus padres un regalo lleno de hermosos recuerdos. No cabe duda de que nuestro mapa personalizado har\u00e1 sonre\u00edr a tus padres y ser\u00e1 un bello recordatorio de todos los lugares y recuerdos que han compartido juntos. Ya que lo puedes personalizar, el mapa de la casa de mis padres podr\u00e1 reflejar su historia como familia y siempre ser\u00e1 un recordatorio especial del amor entre ustedes.<\/p>\r\n\r\n<p style=\"margin-top: 1rem\">El mapa de la casa de mis padres es el regalo perfecto para cualquier ocasi\u00f3n, ya sea el aniversario de tus padres, sus cumplea\u00f1os o simplemente para mostrarles cu\u00e1nto te importan, independientemente de si el d\u00eda es especial o no. Este mapa personalizado har\u00e1 que tus padres se sientan m\u00e1s amados y especiales, ya que les permitir\u00e1 recordar los lugares y recuerdos que han creado juntos cada vez que lo vean.<\/p>\r\n\r\n<h2 class=\"grenB f24 cblue\" style=\"margin-top: 3rem\">Crear el mapa de la casa de tus padres es f\u00e1cil y divertido<\/h2>\r\n\r\n<p style=\"margin-top: 1rem\">Si personalizar un mapa es muy f\u00e1cil y divertido, \u00a1imag\u00ednate recrear la casa de tus padres! Elige el dise\u00f1o de tu mapa, ingresa la ubicaci\u00f3n que quieras marcar y el s\u00edmbolo que quieras colocar. Si lo deseas, \u00a1tambi\u00e9n puedes escribir mensajes personales y frases c\u00e9lebres! Una vez que lo hayas personalizado por completo, podr\u00e1s elegir el tama\u00f1o y formato de impresi\u00f3n. Puedes elegir entre un p\u00f3ster, un lienzo, una obra de arte enmarcada o un archivo de descarga que puedes imprimir en alguna imprenta cercana. Tienes tantas opciones para personalizar tu mapa que puedes crear algo verdaderamente \u00fanico y significativo que sin duda apreciar\u00e1n por siempre.<\/p>\r\n\r\n\r\n\r\n<p style=\"margin-top: 3rem\">\u00a1Pide el \u201cmapa de la casa de mis padres\u201d y reg\u00e1lales un detalle especial que nunca olvidar\u00e1n!<\/p>","protected":false},"excerpt":{"rendered":"<ul class=\"check-list\">\n<li>Crea un mapa del lugar que siempre llamar\u00e1s hogar<\/li>\n<li>Marca un lugar especial con el s\u00edmbolo de tu elecci\u00f3n<\/li>\n<li>Personal\u00edzalo en tres sencillos pasos<\/li>\n<li>Incluye un texto personalizado<\/li>\n<li>Ve el resultado de inmediato: la vista previa interactiva te permite perfeccionar cada detalle<\/li>\n<\/ul>\n","protected":false},"featured_media":656686,"template":"","meta":[],"product_brand":[],"product_cat":[106,7195,5270,15060,11460],"product_tag":[15500,8760,13469],"class_list":{"0":"post-453493","1":"product","2":"type-product","3":"status-publish","4":"has-post-thumbnail","6":"product_cat-todos-los-productos","7":"product_cat-map-es","8":"product_cat-regalos-de-navidad","9":"product_cat-regalos-de-navidad-para-la-familia","10":"product_cat-regalos-de-navidad-para-los-padres","11":"product_tag-mama-y-papa","12":"product_tag-parents-es","13":"product_tag-regalos-de-navidad-para-la-familia","15":"first","16":"instock","17":"sale","18":"taxable","19":"shipping-taxable","20":"purchasable","21":"product-type-variable"},"yoast_head":"<!-- This site is optimized with the Yoast SEO Premium plugin v27.2 (Yoast SEO v27.2) - https:\/\/yoast.com\/product\/yoast-seo-premium-wordpress\/ -->\n<title>Mapa de la casa de mis padres - Positive Prints<\/title>\n<meta name=\"description\" content=\"\u00bfEst\u00e1s buscando un regalo original para tus padres? \u00a1Pide hoy mismo el \u201cmapa de la casa de mis padres\u201d y reg\u00e1lales un detalle especial y significativo que nunca olviden!\" \/>\n<meta name=\"robots\" content=\"index, follow, max-snippet:-1, max-image-preview:large, max-video-preview:-1\" \/>\n<link rel=\"canonical\" href=\"https:\/\/positiveprints.com\/es\/producto\/mapa-de-la-casa-de-mis-padres\/\" \/>\n<meta property=\"og:locale\" content=\"es_ES\" \/>\n<meta property=\"og:type\" content=\"article\" \/>\n<meta property=\"og:title\" content=\"Mapa de la casa de mis padres\" \/>\n<meta property=\"og:description\" content=\"Crea un mapa del lugar que siempre llamar\u00e1s hogar Marca un lugar especial con el s\u00edmbolo de tu elecci\u00f3n Personal\u00edzalo en tres sencillos pasos Incluye un texto personalizado Ve el resultado de inmediato: la vista previa interactiva te permite perfeccionar cada detalle\" \/>\n<meta property=\"og:url\" content=\"https:\/\/positiveprints.com\/es\/producto\/mapa-de-la-casa-de-mis-padres\/\" \/>\n<meta property=\"og:site_name\" content=\"Positive Prints\" \/>\n<meta property=\"article:publisher\" content=\"https:\/\/www.facebook.com\/positiveprintscom\" \/>\n<meta property=\"article:modified_time\" content=\"2026-04-28T13:28:31+00:00\" \/>\n<meta property=\"og:image\" content=\"https:\/\/positiveprints.com\/wp-content\/uploads\/2023\/08\/Mapa-de-la-casa-de-mis-padres-1.jpg\" \/>\n\t<meta property=\"og:image:width\" content=\"1080\" \/>\n\t<meta property=\"og:image:height\" content=\"1080\" \/>\n\t<meta property=\"og:image:type\" content=\"image\/jpeg\" \/>\n<meta name=\"twitter:card\" content=\"summary_large_image\" \/>\n<!-- \/ Yoast SEO Premium plugin. -->","yoast_head_json":{"title":"Mapa de la casa de mis padres - Positive Prints","description":"\u00bfEst\u00e1s buscando un regalo original para tus padres? \u00a1Pide hoy mismo el \u201cmapa de la casa de mis padres\u201d y reg\u00e1lales un detalle especial y significativo que nunca olviden!","robots":{"index":"index","follow":"follow","max-snippet":"max-snippet:-1","max-image-preview":"max-image-preview:large","max-video-preview":"max-video-preview:-1"},"canonical":"https:\/\/positiveprints.com\/es\/producto\/mapa-de-la-casa-de-mis-padres\/","og_locale":"es_ES","og_type":"article","og_title":"Mapa de la casa de mis padres","og_description":"Crea un mapa del lugar que siempre llamar\u00e1s hogar Marca un lugar especial con el s\u00edmbolo de tu elecci\u00f3n Personal\u00edzalo en tres sencillos pasos Incluye un texto personalizado Ve el resultado de inmediato: la vista previa interactiva te permite perfeccionar cada detalle","og_url":"https:\/\/positiveprints.com\/es\/producto\/mapa-de-la-casa-de-mis-padres\/","og_site_name":"Positive Prints","article_publisher":"https:\/\/www.facebook.com\/positiveprintscom","article_modified_time":"2026-04-28T13:28:31+00:00","og_image":[{"width":1080,"height":1080,"url":"https:\/\/positiveprints.com\/wp-content\/uploads\/2023\/08\/Mapa-de-la-casa-de-mis-padres-1.jpg","type":"image\/jpeg"}],"twitter_card":"summary_large_image","schema":{"@context":"https:\/\/schema.org","@graph":[{"@type":["WebPage","ItemPage"],"@id":"https:\/\/positiveprints.com\/es\/producto\/mapa-de-la-casa-de-mis-padres\/","url":"https:\/\/positiveprints.com\/es\/producto\/mapa-de-la-casa-de-mis-padres\/","name":"Mapa de la casa de mis padres - Positive Prints","isPartOf":{"@id":"https:\/\/positiveprints.com\/es\/#website"},"primaryImageOfPage":{"@id":"https:\/\/positiveprints.com\/es\/producto\/mapa-de-la-casa-de-mis-padres\/#primaryimage"},"image":{"@id":"https:\/\/positiveprints.com\/es\/producto\/mapa-de-la-casa-de-mis-padres\/#primaryimage"},"thumbnailUrl":"https:\/\/positiveprints.com\/wp-content\/uploads\/2023\/08\/Mapa-de-la-casa-de-mis-padres-1.jpg","datePublished":"2023-02-16T12:31:44+00:00","dateModified":"2026-04-28T13:28:31+00:00","description":"\u00bfEst\u00e1s buscando un regalo original para tus padres? \u00a1Pide hoy mismo el \u201cmapa de la casa de mis padres\u201d y reg\u00e1lales un detalle especial y significativo que nunca olviden!","breadcrumb":{"@id":"https:\/\/positiveprints.com\/es\/producto\/mapa-de-la-casa-de-mis-padres\/#breadcrumb"},"inLanguage":"es","potentialAction":[{"@type":"ReadAction","target":["https:\/\/positiveprints.com\/es\/producto\/mapa-de-la-casa-de-mis-padres\/"]}]},{"@type":"ImageObject","inLanguage":"es","@id":"https:\/\/positiveprints.com\/es\/producto\/mapa-de-la-casa-de-mis-padres\/#primaryimage","url":"https:\/\/positiveprints.com\/wp-content\/uploads\/2023\/08\/Mapa-de-la-casa-de-mis-padres-1.jpg","contentUrl":"https:\/\/positiveprints.com\/wp-content\/uploads\/2023\/08\/Mapa-de-la-casa-de-mis-padres-1.jpg","width":1080,"height":1080,"caption":"Mapa de la casa de mis padres"},{"@type":"BreadcrumbList","@id":"https:\/\/positiveprints.com\/es\/producto\/mapa-de-la-casa-de-mis-padres\/#breadcrumb","itemListElement":[{"@type":"ListItem","position":1,"name":"CASA","item":"https:\/\/positiveprints.com\/es\/"},{"@type":"ListItem","position":2,"name":"Productos","item":"https:\/\/positiveprints.com\/es\/shop\/"},{"@type":"ListItem","position":3,"name":"Mapa de la casa de mis padres"}]},{"@type":"WebSite","@id":"https:\/\/positiveprints.com\/es\/#website","url":"https:\/\/positiveprints.com\/es\/","name":"Positive Prints","description":"Custom Gifts for Special Occasions","publisher":{"@id":"https:\/\/positiveprints.com\/es\/#organization"},"potentialAction":[{"@type":"SearchAction","target":{"@type":"EntryPoint","urlTemplate":"https:\/\/positiveprints.com\/es\/?s={search_term_string}"},"query-input":{"@type":"PropertyValueSpecification","valueRequired":true,"valueName":"search_term_string"}}],"inLanguage":"es"},{"@type":"Organization","@id":"https:\/\/positiveprints.com\/es\/#organization","name":"Positive Prints","alternateName":"Positive Prints ","url":"https:\/\/positiveprints.com\/es\/","logo":{"@type":"ImageObject","inLanguage":"es","@id":"https:\/\/positiveprints.com\/es\/#\/schema\/logo\/image\/","url":"https:\/\/positiveprints.com\/wp-content\/uploads\/2026\/03\/245815646_1337939713319158_5671353136411139666_n.png","contentUrl":"https:\/\/positiveprints.com\/wp-content\/uploads\/2026\/03\/245815646_1337939713319158_5671353136411139666_n.png","width":800,"height":800,"caption":"Positive Prints"},"image":{"@id":"https:\/\/positiveprints.com\/es\/#\/schema\/logo\/image\/"},"sameAs":["https:\/\/www.facebook.com\/positiveprintscom","https:\/\/www.instagram.com\/positiveprintscom\/","https:\/\/www.tiktok.com\/@positiveprintscom","https:\/\/www.pinterest.com\/positiveprintscom\/"]}]}},"jetpack_sharing_enabled":true,"_links":{"self":[{"href":"https:\/\/positiveprints.com\/es\/wp-json\/wp\/v2\/product\/453493","targetHints":{"allow":["GET"]}}],"collection":[{"href":"https:\/\/positiveprints.com\/es\/wp-json\/wp\/v2\/product"}],"about":[{"href":"https:\/\/positiveprints.com\/es\/wp-json\/wp\/v2\/types\/product"}],"wp:featuredmedia":[{"embeddable":true,"href":"https:\/\/positiveprints.com\/es\/wp-json\/wp\/v2\/media\/656686"}],"wp:attachment":[{"href":"https:\/\/positiveprints.com\/es\/wp-json\/wp\/v2\/media?parent=453493"}],"wp:term":[{"taxonomy":"product_brand","embeddable":true,"href":"https:\/\/positiveprints.com\/es\/wp-json\/wp\/v2\/product_brand?post=453493"},{"taxonomy":"product_cat","embeddable":true,"href":"https:\/\/positiveprints.com\/es\/wp-json\/wp\/v2\/product_cat?post=453493"},{"taxonomy":"product_tag","embeddable":true,"href":"https:\/\/positiveprints.com\/es\/wp-json\/wp\/v2\/product_tag?post=453493"}],"curies":[{"name":"wp","href":"https:\/\/api.w.org\/{rel}","templated":true}]}}