{"id":453380,"date":"2023-02-15T20:55:15","date_gmt":"2023-02-15T19:55:15","guid":{"rendered":"https:\/\/positiveprints.com\/?post_type=product&#038;p=453380"},"modified":"2026-04-12T22:41:03","modified_gmt":"2026-04-12T21:41:03","slug":"la-cancion-favorita-de-papa","status":"publish","type":"product","link":"https:\/\/positiveprints.com\/es\/producto\/la-cancion-favorita-de-papa\/","title":{"rendered":"La canci\u00f3n favorita de pap\u00e1"},"content":{"rendered":"<p style=\"margin-top: 1rem\">\u00bfBuscas un regalo para pap\u00e1? Solo necesitas saber cu\u00e1l es su canci\u00f3n favorita para demostrarle cu\u00e1nto significa para ti y hacer que se sienta amado. Deja que tu amor hable mediante ondas sonoras: sin duda, har\u00e1s su d\u00eda a\u00fan m\u00e1s especial.<\/p>\n\n\n\n\n\n\n\n<h2 class=\"grenB f24 cblue\" style=\"margin-top: 3rem\">\u00bfC\u00f3mo crear \u201cla canci\u00f3n favorita de pap\u00e1\u201d?<\/h2>\n\n\n\n<p style=\"margin-top: 1rem\">El arte sonoro de la canci\u00f3n favorita de pap\u00e1 es uno de los mejores regalos que puedes darle a un pap\u00e1 en cualquier ocasi\u00f3n especial. No solo le muestras que conoces sus gustos y preferencias, sino que tambi\u00e9n le das un detalle que siempre podr\u00e1 disfrutar y recordar. Este tipo de regalos personalizados son muy especiales y significativos porque nos permiten expresar cu\u00e1nto nos importa una persona. Tambi\u00e9n sirve como una oportunidad para que los padres se vinculen con sus hijos, compartiendo recuerdos a trav\u00e9s de sus canciones favoritas.<\/p>\n\n\n\n\n\n\n\n<p style=\"margin-top: 1rem\">Para poder crear la canci\u00f3n favorita de pap\u00e1, primero debes elegir una canci\u00f3n. Pega un enlace de Spotify o carga un archivo de audio desde tu computadora. Personaliza tu dise\u00f1o agreg\u00e1ndole un mensaje y eligiendo los colores que m\u00e1s te gusten. Tu arte sonoro personalizado te llegar\u00e1 en unos pocos d\u00edas a la direcci\u00f3n que elijas y estar\u00e1 listo para colgarse en la habitaci\u00f3n que m\u00e1s te guste.<\/p>\n\n\n\n\n\n\n\n\n\n\n\n<h2 class=\"grenB f24 cblue\" style=\"margin-top: 3rem\">Aprecia a tu pap\u00e1<\/h2>\n\n\n\n<p style=\"margin-top: 1rem\">Darle regalos a nuestros pap\u00e1s es una forma significativa de mostrarles nuestro aprecio por todo lo que hacen. Ellos suelen priorizar las necesidades de sus hijos y su familia, por lo que es necesario darles la oportunidad de recibir un regalo especial a cambio. Los regalos nos dan la oportunidad de, no solo decirles cu\u00e1nto nos importan, sino tambi\u00e9n de demostrarles nuestro afecto a trav\u00e9s de algo material. Este d\u00eda del padre, o en cualquier ocasi\u00f3n especial, un regalo puede ser una excelente manera de expresar tu gratitud y admiraci\u00f3n por todo lo que hace tu pap\u00e1.<\/p>\n\n\n\n\n\n\n\n \n\n\n\n<p style=\"margin-top: 3rem\">\u201cLa canci\u00f3n favorita de pap\u00e1&#8221; es un regalo perfecto para el d\u00eda del padre, un cumplea\u00f1os, aniversarios o cualquier otra ocasi\u00f3n especial. Recuerda la canci\u00f3n favorita de tu pap\u00e1 de una manera \u00fanica y significativa que dure por la eternidad. Hazle saber cu\u00e1nto te importa y lo mucho que lo aprecias con un detalle especial. \u00a1Convierte la canci\u00f3n favorita de pap\u00e1 en una obra de arte hoy mismo!<\/p>","protected":false},"excerpt":{"rendered":"<ul class=\"check-list\">\n<li>Simplemente sube un archivo de audio<\/li>\n<li>Agrega un c\u00f3digo QR y escan\u00e9alo para agregar tu canci\u00f3n favorita<\/li>\n<li>Personal\u00edzala en tres sencillos pasos<\/li>\n<li>Elige una plantilla o pon manos a la obra<\/li>\n<\/ul>\n","protected":false},"featured_media":461103,"template":"","meta":[],"product_brand":[],"product_cat":[106,7334,5270,11451,7981,7486],"product_tag":[8559,11764],"class_list":{"0":"post-453380","1":"product","2":"type-product","3":"status-publish","4":"has-post-thumbnail","6":"product_cat-todos-los-productos","7":"product_cat-regalos-del-dia-del-padre","8":"product_cat-regalos-de-navidad","9":"product_cat-regalos-de-navidad-para-papa","10":"product_cat-regalos-para-papa","11":"product_cat-onda-sonora-es","12":"product_tag-father-es","13":"product_tag-regalos-de-navidad-para-papa","15":"first","16":"instock","17":"sale","18":"taxable","19":"shipping-taxable","20":"purchasable","21":"product-type-variable"},"yoast_head":"<!-- This site is optimized with the Yoast SEO Premium plugin v27.2 (Yoast SEO v27.2) - https:\/\/yoast.com\/product\/yoast-seo-premium-wordpress\/ -->\n<title>La canci\u00f3n favorita de pap\u00e1 - Positive Prints<\/title>\n<meta name=\"description\" content=\"\u00bfBuscas un regalo para pap\u00e1? Solo necesitas saber cu\u00e1l es su canci\u00f3n favorita para demostrarle cu\u00e1nto significa para ti y hacer que se sienta amado.\" \/>\n<meta name=\"robots\" content=\"index, follow, max-snippet:-1, max-image-preview:large, max-video-preview:-1\" \/>\n<link rel=\"canonical\" href=\"https:\/\/positiveprints.com\/es\/producto\/la-cancion-favorita-de-papa\/\" \/>\n<meta property=\"og:locale\" content=\"es_ES\" \/>\n<meta property=\"og:type\" content=\"article\" \/>\n<meta property=\"og:title\" content=\"La canci\u00f3n favorita de pap\u00e1\" \/>\n<meta property=\"og:description\" content=\"Simplemente sube un archivo de audio Agrega un c\u00f3digo QR y escan\u00e9alo para agregar tu canci\u00f3n favorita Personal\u00edzala en tres sencillos pasos Elige una plantilla o pon manos a la obra\" \/>\n<meta property=\"og:url\" content=\"https:\/\/positiveprints.com\/es\/producto\/la-cancion-favorita-de-papa\/\" \/>\n<meta property=\"og:site_name\" content=\"Positive Prints\" \/>\n<meta property=\"article:publisher\" content=\"https:\/\/www.facebook.com\/positiveprintscom\" \/>\n<meta property=\"article:modified_time\" content=\"2026-04-12T21:41:03+00:00\" \/>\n<meta property=\"og:image\" content=\"https:\/\/positiveprints.com\/wp-content\/uploads\/2023\/04\/La-cancion-favorita-de-papa.jpg\" \/>\n\t<meta property=\"og:image:width\" content=\"1080\" \/>\n\t<meta property=\"og:image:height\" content=\"1080\" \/>\n\t<meta property=\"og:image:type\" content=\"image\/jpeg\" \/>\n<meta name=\"twitter:card\" content=\"summary_large_image\" \/>\n<!-- \/ Yoast SEO Premium plugin. -->","yoast_head_json":{"title":"La canci\u00f3n favorita de pap\u00e1 - Positive Prints","description":"\u00bfBuscas un regalo para pap\u00e1? Solo necesitas saber cu\u00e1l es su canci\u00f3n favorita para demostrarle cu\u00e1nto significa para ti y hacer que se sienta amado.","robots":{"index":"index","follow":"follow","max-snippet":"max-snippet:-1","max-image-preview":"max-image-preview:large","max-video-preview":"max-video-preview:-1"},"canonical":"https:\/\/positiveprints.com\/es\/producto\/la-cancion-favorita-de-papa\/","og_locale":"es_ES","og_type":"article","og_title":"La canci\u00f3n favorita de pap\u00e1","og_description":"Simplemente sube un archivo de audio Agrega un c\u00f3digo QR y escan\u00e9alo para agregar tu canci\u00f3n favorita Personal\u00edzala en tres sencillos pasos Elige una plantilla o pon manos a la obra","og_url":"https:\/\/positiveprints.com\/es\/producto\/la-cancion-favorita-de-papa\/","og_site_name":"Positive Prints","article_publisher":"https:\/\/www.facebook.com\/positiveprintscom","article_modified_time":"2026-04-12T21:41:03+00:00","og_image":[{"width":1080,"height":1080,"url":"https:\/\/positiveprints.com\/wp-content\/uploads\/2023\/04\/La-cancion-favorita-de-papa.jpg","type":"image\/jpeg"}],"twitter_card":"summary_large_image","schema":{"@context":"https:\/\/schema.org","@graph":[{"@type":["WebPage","ItemPage"],"@id":"https:\/\/positiveprints.com\/es\/producto\/la-cancion-favorita-de-papa\/","url":"https:\/\/positiveprints.com\/es\/producto\/la-cancion-favorita-de-papa\/","name":"La canci\u00f3n favorita de pap\u00e1 - Positive Prints","isPartOf":{"@id":"https:\/\/positiveprints.com\/es\/#website"},"primaryImageOfPage":{"@id":"https:\/\/positiveprints.com\/es\/producto\/la-cancion-favorita-de-papa\/#primaryimage"},"image":{"@id":"https:\/\/positiveprints.com\/es\/producto\/la-cancion-favorita-de-papa\/#primaryimage"},"thumbnailUrl":"https:\/\/positiveprints.com\/wp-content\/uploads\/2023\/04\/La-cancion-favorita-de-papa.jpg","datePublished":"2023-02-15T19:55:15+00:00","dateModified":"2026-04-12T21:41:03+00:00","description":"\u00bfBuscas un regalo para pap\u00e1? Solo necesitas saber cu\u00e1l es su canci\u00f3n favorita para demostrarle cu\u00e1nto significa para ti y hacer que se sienta amado.","breadcrumb":{"@id":"https:\/\/positiveprints.com\/es\/producto\/la-cancion-favorita-de-papa\/#breadcrumb"},"inLanguage":"es","potentialAction":[{"@type":"ReadAction","target":["https:\/\/positiveprints.com\/es\/producto\/la-cancion-favorita-de-papa\/"]}]},{"@type":"ImageObject","inLanguage":"es","@id":"https:\/\/positiveprints.com\/es\/producto\/la-cancion-favorita-de-papa\/#primaryimage","url":"https:\/\/positiveprints.com\/wp-content\/uploads\/2023\/04\/La-cancion-favorita-de-papa.jpg","contentUrl":"https:\/\/positiveprints.com\/wp-content\/uploads\/2023\/04\/La-cancion-favorita-de-papa.jpg","width":1080,"height":1080,"caption":"La canci\u00f3n favorita de pap\u00e1"},{"@type":"BreadcrumbList","@id":"https:\/\/positiveprints.com\/es\/producto\/la-cancion-favorita-de-papa\/#breadcrumb","itemListElement":[{"@type":"ListItem","position":1,"name":"CASA","item":"https:\/\/positiveprints.com\/es\/"},{"@type":"ListItem","position":2,"name":"Productos","item":"https:\/\/positiveprints.com\/es\/shop\/"},{"@type":"ListItem","position":3,"name":"La canci\u00f3n favorita de pap\u00e1"}]},{"@type":"WebSite","@id":"https:\/\/positiveprints.com\/es\/#website","url":"https:\/\/positiveprints.com\/es\/","name":"Positive Prints","description":"Custom Gifts for Special Occasions","publisher":{"@id":"https:\/\/positiveprints.com\/es\/#organization"},"potentialAction":[{"@type":"SearchAction","target":{"@type":"EntryPoint","urlTemplate":"https:\/\/positiveprints.com\/es\/?s={search_term_string}"},"query-input":{"@type":"PropertyValueSpecification","valueRequired":true,"valueName":"search_term_string"}}],"inLanguage":"es"},{"@type":"Organization","@id":"https:\/\/positiveprints.com\/es\/#organization","name":"Positive Prints","alternateName":"Positive Prints","url":"https:\/\/positiveprints.com\/es\/","logo":{"@type":"ImageObject","inLanguage":"es","@id":"https:\/\/positiveprints.com\/es\/#\/schema\/logo\/image\/","url":"https:\/\/positiveprints.com\/wp-content\/uploads\/2026\/03\/245815646_1337939713319158_5671353136411139666_n.png","contentUrl":"https:\/\/positiveprints.com\/wp-content\/uploads\/2026\/03\/245815646_1337939713319158_5671353136411139666_n.png","width":800,"height":800,"caption":"Positive Prints"},"image":{"@id":"https:\/\/positiveprints.com\/es\/#\/schema\/logo\/image\/"},"sameAs":["https:\/\/www.facebook.com\/positiveprintscom","https:\/\/www.instagram.com\/positiveprintscom\/","https:\/\/www.tiktok.com\/@positiveprintscom","https:\/\/www.pinterest.com\/positiveprintscom\/"]}]}},"jetpack_sharing_enabled":true,"_links":{"self":[{"href":"https:\/\/positiveprints.com\/es\/wp-json\/wp\/v2\/product\/453380","targetHints":{"allow":["GET"]}}],"collection":[{"href":"https:\/\/positiveprints.com\/es\/wp-json\/wp\/v2\/product"}],"about":[{"href":"https:\/\/positiveprints.com\/es\/wp-json\/wp\/v2\/types\/product"}],"wp:featuredmedia":[{"embeddable":true,"href":"https:\/\/positiveprints.com\/es\/wp-json\/wp\/v2\/media\/461103"}],"wp:attachment":[{"href":"https:\/\/positiveprints.com\/es\/wp-json\/wp\/v2\/media?parent=453380"}],"wp:term":[{"taxonomy":"product_brand","embeddable":true,"href":"https:\/\/positiveprints.com\/es\/wp-json\/wp\/v2\/product_brand?post=453380"},{"taxonomy":"product_cat","embeddable":true,"href":"https:\/\/positiveprints.com\/es\/wp-json\/wp\/v2\/product_cat?post=453380"},{"taxonomy":"product_tag","embeddable":true,"href":"https:\/\/positiveprints.com\/es\/wp-json\/wp\/v2\/product_tag?post=453380"}],"curies":[{"name":"wp","href":"https:\/\/api.w.org\/{rel}","templated":true}]}}