{"id":453331,"date":"2023-04-06T11:56:11","date_gmt":"2023-04-06T09:56:11","guid":{"rendered":"https:\/\/positiveprints.com\/?post_type=product&#038;p=453331"},"modified":"2026-04-03T03:19:30","modified_gmt":"2026-04-03T02:19:30","slug":"mapa-doble-para-papa","status":"publish","type":"product","link":"https:\/\/positiveprints.com\/es\/producto\/mapa-doble-para-papa\/","title":{"rendered":"Mapa doble para pap\u00e1"},"content":{"rendered":"<p style=\"margin-top: 1rem\"><\/p>\r\n<h2 class=\"grenB f24 cblue\" style=\"margin-top: 3rem\"><\/h2>\r\n\r\n<p style=\"margin-top: 1rem\">\u00bfEst\u00e1s buscando el regalo perfecto para pap\u00e1? \u00a1No busques m\u00e1s y elige nuestro mapa doble para pap\u00e1! Esta obra de arte personalizada es un detalle lleno de significado y sentimientos que sin duda le encantar\u00e1 a tu padre. Personal\u00edzalo con la ubicaci\u00f3n de todos sus hijos en un mapa para que sea un detalle a\u00fan m\u00e1s especial y \u00fanico. \u00a1Este regalo es una excelente manera de honrar a pap\u00e1 y mostrarle cu\u00e1nto significa para ti, ya sea este d\u00eda del padre o en su pr\u00f3ximo cumplea\u00f1os! El mapa doble para pap\u00e1 es un regalo \u00fanico que no debe faltar en su d\u00eda especial.<\/p>\r\n\r\n\r\n\r\n<h2 class=\"grenB f24 cblue\" style=\"margin-top: 3rem\">Mapa doble personalizado para pap\u00e1<\/h2>\r\n\r\n<p style=\"margin-top: 1rem\">Ning\u00fan padre puede ser reemplazado porque no hay palabras para definir la hermosa labor de un padre. Ha sido un pilar de fortaleza en sus vidas, apoy\u00e1ndolos en los momentos m\u00e1s felices y en los m\u00e1s dif\u00edciles. Es justo que se merezca algo s\u00faper especial en su cumplea\u00f1os o el d\u00eda del padre. Ya sea un regalo que pueda presumir o una tarjeta con un mensaje personal, pap\u00e1 merece saber cu\u00e1nto lo quieres. Hazle saber cu\u00e1nto te importa y agrad\u00e9cele todo lo que ha hecho por ti. Este d\u00eda del padre, \u00a1grita a los cuatro vientos cu\u00e1nto lo amas!<\/p>\r\n\r\n<p style=\"margin-top: 1rem\">Crea un regalo personalizado y lleno de sentimientos con nuestro \u201cmapa doble para pap\u00e1\u201d. Elige la ubicaci\u00f3n de cada uno de sus hijos o cualquier otra ubicaci\u00f3n que tambi\u00e9n sea especial para \u00e9l. Selecciona los colores que m\u00e1s le gusten y ponle tu toque personal con un mensaje lleno de amor. \u00a1No podr\u00e1 dejar de verlo! Hazle saber lo mucho que significa para ti y aseg\u00farate de que su cumplea\u00f1os o este pr\u00f3ximo d\u00eda del padre sea realmente especial. Dale un \u201cmapa doble para pap\u00e1\u201d: el regalo perfecto que nunca podr\u00e1 olvidar.<\/p>\r\n\r\n\r\n<h2 class=\"grenB f24 cblue\" style=\"margin-top: 3rem\">Razones por los que pap\u00e1 merece el mejor regalo<\/h2>\r\n\r\n<p style=\"margin-top: 1rem\">Cada pap\u00e1 es \u00fanico y merece que lo celebren. Desde el principio, ha estado ah\u00ed para ti, anim\u00e1ndote a lo largo del camino de la vida. Pap\u00e1 siempre pone a los dem\u00e1s primero, as\u00ed que es hora de poner a pap\u00e1 en un pedestal este d\u00eda del padre. Dale a pap\u00e1 algo de lo que pueda presumir, como un reloj elegante o una obra de arte solo para \u00e9l.<\/p>\r\n\r\n<p style=\"margin-top: 1rem\">\u00a1Mu\u00e9strale a pap\u00e1 cu\u00e1nto te importa d\u00e1ndole el regalo perfecto! Este detalle \u00fanico sin duda le muestra tu aprecio y gratitud por todo lo que ha hecho. Hazle saber a pap\u00e1 que su arduo trabajo, dedicaci\u00f3n y amor no han pasado desapercibidos. Se merece algo especial este d\u00eda del padre. Hazlo sonre\u00edr con un regalo significativo. \u00a1Lo apreciar\u00e1 y atesorar\u00e1 por el resto de sus d\u00edas!<\/p>\r\n\r\n\r\n<p style=\"margin-top: 3rem\">Es hora de mostrarle a pap\u00e1 cu\u00e1nto aprecias todo lo que hace. Este d\u00eda del padre, o el d\u00eda de su cumplea\u00f1os, reg\u00e1lale algo que atesore para siempre. Nuestro \u201cmapa doble para pap\u00e1\u201d es la manera perfecta de hacerle homenaje a pap\u00e1 y mostrarle cu\u00e1nto te importa. \u00a1Crea algo significativo y personal que seguro le encantar\u00e1! No tiene que ser solo el d\u00eda del padre: en su cumplea\u00f1os reg\u00e1lale un mapa doble para pap\u00e1. Mu\u00e9strale a pap\u00e1 cu\u00e1nto aprecias todo lo que ha hecho con un regalo especial y significativo. \u00a1Se lo merece!<\/p>","protected":false},"excerpt":{"rendered":"<ul class=\"check-list\">\n<li>Captura la esencia de dos lugares especiales con nuestro mapa personalizado<\/li>\n<li>Marca los dos lugares con los s\u00edmbolos de tu elecci\u00f3n<\/li>\n<li>Usa nuestro editor para personalizar tu dise\u00f1o en apenas tres pasos<\/li>\n<li>A\u00f1ade un mensaje personalizado para que\u00a0tu dise\u00f1o sea \u00fanico y especial<\/li>\n<li>Visualiza tu dise\u00f1o de forma r\u00e1pida usando la vista previa interactiva<\/li>\n<\/ul>\n","protected":false},"featured_media":1475745,"template":"","meta":[],"product_brand":[],"product_cat":[9117,106,7981],"product_tag":[8559],"class_list":{"0":"post-453331","1":"product","2":"type-product","3":"status-publish","4":"has-post-thumbnail","6":"product_cat-double-maps-es","7":"product_cat-todos-los-productos","8":"product_cat-regalos-para-papa","9":"product_tag-father-es","11":"first","12":"instock","13":"sale","14":"taxable","15":"shipping-taxable","16":"purchasable","17":"product-type-variable"},"yoast_head":"<!-- This site is optimized with the Yoast SEO Premium plugin v27.2 (Yoast SEO v27.2) - https:\/\/yoast.com\/product\/yoast-seo-premium-wordpress\/ -->\n<title>Mapa doble para pap\u00e1 - Positive Prints<\/title>\n<meta name=\"description\" content=\"En su cumplea\u00f1os o en el del padre, \u00a1el detalle perfecto para pap\u00e1! Le va encantar.\" \/>\n<meta name=\"robots\" content=\"index, follow, max-snippet:-1, max-image-preview:large, max-video-preview:-1\" \/>\n<link rel=\"canonical\" href=\"https:\/\/positiveprints.com\/es\/producto\/mapa-doble-para-papa\/\" \/>\n<meta property=\"og:locale\" content=\"es_ES\" \/>\n<meta property=\"og:type\" content=\"article\" \/>\n<meta property=\"og:title\" content=\"Mapa doble para pap\u00e1\" \/>\n<meta property=\"og:description\" content=\"Captura la esencia de dos lugares especiales con nuestro mapa personalizado Marca los dos lugares con los s\u00edmbolos de tu elecci\u00f3n Usa nuestro editor para personalizar tu dise\u00f1o en apenas tres pasos A\u00f1ade un mensaje personalizado para que\u00a0tu dise\u00f1o sea \u00fanico y especial Visualiza tu dise\u00f1o de forma r\u00e1pida usando la vista previa interactiva\" \/>\n<meta property=\"og:url\" content=\"https:\/\/positiveprints.com\/es\/producto\/mapa-doble-para-papa\/\" \/>\n<meta property=\"og:site_name\" content=\"Positive Prints\" \/>\n<meta property=\"article:publisher\" content=\"https:\/\/www.facebook.com\/positiveprintscom\" \/>\n<meta property=\"article:modified_time\" content=\"2026-04-03T02:19:30+00:00\" \/>\n<meta property=\"og:image\" content=\"https:\/\/positiveprints.com\/wp-content\/uploads\/2023\/04\/Mapa-doble-para-papa.jpg\" \/>\n\t<meta property=\"og:image:width\" content=\"1080\" \/>\n\t<meta property=\"og:image:height\" content=\"1080\" \/>\n\t<meta property=\"og:image:type\" content=\"image\/jpeg\" \/>\n<meta name=\"twitter:card\" content=\"summary_large_image\" \/>\n<meta name=\"twitter:label1\" content=\"Tiempo de lectura\" \/>\n\t<meta name=\"twitter:data1\" content=\"3 minutos\" \/>\n<!-- \/ Yoast SEO Premium plugin. -->","yoast_head_json":{"title":"Mapa doble para pap\u00e1 - Positive Prints","description":"En su cumplea\u00f1os o en el del padre, \u00a1el detalle perfecto para pap\u00e1! Le va encantar.","robots":{"index":"index","follow":"follow","max-snippet":"max-snippet:-1","max-image-preview":"max-image-preview:large","max-video-preview":"max-video-preview:-1"},"canonical":"https:\/\/positiveprints.com\/es\/producto\/mapa-doble-para-papa\/","og_locale":"es_ES","og_type":"article","og_title":"Mapa doble para pap\u00e1","og_description":"Captura la esencia de dos lugares especiales con nuestro mapa personalizado Marca los dos lugares con los s\u00edmbolos de tu elecci\u00f3n Usa nuestro editor para personalizar tu dise\u00f1o en apenas tres pasos A\u00f1ade un mensaje personalizado para que\u00a0tu dise\u00f1o sea \u00fanico y especial Visualiza tu dise\u00f1o de forma r\u00e1pida usando la vista previa interactiva","og_url":"https:\/\/positiveprints.com\/es\/producto\/mapa-doble-para-papa\/","og_site_name":"Positive Prints","article_publisher":"https:\/\/www.facebook.com\/positiveprintscom","article_modified_time":"2026-04-03T02:19:30+00:00","og_image":[{"width":1080,"height":1080,"url":"https:\/\/positiveprints.com\/wp-content\/uploads\/2023\/04\/Mapa-doble-para-papa.jpg","type":"image\/jpeg"}],"twitter_card":"summary_large_image","twitter_misc":{"Tiempo de lectura":"3 minutos"},"schema":{"@context":"https:\/\/schema.org","@graph":[{"@type":["WebPage","ItemPage"],"@id":"https:\/\/positiveprints.com\/es\/producto\/mapa-doble-para-papa\/","url":"https:\/\/positiveprints.com\/es\/producto\/mapa-doble-para-papa\/","name":"Mapa doble para pap\u00e1 - Positive Prints","isPartOf":{"@id":"https:\/\/positiveprints.com\/es\/#website"},"primaryImageOfPage":{"@id":"https:\/\/positiveprints.com\/es\/producto\/mapa-doble-para-papa\/#primaryimage"},"image":{"@id":"https:\/\/positiveprints.com\/es\/producto\/mapa-doble-para-papa\/#primaryimage"},"thumbnailUrl":"https:\/\/positiveprints.com\/wp-content\/uploads\/2025\/07\/Packshot_ES_Mapa-doble-para-papa\u0301.webp","datePublished":"2023-04-06T09:56:11+00:00","dateModified":"2026-04-03T02:19:30+00:00","description":"En su cumplea\u00f1os o en el del padre, \u00a1el detalle perfecto para pap\u00e1! Le va encantar.","breadcrumb":{"@id":"https:\/\/positiveprints.com\/es\/producto\/mapa-doble-para-papa\/#breadcrumb"},"inLanguage":"es","potentialAction":[{"@type":"ReadAction","target":["https:\/\/positiveprints.com\/es\/producto\/mapa-doble-para-papa\/"]}]},{"@type":"ImageObject","inLanguage":"es","@id":"https:\/\/positiveprints.com\/es\/producto\/mapa-doble-para-papa\/#primaryimage","url":"https:\/\/positiveprints.com\/wp-content\/uploads\/2025\/07\/Packshot_ES_Mapa-doble-para-papa\u0301.webp","contentUrl":"https:\/\/positiveprints.com\/wp-content\/uploads\/2025\/07\/Packshot_ES_Mapa-doble-para-papa\u0301.webp","width":1450,"height":1450,"caption":"Packshot_ES_Mapa doble para papa\u0301"},{"@type":"BreadcrumbList","@id":"https:\/\/positiveprints.com\/es\/producto\/mapa-doble-para-papa\/#breadcrumb","itemListElement":[{"@type":"ListItem","position":1,"name":"CASA","item":"https:\/\/positiveprints.com\/es\/"},{"@type":"ListItem","position":2,"name":"Productos","item":"https:\/\/positiveprints.com\/es\/shop\/"},{"@type":"ListItem","position":3,"name":"Mapa doble para pap\u00e1"}]},{"@type":"WebSite","@id":"https:\/\/positiveprints.com\/es\/#website","url":"https:\/\/positiveprints.com\/es\/","name":"Positive Prints","description":"Custom Gifts for Special Occasions","publisher":{"@id":"https:\/\/positiveprints.com\/es\/#organization"},"potentialAction":[{"@type":"SearchAction","target":{"@type":"EntryPoint","urlTemplate":"https:\/\/positiveprints.com\/es\/?s={search_term_string}"},"query-input":{"@type":"PropertyValueSpecification","valueRequired":true,"valueName":"search_term_string"}}],"inLanguage":"es"},{"@type":"Organization","@id":"https:\/\/positiveprints.com\/es\/#organization","name":"Positive Prints","alternateName":"Positive Prints","url":"https:\/\/positiveprints.com\/es\/","logo":{"@type":"ImageObject","inLanguage":"es","@id":"https:\/\/positiveprints.com\/es\/#\/schema\/logo\/image\/","url":"https:\/\/positiveprints.com\/wp-content\/uploads\/2026\/03\/245815646_1337939713319158_5671353136411139666_n.png","contentUrl":"https:\/\/positiveprints.com\/wp-content\/uploads\/2026\/03\/245815646_1337939713319158_5671353136411139666_n.png","width":800,"height":800,"caption":"Positive Prints"},"image":{"@id":"https:\/\/positiveprints.com\/es\/#\/schema\/logo\/image\/"},"sameAs":["https:\/\/www.facebook.com\/positiveprintscom","https:\/\/www.instagram.com\/positiveprintscom\/","https:\/\/www.tiktok.com\/@positiveprintscom","https:\/\/www.pinterest.com\/positiveprintscom\/"]}]}},"jetpack_sharing_enabled":true,"_links":{"self":[{"href":"https:\/\/positiveprints.com\/es\/wp-json\/wp\/v2\/product\/453331","targetHints":{"allow":["GET"]}}],"collection":[{"href":"https:\/\/positiveprints.com\/es\/wp-json\/wp\/v2\/product"}],"about":[{"href":"https:\/\/positiveprints.com\/es\/wp-json\/wp\/v2\/types\/product"}],"wp:featuredmedia":[{"embeddable":true,"href":"https:\/\/positiveprints.com\/es\/wp-json\/wp\/v2\/media\/1475745"}],"wp:attachment":[{"href":"https:\/\/positiveprints.com\/es\/wp-json\/wp\/v2\/media?parent=453331"}],"wp:term":[{"taxonomy":"product_brand","embeddable":true,"href":"https:\/\/positiveprints.com\/es\/wp-json\/wp\/v2\/product_brand?post=453331"},{"taxonomy":"product_cat","embeddable":true,"href":"https:\/\/positiveprints.com\/es\/wp-json\/wp\/v2\/product_cat?post=453331"},{"taxonomy":"product_tag","embeddable":true,"href":"https:\/\/positiveprints.com\/es\/wp-json\/wp\/v2\/product_tag?post=453331"}],"curies":[{"name":"wp","href":"https:\/\/api.w.org\/{rel}","templated":true}]}}