{"id":453147,"date":"2023-02-14T10:27:27","date_gmt":"2023-02-14T09:27:27","guid":{"rendered":"https:\/\/positiveprints.com\/?post_type=product&#038;p=453147"},"modified":"2026-04-12T22:41:13","modified_gmt":"2026-04-12T21:41:13","slug":"el-dia-que-se-convirtieron-en-abuelos","status":"publish","type":"product","link":"https:\/\/positiveprints.com\/es\/producto\/el-dia-que-se-convirtieron-en-abuelos\/","title":{"rendered":"El d\u00eda que se convirtieron en abuelos"},"content":{"rendered":"<p style=\"margin-top: 1rem\">\u00bfEst\u00e1s buscando el regalo perfecto para los abuelos? \u00a1Ya no busques m\u00e1s! Esta obra de arte personalizada captura el cielo nocturno del d\u00eda que se convirtieron en abuelos. \u00a1Este regalo es tan especial que sin duda les mostrar\u00e1 a tus abuelos cu\u00e1nto significan para ti!<\/p>\r\n\r\n\r\n\r\n<h2 class=\"grenB f24 cblue\" style=\"margin-top: 3rem\">Arte personalizado del d\u00eda que se convirtieron en abuelos<\/h2>\r\n\r\n\r\n<p style=\"margin-top: 1rem\">Este detalle personalizado es la manera perfecta de mostrarles a tus abuelos cu\u00e1nto los amas y aprecias. Las estrellas se alinear\u00e1n como lo estaban el d\u00eda en que te convertiste en una bendici\u00f3n. Este p\u00f3ster o lienzo se convertir\u00e1 en un duradero recuerdo que tus abuelos pueden exhibir con orgullo en su hogar.<\/p>\r\n\r\n\r\n\r\n<p style=\"margin-top: 1rem\">Primero, escoge una fecha y la ubicaci\u00f3n que desees colocar en tu mapa. Luego, elige entre una gama de impresionantes dise\u00f1os o juega con los colores de nuestro editor para crear el dise\u00f1o perfecto. Tambi\u00e9n puedes agregar un texto personal para hacer que este regalo sea a\u00fan m\u00e1s especial y significativo.<\/p>\r\n\r\n\r\n\r\n<p style=\"margin-top: 1rem\">Esta hermosa obra de arte se puede personalizar con la fecha que elijas, convirti\u00e9ndola en un regalo verdaderamente \u00fanico y personal para tus abuelos. Tienes diversos tama\u00f1os de donde elegir para que tus abuelos puedan poner tu regalo en cualquier pared.<\/p>\r\n\r\n<h2 class=\"grenB f24 cblue\" style=\"margin-top: 3rem\">Un regalo especial que durar\u00e1 por siempre<\/h2>\r\n\r\n\r\n<p style=\"margin-top: 1rem\">Tus abuelos atesorar\u00e1n tu regalo por mucho, mucho tiempo. Cada vez que vean el cielo nocturno retratado en su pared, recordar\u00e1n ese d\u00eda especial que todo cambi\u00f3 y podr\u00e1n darse cuenta de todo el amor que les tienes.<\/p>\r\n\r\n\r\n\r\n<p style=\"margin-top: 1rem\">Podr\u00e1s ver una sonrisa dibujada en el rostro de tus abuelos cada vez que vean tu regalo, porque es la manera perfecta de mostrarles tu amor y aprecio.<\/p>\r\n\r\n\r\n\r\n<p style=\"margin-top: 3rem\">\u00a1Haz que tus abuelos compartan esta hermosa obra de arte con todo el mundo! Este detalle \u00fanico y personalizado les permitir\u00e1 a tus abuelos sentirse especiales y queridos. \u201cEl d\u00eda que se convirtieron en abuelos\u201d es el mejor regalo para que ellos puedan disfrutar de un regalo que nunca caduca.<\/p>","protected":false},"excerpt":{"rendered":"<ul class=\"check-list\">\n<li>Captura la magia con un mapa estelar personalizado que recrea el cielo nocturno, y aprecia ese recuerdo por siempre<\/li>\n<li>Agrega planetas, constelaciones y la V\u00eda L\u00e1ctea<\/li>\n<li>Personal\u00edzalo en tres sencillos pasos<\/li>\n<li>Incluye un texto personalizado<\/li>\n<li>Ve el resultado de inmediato: la vista previa interactiva te permite perfeccionar cada detalle<\/li>\n<\/ul>\n","protected":false},"featured_media":1337657,"template":"","meta":[],"product_brand":[],"product_cat":[8997,3117,106],"product_tag":[8682,15699,15711],"class_list":{"0":"post-453147","1":"product","2":"type-product","3":"status-publish","4":"has-post-thumbnail","6":"product_cat-dia-de-los-abuelos","7":"product_cat-star-es-2","8":"product_cat-todos-los-productos","9":"product_tag-grandparents-es","10":"product_tag-regalo-para-los-abuelos","11":"product_tag-regalos-para-los-abuelos","13":"first","14":"instock","15":"sale","16":"taxable","17":"shipping-taxable","18":"purchasable","19":"product-type-variable"},"yoast_head":"<!-- This site is optimized with the Yoast SEO Premium plugin v27.2 (Yoast SEO v27.2) - https:\/\/yoast.com\/product\/yoast-seo-premium-wordpress\/ -->\n<title>El d\u00eda que se convirtieron en abuelos - Positive Prints<\/title>\n<meta name=\"description\" content=\"\u00bfEst\u00e1s buscando un regalo para los abuelos? \u00a1Ya no busques m\u00e1s! Esta obra de arte personalizada captura el cielo nocturno del d\u00eda que se convirtieron en abuelos.\" \/>\n<meta name=\"robots\" content=\"index, follow, max-snippet:-1, max-image-preview:large, max-video-preview:-1\" \/>\n<link rel=\"canonical\" href=\"https:\/\/positiveprints.com\/es\/producto\/el-dia-que-se-convirtieron-en-abuelos\/\" \/>\n<meta property=\"og:locale\" content=\"es_ES\" \/>\n<meta property=\"og:type\" content=\"article\" \/>\n<meta property=\"og:title\" content=\"El d\u00eda que se convirtieron en abuelos\" \/>\n<meta property=\"og:description\" content=\"Captura la magia con un mapa estelar personalizado que recrea el cielo nocturno, y aprecia ese recuerdo por siempre Agrega planetas, constelaciones y la V\u00eda L\u00e1ctea Personal\u00edzalo en tres sencillos pasos Incluye un texto personalizado Ve el resultado de inmediato: la vista previa interactiva te permite perfeccionar cada detalle\" \/>\n<meta property=\"og:url\" content=\"https:\/\/positiveprints.com\/es\/producto\/el-dia-que-se-convirtieron-en-abuelos\/\" \/>\n<meta property=\"og:site_name\" content=\"Positive Prints\" \/>\n<meta property=\"article:publisher\" content=\"https:\/\/www.facebook.com\/positiveprintscom\" \/>\n<meta property=\"article:modified_time\" content=\"2026-04-12T21:41:13+00:00\" \/>\n<meta property=\"og:image\" content=\"https:\/\/positiveprints.com\/wp-content\/uploads\/2025\/01\/El-di\u0301a-que-se-convirtieron-en-abuelos-1.webp\" \/>\n\t<meta property=\"og:image:width\" content=\"1450\" \/>\n\t<meta property=\"og:image:height\" content=\"1450\" \/>\n\t<meta property=\"og:image:type\" content=\"image\/webp\" \/>\n<meta name=\"twitter:card\" content=\"summary_large_image\" \/>\n<meta name=\"twitter:label1\" content=\"Tiempo de lectura\" \/>\n\t<meta name=\"twitter:data1\" content=\"2 minutos\" \/>\n<!-- \/ Yoast SEO Premium plugin. -->","yoast_head_json":{"title":"El d\u00eda que se convirtieron en abuelos - Positive Prints","description":"\u00bfEst\u00e1s buscando un regalo para los abuelos? \u00a1Ya no busques m\u00e1s! Esta obra de arte personalizada captura el cielo nocturno del d\u00eda que se convirtieron en abuelos.","robots":{"index":"index","follow":"follow","max-snippet":"max-snippet:-1","max-image-preview":"max-image-preview:large","max-video-preview":"max-video-preview:-1"},"canonical":"https:\/\/positiveprints.com\/es\/producto\/el-dia-que-se-convirtieron-en-abuelos\/","og_locale":"es_ES","og_type":"article","og_title":"El d\u00eda que se convirtieron en abuelos","og_description":"Captura la magia con un mapa estelar personalizado que recrea el cielo nocturno, y aprecia ese recuerdo por siempre Agrega planetas, constelaciones y la V\u00eda L\u00e1ctea Personal\u00edzalo en tres sencillos pasos Incluye un texto personalizado Ve el resultado de inmediato: la vista previa interactiva te permite perfeccionar cada detalle","og_url":"https:\/\/positiveprints.com\/es\/producto\/el-dia-que-se-convirtieron-en-abuelos\/","og_site_name":"Positive Prints","article_publisher":"https:\/\/www.facebook.com\/positiveprintscom","article_modified_time":"2026-04-12T21:41:13+00:00","og_image":[{"width":1450,"height":1450,"url":"https:\/\/positiveprints.com\/wp-content\/uploads\/2025\/01\/El-di\u0301a-que-se-convirtieron-en-abuelos-1.webp","type":"image\/webp"}],"twitter_card":"summary_large_image","twitter_misc":{"Tiempo de lectura":"2 minutos"},"schema":{"@context":"https:\/\/schema.org","@graph":[{"@type":["WebPage","ItemPage"],"@id":"https:\/\/positiveprints.com\/es\/producto\/el-dia-que-se-convirtieron-en-abuelos\/","url":"https:\/\/positiveprints.com\/es\/producto\/el-dia-que-se-convirtieron-en-abuelos\/","name":"El d\u00eda que se convirtieron en abuelos - Positive Prints","isPartOf":{"@id":"https:\/\/positiveprints.com\/es\/#website"},"primaryImageOfPage":{"@id":"https:\/\/positiveprints.com\/es\/producto\/el-dia-que-se-convirtieron-en-abuelos\/#primaryimage"},"image":{"@id":"https:\/\/positiveprints.com\/es\/producto\/el-dia-que-se-convirtieron-en-abuelos\/#primaryimage"},"thumbnailUrl":"https:\/\/positiveprints.com\/wp-content\/uploads\/2025\/01\/El-di\u0301a-que-se-convirtieron-en-abuelos-1.webp","datePublished":"2023-02-14T09:27:27+00:00","dateModified":"2026-04-12T21:41:13+00:00","description":"\u00bfEst\u00e1s buscando un regalo para los abuelos? \u00a1Ya no busques m\u00e1s! Esta obra de arte personalizada captura el cielo nocturno del d\u00eda que se convirtieron en abuelos.","breadcrumb":{"@id":"https:\/\/positiveprints.com\/es\/producto\/el-dia-que-se-convirtieron-en-abuelos\/#breadcrumb"},"inLanguage":"es","potentialAction":[{"@type":"ReadAction","target":["https:\/\/positiveprints.com\/es\/producto\/el-dia-que-se-convirtieron-en-abuelos\/"]}]},{"@type":"ImageObject","inLanguage":"es","@id":"https:\/\/positiveprints.com\/es\/producto\/el-dia-que-se-convirtieron-en-abuelos\/#primaryimage","url":"https:\/\/positiveprints.com\/wp-content\/uploads\/2025\/01\/El-di\u0301a-que-se-convirtieron-en-abuelos-1.webp","contentUrl":"https:\/\/positiveprints.com\/wp-content\/uploads\/2025\/01\/El-di\u0301a-que-se-convirtieron-en-abuelos-1.webp","width":1450,"height":1450,"caption":"El di\u0301a que se convirtieron en abuelos 1"},{"@type":"BreadcrumbList","@id":"https:\/\/positiveprints.com\/es\/producto\/el-dia-que-se-convirtieron-en-abuelos\/#breadcrumb","itemListElement":[{"@type":"ListItem","position":1,"name":"CASA","item":"https:\/\/positiveprints.com\/es\/"},{"@type":"ListItem","position":2,"name":"Productos","item":"https:\/\/positiveprints.com\/es\/shop\/"},{"@type":"ListItem","position":3,"name":"El d\u00eda que se convirtieron en abuelos"}]},{"@type":"WebSite","@id":"https:\/\/positiveprints.com\/es\/#website","url":"https:\/\/positiveprints.com\/es\/","name":"Positive Prints","description":"Custom Gifts for Special Occasions","publisher":{"@id":"https:\/\/positiveprints.com\/es\/#organization"},"potentialAction":[{"@type":"SearchAction","target":{"@type":"EntryPoint","urlTemplate":"https:\/\/positiveprints.com\/es\/?s={search_term_string}"},"query-input":{"@type":"PropertyValueSpecification","valueRequired":true,"valueName":"search_term_string"}}],"inLanguage":"es"},{"@type":"Organization","@id":"https:\/\/positiveprints.com\/es\/#organization","name":"Positive Prints","alternateName":"Positive Prints","url":"https:\/\/positiveprints.com\/es\/","logo":{"@type":"ImageObject","inLanguage":"es","@id":"https:\/\/positiveprints.com\/es\/#\/schema\/logo\/image\/","url":"https:\/\/positiveprints.com\/wp-content\/uploads\/2026\/03\/245815646_1337939713319158_5671353136411139666_n.png","contentUrl":"https:\/\/positiveprints.com\/wp-content\/uploads\/2026\/03\/245815646_1337939713319158_5671353136411139666_n.png","width":800,"height":800,"caption":"Positive Prints"},"image":{"@id":"https:\/\/positiveprints.com\/es\/#\/schema\/logo\/image\/"},"sameAs":["https:\/\/www.facebook.com\/positiveprintscom","https:\/\/www.instagram.com\/positiveprintscom\/","https:\/\/www.tiktok.com\/@positiveprintscom","https:\/\/www.pinterest.com\/positiveprintscom\/"]}]}},"jetpack_sharing_enabled":true,"_links":{"self":[{"href":"https:\/\/positiveprints.com\/es\/wp-json\/wp\/v2\/product\/453147","targetHints":{"allow":["GET"]}}],"collection":[{"href":"https:\/\/positiveprints.com\/es\/wp-json\/wp\/v2\/product"}],"about":[{"href":"https:\/\/positiveprints.com\/es\/wp-json\/wp\/v2\/types\/product"}],"wp:featuredmedia":[{"embeddable":true,"href":"https:\/\/positiveprints.com\/es\/wp-json\/wp\/v2\/media\/1337657"}],"wp:attachment":[{"href":"https:\/\/positiveprints.com\/es\/wp-json\/wp\/v2\/media?parent=453147"}],"wp:term":[{"taxonomy":"product_brand","embeddable":true,"href":"https:\/\/positiveprints.com\/es\/wp-json\/wp\/v2\/product_brand?post=453147"},{"taxonomy":"product_cat","embeddable":true,"href":"https:\/\/positiveprints.com\/es\/wp-json\/wp\/v2\/product_cat?post=453147"},{"taxonomy":"product_tag","embeddable":true,"href":"https:\/\/positiveprints.com\/es\/wp-json\/wp\/v2\/product_tag?post=453147"}],"curies":[{"name":"wp","href":"https:\/\/api.w.org\/{rel}","templated":true}]}}