{"id":453074,"date":"2023-02-13T11:58:04","date_gmt":"2023-04-05T15:11:33","guid":{"rendered":"https:\/\/positiveprints.com\/?post_type=product&#038;p=453074"},"modified":"2026-04-18T06:14:34","modified_gmt":"2026-04-18T05:14:34","slug":"el-dia-que-nacio-la-mejor-mama","status":"publish","type":"product","link":"https:\/\/positiveprints.com\/es\/producto\/el-dia-que-nacio-la-mejor-mama\/","title":{"rendered":"El d\u00eda que naci\u00f3 la mejor mam\u00e1"},"content":{"rendered":"<p style=\"margin-top: 1rem\">\u00bfEst\u00e1s buscando el regalo perfecto para celebrar el d\u00eda de las madres o el cumplea\u00f1os de una madre especial? Adquiere \u201cel d\u00eda que naci\u00f3 la mejor mam\u00e1\u201d: un p\u00f3ster o lienzo original y personalizado que captura el cielo nocturno desde la fecha y el lugar exactos que t\u00fa eligas.<\/p>\r\n\r\n<h2 class=\"grenB f24 cblue\" style=\"margin-top: 3rem\">Arte personalizado de cuando naci\u00f3 la mejor mam\u00e1<\/h2>\r\n\r\n\r\n<p style=\"margin-top: 1rem\">Siempre que le das a tu mam\u00e1 un regalo que viene del coraz\u00f3n, ella se encarga de apreciarlo y atesorarlo, sin importar qu\u00e9. No hay una respuesta \u00fanica para determinar qu\u00e9 tipo de regalo har\u00e1 feliz a tu madre: todas tienen diferentes gustos y preferencias. Es por eso que facilitamos la personalizaci\u00f3n de tu p\u00f3ster o lienzo para que puedas crear \u201cel d\u00eda que naci\u00f3 la mejor mam\u00e1\u201d.<\/p>\r\n\r\n\r\n\r\n<p style=\"margin-top: 1rem\">Captura la fecha y la ubicaci\u00f3n que desees poner en nuestro editor y nosotros nos encargaremos de capturar perfectamente c\u00f3mo se ve\u00eda el cielo nocturno de ese d\u00eda. Puedes elegir entre colores y dise\u00f1os predefinidos, o elegir los colores que m\u00e1s te gusten. Si lo deseas, tambi\u00e9n puedes agregar un texto personal para expresarle todo tu amor y aprecio a tu madre.<\/p>\r\n\r\n\r\n\r\n<p style=\"margin-top: 1rem\">Este p\u00f3ster capturar\u00e1 un evento importante en la vida de tu madre, por lo que es un regalo perfecto para celebrar su cumplea\u00f1os o incluso el d\u00eda de las madres. Cada vez que lo mire, ella podr\u00e1 apreciar cu\u00e1nto detalle pusiste en este regalo.<\/p>\r\n\r\n\r\n\r\n<h2 class=\"grenB f24 cblue\" style=\"margin-top: 3rem\">Una forma especial de honrarla<\/h2>\r\n\r\n<p style=\"margin-top: 1rem\">Una mam\u00e1 es una de las personas m\u00e1s especiales en nuestras vidas: nos da amor, apoyo y atenci\u00f3n incondicional. Ya sea tu propia madre, que ha estado ah\u00ed para ti toda tu vida, o una nueva madre que acaba de darle la bienvenida a su peque\u00f1o tesoro, toda madre merece reconocimiento por todas las cosas incre\u00edbles que hace.<\/p>\r\n\r\n\r\n\r\n<p style=\"margin-top: 1rem\">Celebra a tu madre con el cielo nocturno de la fecha en que naci\u00f3. Es una forma especial de honrarla y mostrarle cu\u00e1nto la aprecias. Incluso tienes la opci\u00f3n de agregarle un texto a tu obra para que sea un detalle a\u00fan m\u00e1s especial. Reg\u00e1laselo en su cumplea\u00f1os, el d\u00eda de las madres o simplemente d\u00e1selo para agradecerle todo lo que ha hecho por ti. \u00a1Grita a los cuatro vientos que tu mam\u00e1 es la mejor madre del mundo con esta incre\u00edble obra de arte!<\/p>\r\n\r\n\r\n\r\n\r\n\r\n<p style=\"margin-top: 1rem\">Sin importar lo que le des a tu mam\u00e1, ella lo va a apreciar. Con \u201cel d\u00eda que naci\u00f3 la mejor mam\u00e1\u201d, podr\u00e1s mostrarle lo especial y amada a trav\u00e9s de una preciosa obra de arte que captura el cielo nocturno desde el momento en que naci\u00f3. \u00a1Sin duda sabr\u00e1 cu\u00e1nto te importa! Es la manera perfecta de hacer homenaje a la mujer m\u00e1s especial de tu vida.<\/p>","protected":false},"excerpt":{"rendered":"<ul class=\"check-list\">\n<li>Captura la magia con un mapa estelar personalizado que recrea el cielo nocturno, y aprecia ese recuerdo por siempre<\/li>\n<li>Agrega planetas, constelaciones y la V\u00eda L\u00e1ctea<\/li>\n<li>Personal\u00edzalo en tres sencillos pasos<\/li>\n<li>Incluye un texto personalizado<\/li>\n<li>Ve el resultado de inmediato: la vista previa interactiva te permite perfeccionar cada detalle<\/li>\n<\/ul>\n","protected":false},"featured_media":1346281,"template":"","meta":[],"product_brand":[],"product_cat":[106,3117],"product_tag":[8408],"class_list":{"0":"post-453074","1":"product","2":"type-product","3":"status-publish","4":"has-post-thumbnail","6":"product_cat-todos-los-productos","7":"product_cat-star-es-2","8":"product_tag-mother-es","10":"first","11":"instock","12":"sale","13":"taxable","14":"shipping-taxable","15":"purchasable","16":"product-type-variable"},"yoast_head":"<!-- This site is optimized with the Yoast SEO Premium plugin v27.2 (Yoast SEO v27.2) - https:\/\/yoast.com\/product\/yoast-seo-premium-wordpress\/ -->\n<title>El d\u00eda que naci\u00f3 la mejor mam\u00e1 - Positive Prints<\/title>\n<meta name=\"description\" content=\"\u00bfEst\u00e1s buscando el regalo perfecto para conmemorar el d\u00eda de las madres o el cumplea\u00f1os de una madre especial? \u00a1No busques m\u00e1s y adquiere \u201cel d\u00eda que naci\u00f3 la mejor mam\u00e1\u201d!\" \/>\n<meta name=\"robots\" content=\"index, follow, max-snippet:-1, max-image-preview:large, max-video-preview:-1\" \/>\n<link rel=\"canonical\" href=\"https:\/\/positiveprints.com\/es\/producto\/el-dia-que-nacio-la-mejor-mama\/\" \/>\n<meta property=\"og:locale\" content=\"es_ES\" \/>\n<meta property=\"og:type\" content=\"article\" \/>\n<meta property=\"og:title\" content=\"El d\u00eda que naci\u00f3 la mejor mam\u00e1\" \/>\n<meta property=\"og:description\" content=\"Captura la magia con un mapa estelar personalizado que recrea el cielo nocturno, y aprecia ese recuerdo por siempre Agrega planetas, constelaciones y la V\u00eda L\u00e1ctea Personal\u00edzalo en tres sencillos pasos Incluye un texto personalizado Ve el resultado de inmediato: la vista previa interactiva te permite perfeccionar cada detalle\" \/>\n<meta property=\"og:url\" content=\"https:\/\/positiveprints.com\/es\/producto\/el-dia-que-nacio-la-mejor-mama\/\" \/>\n<meta property=\"og:site_name\" content=\"Positive Prints\" \/>\n<meta property=\"article:publisher\" content=\"https:\/\/www.facebook.com\/positiveprintscom\" \/>\n<meta property=\"article:modified_time\" content=\"2026-04-18T05:14:34+00:00\" \/>\n<meta property=\"og:image\" content=\"https:\/\/positiveprints.com\/wp-content\/uploads\/2025\/02\/El-di\u0301a-que-nacio\u0301-la-mejor-mama\u0301-1.webp\" \/>\n\t<meta property=\"og:image:width\" content=\"1450\" \/>\n\t<meta property=\"og:image:height\" content=\"1450\" \/>\n\t<meta property=\"og:image:type\" content=\"image\/webp\" \/>\n<meta name=\"twitter:card\" content=\"summary_large_image\" \/>\n<!-- \/ Yoast SEO Premium plugin. -->","yoast_head_json":{"title":"El d\u00eda que naci\u00f3 la mejor mam\u00e1 - Positive Prints","description":"\u00bfEst\u00e1s buscando el regalo perfecto para conmemorar el d\u00eda de las madres o el cumplea\u00f1os de una madre especial? \u00a1No busques m\u00e1s y adquiere \u201cel d\u00eda que naci\u00f3 la mejor mam\u00e1\u201d!","robots":{"index":"index","follow":"follow","max-snippet":"max-snippet:-1","max-image-preview":"max-image-preview:large","max-video-preview":"max-video-preview:-1"},"canonical":"https:\/\/positiveprints.com\/es\/producto\/el-dia-que-nacio-la-mejor-mama\/","og_locale":"es_ES","og_type":"article","og_title":"El d\u00eda que naci\u00f3 la mejor mam\u00e1","og_description":"Captura la magia con un mapa estelar personalizado que recrea el cielo nocturno, y aprecia ese recuerdo por siempre Agrega planetas, constelaciones y la V\u00eda L\u00e1ctea Personal\u00edzalo en tres sencillos pasos Incluye un texto personalizado Ve el resultado de inmediato: la vista previa interactiva te permite perfeccionar cada detalle","og_url":"https:\/\/positiveprints.com\/es\/producto\/el-dia-que-nacio-la-mejor-mama\/","og_site_name":"Positive Prints","article_publisher":"https:\/\/www.facebook.com\/positiveprintscom","article_modified_time":"2026-04-18T05:14:34+00:00","og_image":[{"width":1450,"height":1450,"url":"https:\/\/positiveprints.com\/wp-content\/uploads\/2025\/02\/El-di\u0301a-que-nacio\u0301-la-mejor-mama\u0301-1.webp","type":"image\/webp"}],"twitter_card":"summary_large_image","schema":{"@context":"https:\/\/schema.org","@graph":[{"@type":["WebPage","ItemPage"],"@id":"https:\/\/positiveprints.com\/es\/producto\/el-dia-que-nacio-la-mejor-mama\/","url":"https:\/\/positiveprints.com\/es\/producto\/el-dia-que-nacio-la-mejor-mama\/","name":"El d\u00eda que naci\u00f3 la mejor mam\u00e1 - Positive Prints","isPartOf":{"@id":"https:\/\/positiveprints.com\/es\/#website"},"primaryImageOfPage":{"@id":"https:\/\/positiveprints.com\/es\/producto\/el-dia-que-nacio-la-mejor-mama\/#primaryimage"},"image":{"@id":"https:\/\/positiveprints.com\/es\/producto\/el-dia-que-nacio-la-mejor-mama\/#primaryimage"},"thumbnailUrl":"https:\/\/positiveprints.com\/wp-content\/uploads\/2025\/02\/El-di\u0301a-que-nacio\u0301-la-mejor-mama\u0301-1.webp","datePublished":"2023-04-05T15:11:33+00:00","dateModified":"2026-04-18T05:14:34+00:00","description":"\u00bfEst\u00e1s buscando el regalo perfecto para conmemorar el d\u00eda de las madres o el cumplea\u00f1os de una madre especial? \u00a1No busques m\u00e1s y adquiere \u201cel d\u00eda que naci\u00f3 la mejor mam\u00e1\u201d!","breadcrumb":{"@id":"https:\/\/positiveprints.com\/es\/producto\/el-dia-que-nacio-la-mejor-mama\/#breadcrumb"},"inLanguage":"es","potentialAction":[{"@type":"ReadAction","target":["https:\/\/positiveprints.com\/es\/producto\/el-dia-que-nacio-la-mejor-mama\/"]}]},{"@type":"ImageObject","inLanguage":"es","@id":"https:\/\/positiveprints.com\/es\/producto\/el-dia-que-nacio-la-mejor-mama\/#primaryimage","url":"https:\/\/positiveprints.com\/wp-content\/uploads\/2025\/02\/El-di\u0301a-que-nacio\u0301-la-mejor-mama\u0301-1.webp","contentUrl":"https:\/\/positiveprints.com\/wp-content\/uploads\/2025\/02\/El-di\u0301a-que-nacio\u0301-la-mejor-mama\u0301-1.webp","width":1450,"height":1450},{"@type":"BreadcrumbList","@id":"https:\/\/positiveprints.com\/es\/producto\/el-dia-que-nacio-la-mejor-mama\/#breadcrumb","itemListElement":[{"@type":"ListItem","position":1,"name":"CASA","item":"https:\/\/positiveprints.com\/es\/"},{"@type":"ListItem","position":2,"name":"Productos","item":"https:\/\/positiveprints.com\/es\/shop\/"},{"@type":"ListItem","position":3,"name":"El d\u00eda que naci\u00f3 la mejor mam\u00e1"}]},{"@type":"WebSite","@id":"https:\/\/positiveprints.com\/es\/#website","url":"https:\/\/positiveprints.com\/es\/","name":"Positive Prints","description":"Custom Gifts for Special Occasions","publisher":{"@id":"https:\/\/positiveprints.com\/es\/#organization"},"potentialAction":[{"@type":"SearchAction","target":{"@type":"EntryPoint","urlTemplate":"https:\/\/positiveprints.com\/es\/?s={search_term_string}"},"query-input":{"@type":"PropertyValueSpecification","valueRequired":true,"valueName":"search_term_string"}}],"inLanguage":"es"},{"@type":"Organization","@id":"https:\/\/positiveprints.com\/es\/#organization","name":"Positive Prints","alternateName":"Positive Prints","url":"https:\/\/positiveprints.com\/es\/","logo":{"@type":"ImageObject","inLanguage":"es","@id":"https:\/\/positiveprints.com\/es\/#\/schema\/logo\/image\/","url":"https:\/\/positiveprints.com\/wp-content\/uploads\/2026\/03\/245815646_1337939713319158_5671353136411139666_n.png","contentUrl":"https:\/\/positiveprints.com\/wp-content\/uploads\/2026\/03\/245815646_1337939713319158_5671353136411139666_n.png","width":800,"height":800,"caption":"Positive Prints"},"image":{"@id":"https:\/\/positiveprints.com\/es\/#\/schema\/logo\/image\/"},"sameAs":["https:\/\/www.facebook.com\/positiveprintscom","https:\/\/www.instagram.com\/positiveprintscom\/","https:\/\/www.tiktok.com\/@positiveprintscom","https:\/\/www.pinterest.com\/positiveprintscom\/"]}]}},"jetpack_sharing_enabled":true,"_links":{"self":[{"href":"https:\/\/positiveprints.com\/es\/wp-json\/wp\/v2\/product\/453074","targetHints":{"allow":["GET"]}}],"collection":[{"href":"https:\/\/positiveprints.com\/es\/wp-json\/wp\/v2\/product"}],"about":[{"href":"https:\/\/positiveprints.com\/es\/wp-json\/wp\/v2\/types\/product"}],"wp:featuredmedia":[{"embeddable":true,"href":"https:\/\/positiveprints.com\/es\/wp-json\/wp\/v2\/media\/1346281"}],"wp:attachment":[{"href":"https:\/\/positiveprints.com\/es\/wp-json\/wp\/v2\/media?parent=453074"}],"wp:term":[{"taxonomy":"product_brand","embeddable":true,"href":"https:\/\/positiveprints.com\/es\/wp-json\/wp\/v2\/product_brand?post=453074"},{"taxonomy":"product_cat","embeddable":true,"href":"https:\/\/positiveprints.com\/es\/wp-json\/wp\/v2\/product_cat?post=453074"},{"taxonomy":"product_tag","embeddable":true,"href":"https:\/\/positiveprints.com\/es\/wp-json\/wp\/v2\/product_tag?post=453074"}],"curies":[{"name":"wp","href":"https:\/\/api.w.org\/{rel}","templated":true}]}}