{"id":453018,"date":"2023-02-13T10:25:20","date_gmt":"2023-02-13T09:25:20","guid":{"rendered":"https:\/\/positiveprints.com\/?post_type=product&#038;p=453018"},"modified":"2026-04-12T22:42:39","modified_gmt":"2026-04-12T21:42:39","slug":"mapa-de-mama-e-hijo","status":"publish","type":"product","link":"https:\/\/positiveprints.com\/es\/producto\/mapa-de-mama-e-hijo\/","title":{"rendered":"Mapa de mam\u00e1 e hijo"},"content":{"rendered":"<p style=\"margin-top: 1rem\">\u00bfQuieres demostrarle a tu madre lo mucho que la amas, con uno de los regalos m\u00e1s perfectos y \u00fanicos que existen? Ya no busques m\u00e1s: \u00a1El mapa de madre e hijo (o hija) ya est\u00e1 aqu\u00ed! Es una forma incre\u00edble y \u00fanica de acercarte a tu madre. Este p\u00f3ster o lienzo personalizado que conecta las dos ubicaciones es un regalo significativo y sin duda llegar\u00e1 al coraz\u00f3n de tu madre de forma memorable y tangible.<\/p>\r\n\r\n\r\n\r\n<h2 class=\"grenB f24 cblue\" style=\"margin-top: 3rem\">C\u00f3mo personalizar tu mapa de madre e hijo<\/h2>\r\n\r\n<p style=\"margin-top: 1rem\">\u00a1Elige entre un coraz\u00f3n dividido en dos mapas, dos corazones, dos cuadrados o dos c\u00edrculos y personaliza los colores para que tu regalo se adapte a los gustos de tu madre! Marca tu direcci\u00f3n exacta como la de tu madre con alfileres de coraz\u00f3n. Tambi\u00e9n puedes agregarle un texto personalizado, donde puedes poner sus nombres, direcciones o alguna cita o frase que tenga un significado especial para los dos.<\/p>\r\n\r\n<p style=\"margin-top: 1rem\">Nuestro editor es muy f\u00e1cil de usar y cuenta con una vista previa para que puedas crear el regalo perfecto para mam\u00e1. Deja que nuestro mapa personalizado le permita recordarle cu\u00e1nto la amas, sin importar cu\u00e1n lejos est\u00e9n.<\/p>\r\n\r\n\r\n\r\n<h2 class=\"grenB f24 cblue\" style=\"margin-top: 3rem\">Haz que ustedes se sientan m\u00e1s cercnas<\/h2>\r\n\r\n<p style=\"margin-top: 1rem\">Sin importar la edad que tengas, celebrar el d\u00eda de las madres o el cumplea\u00f1os de una madre con un detalle es una manera preciosa de mostrarle tu aprecio. Si la distancia los separa, este mapa se encargar\u00e1 de conectarlos de forma significativa y \u00fanica.<\/p> \r\n\r\n<p style=\"margin-top: 1rem\">Un mapa con la ubicaci\u00f3n de tu casa y la de tu madre puede ser un regalo lleno de sentimientos y emociones. Es un detalle tan significativo porque captura la distancia f\u00edsica entre ustedes dos, y simboliza cu\u00e1n grande es el v\u00ednculo emocional entre ustedes. Adem\u00e1s de generar emociones, le recuerda a tu madre que siempre est\u00e1s pensando en ella y que permanecer\u00e1 cerca de tu coraz\u00f3n a pesar de la distancia. Sin duda, \u00a1esta obra de arte se ver\u00e1 preciosa en la sala de estar de tu madre!<\/p>\r\n\r\n\r\n<p style=\"margin-top: 3rem\">Ning\u00fan regalo habla m\u00e1s que el regalo del amor. Deja que el mapa de madre e hijo (o hija) exprese lo que te importa, independientemente de los kil\u00f3metros que los separen. A trav\u00e9s de nuestro intuitivo editor, podr\u00e1s sorprender a tu madre con el regalo perfecto que sin duda le demostrar\u00e1 cu\u00e1nto significa para ti.<\/p>","protected":false},"excerpt":{"rendered":"<ul class=\"check-list\">\n<li>Crea un mapa que celebre su amor, sin importar cu\u00e1n lejos est\u00e9n<\/li>\n<li>Marca los dos lugares con los s\u00edmbolos de tu elecci\u00f3n<\/li>\n<li>Personal\u00edzalo en tres sencillos pasos<\/li>\n<li>Incluye un texto personalizado<\/li>\n<li>Ve el resultado de inmediato: la vista previa interactiva te permite perfeccionar cada detalle<\/li>\n<\/ul>\n","protected":false},"featured_media":1467138,"template":"","meta":[],"product_brand":[],"product_cat":[7279,9117,5270,11459,7709,106],"product_tag":[8408,11822],"class_list":{"0":"post-453018","1":"product","2":"type-product","3":"status-publish","4":"has-post-thumbnail","6":"product_cat-regalos-del-dia-de-las-madres","7":"product_cat-double-maps-es","8":"product_cat-regalos-de-navidad","9":"product_cat-regalos-de-navidad-para-mama","10":"product_cat-regalos-para-mama","11":"product_cat-todos-los-productos","12":"product_tag-mother-es","13":"product_tag-regalos-de-navidad-para-mama","15":"first","16":"instock","17":"sale","18":"taxable","19":"shipping-taxable","20":"purchasable","21":"product-type-variable"},"yoast_head":"<!-- This site is optimized with the Yoast SEO Premium plugin v27.2 (Yoast SEO v27.2) - https:\/\/yoast.com\/product\/yoast-seo-premium-wordpress\/ -->\n<title>Mapa de mam\u00e1 e hijo - Positive Prints<\/title>\n<meta name=\"description\" content=\"Ning\u00fan regalo hablar\u00e1 m\u00e1s fuerte que el regalo del amor. Deje que el mapa de mam\u00e1 e hijo exprese lo mucho que te importa, independientemente de la distancia que los separa.\" \/>\n<meta name=\"robots\" content=\"index, follow, max-snippet:-1, max-image-preview:large, max-video-preview:-1\" \/>\n<link rel=\"canonical\" href=\"https:\/\/positiveprints.com\/es\/producto\/mapa-de-mama-e-hijo\/\" \/>\n<meta property=\"og:locale\" content=\"es_ES\" \/>\n<meta property=\"og:type\" content=\"article\" \/>\n<meta property=\"og:title\" content=\"Mapa de mam\u00e1 e hijo\" \/>\n<meta property=\"og:description\" content=\"Crea un mapa que celebre su amor, sin importar cu\u00e1n lejos est\u00e9n Marca los dos lugares con los s\u00edmbolos de tu elecci\u00f3n Personal\u00edzalo en tres sencillos pasos Incluye un texto personalizado Ve el resultado de inmediato: la vista previa interactiva te permite perfeccionar cada detalle\" \/>\n<meta property=\"og:url\" content=\"https:\/\/positiveprints.com\/es\/producto\/mapa-de-mama-e-hijo\/\" \/>\n<meta property=\"og:site_name\" content=\"Positive Prints\" \/>\n<meta property=\"article:publisher\" content=\"https:\/\/www.facebook.com\/positiveprintscom\" \/>\n<meta property=\"article:modified_time\" content=\"2026-04-12T21:42:39+00:00\" \/>\n<meta property=\"og:image\" content=\"https:\/\/positiveprints.com\/wp-content\/uploads\/2023\/04\/Mapa-de-mama-e-hijo.jpg\" \/>\n\t<meta property=\"og:image:width\" content=\"1080\" \/>\n\t<meta property=\"og:image:height\" content=\"1080\" \/>\n\t<meta property=\"og:image:type\" content=\"image\/jpeg\" \/>\n<meta name=\"twitter:card\" content=\"summary_large_image\" \/>\n<meta name=\"twitter:label1\" content=\"Tiempo de lectura\" \/>\n\t<meta name=\"twitter:data1\" content=\"2 minutos\" \/>\n<!-- \/ Yoast SEO Premium plugin. -->","yoast_head_json":{"title":"Mapa de mam\u00e1 e hijo - Positive Prints","description":"Ning\u00fan regalo hablar\u00e1 m\u00e1s fuerte que el regalo del amor. Deje que el mapa de mam\u00e1 e hijo exprese lo mucho que te importa, independientemente de la distancia que los separa.","robots":{"index":"index","follow":"follow","max-snippet":"max-snippet:-1","max-image-preview":"max-image-preview:large","max-video-preview":"max-video-preview:-1"},"canonical":"https:\/\/positiveprints.com\/es\/producto\/mapa-de-mama-e-hijo\/","og_locale":"es_ES","og_type":"article","og_title":"Mapa de mam\u00e1 e hijo","og_description":"Crea un mapa que celebre su amor, sin importar cu\u00e1n lejos est\u00e9n Marca los dos lugares con los s\u00edmbolos de tu elecci\u00f3n Personal\u00edzalo en tres sencillos pasos Incluye un texto personalizado Ve el resultado de inmediato: la vista previa interactiva te permite perfeccionar cada detalle","og_url":"https:\/\/positiveprints.com\/es\/producto\/mapa-de-mama-e-hijo\/","og_site_name":"Positive Prints","article_publisher":"https:\/\/www.facebook.com\/positiveprintscom","article_modified_time":"2026-04-12T21:42:39+00:00","og_image":[{"width":1080,"height":1080,"url":"https:\/\/positiveprints.com\/wp-content\/uploads\/2023\/04\/Mapa-de-mama-e-hijo.jpg","type":"image\/jpeg"}],"twitter_card":"summary_large_image","twitter_misc":{"Tiempo de lectura":"2 minutos"},"schema":{"@context":"https:\/\/schema.org","@graph":[{"@type":["WebPage","ItemPage"],"@id":"https:\/\/positiveprints.com\/es\/producto\/mapa-de-mama-e-hijo\/","url":"https:\/\/positiveprints.com\/es\/producto\/mapa-de-mama-e-hijo\/","name":"Mapa de mam\u00e1 e hijo - Positive Prints","isPartOf":{"@id":"https:\/\/positiveprints.com\/es\/#website"},"primaryImageOfPage":{"@id":"https:\/\/positiveprints.com\/es\/producto\/mapa-de-mama-e-hijo\/#primaryimage"},"image":{"@id":"https:\/\/positiveprints.com\/es\/producto\/mapa-de-mama-e-hijo\/#primaryimage"},"thumbnailUrl":"https:\/\/positiveprints.com\/wp-content\/uploads\/2025\/07\/Packshot_ES_Mapa-de-mama\u0301-e-hijo.webp","datePublished":"2023-02-13T09:25:20+00:00","dateModified":"2026-04-12T21:42:39+00:00","description":"Ning\u00fan regalo hablar\u00e1 m\u00e1s fuerte que el regalo del amor. Deje que el mapa de mam\u00e1 e hijo exprese lo mucho que te importa, independientemente de la distancia que los separa.","breadcrumb":{"@id":"https:\/\/positiveprints.com\/es\/producto\/mapa-de-mama-e-hijo\/#breadcrumb"},"inLanguage":"es","potentialAction":[{"@type":"ReadAction","target":["https:\/\/positiveprints.com\/es\/producto\/mapa-de-mama-e-hijo\/"]}]},{"@type":"ImageObject","inLanguage":"es","@id":"https:\/\/positiveprints.com\/es\/producto\/mapa-de-mama-e-hijo\/#primaryimage","url":"https:\/\/positiveprints.com\/wp-content\/uploads\/2025\/07\/Packshot_ES_Mapa-de-mama\u0301-e-hijo.webp","contentUrl":"https:\/\/positiveprints.com\/wp-content\/uploads\/2025\/07\/Packshot_ES_Mapa-de-mama\u0301-e-hijo.webp","width":1450,"height":1450},{"@type":"BreadcrumbList","@id":"https:\/\/positiveprints.com\/es\/producto\/mapa-de-mama-e-hijo\/#breadcrumb","itemListElement":[{"@type":"ListItem","position":1,"name":"CASA","item":"https:\/\/positiveprints.com\/es\/"},{"@type":"ListItem","position":2,"name":"Productos","item":"https:\/\/positiveprints.com\/es\/shop\/"},{"@type":"ListItem","position":3,"name":"Mapa de mam\u00e1 e hijo"}]},{"@type":"WebSite","@id":"https:\/\/positiveprints.com\/es\/#website","url":"https:\/\/positiveprints.com\/es\/","name":"Positive Prints","description":"Custom Gifts for Special Occasions","publisher":{"@id":"https:\/\/positiveprints.com\/es\/#organization"},"potentialAction":[{"@type":"SearchAction","target":{"@type":"EntryPoint","urlTemplate":"https:\/\/positiveprints.com\/es\/?s={search_term_string}"},"query-input":{"@type":"PropertyValueSpecification","valueRequired":true,"valueName":"search_term_string"}}],"inLanguage":"es"},{"@type":"Organization","@id":"https:\/\/positiveprints.com\/es\/#organization","name":"Positive Prints","alternateName":"Positive Prints","url":"https:\/\/positiveprints.com\/es\/","logo":{"@type":"ImageObject","inLanguage":"es","@id":"https:\/\/positiveprints.com\/es\/#\/schema\/logo\/image\/","url":"https:\/\/positiveprints.com\/wp-content\/uploads\/2026\/03\/245815646_1337939713319158_5671353136411139666_n.png","contentUrl":"https:\/\/positiveprints.com\/wp-content\/uploads\/2026\/03\/245815646_1337939713319158_5671353136411139666_n.png","width":800,"height":800,"caption":"Positive Prints"},"image":{"@id":"https:\/\/positiveprints.com\/es\/#\/schema\/logo\/image\/"},"sameAs":["https:\/\/www.facebook.com\/positiveprintscom","https:\/\/www.instagram.com\/positiveprintscom\/","https:\/\/www.tiktok.com\/@positiveprintscom","https:\/\/www.pinterest.com\/positiveprintscom\/"]}]}},"jetpack_sharing_enabled":true,"_links":{"self":[{"href":"https:\/\/positiveprints.com\/es\/wp-json\/wp\/v2\/product\/453018","targetHints":{"allow":["GET"]}}],"collection":[{"href":"https:\/\/positiveprints.com\/es\/wp-json\/wp\/v2\/product"}],"about":[{"href":"https:\/\/positiveprints.com\/es\/wp-json\/wp\/v2\/types\/product"}],"wp:featuredmedia":[{"embeddable":true,"href":"https:\/\/positiveprints.com\/es\/wp-json\/wp\/v2\/media\/1467138"}],"wp:attachment":[{"href":"https:\/\/positiveprints.com\/es\/wp-json\/wp\/v2\/media?parent=453018"}],"wp:term":[{"taxonomy":"product_brand","embeddable":true,"href":"https:\/\/positiveprints.com\/es\/wp-json\/wp\/v2\/product_brand?post=453018"},{"taxonomy":"product_cat","embeddable":true,"href":"https:\/\/positiveprints.com\/es\/wp-json\/wp\/v2\/product_cat?post=453018"},{"taxonomy":"product_tag","embeddable":true,"href":"https:\/\/positiveprints.com\/es\/wp-json\/wp\/v2\/product_tag?post=453018"}],"curies":[{"name":"wp","href":"https:\/\/api.w.org\/{rel}","templated":true}]}}