{"id":452824,"date":"2023-03-23T21:11:15","date_gmt":"2023-03-23T20:11:15","guid":{"rendered":"https:\/\/positiveprints.com\/?post_type=product&#038;p=452824"},"modified":"2026-04-18T06:04:55","modified_gmt":"2026-04-18T05:04:55","slug":"mapa-estelar-triple-para-mama","status":"publish","type":"product","link":"https:\/\/positiveprints.com\/es\/producto\/mapa-estelar-triple-para-mama\/","title":{"rendered":"Mapa estelar triple para mam\u00e1"},"content":{"rendered":"<p style=\"margin-top: 1rem\">El mapa estelar triple para mam\u00e1 es el regalo perfecto para las madres de tres hijos. Ya sea d\u00eda de las madres, su cumplea\u00f1os o Navidad, esta impresi\u00f3n \u00fanica har\u00e1 de su d\u00eda un momento inolvidable.<\/p>\r\n\r\n\r\n\r\n<p style=\"margin-top: 1rem\">Este regalo personalizado cuenta con tres mapas estelares en un solo lugar. Cada mapa representa el cielo nocturno del d\u00eda en que tus hermanos y t\u00fa nacieron. Incluso puedes agregar otros momentos importantes de la vida de tu madre a la hora de personalizar tu mapa. \u00a1Las posibilidades son infinitas!<\/p>\r\n\r\n\r\n\r\n<p style=\"margin-top: 1rem\">Usar nuestro editor es muy f\u00e1cil. Puedes elegir entre una amplia gama de dise\u00f1os y colores para crear un espectacular mapa estelar triple para mam\u00e1. Tambi\u00e9n puedes elegir alguna paleta de colores predefinida o jugar con los colores para que tu dise\u00f1o quede perfecto. Adem\u00e1s, puedes agregarle tu toque personal con un mensaje o cita de tu elecci\u00f3n.<\/p>\r\n\r\n\r\n\r\n<p style=\"margin-top: 1rem\">Una vez que termines de dise\u00f1ar los mapas estelares, puedes elegir el tama\u00f1o y el formato que mejor se adapte a tus necesidades. Ofrecemos p\u00f3steres impresos y enmarcados, lienzos, o descargas digitales inmediatas para que puedas imprimirlas de manera local. Si quieres regalar tu p\u00f3ster o colocarlo en la pared, podr\u00e1s elegir la opci\u00f3n que m\u00e1s te convenga.<\/p>","protected":false},"excerpt":{"rendered":"<ul class=\"check-list\">\n<li>Agrega las constelaciones y la V\u00eda L\u00e1ctea<\/li>\n<li>Personal\u00edzalo en tres sencillos pasos<\/li>\n<li>Agrega un texto personalizado<\/li>\n<li>Ve el resultado de inmediato: la vista previa interactiva te permite perfeccionar cada detalle<\/li>\n<\/ul>\n","protected":false},"featured_media":1244454,"template":"","meta":[],"product_brand":[],"product_cat":[9103,106,7279,5270,11459,7709],"product_tag":[8408,11822],"class_list":{"0":"post-452824","1":"product","2":"type-product","3":"status-publish","4":"has-post-thumbnail","6":"product_cat-trio-stars-es","7":"product_cat-todos-los-productos","8":"product_cat-regalos-del-dia-de-las-madres","9":"product_cat-regalos-de-navidad","10":"product_cat-regalos-de-navidad-para-mama","11":"product_cat-regalos-para-mama","12":"product_tag-mother-es","13":"product_tag-regalos-de-navidad-para-mama","15":"first","16":"instock","17":"sale","18":"taxable","19":"shipping-taxable","20":"purchasable","21":"product-type-variable"},"yoast_head":"<!-- This site is optimized with the Yoast SEO Premium plugin v27.2 (Yoast SEO v27.2) - https:\/\/yoast.com\/product\/yoast-seo-premium-wordpress\/ -->\n<title>Mapa estelar triple para mam\u00e1 - Positive Prints<\/title>\n<meta name=\"description\" content=\"Crea un mapa estelar triple para mam\u00e1 y haz que su d\u00eda sea a\u00fan m\u00e1s especial con un regalo \u00fanico y bien pensado.\" \/>\n<meta name=\"robots\" content=\"index, follow, max-snippet:-1, max-image-preview:large, max-video-preview:-1\" \/>\n<link rel=\"canonical\" href=\"https:\/\/positiveprints.com\/es\/producto\/mapa-estelar-triple-para-mama\/\" \/>\n<meta property=\"og:locale\" content=\"es_ES\" \/>\n<meta property=\"og:type\" content=\"article\" \/>\n<meta property=\"og:title\" content=\"Mapa estelar triple para mam\u00e1\" \/>\n<meta property=\"og:description\" content=\"Agrega las constelaciones y la V\u00eda L\u00e1ctea Personal\u00edzalo en tres sencillos pasos Agrega un texto personalizado Ve el resultado de inmediato: la vista previa interactiva te permite perfeccionar cada detalle\" \/>\n<meta property=\"og:url\" content=\"https:\/\/positiveprints.com\/es\/producto\/mapa-estelar-triple-para-mama\/\" \/>\n<meta property=\"og:site_name\" content=\"Positive Prints\" \/>\n<meta property=\"article:publisher\" content=\"https:\/\/www.facebook.com\/positiveprintscom\" \/>\n<meta property=\"article:modified_time\" content=\"2026-04-18T05:04:55+00:00\" \/>\n<meta property=\"og:image\" content=\"https:\/\/positiveprints.com\/wp-content\/uploads\/2024\/10\/Packshot_ES_Triple-Star-Map-for-Mom-product-image-.webp\" \/>\n\t<meta property=\"og:image:width\" content=\"1450\" \/>\n\t<meta property=\"og:image:height\" content=\"1450\" \/>\n\t<meta property=\"og:image:type\" content=\"image\/webp\" \/>\n<meta name=\"twitter:card\" content=\"summary_large_image\" \/>\n<meta name=\"twitter:label1\" content=\"Tiempo de lectura\" \/>\n\t<meta name=\"twitter:data1\" content=\"1 minuto\" \/>\n<!-- \/ Yoast SEO Premium plugin. -->","yoast_head_json":{"title":"Mapa estelar triple para mam\u00e1 - Positive Prints","description":"Crea un mapa estelar triple para mam\u00e1 y haz que su d\u00eda sea a\u00fan m\u00e1s especial con un regalo \u00fanico y bien pensado.","robots":{"index":"index","follow":"follow","max-snippet":"max-snippet:-1","max-image-preview":"max-image-preview:large","max-video-preview":"max-video-preview:-1"},"canonical":"https:\/\/positiveprints.com\/es\/producto\/mapa-estelar-triple-para-mama\/","og_locale":"es_ES","og_type":"article","og_title":"Mapa estelar triple para mam\u00e1","og_description":"Agrega las constelaciones y la V\u00eda L\u00e1ctea Personal\u00edzalo en tres sencillos pasos Agrega un texto personalizado Ve el resultado de inmediato: la vista previa interactiva te permite perfeccionar cada detalle","og_url":"https:\/\/positiveprints.com\/es\/producto\/mapa-estelar-triple-para-mama\/","og_site_name":"Positive Prints","article_publisher":"https:\/\/www.facebook.com\/positiveprintscom","article_modified_time":"2026-04-18T05:04:55+00:00","og_image":[{"width":1450,"height":1450,"url":"https:\/\/positiveprints.com\/wp-content\/uploads\/2024\/10\/Packshot_ES_Triple-Star-Map-for-Mom-product-image-.webp","type":"image\/webp"}],"twitter_card":"summary_large_image","twitter_misc":{"Tiempo de lectura":"1 minuto"},"schema":{"@context":"https:\/\/schema.org","@graph":[{"@type":["WebPage","ItemPage"],"@id":"https:\/\/positiveprints.com\/es\/producto\/mapa-estelar-triple-para-mama\/","url":"https:\/\/positiveprints.com\/es\/producto\/mapa-estelar-triple-para-mama\/","name":"Mapa estelar triple para mam\u00e1 - Positive Prints","isPartOf":{"@id":"https:\/\/positiveprints.com\/es\/#website"},"primaryImageOfPage":{"@id":"https:\/\/positiveprints.com\/es\/producto\/mapa-estelar-triple-para-mama\/#primaryimage"},"image":{"@id":"https:\/\/positiveprints.com\/es\/producto\/mapa-estelar-triple-para-mama\/#primaryimage"},"thumbnailUrl":"https:\/\/positiveprints.com\/wp-content\/uploads\/2024\/10\/Packshot_ES_Triple-Star-Map-for-Mom-product-image-.webp","datePublished":"2023-03-23T20:11:15+00:00","dateModified":"2026-04-18T05:04:55+00:00","description":"Crea un mapa estelar triple para mam\u00e1 y haz que su d\u00eda sea a\u00fan m\u00e1s especial con un regalo \u00fanico y bien pensado.","breadcrumb":{"@id":"https:\/\/positiveprints.com\/es\/producto\/mapa-estelar-triple-para-mama\/#breadcrumb"},"inLanguage":"es","potentialAction":[{"@type":"ReadAction","target":["https:\/\/positiveprints.com\/es\/producto\/mapa-estelar-triple-para-mama\/"]}]},{"@type":"ImageObject","inLanguage":"es","@id":"https:\/\/positiveprints.com\/es\/producto\/mapa-estelar-triple-para-mama\/#primaryimage","url":"https:\/\/positiveprints.com\/wp-content\/uploads\/2024\/10\/Packshot_ES_Triple-Star-Map-for-Mom-product-image-.webp","contentUrl":"https:\/\/positiveprints.com\/wp-content\/uploads\/2024\/10\/Packshot_ES_Triple-Star-Map-for-Mom-product-image-.webp","width":1450,"height":1450},{"@type":"BreadcrumbList","@id":"https:\/\/positiveprints.com\/es\/producto\/mapa-estelar-triple-para-mama\/#breadcrumb","itemListElement":[{"@type":"ListItem","position":1,"name":"CASA","item":"https:\/\/positiveprints.com\/es\/"},{"@type":"ListItem","position":2,"name":"Productos","item":"https:\/\/positiveprints.com\/es\/shop\/"},{"@type":"ListItem","position":3,"name":"Mapa estelar triple para mam\u00e1"}]},{"@type":"WebSite","@id":"https:\/\/positiveprints.com\/es\/#website","url":"https:\/\/positiveprints.com\/es\/","name":"Positive Prints","description":"Custom Gifts for Special Occasions","publisher":{"@id":"https:\/\/positiveprints.com\/es\/#organization"},"potentialAction":[{"@type":"SearchAction","target":{"@type":"EntryPoint","urlTemplate":"https:\/\/positiveprints.com\/es\/?s={search_term_string}"},"query-input":{"@type":"PropertyValueSpecification","valueRequired":true,"valueName":"search_term_string"}}],"inLanguage":"es"},{"@type":"Organization","@id":"https:\/\/positiveprints.com\/es\/#organization","name":"Positive Prints","alternateName":"Positive Prints","url":"https:\/\/positiveprints.com\/es\/","logo":{"@type":"ImageObject","inLanguage":"es","@id":"https:\/\/positiveprints.com\/es\/#\/schema\/logo\/image\/","url":"https:\/\/positiveprints.com\/wp-content\/uploads\/2026\/03\/245815646_1337939713319158_5671353136411139666_n.png","contentUrl":"https:\/\/positiveprints.com\/wp-content\/uploads\/2026\/03\/245815646_1337939713319158_5671353136411139666_n.png","width":800,"height":800,"caption":"Positive Prints"},"image":{"@id":"https:\/\/positiveprints.com\/es\/#\/schema\/logo\/image\/"},"sameAs":["https:\/\/www.facebook.com\/positiveprintscom","https:\/\/www.instagram.com\/positiveprintscom\/","https:\/\/www.tiktok.com\/@positiveprintscom","https:\/\/www.pinterest.com\/positiveprintscom\/"]}]}},"jetpack_sharing_enabled":true,"_links":{"self":[{"href":"https:\/\/positiveprints.com\/es\/wp-json\/wp\/v2\/product\/452824","targetHints":{"allow":["GET"]}}],"collection":[{"href":"https:\/\/positiveprints.com\/es\/wp-json\/wp\/v2\/product"}],"about":[{"href":"https:\/\/positiveprints.com\/es\/wp-json\/wp\/v2\/types\/product"}],"wp:featuredmedia":[{"embeddable":true,"href":"https:\/\/positiveprints.com\/es\/wp-json\/wp\/v2\/media\/1244454"}],"wp:attachment":[{"href":"https:\/\/positiveprints.com\/es\/wp-json\/wp\/v2\/media?parent=452824"}],"wp:term":[{"taxonomy":"product_brand","embeddable":true,"href":"https:\/\/positiveprints.com\/es\/wp-json\/wp\/v2\/product_brand?post=452824"},{"taxonomy":"product_cat","embeddable":true,"href":"https:\/\/positiveprints.com\/es\/wp-json\/wp\/v2\/product_cat?post=452824"},{"taxonomy":"product_tag","embeddable":true,"href":"https:\/\/positiveprints.com\/es\/wp-json\/wp\/v2\/product_tag?post=452824"}],"curies":[{"name":"wp","href":"https:\/\/api.w.org\/{rel}","templated":true}]}}