{"id":452776,"date":"2023-03-23T17:38:06","date_gmt":"2023-03-23T16:38:06","guid":{"rendered":"https:\/\/positiveprints.com\/?post_type=product&#038;p=452776"},"modified":"2026-04-12T22:35:27","modified_gmt":"2026-04-12T21:35:27","slug":"nuestro-mapa-estelar-triple-para-mama","status":"publish","type":"product","link":"https:\/\/positiveprints.com\/es\/producto\/nuestro-mapa-estelar-triple-para-mama\/","title":{"rendered":"Nuestro mapa estelar triple para mam\u00e1"},"content":{"rendered":"<p style=\"margin-top: 1rem\">\u00a1Nuestro mapa estelar triple para mam\u00e1 es el regalo personalizado perfecto para cualquier ocasi\u00f3n! Ya sea el d\u00eda de las madres, su cumplea\u00f1os o Navidad, esta impresi\u00f3n personalizada sin duda la har\u00e1 sonre\u00edr.<\/p>\r\n\r\n\r\n<p style=\"margin-top: 1rem\">Esta impresi\u00f3n cuenta con tres mapas estelares en un solo p\u00f3ster, y lo puedes personalizar completamente a tu gusto. Uno de los mapas estelares cuenta con la fecha y el lugar de nacimiento de tu madre, mientras que los otros dos mapas muestran la de tus hermanos y t\u00fa.<\/p>\r\n\r\n\r\n<p style=\"margin-top: 1rem\">Usar nuestro editor es muy f\u00e1cil. Puedes elegir entre una amplia gama de dise\u00f1os y colores para crear un espectacular mapa estelar triple. Tambi\u00e9n puedes agregarle tu toque personal con un mensaje o cita de tu elecci\u00f3n.<\/p>\r\n\r\n\r\n<p style=\"margin-top: 1rem\">Una vez que termines de dise\u00f1ar los mapas estelares, puedes elegir el tama\u00f1o y el formato que mejor se adapte a tus necesidades. Ofrecemos p\u00f3steres impresos y enmarcados, lienzos, o descargas digitales inmediatas para que puedas imprimirlas de manera local. Si quieres regalar tu p\u00f3ster o colocarlo en la pared, podr\u00e1s elegir la opci\u00f3n que m\u00e1s te convenga.<\/p>","protected":false},"excerpt":{"rendered":"<ul class=\"check-list\">\n<li>Agrega las constelaciones y la V\u00eda L\u00e1ctea<\/li>\n<li>Usa nuestro editor para personalizar tu dise\u00f1o en apenas tres pasos<\/li>\n<li>A\u00f1ade un mensaje personalizado para que\u00a0tu dise\u00f1o sea \u00fanico y especial<\/li>\n<li>Visualiza tu dise\u00f1o de forma r\u00e1pida usando la vista previa interactiva<\/li>\n<\/ul>\n","protected":false},"featured_media":1262859,"template":"","meta":[],"product_brand":[],"product_cat":[9103,106,7195,5270,11459],"product_tag":[10939,11035,10959,11034,11036,11037,11038,8408,11822],"class_list":{"0":"post-452776","1":"product","2":"type-product","3":"status-publish","4":"has-post-thumbnail","6":"product_cat-trio-stars-es","7":"product_cat-todos-los-productos","8":"product_cat-map-es","9":"product_cat-regalos-de-navidad","10":"product_cat-regalos-de-navidad-para-mama","11":"product_tag-dia-de-la-madre","12":"product_tag-mam-es","13":"product_tag-mama-es","14":"product_tag-mama-es-2","15":"product_tag-mama-es-3","16":"product_tag-mami","17":"product_tag-momia","18":"product_tag-mother-es","19":"product_tag-regalos-de-navidad-para-mama","21":"first","22":"instock","23":"sale","24":"taxable","25":"shipping-taxable","26":"purchasable","27":"product-type-variable"},"yoast_head":"<!-- This site is optimized with the Yoast SEO Premium plugin v27.2 (Yoast SEO v27.2) - https:\/\/yoast.com\/product\/yoast-seo-premium-wordpress\/ -->\n<title>Nuestro mapa estelar triple para mam\u00e1 - Positive Prints<\/title>\n<meta name=\"description\" content=\"\u00a1Nuestro mapa estelar triple para mam\u00e1 es el regalo personalizado perfecto para cualquier ocasi\u00f3n! Esta impresi\u00f3n personalizada sin duda la har\u00e1 sonre\u00edr.\" \/>\n<meta name=\"robots\" content=\"index, follow, max-snippet:-1, max-image-preview:large, max-video-preview:-1\" \/>\n<link rel=\"canonical\" href=\"https:\/\/positiveprints.com\/es\/producto\/nuestro-mapa-estelar-triple-para-mama\/\" \/>\n<meta property=\"og:locale\" content=\"es_ES\" \/>\n<meta property=\"og:type\" content=\"article\" \/>\n<meta property=\"og:title\" content=\"Nuestro mapa estelar triple para mam\u00e1\" \/>\n<meta property=\"og:description\" content=\"Agrega las constelaciones y la V\u00eda L\u00e1ctea Usa nuestro editor para personalizar tu dise\u00f1o en apenas tres pasos A\u00f1ade un mensaje personalizado para que\u00a0tu dise\u00f1o sea \u00fanico y especial Visualiza tu dise\u00f1o de forma r\u00e1pida usando la vista previa interactiva\" \/>\n<meta property=\"og:url\" content=\"https:\/\/positiveprints.com\/es\/producto\/nuestro-mapa-estelar-triple-para-mama\/\" \/>\n<meta property=\"og:site_name\" content=\"Positive Prints\" \/>\n<meta property=\"article:publisher\" content=\"https:\/\/www.facebook.com\/positiveprintscom\" \/>\n<meta property=\"article:modified_time\" content=\"2026-04-12T21:35:27+00:00\" \/>\n<meta property=\"og:image\" content=\"https:\/\/positiveprints.com\/wp-content\/uploads\/2024\/11\/Packshot_ES_Our-Mom-Triple-Star-Map-product-image-.webp\" \/>\n\t<meta property=\"og:image:width\" content=\"1450\" \/>\n\t<meta property=\"og:image:height\" content=\"1450\" \/>\n\t<meta property=\"og:image:type\" content=\"image\/webp\" \/>\n<meta name=\"twitter:card\" content=\"summary_large_image\" \/>\n<meta name=\"twitter:label1\" content=\"Tiempo de lectura\" \/>\n\t<meta name=\"twitter:data1\" content=\"1 minuto\" \/>\n<!-- \/ Yoast SEO Premium plugin. -->","yoast_head_json":{"title":"Nuestro mapa estelar triple para mam\u00e1 - Positive Prints","description":"\u00a1Nuestro mapa estelar triple para mam\u00e1 es el regalo personalizado perfecto para cualquier ocasi\u00f3n! Esta impresi\u00f3n personalizada sin duda la har\u00e1 sonre\u00edr.","robots":{"index":"index","follow":"follow","max-snippet":"max-snippet:-1","max-image-preview":"max-image-preview:large","max-video-preview":"max-video-preview:-1"},"canonical":"https:\/\/positiveprints.com\/es\/producto\/nuestro-mapa-estelar-triple-para-mama\/","og_locale":"es_ES","og_type":"article","og_title":"Nuestro mapa estelar triple para mam\u00e1","og_description":"Agrega las constelaciones y la V\u00eda L\u00e1ctea Usa nuestro editor para personalizar tu dise\u00f1o en apenas tres pasos A\u00f1ade un mensaje personalizado para que\u00a0tu dise\u00f1o sea \u00fanico y especial Visualiza tu dise\u00f1o de forma r\u00e1pida usando la vista previa interactiva","og_url":"https:\/\/positiveprints.com\/es\/producto\/nuestro-mapa-estelar-triple-para-mama\/","og_site_name":"Positive Prints","article_publisher":"https:\/\/www.facebook.com\/positiveprintscom","article_modified_time":"2026-04-12T21:35:27+00:00","og_image":[{"width":1450,"height":1450,"url":"https:\/\/positiveprints.com\/wp-content\/uploads\/2024\/11\/Packshot_ES_Our-Mom-Triple-Star-Map-product-image-.webp","type":"image\/webp"}],"twitter_card":"summary_large_image","twitter_misc":{"Tiempo de lectura":"1 minuto"},"schema":{"@context":"https:\/\/schema.org","@graph":[{"@type":["WebPage","ItemPage"],"@id":"https:\/\/positiveprints.com\/es\/producto\/nuestro-mapa-estelar-triple-para-mama\/","url":"https:\/\/positiveprints.com\/es\/producto\/nuestro-mapa-estelar-triple-para-mama\/","name":"Nuestro mapa estelar triple para mam\u00e1 - Positive Prints","isPartOf":{"@id":"https:\/\/positiveprints.com\/es\/#website"},"primaryImageOfPage":{"@id":"https:\/\/positiveprints.com\/es\/producto\/nuestro-mapa-estelar-triple-para-mama\/#primaryimage"},"image":{"@id":"https:\/\/positiveprints.com\/es\/producto\/nuestro-mapa-estelar-triple-para-mama\/#primaryimage"},"thumbnailUrl":"https:\/\/positiveprints.com\/wp-content\/uploads\/2024\/11\/Packshot_ES_Our-Mom-Triple-Star-Map-product-image-.webp","datePublished":"2023-03-23T16:38:06+00:00","dateModified":"2026-04-12T21:35:27+00:00","description":"\u00a1Nuestro mapa estelar triple para mam\u00e1 es el regalo personalizado perfecto para cualquier ocasi\u00f3n! Esta impresi\u00f3n personalizada sin duda la har\u00e1 sonre\u00edr.","breadcrumb":{"@id":"https:\/\/positiveprints.com\/es\/producto\/nuestro-mapa-estelar-triple-para-mama\/#breadcrumb"},"inLanguage":"es","potentialAction":[{"@type":"ReadAction","target":["https:\/\/positiveprints.com\/es\/producto\/nuestro-mapa-estelar-triple-para-mama\/"]}]},{"@type":"ImageObject","inLanguage":"es","@id":"https:\/\/positiveprints.com\/es\/producto\/nuestro-mapa-estelar-triple-para-mama\/#primaryimage","url":"https:\/\/positiveprints.com\/wp-content\/uploads\/2024\/11\/Packshot_ES_Our-Mom-Triple-Star-Map-product-image-.webp","contentUrl":"https:\/\/positiveprints.com\/wp-content\/uploads\/2024\/11\/Packshot_ES_Our-Mom-Triple-Star-Map-product-image-.webp","width":1450,"height":1450},{"@type":"BreadcrumbList","@id":"https:\/\/positiveprints.com\/es\/producto\/nuestro-mapa-estelar-triple-para-mama\/#breadcrumb","itemListElement":[{"@type":"ListItem","position":1,"name":"CASA","item":"https:\/\/positiveprints.com\/es\/"},{"@type":"ListItem","position":2,"name":"Productos","item":"https:\/\/positiveprints.com\/es\/shop\/"},{"@type":"ListItem","position":3,"name":"Nuestro mapa estelar triple para mam\u00e1"}]},{"@type":"WebSite","@id":"https:\/\/positiveprints.com\/es\/#website","url":"https:\/\/positiveprints.com\/es\/","name":"Positive Prints","description":"Custom Gifts for Special Occasions","publisher":{"@id":"https:\/\/positiveprints.com\/es\/#organization"},"potentialAction":[{"@type":"SearchAction","target":{"@type":"EntryPoint","urlTemplate":"https:\/\/positiveprints.com\/es\/?s={search_term_string}"},"query-input":{"@type":"PropertyValueSpecification","valueRequired":true,"valueName":"search_term_string"}}],"inLanguage":"es"},{"@type":"Organization","@id":"https:\/\/positiveprints.com\/es\/#organization","name":"Positive Prints","alternateName":"Positive Prints","url":"https:\/\/positiveprints.com\/es\/","logo":{"@type":"ImageObject","inLanguage":"es","@id":"https:\/\/positiveprints.com\/es\/#\/schema\/logo\/image\/","url":"https:\/\/positiveprints.com\/wp-content\/uploads\/2026\/03\/245815646_1337939713319158_5671353136411139666_n.png","contentUrl":"https:\/\/positiveprints.com\/wp-content\/uploads\/2026\/03\/245815646_1337939713319158_5671353136411139666_n.png","width":800,"height":800,"caption":"Positive Prints"},"image":{"@id":"https:\/\/positiveprints.com\/es\/#\/schema\/logo\/image\/"},"sameAs":["https:\/\/www.facebook.com\/positiveprintscom","https:\/\/www.instagram.com\/positiveprintscom\/","https:\/\/www.tiktok.com\/@positiveprintscom","https:\/\/www.pinterest.com\/positiveprintscom\/"]}]}},"jetpack_sharing_enabled":true,"_links":{"self":[{"href":"https:\/\/positiveprints.com\/es\/wp-json\/wp\/v2\/product\/452776","targetHints":{"allow":["GET"]}}],"collection":[{"href":"https:\/\/positiveprints.com\/es\/wp-json\/wp\/v2\/product"}],"about":[{"href":"https:\/\/positiveprints.com\/es\/wp-json\/wp\/v2\/types\/product"}],"wp:featuredmedia":[{"embeddable":true,"href":"https:\/\/positiveprints.com\/es\/wp-json\/wp\/v2\/media\/1262859"}],"wp:attachment":[{"href":"https:\/\/positiveprints.com\/es\/wp-json\/wp\/v2\/media?parent=452776"}],"wp:term":[{"taxonomy":"product_brand","embeddable":true,"href":"https:\/\/positiveprints.com\/es\/wp-json\/wp\/v2\/product_brand?post=452776"},{"taxonomy":"product_cat","embeddable":true,"href":"https:\/\/positiveprints.com\/es\/wp-json\/wp\/v2\/product_cat?post=452776"},{"taxonomy":"product_tag","embeddable":true,"href":"https:\/\/positiveprints.com\/es\/wp-json\/wp\/v2\/product_tag?post=452776"}],"curies":[{"name":"wp","href":"https:\/\/api.w.org\/{rel}","templated":true}]}}