{"id":452335,"date":"2023-04-03T17:02:52","date_gmt":"2023-04-03T16:02:52","guid":{"rendered":"https:\/\/positiveprints.com\/?post_type=product&#038;p=452335"},"modified":"2026-04-07T15:11:13","modified_gmt":"2026-04-07T14:11:13","slug":"mapa-estelar-doble-mama-y-yo","status":"publish","type":"product","link":"https:\/\/positiveprints.com\/es\/producto\/mapa-estelar-doble-mama-y-yo\/","title":{"rendered":"Mapa estelar doble: mam\u00e1 y yo"},"content":{"rendered":"<p style=\"margin-top: 1rem\">\u00bfEst\u00e1s buscando un regalo \u00fanico y personalizado para una ocasi\u00f3n especial como el d\u00eda de las madres, su cumplea\u00f1os o Navidad? \u00a1No busques m\u00e1s! Tenemos para ti el mapa estelar doble, edici\u00f3n mam\u00e1 y yo: una hermosa impresi\u00f3n que incluye dos mapas estelares en un solo p\u00f3ster.<\/p>\r\n\r\n\r\n<p style=\"margin-top: 1rem\">Con el mapa estelar doble: mam\u00e1 y yo, puedes crear una representaci\u00f3n completamente personalizada del cielo nocturno del d\u00eda en que tu madre y t\u00fa nacieron. Uno de los mapas muestra la fecha y el lugar de nacimiento de tu madre, mientras que el otro, muestra tu fecha y lugar de nacimiento.<\/p>\r\n\r\n\r\n<p style=\"margin-top: 1rem\">Crear tu propia impresi\u00f3n personalizada es muy f\u00e1cil. Solo debes entrar a nuestro editor en l\u00ednea, donde podr\u00e1s elegir entre una variedad de dise\u00f1os y combinaciones de colores. Luego, coloca las fechas y los lugares de cada mapa estelar, y finalmente selecciona el tama\u00f1o y el formato que se adapte a tus necesidades, ya sea un p\u00f3ster, lienzo o descarga digital instant\u00e1nea.<\/p>\r\n\r\n\r\n<p style=\"margin-top: 1rem\">Sin embargo, hay m\u00e1s opciones de personalizaci\u00f3n. Incluso puedes escribir un mensaje especial o una cita para hacer tu mapa estelar doble a\u00fan m\u00e1s personal.<\/p>\r\n\r\n\r\n<p style=\"margin-top: 1rem\">Regala un mapa estelar doble de madre e hijo: un recordatorio conmovedor del v\u00ednculo especial entre madre e hijo (o hija).<\/p>","protected":false},"excerpt":{"rendered":"<ul class=\"check-list\">\n<li>Dise\u00f1a un mapa estelar que muestre el cielo nocturno de dos lugares y fechas diferentes<\/li>\n<li>Agrega las constelaciones y la V\u00eda L\u00e1ctea<\/li>\n<li>Personal\u00edzalo en tres sencillos pasos<\/li>\n<li>Agrega un texto personalizado<\/li>\n<li>Ve el resultado de inmediato: la vista previa interactiva te permite perfeccionar cada detalle<\/li>\n<\/ul>\n","protected":false},"featured_media":1252076,"template":"","meta":[],"product_brand":[],"product_cat":[9106,7195,5254,7773,7661,7821,106],"product_tag":[],"class_list":{"0":"post-452335","1":"product","2":"type-product","3":"status-publish","4":"has-post-thumbnail","6":"product_cat-duo-stars-es","7":"product_cat-map-es","8":"product_cat-regalos-de-nacimiento-de-bebe","9":"product_cat-regalos-para-mi-hija","10":"product_cat-regalos-para-mi-hijo","11":"product_cat-regalos-para-padres-primerizos","12":"product_cat-todos-los-productos","14":"first","15":"instock","16":"sale","17":"taxable","18":"shipping-taxable","19":"purchasable","20":"product-type-variable"},"yoast_head":"<!-- This site is optimized with the Yoast SEO Premium plugin v27.2 (Yoast SEO v27.2) - https:\/\/yoast.com\/product\/yoast-seo-premium-wordpress\/ -->\n<title>Mapa estelar doble: mam\u00e1 y yo - Positive Prints<\/title>\n<meta name=\"description\" content=\"Regala un mapa estelar doble de madre e hijo: un recordatorio conmovedor del v\u00ednculo especial entre madre e hijo.\" \/>\n<meta name=\"robots\" content=\"index, follow, max-snippet:-1, max-image-preview:large, max-video-preview:-1\" \/>\n<link rel=\"canonical\" href=\"https:\/\/positiveprints.com\/es\/producto\/mapa-estelar-doble-mama-y-yo\/\" \/>\n<meta property=\"og:locale\" content=\"es_ES\" \/>\n<meta property=\"og:type\" content=\"article\" \/>\n<meta property=\"og:title\" content=\"Mapa estelar doble: mam\u00e1 y yo\" \/>\n<meta property=\"og:description\" content=\"Dise\u00f1a un mapa estelar que muestre el cielo nocturno de dos lugares y fechas diferentes Agrega las constelaciones y la V\u00eda L\u00e1ctea Personal\u00edzalo en tres sencillos pasos Agrega un texto personalizado Ve el resultado de inmediato: la vista previa interactiva te permite perfeccionar cada detalle\" \/>\n<meta property=\"og:url\" content=\"https:\/\/positiveprints.com\/es\/producto\/mapa-estelar-doble-mama-y-yo\/\" \/>\n<meta property=\"og:site_name\" content=\"Positive Prints\" \/>\n<meta property=\"article:publisher\" content=\"https:\/\/www.facebook.com\/positiveprintscom\" \/>\n<meta property=\"article:modified_time\" content=\"2026-04-07T14:11:13+00:00\" \/>\n<meta property=\"og:image\" content=\"https:\/\/positiveprints.com\/wp-content\/uploads\/2024\/11\/PACKSHOT_ES_Mom-Me-Double-Star-Map-product-image-.webp\" \/>\n\t<meta property=\"og:image:width\" content=\"1450\" \/>\n\t<meta property=\"og:image:height\" content=\"1450\" \/>\n\t<meta property=\"og:image:type\" content=\"image\/webp\" \/>\n<meta name=\"twitter:card\" content=\"summary_large_image\" \/>\n<!-- \/ Yoast SEO Premium plugin. -->","yoast_head_json":{"title":"Mapa estelar doble: mam\u00e1 y yo - Positive Prints","description":"Regala un mapa estelar doble de madre e hijo: un recordatorio conmovedor del v\u00ednculo especial entre madre e hijo.","robots":{"index":"index","follow":"follow","max-snippet":"max-snippet:-1","max-image-preview":"max-image-preview:large","max-video-preview":"max-video-preview:-1"},"canonical":"https:\/\/positiveprints.com\/es\/producto\/mapa-estelar-doble-mama-y-yo\/","og_locale":"es_ES","og_type":"article","og_title":"Mapa estelar doble: mam\u00e1 y yo","og_description":"Dise\u00f1a un mapa estelar que muestre el cielo nocturno de dos lugares y fechas diferentes Agrega las constelaciones y la V\u00eda L\u00e1ctea Personal\u00edzalo en tres sencillos pasos Agrega un texto personalizado Ve el resultado de inmediato: la vista previa interactiva te permite perfeccionar cada detalle","og_url":"https:\/\/positiveprints.com\/es\/producto\/mapa-estelar-doble-mama-y-yo\/","og_site_name":"Positive Prints","article_publisher":"https:\/\/www.facebook.com\/positiveprintscom","article_modified_time":"2026-04-07T14:11:13+00:00","og_image":[{"width":1450,"height":1450,"url":"https:\/\/positiveprints.com\/wp-content\/uploads\/2024\/11\/PACKSHOT_ES_Mom-Me-Double-Star-Map-product-image-.webp","type":"image\/webp"}],"twitter_card":"summary_large_image","schema":{"@context":"https:\/\/schema.org","@graph":[{"@type":["WebPage","ItemPage"],"@id":"https:\/\/positiveprints.com\/es\/producto\/mapa-estelar-doble-mama-y-yo\/","url":"https:\/\/positiveprints.com\/es\/producto\/mapa-estelar-doble-mama-y-yo\/","name":"Mapa estelar doble: mam\u00e1 y yo - Positive Prints","isPartOf":{"@id":"https:\/\/positiveprints.com\/es\/#website"},"primaryImageOfPage":{"@id":"https:\/\/positiveprints.com\/es\/producto\/mapa-estelar-doble-mama-y-yo\/#primaryimage"},"image":{"@id":"https:\/\/positiveprints.com\/es\/producto\/mapa-estelar-doble-mama-y-yo\/#primaryimage"},"thumbnailUrl":"https:\/\/positiveprints.com\/wp-content\/uploads\/2024\/11\/PACKSHOT_ES_Mom-Me-Double-Star-Map-product-image-.webp","datePublished":"2023-04-03T16:02:52+00:00","dateModified":"2026-04-07T14:11:13+00:00","description":"Regala un mapa estelar doble de madre e hijo: un recordatorio conmovedor del v\u00ednculo especial entre madre e hijo.","breadcrumb":{"@id":"https:\/\/positiveprints.com\/es\/producto\/mapa-estelar-doble-mama-y-yo\/#breadcrumb"},"inLanguage":"es","potentialAction":[{"@type":"ReadAction","target":["https:\/\/positiveprints.com\/es\/producto\/mapa-estelar-doble-mama-y-yo\/"]}]},{"@type":"ImageObject","inLanguage":"es","@id":"https:\/\/positiveprints.com\/es\/producto\/mapa-estelar-doble-mama-y-yo\/#primaryimage","url":"https:\/\/positiveprints.com\/wp-content\/uploads\/2024\/11\/PACKSHOT_ES_Mom-Me-Double-Star-Map-product-image-.webp","contentUrl":"https:\/\/positiveprints.com\/wp-content\/uploads\/2024\/11\/PACKSHOT_ES_Mom-Me-Double-Star-Map-product-image-.webp","width":1450,"height":1450},{"@type":"BreadcrumbList","@id":"https:\/\/positiveprints.com\/es\/producto\/mapa-estelar-doble-mama-y-yo\/#breadcrumb","itemListElement":[{"@type":"ListItem","position":1,"name":"CASA","item":"https:\/\/positiveprints.com\/es\/"},{"@type":"ListItem","position":2,"name":"Productos","item":"https:\/\/positiveprints.com\/es\/shop\/"},{"@type":"ListItem","position":3,"name":"Mapa estelar doble: mam\u00e1 y yo"}]},{"@type":"WebSite","@id":"https:\/\/positiveprints.com\/es\/#website","url":"https:\/\/positiveprints.com\/es\/","name":"Positive Prints","description":"Custom Gifts for Special Occasions","publisher":{"@id":"https:\/\/positiveprints.com\/es\/#organization"},"potentialAction":[{"@type":"SearchAction","target":{"@type":"EntryPoint","urlTemplate":"https:\/\/positiveprints.com\/es\/?s={search_term_string}"},"query-input":{"@type":"PropertyValueSpecification","valueRequired":true,"valueName":"search_term_string"}}],"inLanguage":"es"},{"@type":"Organization","@id":"https:\/\/positiveprints.com\/es\/#organization","name":"Positive Prints","alternateName":"Positive Prints","url":"https:\/\/positiveprints.com\/es\/","logo":{"@type":"ImageObject","inLanguage":"es","@id":"https:\/\/positiveprints.com\/es\/#\/schema\/logo\/image\/","url":"https:\/\/positiveprints.com\/wp-content\/uploads\/2026\/03\/245815646_1337939713319158_5671353136411139666_n.png","contentUrl":"https:\/\/positiveprints.com\/wp-content\/uploads\/2026\/03\/245815646_1337939713319158_5671353136411139666_n.png","width":800,"height":800,"caption":"Positive Prints"},"image":{"@id":"https:\/\/positiveprints.com\/es\/#\/schema\/logo\/image\/"},"sameAs":["https:\/\/www.facebook.com\/positiveprintscom","https:\/\/www.instagram.com\/positiveprintscom\/","https:\/\/www.tiktok.com\/@positiveprintscom","https:\/\/www.pinterest.com\/positiveprintscom\/"]}]}},"jetpack_sharing_enabled":true,"_links":{"self":[{"href":"https:\/\/positiveprints.com\/es\/wp-json\/wp\/v2\/product\/452335","targetHints":{"allow":["GET"]}}],"collection":[{"href":"https:\/\/positiveprints.com\/es\/wp-json\/wp\/v2\/product"}],"about":[{"href":"https:\/\/positiveprints.com\/es\/wp-json\/wp\/v2\/types\/product"}],"wp:featuredmedia":[{"embeddable":true,"href":"https:\/\/positiveprints.com\/es\/wp-json\/wp\/v2\/media\/1252076"}],"wp:attachment":[{"href":"https:\/\/positiveprints.com\/es\/wp-json\/wp\/v2\/media?parent=452335"}],"wp:term":[{"taxonomy":"product_brand","embeddable":true,"href":"https:\/\/positiveprints.com\/es\/wp-json\/wp\/v2\/product_brand?post=452335"},{"taxonomy":"product_cat","embeddable":true,"href":"https:\/\/positiveprints.com\/es\/wp-json\/wp\/v2\/product_cat?post=452335"},{"taxonomy":"product_tag","embeddable":true,"href":"https:\/\/positiveprints.com\/es\/wp-json\/wp\/v2\/product_tag?post=452335"}],"curies":[{"name":"wp","href":"https:\/\/api.w.org\/{rel}","templated":true}]}}