{"id":452294,"date":"2023-04-03T15:52:09","date_gmt":"2023-04-03T14:52:09","guid":{"rendered":"https:\/\/positiveprints.com\/?post_type=product&#038;p=452294"},"modified":"2026-04-07T15:12:26","modified_gmt":"2026-04-07T14:12:26","slug":"mapa-estelar-doble-para-madres","status":"publish","type":"product","link":"https:\/\/positiveprints.com\/es\/producto\/mapa-estelar-doble-para-madres\/","title":{"rendered":"Mapa estelar doble para madres"},"content":{"rendered":"<p style=\"margin-top: 1rem\">El mapa estelar doble para madres es un regalo \u00fanico que captura la alineaci\u00f3n de las estrellas de los d\u00edas m\u00e1s importantes en la vida de una madre: el nacimiento de sus hijos. Este mapa estelar personalizado representa los eventos que el coraz\u00f3n de una madre siempre atesorar\u00e1.<\/p>\r\n\r\n\r\n<p style=\"margin-top: 1rem\">Nuestro proceso \u00fanico de tres pasos te permite crear un mapa estelar doble de forma f\u00e1cil y r\u00e1pida. Primero, podr\u00e1s cambiar los colores de las estrellas y el fondo de tu impresi\u00f3n. Puedes elegir entre nuestras combinaciones predefinidas o crear una paleta de colores personalizada que se adapte a tus necesidades. Luego, tendr\u00e1s que introducir las fechas, horas y ubicaciones de cada hijo, as\u00ed como un mensaje personalizado si lo deseas. Al final, tendr\u00e1s que elegir entre un p\u00f3ster o lienzo, ya sea impreso o enmarcado, o una descarga digital instant\u00e1nea que puedes imprimir de manera local.<\/p>\r\n\r\n\r\n<p style=\"margin-top: 1rem\">La impresi\u00f3n cuenta con la opci\u00f3n para incluir el nombre y la fecha de nacimiento de cada hijo, por lo que es una obra de arte verdaderamente \u00fanica. Ya sea para el d\u00eda de las madres, un cumplea\u00f1os o solo porque s\u00ed, el mapa estelar doble para madres es un regalo inolvidable que ellas podr\u00e1n atesorar de por vida.<\/p>","protected":false},"excerpt":{"rendered":"<ul class=\"check-list\">\n<li>Captura la magia de ser mam\u00e1 con la fotograf\u00eda del cielo nocturno de la fecha de nacimiento de sus hijos<\/li>\n<li>Agrega las constelaciones y la V\u00eda L\u00e1ctea<\/li>\n<li>Personal\u00edzalo en tres sencillos pasos<\/li>\n<li>Agrega un texto personalizado<\/li>\n<li>Ve el resultado de inmediato: la vista previa interactiva te permite perfeccionar cada detalle<\/li>\n<\/ul>\n","protected":false},"featured_media":1489875,"template":"","meta":[],"product_brand":[],"product_cat":[9106,106],"product_tag":[],"class_list":{"0":"post-452294","1":"product","2":"type-product","3":"status-publish","4":"has-post-thumbnail","6":"product_cat-duo-stars-es","7":"product_cat-todos-los-productos","9":"first","10":"instock","11":"sale","12":"taxable","13":"shipping-taxable","14":"purchasable","15":"product-type-variable"},"yoast_head":"<!-- This site is optimized with the Yoast SEO Premium plugin v27.2 (Yoast SEO v27.2) - https:\/\/yoast.com\/product\/yoast-seo-premium-wordpress\/ -->\n<title>Mapa estelar doble para madres - Positive Prints<\/title>\n<meta name=\"description\" content=\"El mapa estelar doble para madres es un regalo \u00fanico que captura la alineaci\u00f3n de las estrellas de los d\u00edas m\u00e1s importantes en la vida de una madre: el nacimiento de sus hijos.\" \/>\n<meta name=\"robots\" content=\"index, follow, max-snippet:-1, max-image-preview:large, max-video-preview:-1\" \/>\n<link rel=\"canonical\" href=\"https:\/\/positiveprints.com\/es\/producto\/mapa-estelar-doble-para-madres\/\" \/>\n<meta property=\"og:locale\" content=\"es_ES\" \/>\n<meta property=\"og:type\" content=\"article\" \/>\n<meta property=\"og:title\" content=\"Mapa estelar doble para madres\" \/>\n<meta property=\"og:description\" content=\"Captura la magia de ser mam\u00e1 con la fotograf\u00eda del cielo nocturno de la fecha de nacimiento de sus hijos Agrega las constelaciones y la V\u00eda L\u00e1ctea Personal\u00edzalo en tres sencillos pasos Agrega un texto personalizado Ve el resultado de inmediato: la vista previa interactiva te permite perfeccionar cada detalle\" \/>\n<meta property=\"og:url\" content=\"https:\/\/positiveprints.com\/es\/producto\/mapa-estelar-doble-para-madres\/\" \/>\n<meta property=\"og:site_name\" content=\"Positive Prints\" \/>\n<meta property=\"article:publisher\" content=\"https:\/\/www.facebook.com\/positiveprintscom\" \/>\n<meta property=\"article:modified_time\" content=\"2026-04-07T14:12:26+00:00\" \/>\n<meta property=\"og:image\" content=\"https:\/\/positiveprints.com\/wp-content\/uploads\/2024\/11\/Packshot_ES_Double-Star-Map-for-Mom-product-image-.webp\" \/>\n\t<meta property=\"og:image:width\" content=\"1450\" \/>\n\t<meta property=\"og:image:height\" content=\"1450\" \/>\n\t<meta property=\"og:image:type\" content=\"image\/webp\" \/>\n<meta name=\"twitter:card\" content=\"summary_large_image\" \/>\n<!-- \/ Yoast SEO Premium plugin. -->","yoast_head_json":{"title":"Mapa estelar doble para madres - Positive Prints","description":"El mapa estelar doble para madres es un regalo \u00fanico que captura la alineaci\u00f3n de las estrellas de los d\u00edas m\u00e1s importantes en la vida de una madre: el nacimiento de sus hijos.","robots":{"index":"index","follow":"follow","max-snippet":"max-snippet:-1","max-image-preview":"max-image-preview:large","max-video-preview":"max-video-preview:-1"},"canonical":"https:\/\/positiveprints.com\/es\/producto\/mapa-estelar-doble-para-madres\/","og_locale":"es_ES","og_type":"article","og_title":"Mapa estelar doble para madres","og_description":"Captura la magia de ser mam\u00e1 con la fotograf\u00eda del cielo nocturno de la fecha de nacimiento de sus hijos Agrega las constelaciones y la V\u00eda L\u00e1ctea Personal\u00edzalo en tres sencillos pasos Agrega un texto personalizado Ve el resultado de inmediato: la vista previa interactiva te permite perfeccionar cada detalle","og_url":"https:\/\/positiveprints.com\/es\/producto\/mapa-estelar-doble-para-madres\/","og_site_name":"Positive Prints","article_publisher":"https:\/\/www.facebook.com\/positiveprintscom","article_modified_time":"2026-04-07T14:12:26+00:00","og_image":[{"width":1450,"height":1450,"url":"https:\/\/positiveprints.com\/wp-content\/uploads\/2024\/11\/Packshot_ES_Double-Star-Map-for-Mom-product-image-.webp","type":"image\/webp"}],"twitter_card":"summary_large_image","schema":{"@context":"https:\/\/schema.org","@graph":[{"@type":["WebPage","ItemPage"],"@id":"https:\/\/positiveprints.com\/es\/producto\/mapa-estelar-doble-para-madres\/","url":"https:\/\/positiveprints.com\/es\/producto\/mapa-estelar-doble-para-madres\/","name":"Mapa estelar doble para madres - Positive Prints","isPartOf":{"@id":"https:\/\/positiveprints.com\/es\/#website"},"primaryImageOfPage":{"@id":"https:\/\/positiveprints.com\/es\/producto\/mapa-estelar-doble-para-madres\/#primaryimage"},"image":{"@id":"https:\/\/positiveprints.com\/es\/producto\/mapa-estelar-doble-para-madres\/#primaryimage"},"thumbnailUrl":"https:\/\/positiveprints.com\/wp-content\/uploads\/2025\/08\/Packshot_ES_Mapa-estelar-doble-para-madres.webp","datePublished":"2023-04-03T14:52:09+00:00","dateModified":"2026-04-07T14:12:26+00:00","description":"El mapa estelar doble para madres es un regalo \u00fanico que captura la alineaci\u00f3n de las estrellas de los d\u00edas m\u00e1s importantes en la vida de una madre: el nacimiento de sus hijos.","breadcrumb":{"@id":"https:\/\/positiveprints.com\/es\/producto\/mapa-estelar-doble-para-madres\/#breadcrumb"},"inLanguage":"es","potentialAction":[{"@type":"ReadAction","target":["https:\/\/positiveprints.com\/es\/producto\/mapa-estelar-doble-para-madres\/"]}]},{"@type":"ImageObject","inLanguage":"es","@id":"https:\/\/positiveprints.com\/es\/producto\/mapa-estelar-doble-para-madres\/#primaryimage","url":"https:\/\/positiveprints.com\/wp-content\/uploads\/2025\/08\/Packshot_ES_Mapa-estelar-doble-para-madres.webp","contentUrl":"https:\/\/positiveprints.com\/wp-content\/uploads\/2025\/08\/Packshot_ES_Mapa-estelar-doble-para-madres.webp","width":1450,"height":1450},{"@type":"BreadcrumbList","@id":"https:\/\/positiveprints.com\/es\/producto\/mapa-estelar-doble-para-madres\/#breadcrumb","itemListElement":[{"@type":"ListItem","position":1,"name":"CASA","item":"https:\/\/positiveprints.com\/es\/"},{"@type":"ListItem","position":2,"name":"Productos","item":"https:\/\/positiveprints.com\/es\/shop\/"},{"@type":"ListItem","position":3,"name":"Mapa estelar doble para madres"}]},{"@type":"WebSite","@id":"https:\/\/positiveprints.com\/es\/#website","url":"https:\/\/positiveprints.com\/es\/","name":"Positive Prints","description":"Custom Gifts for Special Occasions","publisher":{"@id":"https:\/\/positiveprints.com\/es\/#organization"},"potentialAction":[{"@type":"SearchAction","target":{"@type":"EntryPoint","urlTemplate":"https:\/\/positiveprints.com\/es\/?s={search_term_string}"},"query-input":{"@type":"PropertyValueSpecification","valueRequired":true,"valueName":"search_term_string"}}],"inLanguage":"es"},{"@type":"Organization","@id":"https:\/\/positiveprints.com\/es\/#organization","name":"Positive Prints","alternateName":"Positive Prints","url":"https:\/\/positiveprints.com\/es\/","logo":{"@type":"ImageObject","inLanguage":"es","@id":"https:\/\/positiveprints.com\/es\/#\/schema\/logo\/image\/","url":"https:\/\/positiveprints.com\/wp-content\/uploads\/2026\/03\/245815646_1337939713319158_5671353136411139666_n.png","contentUrl":"https:\/\/positiveprints.com\/wp-content\/uploads\/2026\/03\/245815646_1337939713319158_5671353136411139666_n.png","width":800,"height":800,"caption":"Positive Prints"},"image":{"@id":"https:\/\/positiveprints.com\/es\/#\/schema\/logo\/image\/"},"sameAs":["https:\/\/www.facebook.com\/positiveprintscom","https:\/\/www.instagram.com\/positiveprintscom\/","https:\/\/www.tiktok.com\/@positiveprintscom","https:\/\/www.pinterest.com\/positiveprintscom\/"]}]}},"jetpack_sharing_enabled":true,"_links":{"self":[{"href":"https:\/\/positiveprints.com\/es\/wp-json\/wp\/v2\/product\/452294","targetHints":{"allow":["GET"]}}],"collection":[{"href":"https:\/\/positiveprints.com\/es\/wp-json\/wp\/v2\/product"}],"about":[{"href":"https:\/\/positiveprints.com\/es\/wp-json\/wp\/v2\/types\/product"}],"wp:featuredmedia":[{"embeddable":true,"href":"https:\/\/positiveprints.com\/es\/wp-json\/wp\/v2\/media\/1489875"}],"wp:attachment":[{"href":"https:\/\/positiveprints.com\/es\/wp-json\/wp\/v2\/media?parent=452294"}],"wp:term":[{"taxonomy":"product_brand","embeddable":true,"href":"https:\/\/positiveprints.com\/es\/wp-json\/wp\/v2\/product_brand?post=452294"},{"taxonomy":"product_cat","embeddable":true,"href":"https:\/\/positiveprints.com\/es\/wp-json\/wp\/v2\/product_cat?post=452294"},{"taxonomy":"product_tag","embeddable":true,"href":"https:\/\/positiveprints.com\/es\/wp-json\/wp\/v2\/product_tag?post=452294"}],"curies":[{"name":"wp","href":"https:\/\/api.w.org\/{rel}","templated":true}]}}