{"id":452200,"date":"2023-03-22T11:45:44","date_gmt":"2023-03-22T10:45:44","guid":{"rendered":"https:\/\/positiveprints.com\/?post_type=product&#038;p=452200"},"modified":"2026-04-18T06:06:26","modified_gmt":"2026-04-18T05:06:26","slug":"los-dias-en-que-te-convertiste-en-nuestra-mama","status":"publish","type":"product","link":"https:\/\/positiveprints.com\/es\/producto\/los-dias-en-que-te-convertiste-en-nuestra-mama\/","title":{"rendered":"Los d\u00edas en que te convertiste en nuestra mam\u00e1"},"content":{"rendered":"<p style=\"margin-top: 1rem\">\u201cLos d\u00edas en que te convertiste en nuestra mam\u00e1\u201d es el regalo perfecto para aquellas madres que adoran recordar cada instante cuando sus hijos nacieron. Esta impresi\u00f3n personalizada se encarga de inmortalizar el momento en que sus hijos llegaron al mundo. Nosotros recreamos el cielo nocturno, capturando la belleza y las maravillas del universo, para mostrarle a todos c\u00f3mo se ve\u00eda el cielo estrellado cuando cada hijo abr\u00eda sus ojos por primera vez.<\/p>\r\n\r\n\r\n<p style=\"margin-top: 1rem\">Cada impresi\u00f3n se puede personalizar con la fecha, hora y ubicaci\u00f3n de los nacimientos, as\u00ed como con el nombre de cada uno de los beb\u00e9s. Al final tendr\u00e1s una maravillosa obra de arte que celebra la felicidad y el amor que solo da la maternidad.<\/p>\r\n\r\n\r\n<p style=\"margin-top: 1rem\">\u201cLos d\u00edas en que te convertiste en nuestra mam\u00e1\u201d es perfecto como regalo del d\u00eda de las madres, cumplea\u00f1os o Navidad. Sin duda ella atesorar\u00e1 este detalle personalizado para siempre, y es una buena forma de expresar tu amor y aprecio por esas madres especiales en tu vida.<\/p>","protected":false},"excerpt":{"rendered":"<ul class=\"check-list\">\n<li>Agrega las constelaciones y la V\u00eda L\u00e1ctea<\/li>\n<li>Usa nuestro editor para personalizar tu dise\u00f1o en apenas tres pasos<\/li>\n<li>A\u00f1ade un mensaje personalizado para que\u00a0tu dise\u00f1o sea \u00fanico y especial<\/li>\n<li>Visualiza tu dise\u00f1o de forma r\u00e1pida usando la vista previa interactiva<\/li>\n<\/ul>\n","protected":false},"featured_media":1668342,"template":"","meta":[],"product_brand":[],"product_cat":[9280,9106,106,7195,7279,5270,11459,7709],"product_tag":[15562,11035,11034,11036,10959,11037,11038,8408,15544,11822,12633],"class_list":{"0":"post-452200","1":"product","2":"type-product","3":"status-publish","4":"has-post-thumbnail","6":"product_cat-bestsellers-label-es","7":"product_cat-duo-stars-es","8":"product_cat-todos-los-productos","9":"product_cat-map-es","10":"product_cat-regalos-del-dia-de-las-madres","11":"product_cat-regalos-de-navidad","12":"product_cat-regalos-de-navidad-para-mama","13":"product_cat-regalos-para-mama","14":"product_tag-la-mejor-mama","15":"product_tag-mam-es","16":"product_tag-mama-es-2","17":"product_tag-mama-es-3","18":"product_tag-mama-es","19":"product_tag-mami","20":"product_tag-momia","21":"product_tag-mother-es","22":"product_tag-regalo-mama","23":"product_tag-regalos-de-navidad-para-mama","24":"product_tag-regalos-para-mama","26":"first","27":"instock","28":"sale","29":"taxable","30":"shipping-taxable","31":"purchasable","32":"product-type-variable"},"yoast_head":"<!-- This site is optimized with the Yoast SEO Premium plugin v27.2 (Yoast SEO v27.2) - https:\/\/yoast.com\/product\/yoast-seo-premium-wordpress\/ -->\n<title>Los d\u00edas en que te convertiste en mam\u00e1 - Positive Prints<\/title>\n<meta name=\"description\" content=\"\u201cLos d\u00edas en que te convertiste en nuestra mam\u00e1\u201d es el regalo perfecto y s\u00faper especial para vuestra mam\u00e1. \u00a1Pide el tuyo hoy mismo!\" \/>\n<meta name=\"robots\" content=\"index, follow, max-snippet:-1, max-image-preview:large, max-video-preview:-1\" \/>\n<link rel=\"canonical\" href=\"https:\/\/positiveprints.com\/es\/producto\/los-dias-en-que-te-convertiste-en-nuestra-mama\/\" \/>\n<meta property=\"og:locale\" content=\"es_ES\" \/>\n<meta property=\"og:type\" content=\"article\" \/>\n<meta property=\"og:title\" content=\"Los d\u00edas en que te convertiste en nuestra mam\u00e1\" \/>\n<meta property=\"og:description\" content=\"Agrega las constelaciones y la V\u00eda L\u00e1ctea Usa nuestro editor para personalizar tu dise\u00f1o en apenas tres pasos A\u00f1ade un mensaje personalizado para que\u00a0tu dise\u00f1o sea \u00fanico y especial Visualiza tu dise\u00f1o de forma r\u00e1pida usando la vista previa interactiva\" \/>\n<meta property=\"og:url\" content=\"https:\/\/positiveprints.com\/es\/producto\/los-dias-en-que-te-convertiste-en-nuestra-mama\/\" \/>\n<meta property=\"og:site_name\" content=\"Positive Prints\" \/>\n<meta property=\"article:publisher\" content=\"https:\/\/www.facebook.com\/positiveprintscom\" \/>\n<meta property=\"article:modified_time\" content=\"2026-04-18T05:06:26+00:00\" \/>\n<meta property=\"og:image\" content=\"https:\/\/positiveprints.com\/wp-content\/uploads\/2025\/02\/Los-di\u0301as-en-que-te-convertiste-en-nuestra-mama\u0301-1.webp\" \/>\n\t<meta property=\"og:image:width\" content=\"1450\" \/>\n\t<meta property=\"og:image:height\" content=\"1450\" \/>\n\t<meta property=\"og:image:type\" content=\"image\/webp\" \/>\n<meta name=\"twitter:card\" content=\"summary_large_image\" \/>\n<meta name=\"twitter:label1\" content=\"Tiempo de lectura\" \/>\n\t<meta name=\"twitter:data1\" content=\"1 minuto\" \/>\n<!-- \/ Yoast SEO Premium plugin. -->","yoast_head_json":{"title":"Los d\u00edas en que te convertiste en mam\u00e1 - Positive Prints","description":"\u201cLos d\u00edas en que te convertiste en nuestra mam\u00e1\u201d es el regalo perfecto y s\u00faper especial para vuestra mam\u00e1. \u00a1Pide el tuyo hoy mismo!","robots":{"index":"index","follow":"follow","max-snippet":"max-snippet:-1","max-image-preview":"max-image-preview:large","max-video-preview":"max-video-preview:-1"},"canonical":"https:\/\/positiveprints.com\/es\/producto\/los-dias-en-que-te-convertiste-en-nuestra-mama\/","og_locale":"es_ES","og_type":"article","og_title":"Los d\u00edas en que te convertiste en nuestra mam\u00e1","og_description":"Agrega las constelaciones y la V\u00eda L\u00e1ctea Usa nuestro editor para personalizar tu dise\u00f1o en apenas tres pasos A\u00f1ade un mensaje personalizado para que\u00a0tu dise\u00f1o sea \u00fanico y especial Visualiza tu dise\u00f1o de forma r\u00e1pida usando la vista previa interactiva","og_url":"https:\/\/positiveprints.com\/es\/producto\/los-dias-en-que-te-convertiste-en-nuestra-mama\/","og_site_name":"Positive Prints","article_publisher":"https:\/\/www.facebook.com\/positiveprintscom","article_modified_time":"2026-04-18T05:06:26+00:00","og_image":[{"width":1450,"height":1450,"url":"https:\/\/positiveprints.com\/wp-content\/uploads\/2025\/02\/Los-di\u0301as-en-que-te-convertiste-en-nuestra-mama\u0301-1.webp","type":"image\/webp"}],"twitter_card":"summary_large_image","twitter_misc":{"Tiempo de lectura":"1 minuto"},"schema":{"@context":"https:\/\/schema.org","@graph":[{"@type":["WebPage","ItemPage"],"@id":"https:\/\/positiveprints.com\/es\/producto\/los-dias-en-que-te-convertiste-en-nuestra-mama\/","url":"https:\/\/positiveprints.com\/es\/producto\/los-dias-en-que-te-convertiste-en-nuestra-mama\/","name":"Los d\u00edas en que te convertiste en mam\u00e1 - Positive Prints","isPartOf":{"@id":"https:\/\/positiveprints.com\/es\/#website"},"primaryImageOfPage":{"@id":"https:\/\/positiveprints.com\/es\/producto\/los-dias-en-que-te-convertiste-en-nuestra-mama\/#primaryimage"},"image":{"@id":"https:\/\/positiveprints.com\/es\/producto\/los-dias-en-que-te-convertiste-en-nuestra-mama\/#primaryimage"},"thumbnailUrl":"https:\/\/positiveprints.com\/wp-content\/uploads\/2026\/03\/para-una-mama-especial_ES-packshot-.webp","datePublished":"2023-03-22T10:45:44+00:00","dateModified":"2026-04-18T05:06:26+00:00","description":"\u201cLos d\u00edas en que te convertiste en nuestra mam\u00e1\u201d es el regalo perfecto y s\u00faper especial para vuestra mam\u00e1. \u00a1Pide el tuyo hoy mismo!","breadcrumb":{"@id":"https:\/\/positiveprints.com\/es\/producto\/los-dias-en-que-te-convertiste-en-nuestra-mama\/#breadcrumb"},"inLanguage":"es","potentialAction":[{"@type":"ReadAction","target":["https:\/\/positiveprints.com\/es\/producto\/los-dias-en-que-te-convertiste-en-nuestra-mama\/"]}]},{"@type":"ImageObject","inLanguage":"es","@id":"https:\/\/positiveprints.com\/es\/producto\/los-dias-en-que-te-convertiste-en-nuestra-mama\/#primaryimage","url":"https:\/\/positiveprints.com\/wp-content\/uploads\/2026\/03\/para-una-mama-especial_ES-packshot-.webp","contentUrl":"https:\/\/positiveprints.com\/wp-content\/uploads\/2026\/03\/para-una-mama-especial_ES-packshot-.webp","width":1450,"height":1450},{"@type":"BreadcrumbList","@id":"https:\/\/positiveprints.com\/es\/producto\/los-dias-en-que-te-convertiste-en-nuestra-mama\/#breadcrumb","itemListElement":[{"@type":"ListItem","position":1,"name":"CASA","item":"https:\/\/positiveprints.com\/es\/"},{"@type":"ListItem","position":2,"name":"Productos","item":"https:\/\/positiveprints.com\/es\/shop\/"},{"@type":"ListItem","position":3,"name":"Los d\u00edas en que te convertiste en nuestra mam\u00e1"}]},{"@type":"WebSite","@id":"https:\/\/positiveprints.com\/es\/#website","url":"https:\/\/positiveprints.com\/es\/","name":"Positive Prints","description":"Custom Gifts for Special Occasions","publisher":{"@id":"https:\/\/positiveprints.com\/es\/#organization"},"potentialAction":[{"@type":"SearchAction","target":{"@type":"EntryPoint","urlTemplate":"https:\/\/positiveprints.com\/es\/?s={search_term_string}"},"query-input":{"@type":"PropertyValueSpecification","valueRequired":true,"valueName":"search_term_string"}}],"inLanguage":"es"},{"@type":"Organization","@id":"https:\/\/positiveprints.com\/es\/#organization","name":"Positive Prints","alternateName":"Positive Prints","url":"https:\/\/positiveprints.com\/es\/","logo":{"@type":"ImageObject","inLanguage":"es","@id":"https:\/\/positiveprints.com\/es\/#\/schema\/logo\/image\/","url":"https:\/\/positiveprints.com\/wp-content\/uploads\/2026\/03\/245815646_1337939713319158_5671353136411139666_n.png","contentUrl":"https:\/\/positiveprints.com\/wp-content\/uploads\/2026\/03\/245815646_1337939713319158_5671353136411139666_n.png","width":800,"height":800,"caption":"Positive Prints"},"image":{"@id":"https:\/\/positiveprints.com\/es\/#\/schema\/logo\/image\/"},"sameAs":["https:\/\/www.facebook.com\/positiveprintscom","https:\/\/www.instagram.com\/positiveprintscom\/","https:\/\/www.tiktok.com\/@positiveprintscom","https:\/\/www.pinterest.com\/positiveprintscom\/"]}]}},"jetpack_sharing_enabled":true,"_links":{"self":[{"href":"https:\/\/positiveprints.com\/es\/wp-json\/wp\/v2\/product\/452200","targetHints":{"allow":["GET"]}}],"collection":[{"href":"https:\/\/positiveprints.com\/es\/wp-json\/wp\/v2\/product"}],"about":[{"href":"https:\/\/positiveprints.com\/es\/wp-json\/wp\/v2\/types\/product"}],"wp:featuredmedia":[{"embeddable":true,"href":"https:\/\/positiveprints.com\/es\/wp-json\/wp\/v2\/media\/1668342"}],"wp:attachment":[{"href":"https:\/\/positiveprints.com\/es\/wp-json\/wp\/v2\/media?parent=452200"}],"wp:term":[{"taxonomy":"product_brand","embeddable":true,"href":"https:\/\/positiveprints.com\/es\/wp-json\/wp\/v2\/product_brand?post=452200"},{"taxonomy":"product_cat","embeddable":true,"href":"https:\/\/positiveprints.com\/es\/wp-json\/wp\/v2\/product_cat?post=452200"},{"taxonomy":"product_tag","embeddable":true,"href":"https:\/\/positiveprints.com\/es\/wp-json\/wp\/v2\/product_tag?post=452200"}],"curies":[{"name":"wp","href":"https:\/\/api.w.org\/{rel}","templated":true}]}}