{"id":451205,"date":"2023-02-10T19:32:31","date_gmt":"2023-02-10T18:32:31","guid":{"rendered":"https:\/\/positiveprints.com\/?post_type=product&#038;p=451205"},"modified":"2026-04-18T06:14:44","modified_gmt":"2026-04-18T05:14:44","slug":"el-amor-no-conoce-distancias-un-mapa-para-mama","status":"publish","type":"product","link":"https:\/\/positiveprints.com\/es\/producto\/el-amor-no-conoce-distancias-un-mapa-para-mama\/","title":{"rendered":"El amor no conoce distancias: un mapa para mam\u00e1"},"content":{"rendered":"<p style=\"margin-top: 1rem\">Celebrar los d\u00edas especiales con mam\u00e1, como un cumplea\u00f1os o el D\u00eda de las Madres, puede ser un desaf\u00edo cuando los separa la distancia. Sin embargo, enviarle un detalle lleno de amor y significado es una forma de hacer que la distancia se acorte. El p\u00f3ster o lienzo personalizado de \u201cEl amor no conoce distancias\u201d es el regalo perfecto para celebrar cualquier ocasi\u00f3n, y le recuerda a tu madre que no importa lo lejos que est\u00e9s, su v\u00ednculo no desaparecer\u00e1. \u00a1Es un recordatorio que apreciar\u00e1 para siempre!<\/p>\r\n\r\n\r\n\r\n<h2 class=\"grenB f24 cblue\" style=\"margin-top: 3rem\">Mapa personalizado: \u201cEl amor no conoce distancias\u201d<\/h2>\r\n\r\n\r\n<p style=\"margin-top: 1rem\">Nuestro mapa personalizado para mam\u00e1 captura la conexi\u00f3n especial entre ustedes. Para crear el regalo ideal para mam\u00e1, solo tendr\u00e1s que escribir dos direcciones que usaremos para marcar sus ubicaciones en un hermoso mapa. Tambi\u00e9n puedes personalizar tu mapa con diversos colores, estilos y tama\u00f1os. Nos aseguraremos de que es algo que mam\u00e1 enmarcar\u00e1 con mucho gusto y aprecio en su hogar.<\/p>\r\n\r\n\r\n\r\n<h2 class=\"grenB f24 cblue\" style=\"margin-top: 3rem\">Un regalo que celebra su v\u00ednculo<\/h2>\r\n\r\n\r\n<p style=\"margin-top: 1rem\">Tu mam\u00e1 estar\u00e1 encantada de recibir un regalo personalizado como un mapa del \u201camor no conoce distancias\u201d. Ella recordar\u00e1 cada d\u00eda el mucho amor y aprecio que le tienes cada vez que lo vea. Este regalo celebra el v\u00ednculo que comparten, incluso cuando la distancia los separa. Es una manera incre\u00edble de mostrarle a tu mam\u00e1 lo mucho que significa para ti y le hace saber que sin importar la distancia, los kil\u00f3metros faltan, pero tu amor nunca termina.<\/p>\r\n\r\n\r\n\r\n<h2 class=\"grenB f24 cblue\" style=\"margin-top: 3rem\">Pide \u201cel amor no conoce distancias\u201d<\/h2>\r\n\r\n\r\n<p style=\"margin-top: 1rem\">En Positive Prints, nos especializamos en crear regalos personalizados que provocar\u00e1n sonrisas. Sabemos lo especial que es el v\u00ednculo entre ustedes dos, y estamos aqu\u00ed para ayudar a acortar cualquier distancia con dise\u00f1os llenos de creatividad y significado. Pide tu mapa personalizado hoy mismo y demu\u00e9strale que la distancia no importa: el amor rompe cualquier barrera.<\/p>","protected":false},"excerpt":{"rendered":"<ul class=\"check-list\">\n<li>Mu\u00e9strale a tu mam\u00e1 cu\u00e1n importante es: marca los lugares especiales que los conectan, incluso si la distancia los separa<\/li>\n<li>Marca los dos lugares con los s\u00edmbolos de tu elecci\u00f3n<\/li>\n<li>Personal\u00edzalo en tres sencillos pasos<\/li>\n<li>Incluye un texto personalizado<\/li>\n<li>Ve el resultado de inmediato: la vista previa interactiva te permite perfeccionar cada detalle<\/li>\n<\/ul>\n","protected":false},"featured_media":1464780,"template":"","meta":[],"product_brand":[],"product_cat":[9117,106,7279,5270,11459,7709],"product_tag":[8408,11822],"class_list":{"0":"post-451205","1":"product","2":"type-product","3":"status-publish","4":"has-post-thumbnail","6":"product_cat-double-maps-es","7":"product_cat-todos-los-productos","8":"product_cat-regalos-del-dia-de-las-madres","9":"product_cat-regalos-de-navidad","10":"product_cat-regalos-de-navidad-para-mama","11":"product_cat-regalos-para-mama","12":"product_tag-mother-es","13":"product_tag-regalos-de-navidad-para-mama","15":"first","16":"instock","17":"sale","18":"taxable","19":"shipping-taxable","20":"purchasable","21":"product-type-variable"},"yoast_head":"<!-- This site is optimized with the Yoast SEO Premium plugin v27.2 (Yoast SEO v27.2) - https:\/\/yoast.com\/product\/yoast-seo-premium-wordpress\/ -->\n<title>Mam\u00e1, el amor no conoce distancias - Positive Prints<\/title>\n<meta name=\"description\" content=\"\u201cEl amor no conoce distancias\u201d es un mapa que le demuestra a tu madre que, sin importar cu\u00e1ntos kil\u00f3metros existan entre ustedes, tu amor no conoce l\u00edmites. \u00a1Dise\u00f1a el tuyo hoy mismo!\" \/>\n<meta name=\"robots\" content=\"index, follow, max-snippet:-1, max-image-preview:large, max-video-preview:-1\" \/>\n<link rel=\"canonical\" href=\"https:\/\/positiveprints.com\/es\/producto\/el-amor-no-conoce-distancias-un-mapa-para-mama\/\" \/>\n<meta property=\"og:locale\" content=\"es_ES\" \/>\n<meta property=\"og:type\" content=\"article\" \/>\n<meta property=\"og:title\" content=\"El amor no conoce distancias: un mapa para mam\u00e1\" \/>\n<meta property=\"og:description\" content=\"Mu\u00e9strale a tu mam\u00e1 cu\u00e1n importante es: marca los lugares especiales que los conectan, incluso si la distancia los separa Marca los dos lugares con los s\u00edmbolos de tu elecci\u00f3n Personal\u00edzalo en tres sencillos pasos Incluye un texto personalizado Ve el resultado de inmediato: la vista previa interactiva te permite perfeccionar cada detalle\" \/>\n<meta property=\"og:url\" content=\"https:\/\/positiveprints.com\/es\/producto\/el-amor-no-conoce-distancias-un-mapa-para-mama\/\" \/>\n<meta property=\"og:site_name\" content=\"Positive Prints\" \/>\n<meta property=\"article:publisher\" content=\"https:\/\/www.facebook.com\/positiveprintscom\" \/>\n<meta property=\"article:modified_time\" content=\"2026-04-18T05:14:44+00:00\" \/>\n<meta property=\"og:image\" content=\"https:\/\/positiveprints.com\/wp-content\/uploads\/2023\/04\/un-mapa-para-mama.jpg\" \/>\n\t<meta property=\"og:image:width\" content=\"1080\" \/>\n\t<meta property=\"og:image:height\" content=\"1080\" \/>\n\t<meta property=\"og:image:type\" content=\"image\/jpeg\" \/>\n<meta name=\"twitter:card\" content=\"summary_large_image\" \/>\n<meta name=\"twitter:label1\" content=\"Tiempo de lectura\" \/>\n\t<meta name=\"twitter:data1\" content=\"2 minutos\" \/>\n<!-- \/ Yoast SEO Premium plugin. -->","yoast_head_json":{"title":"Mam\u00e1, el amor no conoce distancias - Positive Prints","description":"\u201cEl amor no conoce distancias\u201d es un mapa que le demuestra a tu madre que, sin importar cu\u00e1ntos kil\u00f3metros existan entre ustedes, tu amor no conoce l\u00edmites. \u00a1Dise\u00f1a el tuyo hoy mismo!","robots":{"index":"index","follow":"follow","max-snippet":"max-snippet:-1","max-image-preview":"max-image-preview:large","max-video-preview":"max-video-preview:-1"},"canonical":"https:\/\/positiveprints.com\/es\/producto\/el-amor-no-conoce-distancias-un-mapa-para-mama\/","og_locale":"es_ES","og_type":"article","og_title":"El amor no conoce distancias: un mapa para mam\u00e1","og_description":"Mu\u00e9strale a tu mam\u00e1 cu\u00e1n importante es: marca los lugares especiales que los conectan, incluso si la distancia los separa Marca los dos lugares con los s\u00edmbolos de tu elecci\u00f3n Personal\u00edzalo en tres sencillos pasos Incluye un texto personalizado Ve el resultado de inmediato: la vista previa interactiva te permite perfeccionar cada detalle","og_url":"https:\/\/positiveprints.com\/es\/producto\/el-amor-no-conoce-distancias-un-mapa-para-mama\/","og_site_name":"Positive Prints","article_publisher":"https:\/\/www.facebook.com\/positiveprintscom","article_modified_time":"2026-04-18T05:14:44+00:00","og_image":[{"width":1080,"height":1080,"url":"https:\/\/positiveprints.com\/wp-content\/uploads\/2023\/04\/un-mapa-para-mama.jpg","type":"image\/jpeg"}],"twitter_card":"summary_large_image","twitter_misc":{"Tiempo de lectura":"2 minutos"},"schema":{"@context":"https:\/\/schema.org","@graph":[{"@type":["WebPage","ItemPage"],"@id":"https:\/\/positiveprints.com\/es\/producto\/el-amor-no-conoce-distancias-un-mapa-para-mama\/","url":"https:\/\/positiveprints.com\/es\/producto\/el-amor-no-conoce-distancias-un-mapa-para-mama\/","name":"Mam\u00e1, el amor no conoce distancias - Positive Prints","isPartOf":{"@id":"https:\/\/positiveprints.com\/es\/#website"},"primaryImageOfPage":{"@id":"https:\/\/positiveprints.com\/es\/producto\/el-amor-no-conoce-distancias-un-mapa-para-mama\/#primaryimage"},"image":{"@id":"https:\/\/positiveprints.com\/es\/producto\/el-amor-no-conoce-distancias-un-mapa-para-mama\/#primaryimage"},"thumbnailUrl":"https:\/\/positiveprints.com\/wp-content\/uploads\/2025\/06\/Packshot_ES_El-amor-no-conoce-distancias-un-mapa-para-mama\u0301.webp","datePublished":"2023-02-10T18:32:31+00:00","dateModified":"2026-04-18T05:14:44+00:00","description":"\u201cEl amor no conoce distancias\u201d es un mapa que le demuestra a tu madre que, sin importar cu\u00e1ntos kil\u00f3metros existan entre ustedes, tu amor no conoce l\u00edmites. \u00a1Dise\u00f1a el tuyo hoy mismo!","breadcrumb":{"@id":"https:\/\/positiveprints.com\/es\/producto\/el-amor-no-conoce-distancias-un-mapa-para-mama\/#breadcrumb"},"inLanguage":"es","potentialAction":[{"@type":"ReadAction","target":["https:\/\/positiveprints.com\/es\/producto\/el-amor-no-conoce-distancias-un-mapa-para-mama\/"]}]},{"@type":"ImageObject","inLanguage":"es","@id":"https:\/\/positiveprints.com\/es\/producto\/el-amor-no-conoce-distancias-un-mapa-para-mama\/#primaryimage","url":"https:\/\/positiveprints.com\/wp-content\/uploads\/2025\/06\/Packshot_ES_El-amor-no-conoce-distancias-un-mapa-para-mama\u0301.webp","contentUrl":"https:\/\/positiveprints.com\/wp-content\/uploads\/2025\/06\/Packshot_ES_El-amor-no-conoce-distancias-un-mapa-para-mama\u0301.webp","width":1450,"height":1450},{"@type":"BreadcrumbList","@id":"https:\/\/positiveprints.com\/es\/producto\/el-amor-no-conoce-distancias-un-mapa-para-mama\/#breadcrumb","itemListElement":[{"@type":"ListItem","position":1,"name":"CASA","item":"https:\/\/positiveprints.com\/es\/"},{"@type":"ListItem","position":2,"name":"Productos","item":"https:\/\/positiveprints.com\/es\/shop\/"},{"@type":"ListItem","position":3,"name":"El amor no conoce distancias: un mapa para mam\u00e1"}]},{"@type":"WebSite","@id":"https:\/\/positiveprints.com\/es\/#website","url":"https:\/\/positiveprints.com\/es\/","name":"Positive Prints","description":"Custom Gifts for Special Occasions","publisher":{"@id":"https:\/\/positiveprints.com\/es\/#organization"},"potentialAction":[{"@type":"SearchAction","target":{"@type":"EntryPoint","urlTemplate":"https:\/\/positiveprints.com\/es\/?s={search_term_string}"},"query-input":{"@type":"PropertyValueSpecification","valueRequired":true,"valueName":"search_term_string"}}],"inLanguage":"es"},{"@type":"Organization","@id":"https:\/\/positiveprints.com\/es\/#organization","name":"Positive Prints","alternateName":"Positive Prints","url":"https:\/\/positiveprints.com\/es\/","logo":{"@type":"ImageObject","inLanguage":"es","@id":"https:\/\/positiveprints.com\/es\/#\/schema\/logo\/image\/","url":"https:\/\/positiveprints.com\/wp-content\/uploads\/2026\/03\/245815646_1337939713319158_5671353136411139666_n.png","contentUrl":"https:\/\/positiveprints.com\/wp-content\/uploads\/2026\/03\/245815646_1337939713319158_5671353136411139666_n.png","width":800,"height":800,"caption":"Positive Prints"},"image":{"@id":"https:\/\/positiveprints.com\/es\/#\/schema\/logo\/image\/"},"sameAs":["https:\/\/www.facebook.com\/positiveprintscom","https:\/\/www.instagram.com\/positiveprintscom\/","https:\/\/www.tiktok.com\/@positiveprintscom","https:\/\/www.pinterest.com\/positiveprintscom\/"]}]}},"jetpack_sharing_enabled":true,"_links":{"self":[{"href":"https:\/\/positiveprints.com\/es\/wp-json\/wp\/v2\/product\/451205","targetHints":{"allow":["GET"]}}],"collection":[{"href":"https:\/\/positiveprints.com\/es\/wp-json\/wp\/v2\/product"}],"about":[{"href":"https:\/\/positiveprints.com\/es\/wp-json\/wp\/v2\/types\/product"}],"wp:featuredmedia":[{"embeddable":true,"href":"https:\/\/positiveprints.com\/es\/wp-json\/wp\/v2\/media\/1464780"}],"wp:attachment":[{"href":"https:\/\/positiveprints.com\/es\/wp-json\/wp\/v2\/media?parent=451205"}],"wp:term":[{"taxonomy":"product_brand","embeddable":true,"href":"https:\/\/positiveprints.com\/es\/wp-json\/wp\/v2\/product_brand?post=451205"},{"taxonomy":"product_cat","embeddable":true,"href":"https:\/\/positiveprints.com\/es\/wp-json\/wp\/v2\/product_cat?post=451205"},{"taxonomy":"product_tag","embeddable":true,"href":"https:\/\/positiveprints.com\/es\/wp-json\/wp\/v2\/product_tag?post=451205"}],"curies":[{"name":"wp","href":"https:\/\/api.w.org\/{rel}","templated":true}]}}