{"id":451167,"date":"2023-02-08T10:42:11","date_gmt":"2023-02-08T09:42:11","guid":{"rendered":"https:\/\/positiveprints.com\/?post_type=product&#038;p=451167"},"modified":"2026-04-18T06:16:07","modified_gmt":"2026-04-18T05:16:07","slug":"la-cancion-favorita-de-mama","status":"publish","type":"product","link":"https:\/\/positiveprints.com\/es\/producto\/la-cancion-favorita-de-mama\/","title":{"rendered":"La canci\u00f3n favorita de mam\u00e1"},"content":{"rendered":"<p style=\"margin-top: 1rem\">Encontrar el regalo perfecto para mam\u00e1 puede ser un desaf\u00edo para muchos. Hay demasiadas opciones para elegir que quiz\u00e1s te sientas abrumado, pero muchas veces no hay nada especial que te llame la atenci\u00f3n. Si est\u00e1s buscando darle a tu madre algo realmente \u00fanico que no se puede comprar en una tienda, has llegado al lugar correcto: \u00a1Reg\u00e1lale una obra de arte, con la onda sonora de su canci\u00f3n favorita!<\/p>\n\n\n\n\n\n\n\n<h2 class=\"grenB f24 cblue\" style=\"margin-top: 3rem\">Crea una onda sonora personalizada de la canci\u00f3n favorita de tu mam\u00e1<\/h2>\n\n\n\n\n\n<p style=\"margin-top: 1rem\">Mu\u00e9strale a tu mam\u00e1 cu\u00e1nto significa para ti con un detalle personalizado hecho con su canci\u00f3n favorita. Al usar nuestra herramienta, podr\u00e1s crear un regalo significativo que ella nunca podr\u00e1 olvidar. Todo lo que debes hacer es subir tu audio o pegar un enlace de Spotify con la canci\u00f3n favorita de tu madre, seleccionar el color de la onda sonora y el fondo que m\u00e1s te guste, y agregar un mensaje o una cita especial, si lo deseas. Tambi\u00e9n puedes elegir si quieres imprimirlo como p\u00f3ster, una obra enmarcada o un lienzo: \u00a1t\u00fa decides! La creatividad no tiene l\u00edmites.<\/p>\n\n\n\n\n\n\n\n<p style=\"margin-top: 1rem\">Tu mam\u00e1 se sentir\u00e1 amada y apreciada cada vez que vea este hermoso detalle. No solo le recordar\u00e1 su conexi\u00f3n contigo, sino que tambi\u00e9n podr\u00e1 exhibirlo en su hogar por siempre. Sin duda, \u00a1es la mejor forma de hacerle saber cu\u00e1nto la amas!<\/p>\n\n\n\n\n\n\n\n\n\n\n\n<h2 class=\"grenB f24 cblue\" style=\"margin-top: 3rem\">Demu\u00e9strale lo mucho que significa para ti<\/h2>\n\n\n\n<p style=\"margin-top: 1rem\">El regalo perfecto para una mam\u00e1 debe reflejar algo \u00fanico y especial que tu madre adore. Debe ser algo que le haga saber lo mucho que te importa, y que te has tomado el tiempo de pensar en lo que la har\u00eda m\u00e1s feliz.<\/p>  \n\n\n\n\n\n\n\n<p style=\"margin-top: 1rem\">\u201cLa canci\u00f3n favorita de mam\u00e1\u201d es la manera perfecta de demostrarle cu\u00e1nto la amas. Ella sonreir\u00e1 cada vez que vea esta hermosa obra de arte, y t\u00fa podr\u00e1s ser parte de ese momento especial. Es un regalo \u00fanico que durar\u00e1 para toda la vida y siempre le recordar\u00e1 su precioso v\u00ednculo.<\/p>\n\n\n\n\n\n\n\n\n\n\n\n\n\n\n\n<p style=\"margin-top: 3rem\">No importa qu\u00e9 regalo elijas: el tiempo y el esfuerzo detr\u00e1s de \u00e9l siempre ser\u00e1n apreciados. El arte personalizado con ondas sonoras es una forma creativa de demostrarle tu amor y cari\u00f1o. Es un hermoso recordatorio de su v\u00ednculo, que ella podr\u00e1 exhibir orgullosamente en su hogar. \u00a1Demu\u00e9strale a tu mam\u00e1 lo mucho que significa para ti con este maravilloso regalo personalizado que no podr\u00e1s encontrar en ninguna tienda!<\/p>","protected":false},"excerpt":{"rendered":"<ul class=\"check-list\">\n<li>Simplemente sube un archivo de audio<\/li>\n<li>Agrega un c\u00f3digo QR y escan\u00e9alo para agregar tu canci\u00f3n favorita<\/li>\n<li>Personal\u00edzala en tres sencillos pasos<\/li>\n<li>Elige una plantilla o pon manos a la obra<\/li>\n<\/ul>\n","protected":false},"featured_media":1336976,"template":"","meta":[],"product_brand":[],"product_cat":[106,7279,5270,11459,15060,11460,7709,7486],"product_tag":[13469,11822],"class_list":{"0":"post-451167","1":"product","2":"type-product","3":"status-publish","4":"has-post-thumbnail","6":"product_cat-todos-los-productos","7":"product_cat-regalos-del-dia-de-las-madres","8":"product_cat-regalos-de-navidad","9":"product_cat-regalos-de-navidad-para-mama","10":"product_cat-regalos-de-navidad-para-la-familia","11":"product_cat-regalos-de-navidad-para-los-padres","12":"product_cat-regalos-para-mama","13":"product_cat-onda-sonora-es","14":"product_tag-regalos-de-navidad-para-la-familia","15":"product_tag-regalos-de-navidad-para-mama","17":"first","18":"instock","19":"sale","20":"taxable","21":"shipping-taxable","22":"purchasable","23":"product-type-variable"},"yoast_head":"<!-- This site is optimized with the Yoast SEO Premium plugin v27.2 (Yoast SEO v27.2) - https:\/\/yoast.com\/product\/yoast-seo-premium-wordpress\/ -->\n<title>La canci\u00f3n favorita de mam\u00e1 - Positive Prints<\/title>\n<meta name=\"description\" content=\"\u201cLa canci\u00f3n favorita de mam\u00e1\u201d es la forma perfecta de demostrarle a tu madre lo mucho que la amas y la aprecias. No podr\u00e1 evitar sonre\u00edr cada vez que ella vea esta obra de arte.\" \/>\n<meta name=\"robots\" content=\"index, follow, max-snippet:-1, max-image-preview:large, max-video-preview:-1\" \/>\n<link rel=\"canonical\" href=\"https:\/\/positiveprints.com\/es\/producto\/la-cancion-favorita-de-mama\/\" \/>\n<meta property=\"og:locale\" content=\"es_ES\" \/>\n<meta property=\"og:type\" content=\"article\" \/>\n<meta property=\"og:title\" content=\"La canci\u00f3n favorita de mam\u00e1\" \/>\n<meta property=\"og:description\" content=\"Simplemente sube un archivo de audio Agrega un c\u00f3digo QR y escan\u00e9alo para agregar tu canci\u00f3n favorita Personal\u00edzala en tres sencillos pasos Elige una plantilla o pon manos a la obra\" \/>\n<meta property=\"og:url\" content=\"https:\/\/positiveprints.com\/es\/producto\/la-cancion-favorita-de-mama\/\" \/>\n<meta property=\"og:site_name\" content=\"Positive Prints\" \/>\n<meta property=\"article:publisher\" content=\"https:\/\/www.facebook.com\/positiveprintscom\" \/>\n<meta property=\"article:modified_time\" content=\"2026-04-18T05:16:07+00:00\" \/>\n<meta property=\"og:image\" content=\"https:\/\/positiveprints.com\/wp-content\/uploads\/2023\/04\/La-cancion-favorita-de-mama.jpg\" \/>\n\t<meta property=\"og:image:width\" content=\"1080\" \/>\n\t<meta property=\"og:image:height\" content=\"1080\" \/>\n\t<meta property=\"og:image:type\" content=\"image\/jpeg\" \/>\n<meta name=\"twitter:card\" content=\"summary_large_image\" \/>\n<!-- \/ Yoast SEO Premium plugin. -->","yoast_head_json":{"title":"La canci\u00f3n favorita de mam\u00e1 - Positive Prints","description":"\u201cLa canci\u00f3n favorita de mam\u00e1\u201d es la forma perfecta de demostrarle a tu madre lo mucho que la amas y la aprecias. No podr\u00e1 evitar sonre\u00edr cada vez que ella vea esta obra de arte.","robots":{"index":"index","follow":"follow","max-snippet":"max-snippet:-1","max-image-preview":"max-image-preview:large","max-video-preview":"max-video-preview:-1"},"canonical":"https:\/\/positiveprints.com\/es\/producto\/la-cancion-favorita-de-mama\/","og_locale":"es_ES","og_type":"article","og_title":"La canci\u00f3n favorita de mam\u00e1","og_description":"Simplemente sube un archivo de audio Agrega un c\u00f3digo QR y escan\u00e9alo para agregar tu canci\u00f3n favorita Personal\u00edzala en tres sencillos pasos Elige una plantilla o pon manos a la obra","og_url":"https:\/\/positiveprints.com\/es\/producto\/la-cancion-favorita-de-mama\/","og_site_name":"Positive Prints","article_publisher":"https:\/\/www.facebook.com\/positiveprintscom","article_modified_time":"2026-04-18T05:16:07+00:00","og_image":[{"width":1080,"height":1080,"url":"https:\/\/positiveprints.com\/wp-content\/uploads\/2023\/04\/La-cancion-favorita-de-mama.jpg","type":"image\/jpeg"}],"twitter_card":"summary_large_image","schema":{"@context":"https:\/\/schema.org","@graph":[{"@type":["WebPage","ItemPage"],"@id":"https:\/\/positiveprints.com\/es\/producto\/la-cancion-favorita-de-mama\/","url":"https:\/\/positiveprints.com\/es\/producto\/la-cancion-favorita-de-mama\/","name":"La canci\u00f3n favorita de mam\u00e1 - Positive Prints","isPartOf":{"@id":"https:\/\/positiveprints.com\/es\/#website"},"primaryImageOfPage":{"@id":"https:\/\/positiveprints.com\/es\/producto\/la-cancion-favorita-de-mama\/#primaryimage"},"image":{"@id":"https:\/\/positiveprints.com\/es\/producto\/la-cancion-favorita-de-mama\/#primaryimage"},"thumbnailUrl":"https:\/\/positiveprints.com\/wp-content\/uploads\/2025\/01\/La-cancio\u0301n-favorita-de-mama\u0301-1.webp","datePublished":"2023-02-08T09:42:11+00:00","dateModified":"2026-04-18T05:16:07+00:00","description":"\u201cLa canci\u00f3n favorita de mam\u00e1\u201d es la forma perfecta de demostrarle a tu madre lo mucho que la amas y la aprecias. No podr\u00e1 evitar sonre\u00edr cada vez que ella vea esta obra de arte.","breadcrumb":{"@id":"https:\/\/positiveprints.com\/es\/producto\/la-cancion-favorita-de-mama\/#breadcrumb"},"inLanguage":"es","potentialAction":[{"@type":"ReadAction","target":["https:\/\/positiveprints.com\/es\/producto\/la-cancion-favorita-de-mama\/"]}]},{"@type":"ImageObject","inLanguage":"es","@id":"https:\/\/positiveprints.com\/es\/producto\/la-cancion-favorita-de-mama\/#primaryimage","url":"https:\/\/positiveprints.com\/wp-content\/uploads\/2025\/01\/La-cancio\u0301n-favorita-de-mama\u0301-1.webp","contentUrl":"https:\/\/positiveprints.com\/wp-content\/uploads\/2025\/01\/La-cancio\u0301n-favorita-de-mama\u0301-1.webp","width":1450,"height":1450},{"@type":"BreadcrumbList","@id":"https:\/\/positiveprints.com\/es\/producto\/la-cancion-favorita-de-mama\/#breadcrumb","itemListElement":[{"@type":"ListItem","position":1,"name":"CASA","item":"https:\/\/positiveprints.com\/es\/"},{"@type":"ListItem","position":2,"name":"Productos","item":"https:\/\/positiveprints.com\/es\/shop\/"},{"@type":"ListItem","position":3,"name":"La canci\u00f3n favorita de mam\u00e1"}]},{"@type":"WebSite","@id":"https:\/\/positiveprints.com\/es\/#website","url":"https:\/\/positiveprints.com\/es\/","name":"Positive Prints","description":"Custom Gifts for Special Occasions","publisher":{"@id":"https:\/\/positiveprints.com\/es\/#organization"},"potentialAction":[{"@type":"SearchAction","target":{"@type":"EntryPoint","urlTemplate":"https:\/\/positiveprints.com\/es\/?s={search_term_string}"},"query-input":{"@type":"PropertyValueSpecification","valueRequired":true,"valueName":"search_term_string"}}],"inLanguage":"es"},{"@type":"Organization","@id":"https:\/\/positiveprints.com\/es\/#organization","name":"Positive Prints","alternateName":"Positive Prints","url":"https:\/\/positiveprints.com\/es\/","logo":{"@type":"ImageObject","inLanguage":"es","@id":"https:\/\/positiveprints.com\/es\/#\/schema\/logo\/image\/","url":"https:\/\/positiveprints.com\/wp-content\/uploads\/2026\/03\/245815646_1337939713319158_5671353136411139666_n.png","contentUrl":"https:\/\/positiveprints.com\/wp-content\/uploads\/2026\/03\/245815646_1337939713319158_5671353136411139666_n.png","width":800,"height":800,"caption":"Positive Prints"},"image":{"@id":"https:\/\/positiveprints.com\/es\/#\/schema\/logo\/image\/"},"sameAs":["https:\/\/www.facebook.com\/positiveprintscom","https:\/\/www.instagram.com\/positiveprintscom\/","https:\/\/www.tiktok.com\/@positiveprintscom","https:\/\/www.pinterest.com\/positiveprintscom\/"]}]}},"jetpack_sharing_enabled":true,"_links":{"self":[{"href":"https:\/\/positiveprints.com\/es\/wp-json\/wp\/v2\/product\/451167","targetHints":{"allow":["GET"]}}],"collection":[{"href":"https:\/\/positiveprints.com\/es\/wp-json\/wp\/v2\/product"}],"about":[{"href":"https:\/\/positiveprints.com\/es\/wp-json\/wp\/v2\/types\/product"}],"wp:featuredmedia":[{"embeddable":true,"href":"https:\/\/positiveprints.com\/es\/wp-json\/wp\/v2\/media\/1336976"}],"wp:attachment":[{"href":"https:\/\/positiveprints.com\/es\/wp-json\/wp\/v2\/media?parent=451167"}],"wp:term":[{"taxonomy":"product_brand","embeddable":true,"href":"https:\/\/positiveprints.com\/es\/wp-json\/wp\/v2\/product_brand?post=451167"},{"taxonomy":"product_cat","embeddable":true,"href":"https:\/\/positiveprints.com\/es\/wp-json\/wp\/v2\/product_cat?post=451167"},{"taxonomy":"product_tag","embeddable":true,"href":"https:\/\/positiveprints.com\/es\/wp-json\/wp\/v2\/product_tag?post=451167"}],"curies":[{"name":"wp","href":"https:\/\/api.w.org\/{rel}","templated":true}]}}