{"id":450993,"date":"2023-03-31T12:24:20","date_gmt":"2023-03-31T11:24:20","guid":{"rendered":"https:\/\/positiveprints.com\/?post_type=product&#038;p=450993"},"modified":"2026-04-18T06:04:44","modified_gmt":"2026-04-18T05:04:44","slug":"mi-pequeno-bebe","status":"publish","type":"product","link":"https:\/\/positiveprints.com\/es\/producto\/mi-pequeno-bebe\/","title":{"rendered":"Mi peque\u00f1o beb\u00e9"},"content":{"rendered":"<p style=\"margin-top: 1rem\">Una habitaci\u00f3n infantil debe ser un lugar c\u00f3modo y relajante, donde el reci\u00e9n nacido pueda descansar y los padres puedan encontrar la felicidad cada vez que entren por la puerta. Si est\u00e1s decorando una habitaci\u00f3n para beb\u00e9 o est\u00e1s planificando hacerlo, personal\u00edzala con nuestro arte de pared m\u00e1s especial: \u201cMi peque\u00f1o beb\u00e9\u201d. Puedes personalizar todo, como nombre, fecha, estatura y peso.<\/p>\r\n\r\n\r\n<h2 class=\"grenB f24 cblue\" style=\"margin-top: 3rem\">Personaliza \u201cmi peque\u00f1o beb\u00e9\u201d: una tierna obra de arte.<\/h2>\r\n\r\n<p style=\"margin-top: 1rem\">\u201cMi peque\u00f1o beb\u00e9\u201d es el regalo perfecto para las nuevas mam\u00e1s y los nuevos pap\u00e1s, sin distinciones. Ya sea que est\u00e9s buscando un regalo \u00fanico para darle la bienvenida a tu beb\u00e9 o simplemente est\u00e9s buscando algo especial para celebrar su llegada, nuestros p\u00f3steres y lienzos personalizados sin duda causar\u00e1n un impacto con su incre\u00edble tipograf\u00eda, colores llamativos y dise\u00f1os bien pensados. No solo estar\u00e1s regalando una hermosa obra de arte que retrata en el tiempo la informaci\u00f3n m\u00e1s importante del nacimiento de tu peque\u00f1o, tambi\u00e9n podr\u00e1s personalizarla para que sea un detalle \u00fanico e insuperable. Al usar la vista previa en nuestro editar, podr\u00e1s revisar sin costo que lo que pides es exactamente lo que estar\u00e1s imprimiendo, garantizando su calidad antes de recibirlo en la puerta de tu casa.<\/p>\r\n\r\n<p style=\"margin-top: 1rem\">\u00a1Personalizar tu obra de arte es f\u00e1cil y conveniente! Solo escribe la informaci\u00f3n de nacimiento de tu infante, elige el dise\u00f1o y selecciona el tama\u00f1o del p\u00f3ster o lienzo que m\u00e1s te convenga. Si lo deseas, tambi\u00e9n puedes agregar un mensaje personalizado. Despu\u00e9s de ingresar toda esa informaci\u00f3n, el sistema generar\u00e1 una vista previa basada en los cambios que hayas hecho al dise\u00f1o para que te cerciores de c\u00f3mo se ver\u00e1 antes de imprimirlo y recibirlo. Contamos con una variedad incre\u00edble de paletas de colores que seguramente podr\u00e1s encontrar algo que se adapte a la habitaci\u00f3n de tu beb\u00e9. Sin duda, celebrar\u00e1s ese d\u00eda especial todos los d\u00edas.<\/p>\r\n\r\n<h2 class=\"grenB f24 cblue\" style=\"margin-top: 3rem\">Demuestra tu amor y atenci\u00f3n<\/h2>\r\n\r\n<p style=\"margin-top: 1rem\">Los amigos siempre est\u00e1n dispuestos a echarle una mano a las nuevas madres. Sin embargo, muchas veces es dif\u00edcil saber por d\u00f3nde comenzar. Una de las mejores formas de demostrarle tu amor a esa persona especial es pasando tiempo con ella. No importa si es una llamada telef\u00f3nica o una cita en una cafeter\u00eda, ellas siempre est\u00e1n agradecidas de tener a alguien con quien acudir y compartir historias de lo que vivi\u00f3 durante el embarazo y su experiencia en el parto. Cualquier ayuda siempre se agradece.<\/p>\r\n\r\n<p style=\"margin-top: 1rem\">Un regalo especial tambi\u00e9n puede ser un recordatorio del aprecio y apoyo que todas las personas cercanas est\u00e1n dispuestas a dar. En lugar de darle a la nueva mam\u00e1 otra caja de pa\u00f1ales o un talco para beb\u00e9, reg\u00e1lale un detalle que le permita recordar el d\u00eda m\u00e1s especial de su vida: tener a su beb\u00e9 en brazos. Nuestro p\u00f3ster impreso cuenta con una ilustraci\u00f3n 1:1, con una preciosa y elegante tipograf\u00eda escrita en la parte inferior del p\u00f3ster. Sin duda, este regalo llevar\u00e1 alegr\u00eda y cari\u00f1o a cualquier pared del hogar.<\/p>\r\n\r\n<p style=\"margin-top: 3rem\">\u00a1No pierdas m\u00e1s tiempo! Pide tu p\u00f3ster o lienzo personalizado hoy mismo y haz que el recuerdo del nacimiento de tu reci\u00e9n nacido viva por siempre. \u201cMi peque\u00f1o beb\u00e9\u201d una forma \u00fanica de mostrar tu orgullo y alegr\u00eda, al mismo tiempo que agregas un toque s\u00faper especial a la habitaci\u00f3n de tus hijos. \u00a1Prep\u00e1rate para crear un precioso y tierno dise\u00f1o que celebra la vida del nuevo beb\u00e9!<\/p>","protected":false},"excerpt":{"rendered":"<ul class=\"check-list\">\n<li>Preserva recuerdos con un p\u00f3ster de nacimiento: un regalo \u00fanico que cualquier padre atesorar\u00e1 por siempre<\/li>\n<li>Conmemora los detalles del nacimiento, como nombre, fecha, altura y peso<\/li>\n<li>Elige siete ilustraciones y col\u00f3calas a escala 1:1, similar a la altura del beb\u00e9<\/li>\n<li>Ve el resultado de inmediato: la vista previa interactiva te permite perfeccionar cada detalle<\/li>\n<\/ul>\n","protected":false},"featured_media":0,"template":"","meta":[],"product_brand":[],"product_cat":[106,1416],"product_tag":[8408],"class_list":{"0":"post-450993","1":"product","2":"type-product","3":"status-publish","5":"product_cat-todos-los-productos","6":"product_cat-infant-es","7":"product_tag-mother-es","9":"first","10":"instock","11":"sale","12":"taxable","13":"shipping-taxable","14":"purchasable","15":"product-type-variable"},"yoast_head":"<!-- This site is optimized with the Yoast SEO Premium plugin v27.2 (Yoast SEO v27.2) - https:\/\/yoast.com\/product\/yoast-seo-premium-wordpress\/ -->\n<title>Mi peque\u00f1o beb\u00e9 - Positive Prints<\/title>\n<meta name=\"description\" content=\"\u00a1No esperes m\u00e1s! Dise\u00f1a tu p\u00f3ster o lienzo \u201cMi peque\u00f1o beb\u00e9\u201d y aseg\u00farate de capturar cada recuerdo especial de tu reci\u00e9n nacido.\" \/>\n<meta name=\"robots\" content=\"index, follow, max-snippet:-1, max-image-preview:large, max-video-preview:-1\" \/>\n<link rel=\"canonical\" href=\"https:\/\/positiveprints.com\/es\/producto\/mi-pequeno-bebe\/\" \/>\n<meta property=\"og:locale\" content=\"es_ES\" \/>\n<meta property=\"og:type\" content=\"article\" \/>\n<meta property=\"og:title\" content=\"Mi peque\u00f1o beb\u00e9\" \/>\n<meta property=\"og:description\" content=\"Preserva recuerdos con un p\u00f3ster de nacimiento: un regalo \u00fanico que cualquier padre atesorar\u00e1 por siempre Conmemora los detalles del nacimiento, como nombre, fecha, altura y peso Elige siete ilustraciones y col\u00f3calas a escala 1:1, similar a la altura del beb\u00e9 Ve el resultado de inmediato: la vista previa interactiva te permite perfeccionar cada detalle\" \/>\n<meta property=\"og:url\" content=\"https:\/\/positiveprints.com\/es\/producto\/mi-pequeno-bebe\/\" \/>\n<meta property=\"og:site_name\" content=\"Positive Prints\" \/>\n<meta property=\"article:publisher\" content=\"https:\/\/www.facebook.com\/positiveprintscom\" \/>\n<meta property=\"article:modified_time\" content=\"2026-04-18T05:04:44+00:00\" \/>\n<meta property=\"og:image\" content=\"https:\/\/positiveprints.com\/wp-content\/uploads\/2023\/04\/Mi-pequeno-bebe.jpg\" \/>\n\t<meta property=\"og:image:width\" content=\"1080\" \/>\n\t<meta property=\"og:image:height\" content=\"1080\" \/>\n\t<meta property=\"og:image:type\" content=\"image\/jpeg\" \/>\n<meta name=\"twitter:card\" content=\"summary_large_image\" \/>\n<meta name=\"twitter:label1\" content=\"Tiempo de lectura\" \/>\n\t<meta name=\"twitter:data1\" content=\"3 minutos\" \/>\n<!-- \/ Yoast SEO Premium plugin. -->","yoast_head_json":{"title":"Mi peque\u00f1o beb\u00e9 - Positive Prints","description":"\u00a1No esperes m\u00e1s! Dise\u00f1a tu p\u00f3ster o lienzo \u201cMi peque\u00f1o beb\u00e9\u201d y aseg\u00farate de capturar cada recuerdo especial de tu reci\u00e9n nacido.","robots":{"index":"index","follow":"follow","max-snippet":"max-snippet:-1","max-image-preview":"max-image-preview:large","max-video-preview":"max-video-preview:-1"},"canonical":"https:\/\/positiveprints.com\/es\/producto\/mi-pequeno-bebe\/","og_locale":"es_ES","og_type":"article","og_title":"Mi peque\u00f1o beb\u00e9","og_description":"Preserva recuerdos con un p\u00f3ster de nacimiento: un regalo \u00fanico que cualquier padre atesorar\u00e1 por siempre Conmemora los detalles del nacimiento, como nombre, fecha, altura y peso Elige siete ilustraciones y col\u00f3calas a escala 1:1, similar a la altura del beb\u00e9 Ve el resultado de inmediato: la vista previa interactiva te permite perfeccionar cada detalle","og_url":"https:\/\/positiveprints.com\/es\/producto\/mi-pequeno-bebe\/","og_site_name":"Positive Prints","article_publisher":"https:\/\/www.facebook.com\/positiveprintscom","article_modified_time":"2026-04-18T05:04:44+00:00","og_image":[{"width":1080,"height":1080,"url":"https:\/\/positiveprints.com\/wp-content\/uploads\/2023\/04\/Mi-pequeno-bebe.jpg","type":"image\/jpeg"}],"twitter_card":"summary_large_image","twitter_misc":{"Tiempo de lectura":"3 minutos"},"schema":{"@context":"https:\/\/schema.org","@graph":[{"@type":["WebPage","ItemPage"],"@id":"https:\/\/positiveprints.com\/es\/producto\/mi-pequeno-bebe\/","url":"https:\/\/positiveprints.com\/es\/producto\/mi-pequeno-bebe\/","name":"Mi peque\u00f1o beb\u00e9 - Positive Prints","isPartOf":{"@id":"https:\/\/positiveprints.com\/es\/#website"},"datePublished":"2023-03-31T11:24:20+00:00","dateModified":"2026-04-18T05:04:44+00:00","description":"\u00a1No esperes m\u00e1s! Dise\u00f1a tu p\u00f3ster o lienzo \u201cMi peque\u00f1o beb\u00e9\u201d y aseg\u00farate de capturar cada recuerdo especial de tu reci\u00e9n nacido.","breadcrumb":{"@id":"https:\/\/positiveprints.com\/es\/producto\/mi-pequeno-bebe\/#breadcrumb"},"inLanguage":"es","potentialAction":[{"@type":"ReadAction","target":["https:\/\/positiveprints.com\/es\/producto\/mi-pequeno-bebe\/"]}]},{"@type":"BreadcrumbList","@id":"https:\/\/positiveprints.com\/es\/producto\/mi-pequeno-bebe\/#breadcrumb","itemListElement":[{"@type":"ListItem","position":1,"name":"CASA","item":"https:\/\/positiveprints.com\/es\/"},{"@type":"ListItem","position":2,"name":"Productos","item":"https:\/\/positiveprints.com\/es\/shop\/"},{"@type":"ListItem","position":3,"name":"Mi peque\u00f1o beb\u00e9"}]},{"@type":"WebSite","@id":"https:\/\/positiveprints.com\/es\/#website","url":"https:\/\/positiveprints.com\/es\/","name":"Positive Prints","description":"Custom Gifts for Special Occasions","publisher":{"@id":"https:\/\/positiveprints.com\/es\/#organization"},"potentialAction":[{"@type":"SearchAction","target":{"@type":"EntryPoint","urlTemplate":"https:\/\/positiveprints.com\/es\/?s={search_term_string}"},"query-input":{"@type":"PropertyValueSpecification","valueRequired":true,"valueName":"search_term_string"}}],"inLanguage":"es"},{"@type":"Organization","@id":"https:\/\/positiveprints.com\/es\/#organization","name":"Positive Prints","alternateName":"Positive Prints","url":"https:\/\/positiveprints.com\/es\/","logo":{"@type":"ImageObject","inLanguage":"es","@id":"https:\/\/positiveprints.com\/es\/#\/schema\/logo\/image\/","url":"https:\/\/positiveprints.com\/wp-content\/uploads\/2026\/03\/245815646_1337939713319158_5671353136411139666_n.png","contentUrl":"https:\/\/positiveprints.com\/wp-content\/uploads\/2026\/03\/245815646_1337939713319158_5671353136411139666_n.png","width":800,"height":800,"caption":"Positive Prints"},"image":{"@id":"https:\/\/positiveprints.com\/es\/#\/schema\/logo\/image\/"},"sameAs":["https:\/\/www.facebook.com\/positiveprintscom","https:\/\/www.instagram.com\/positiveprintscom\/","https:\/\/www.tiktok.com\/@positiveprintscom","https:\/\/www.pinterest.com\/positiveprintscom\/"]}]}},"jetpack_sharing_enabled":true,"_links":{"self":[{"href":"https:\/\/positiveprints.com\/es\/wp-json\/wp\/v2\/product\/450993","targetHints":{"allow":["GET"]}}],"collection":[{"href":"https:\/\/positiveprints.com\/es\/wp-json\/wp\/v2\/product"}],"about":[{"href":"https:\/\/positiveprints.com\/es\/wp-json\/wp\/v2\/types\/product"}],"wp:attachment":[{"href":"https:\/\/positiveprints.com\/es\/wp-json\/wp\/v2\/media?parent=450993"}],"wp:term":[{"taxonomy":"product_brand","embeddable":true,"href":"https:\/\/positiveprints.com\/es\/wp-json\/wp\/v2\/product_brand?post=450993"},{"taxonomy":"product_cat","embeddable":true,"href":"https:\/\/positiveprints.com\/es\/wp-json\/wp\/v2\/product_cat?post=450993"},{"taxonomy":"product_tag","embeddable":true,"href":"https:\/\/positiveprints.com\/es\/wp-json\/wp\/v2\/product_tag?post=450993"}],"curies":[{"name":"wp","href":"https:\/\/api.w.org\/{rel}","templated":true}]}}