{"id":450362,"date":"2023-03-30T16:55:46","date_gmt":"2023-03-30T15:55:46","guid":{"rendered":"https:\/\/positiveprints.com\/?post_type=product&#038;p=450362"},"modified":"2026-04-23T11:35:14","modified_gmt":"2026-04-23T10:35:14","slug":"arte-de-pared-te-damos-la-bienvenida-bebe","status":"publish","type":"product","link":"https:\/\/positiveprints.com\/es\/producto\/arte-de-pared-te-damos-la-bienvenida-bebe\/","title":{"rendered":"Arte de pared: \u201cTe damos la bienvenida, beb\u00e9\u201d"},"content":{"rendered":"<p style=\"margin-top: 1rem\">El embarazo y el parto pueden ser experiencias bastante abrumadoras para las nuevas madres, por lo que mostrarles tu apoyo con un detalle muy significado es un gesto muy importante para ellas. Una de las mejores formas de mostrarles tu apoyo es d\u00e1ndoles un regalo especial. Este tipo de arte personalizado es una excelente forma de celebrar la llegada de un nuevo integrante de la familia, y es el regalo perfecto para las futuras o nuevas madres.<\/p>\r\n\r\n\r\n<h2 class=\"grenB f24 cblue\" style=\"margin-top: 3rem\">Arte personalizado de pared para darle la bienvenida a tu beb\u00e9<\/h2>\r\n\r\n<p style=\"margin-top: 1rem\">Si dise\u00f1as un p\u00f3ster personalizado, estar\u00e1s personalizando much\u00edsimos detalles para crear el p\u00f3ster perfecto. Puedes incluir la estatura y el peso del beb\u00e9, y su fecha de nacimiento. Tambi\u00e9n puedes elegir el color de fondo que m\u00e1s te guste y elegir entre diversos dise\u00f1os para beb\u00e9. Independientemente de si est\u00e1s buscando algo minimalista o un dise\u00f1o m\u00e1s colorido, sin duda podr\u00e1s encontrar algo que le guste mucho a tu familia.<\/p>\r\n\r\n<p style=\"margin-top: 1rem\">\u201cTe damos la bienvenida, beb\u00e9\u201d es uno de los mejores regalos, ya que este tipo de detalles personalizados para pared son \u00fanicos e irrepetibles. No cabe duda de que llevar\u00e1n alegr\u00eda a cualquier rinc\u00f3n del hogar. Sirven como un hermoso recuerdo del d\u00eda que cambi\u00f3 sus vidas para siempre, y te saldr\u00e1 una l\u00e1grima cada vez que lo veas y hagas memoria de lo precioso que es crear vida. \u00a1Celebra la llegada de tu peque\u00f1o amor con un p\u00f3ster personalizado!<\/p>\r\n\r\n<h2 class=\"grenB f24 cblue\" style=\"margin-top: 3rem\">Demu\u00e9strale a una madre lo mucho que te importa<\/h2>\r\n\r\n<p style=\"margin-top: 1rem\">Es importante recordar que dar un regalo a las nuevas mam\u00e1s va mucho m\u00e1s all\u00e1. Es demostrarles apoyo, amor y comprensi\u00f3n incondicional en el momento m\u00e1s especial de sus vidas. Las nuevas madres necesitan mucha ayuda, consejo, palabras de aliento y comprensi\u00f3n (y solo a veces, \u00a1echarles la mano!).<\/p>\r\n\r\n<p style=\"margin-top: 1rem\">Al ofrecerles tu ayuda, saben que pueden recurrir a ti en momento de necesidad y les deja saber que no est\u00e1n solas en este hermoso y especial momento de sus vidas. Desde ofrecerse a cuidar ni\u00f1os, preparar comidas o ayudar con la lavander\u00eda\u2026 Hay much\u00edsimas formas de mostrarle amor a una madre que te importa. Darle un regalo significativo, como el arte de pared personalizado, puede ser mejor que cualquier otro regalo.<\/p>\r\n\r\n<p style=\"margin-top: 3rem\">Al personalizar \u201cte damos la bienvenida, beb\u00e9\u201d, har\u00e1s que cualquier padre se sienta feliz y especial cada vez que vea tu detalle art\u00edstico personalizado de su peque\u00f1o o peque\u00f1a. \u00a1Comienza a personalizar tu obra de arte para mostrarles cu\u00e1n importantes son en tu vida!<\/p>","protected":false},"excerpt":{"rendered":"<ul class=\"check-list\">\n<li>Preserva recuerdos con un p\u00f3ster de nacimiento: un regalo \u00fanico que cualquier padre atesorar\u00e1 por siempre<\/li>\n<li>Conmemora los detalles del nacimiento, como nombre, fecha, altura y peso<\/li>\n<li>Elige siete ilustraciones y col\u00f3calas a escala 1:1, similar a la altura del beb\u00e9<\/li>\n<li>Ve el resultado de inmediato: la vista previa interactiva te permite perfeccionar cada detalle<\/li>\n<\/ul>\n","protected":false},"featured_media":409816,"template":"","meta":[],"product_brand":[],"product_cat":[106,1416],"product_tag":[8457,9477,9488],"class_list":{"0":"post-450362","1":"product","2":"type-product","3":"status-publish","4":"has-post-thumbnail","6":"product_cat-todos-los-productos","7":"product_cat-infant-es","8":"product_tag-new-parents-es","9":"product_tag-poster-bebe","10":"product_tag-recien-nacido","12":"first","13":"instock","14":"sale","15":"taxable","16":"shipping-taxable","17":"purchasable","18":"product-type-variable"},"yoast_head":"<!-- This site is optimized with the Yoast SEO Premium plugin v27.2 (Yoast SEO v27.2) - https:\/\/yoast.com\/product\/yoast-seo-premium-wordpress\/ -->\n<title>Te damos la bienvenida, beb\u00e9 - Positive Prints<\/title>\n<meta name=\"description\" content=\"\u201cTe damos la bienvenida, beb\u00e9\u201d es una obra de arte \u00fanica e inolvidable. Sin duda traer\u00e1 alegr\u00eda y mucha felicidad a cualquier hogar o habitaci\u00f3n para tu beb\u00e9.\" \/>\n<meta name=\"robots\" content=\"index, follow, max-snippet:-1, max-image-preview:large, max-video-preview:-1\" \/>\n<link rel=\"canonical\" href=\"https:\/\/positiveprints.com\/es\/producto\/arte-de-pared-te-damos-la-bienvenida-bebe\/\" \/>\n<meta property=\"og:locale\" content=\"es_ES\" \/>\n<meta property=\"og:type\" content=\"article\" \/>\n<meta property=\"og:title\" content=\"Arte de pared: \u201cTe damos la bienvenida, beb\u00e9\u201d\" \/>\n<meta property=\"og:description\" content=\"Preserva recuerdos con un p\u00f3ster de nacimiento: un regalo \u00fanico que cualquier padre atesorar\u00e1 por siempre Conmemora los detalles del nacimiento, como nombre, fecha, altura y peso Elige siete ilustraciones y col\u00f3calas a escala 1:1, similar a la altura del beb\u00e9 Ve el resultado de inmediato: la vista previa interactiva te permite perfeccionar cada detalle\" \/>\n<meta property=\"og:url\" content=\"https:\/\/positiveprints.com\/es\/producto\/arte-de-pared-te-damos-la-bienvenida-bebe\/\" \/>\n<meta property=\"og:site_name\" content=\"Positive Prints\" \/>\n<meta property=\"article:publisher\" content=\"https:\/\/www.facebook.com\/positiveprintscom\" \/>\n<meta property=\"article:modified_time\" content=\"2026-04-23T10:35:14+00:00\" \/>\n<meta property=\"og:image\" content=\"https:\/\/positiveprints.com\/wp-content\/uploads\/2023\/02\/hello-world-baby.jpg\" \/>\n\t<meta property=\"og:image:width\" content=\"1080\" \/>\n\t<meta property=\"og:image:height\" content=\"1080\" \/>\n\t<meta property=\"og:image:type\" content=\"image\/jpeg\" \/>\n<meta name=\"twitter:card\" content=\"summary_large_image\" \/>\n<meta name=\"twitter:label1\" content=\"Tiempo de lectura\" \/>\n\t<meta name=\"twitter:data1\" content=\"2 minutos\" \/>\n<!-- \/ Yoast SEO Premium plugin. -->","yoast_head_json":{"title":"Te damos la bienvenida, beb\u00e9 - Positive Prints","description":"\u201cTe damos la bienvenida, beb\u00e9\u201d es una obra de arte \u00fanica e inolvidable. Sin duda traer\u00e1 alegr\u00eda y mucha felicidad a cualquier hogar o habitaci\u00f3n para tu beb\u00e9.","robots":{"index":"index","follow":"follow","max-snippet":"max-snippet:-1","max-image-preview":"max-image-preview:large","max-video-preview":"max-video-preview:-1"},"canonical":"https:\/\/positiveprints.com\/es\/producto\/arte-de-pared-te-damos-la-bienvenida-bebe\/","og_locale":"es_ES","og_type":"article","og_title":"Arte de pared: \u201cTe damos la bienvenida, beb\u00e9\u201d","og_description":"Preserva recuerdos con un p\u00f3ster de nacimiento: un regalo \u00fanico que cualquier padre atesorar\u00e1 por siempre Conmemora los detalles del nacimiento, como nombre, fecha, altura y peso Elige siete ilustraciones y col\u00f3calas a escala 1:1, similar a la altura del beb\u00e9 Ve el resultado de inmediato: la vista previa interactiva te permite perfeccionar cada detalle","og_url":"https:\/\/positiveprints.com\/es\/producto\/arte-de-pared-te-damos-la-bienvenida-bebe\/","og_site_name":"Positive Prints","article_publisher":"https:\/\/www.facebook.com\/positiveprintscom","article_modified_time":"2026-04-23T10:35:14+00:00","og_image":[{"width":1080,"height":1080,"url":"https:\/\/positiveprints.com\/wp-content\/uploads\/2023\/02\/hello-world-baby.jpg","type":"image\/jpeg"}],"twitter_card":"summary_large_image","twitter_misc":{"Tiempo de lectura":"2 minutos"},"schema":{"@context":"https:\/\/schema.org","@graph":[{"@type":["WebPage","ItemPage"],"@id":"https:\/\/positiveprints.com\/es\/producto\/arte-de-pared-te-damos-la-bienvenida-bebe\/","url":"https:\/\/positiveprints.com\/es\/producto\/arte-de-pared-te-damos-la-bienvenida-bebe\/","name":"Te damos la bienvenida, beb\u00e9 - Positive Prints","isPartOf":{"@id":"https:\/\/positiveprints.com\/es\/#website"},"primaryImageOfPage":{"@id":"https:\/\/positiveprints.com\/es\/producto\/arte-de-pared-te-damos-la-bienvenida-bebe\/#primaryimage"},"image":{"@id":"https:\/\/positiveprints.com\/es\/producto\/arte-de-pared-te-damos-la-bienvenida-bebe\/#primaryimage"},"thumbnailUrl":"https:\/\/positiveprints.com\/wp-content\/uploads\/2023\/02\/hello-world-baby.jpg","datePublished":"2023-03-30T15:55:46+00:00","dateModified":"2026-04-23T10:35:14+00:00","description":"\u201cTe damos la bienvenida, beb\u00e9\u201d es una obra de arte \u00fanica e inolvidable. Sin duda traer\u00e1 alegr\u00eda y mucha felicidad a cualquier hogar o habitaci\u00f3n para tu beb\u00e9.","breadcrumb":{"@id":"https:\/\/positiveprints.com\/es\/producto\/arte-de-pared-te-damos-la-bienvenida-bebe\/#breadcrumb"},"inLanguage":"es","potentialAction":[{"@type":"ReadAction","target":["https:\/\/positiveprints.com\/es\/producto\/arte-de-pared-te-damos-la-bienvenida-bebe\/"]}]},{"@type":"ImageObject","inLanguage":"es","@id":"https:\/\/positiveprints.com\/es\/producto\/arte-de-pared-te-damos-la-bienvenida-bebe\/#primaryimage","url":"https:\/\/positiveprints.com\/wp-content\/uploads\/2023\/02\/hello-world-baby.jpg","contentUrl":"https:\/\/positiveprints.com\/wp-content\/uploads\/2023\/02\/hello-world-baby.jpg","width":1080,"height":1080,"caption":"hello world baby"},{"@type":"BreadcrumbList","@id":"https:\/\/positiveprints.com\/es\/producto\/arte-de-pared-te-damos-la-bienvenida-bebe\/#breadcrumb","itemListElement":[{"@type":"ListItem","position":1,"name":"CASA","item":"https:\/\/positiveprints.com\/es\/"},{"@type":"ListItem","position":2,"name":"Productos","item":"https:\/\/positiveprints.com\/es\/shop\/"},{"@type":"ListItem","position":3,"name":"Arte de pared: \u201cTe damos la bienvenida, beb\u00e9\u201d"}]},{"@type":"WebSite","@id":"https:\/\/positiveprints.com\/es\/#website","url":"https:\/\/positiveprints.com\/es\/","name":"Positive Prints","description":"Custom Gifts for Special Occasions","publisher":{"@id":"https:\/\/positiveprints.com\/es\/#organization"},"potentialAction":[{"@type":"SearchAction","target":{"@type":"EntryPoint","urlTemplate":"https:\/\/positiveprints.com\/es\/?s={search_term_string}"},"query-input":{"@type":"PropertyValueSpecification","valueRequired":true,"valueName":"search_term_string"}}],"inLanguage":"es"},{"@type":"Organization","@id":"https:\/\/positiveprints.com\/es\/#organization","name":"Positive Prints","alternateName":"Positive Prints ","url":"https:\/\/positiveprints.com\/es\/","logo":{"@type":"ImageObject","inLanguage":"es","@id":"https:\/\/positiveprints.com\/es\/#\/schema\/logo\/image\/","url":"https:\/\/positiveprints.com\/wp-content\/uploads\/2026\/03\/245815646_1337939713319158_5671353136411139666_n.png","contentUrl":"https:\/\/positiveprints.com\/wp-content\/uploads\/2026\/03\/245815646_1337939713319158_5671353136411139666_n.png","width":800,"height":800,"caption":"Positive Prints"},"image":{"@id":"https:\/\/positiveprints.com\/es\/#\/schema\/logo\/image\/"},"sameAs":["https:\/\/www.facebook.com\/positiveprintscom","https:\/\/www.instagram.com\/positiveprintscom\/","https:\/\/www.tiktok.com\/@positiveprintscom","https:\/\/www.pinterest.com\/positiveprintscom\/"]}]}},"jetpack_sharing_enabled":true,"_links":{"self":[{"href":"https:\/\/positiveprints.com\/es\/wp-json\/wp\/v2\/product\/450362","targetHints":{"allow":["GET"]}}],"collection":[{"href":"https:\/\/positiveprints.com\/es\/wp-json\/wp\/v2\/product"}],"about":[{"href":"https:\/\/positiveprints.com\/es\/wp-json\/wp\/v2\/types\/product"}],"wp:featuredmedia":[{"embeddable":true,"href":"https:\/\/positiveprints.com\/es\/wp-json\/wp\/v2\/media\/409816"}],"wp:attachment":[{"href":"https:\/\/positiveprints.com\/es\/wp-json\/wp\/v2\/media?parent=450362"}],"wp:term":[{"taxonomy":"product_brand","embeddable":true,"href":"https:\/\/positiveprints.com\/es\/wp-json\/wp\/v2\/product_brand?post=450362"},{"taxonomy":"product_cat","embeddable":true,"href":"https:\/\/positiveprints.com\/es\/wp-json\/wp\/v2\/product_cat?post=450362"},{"taxonomy":"product_tag","embeddable":true,"href":"https:\/\/positiveprints.com\/es\/wp-json\/wp\/v2\/product_tag?post=450362"}],"curies":[{"name":"wp","href":"https:\/\/api.w.org\/{rel}","templated":true}]}}