{"id":447940,"date":"2023-03-29T09:51:28","date_gmt":"2023-03-29T08:51:28","guid":{"rendered":"https:\/\/positiveprints.com\/?post_type=product&#038;p=447940"},"modified":"2026-04-18T06:04:49","modified_gmt":"2026-04-18T05:04:49","slug":"collage-fotografico-de-letras","status":"publish","type":"product","link":"https:\/\/positiveprints.com\/es\/producto\/collage-fotografico-de-letras\/","title":{"rendered":"Collage de letras"},"content":{"rendered":"<p style=\"margin-top: 1rem;\">Dale a esa persona especial un detalle \u00fanico y significativo que le muestre cu\u00e1nto deseas que siga presente en tu vida. En vez de comprar algo que se puede conseguir en cualquier lugar, \u00bfpor qu\u00e9 no crear algo especial, como un collage fotogr\u00e1fico? Este magn\u00edfico detalle capturar\u00e1 recuerdos de una forma tan creativa y personal que siempre vivir\u00e1n presentes en su coraz\u00f3n, gracias a ti. \u00a1Regala alegr\u00eda con un collage fotogr\u00e1fico personalizado!<\/p>\r\n\r\n<h2 class=\"grenB f24 cblue\" style=\"margin-top: 3rem;\">\u00bfQu\u00e9 es el collage fotogr\u00e1fico de letras?<\/h2>\r\n<p style=\"margin-top: 1rem;\">Este tipo de collage fotogr\u00e1fico te permite mostrar fotograf\u00edas y obras de arte\u2026 \u00a1con letras! Las letras se pueden formar con fotograf\u00edas individuales, permiti\u00e9ndote crear una obra personalizada de arte que es visualmente atractiva y muy significativa.<\/p>\r\n<p style=\"margin-top: 1rem;\">Nuestro editor te permite explotar tu creatividad de forma personalizada y \u00fanica. Puedes seleccionar las fotos e incluso las palabras o frases que ir\u00e1n en cada una de ellas. Tambi\u00e9n puedes personalizar tu collage fotogr\u00e1fico de letras para que se adapte a la ocasi\u00f3n que est\u00e1s celebrando. Por ejemplo, si est\u00e1s celebrando un aniversario, puedes incluir fotos de aquellos momentos especiales a lo largo de tu relaci\u00f3n. Si asistes a una fiesta de jubilaci\u00f3n, podr\u00edas elegir fotos de los momentos m\u00e1s importantes de su carrera. Sin duda, \u00a1las posibilidades son infinitas con nuestro collage fotogr\u00e1fico de letras!<\/p>\r\n\r\n<h2 class=\"grenB f24 cblue\" style=\"margin-top: 3rem;\">\u00bfQu\u00e9 hace que un collage fotogr\u00e1fico de letras sea un regalo \u00fanico y significativo?<\/h2>\r\n<p style=\"margin-top: 1rem;\">Este collage puede ser un excelente regalo para un familiar o alguien especial. Es una forma \u00fanica de mostrarle tu aprecio o conmemorar un evento especial. Al combinar las fotograf\u00edas y las letras, estar\u00e1s creando algo personal y con significado. Sin duda, esa persona especial podr\u00e1 disfrutar de tu regalo atemporal por muchos a\u00f1os.<\/p>\r\n<p style=\"margin-top: 1rem;\">Si tambi\u00e9n lo deseas, puedes agregar un mensaje especial debajo del collage. Esta es una gran oportunidad de escribir algo sincero y significativo, como una cita o un proverbio, o incluso puedes usar esta parte para colocar fechas, nombres o palabras importantes que tienen un significado especial. Ya sea que est\u00e9s creando algo para ti o un regalo, agregar un toque personal a tu obra de arte puede hacer que tu collage fotogr\u00e1fico de letras sea a\u00fan m\u00e1s especial.<\/p>\r\n\r\n<h2 class=\"grenB f24 cblue\" style=\"margin-top: 3rem;\">\u00bfC\u00f3mo crear tu propio collage fotogr\u00e1fico de letras?<\/h2>\r\n<p style=\"margin-top: 1rem;\">\u00a1Crear un collage fotogr\u00e1fico de letras es muy simple y divertido! Primero, elige una palabra a la que quieras ponerle tus fotograf\u00edas. Puede ser cualquier cosa, como iniciales, nombres completos o apodos, hasta palabras que expresen emociones. Luego, selecciona el color del contorno de las letras. Es posible que quieras elegir colores que combinen con las fotos que elegiste o algo que contraste con el fondo. \u00a1Hay much\u00edsimas opciones de d\u00f3nde elegir!<\/p>\r\n<p style=\"margin-top: 1rem;\">Lo siguiente que debes hacer es agregar tu toque personal escribiendo un mensaje especial que se imprimir\u00e1 en el pie de p\u00e1gina del collage. Puede ser cualquier cosa: citas, letras de canciones, nombres. \u00a1Cualquier cosa que quieras agregarle! Por \u00faltimo, sube tus fotograf\u00edas y col\u00f3calas en cada una de las letras. Aseg\u00farate de seleccionar fotos con una buena resoluci\u00f3n y aseg\u00farate de editarlas como quieras (no es obligatorio).<\/p>\r\n<p style=\"margin-top: 1rem;\">Cuando todas tus fotos est\u00e9n cargadas, selecciona el tama\u00f1o y el formato de tu collage. Puedes elegir entre distintos tama\u00f1os de impresi\u00f3n o solicitar una descarga digital para imprimirlo de forma local. Despu\u00e9s de terminar todos estos pasos, \u00a1tu collage fotogr\u00e1fico est\u00e1 listo para imprimir! Qu\u00e9 f\u00e1cil, \u00bfno?<\/p>\r\n<p style=\"margin-top: 1rem;\">Regala algo que no tenga fecha de caducidad: \u00a1un collage fotogr\u00e1fico personalizado! Este tipo de detalles es una forma \u00fanica y creativa de capturar recuerdos, celebrar eventos importantes y mostrarle a tus seres amados lo importantes que son para ti. \u00a1Haz sonre\u00edr a alguien especial con un collage de letras personalizado!<\/p>","protected":false},"excerpt":{"rendered":"<ul class=\"check-list\">\n<li>Sube tus fotos favoritas y personaliza cada letra<\/li>\n<li>A\u00f1ade un mensaje personalizado para que tu dise\u00f1o sea \u00fanico y especial<\/li>\n<li>Usa nuestro editor para personalizar tu dise\u00f1o en 3 sencillos pasos<\/li>\n<li>Previsualiza tu dise\u00f1o r\u00e1pidamente gracias a la vista previa interactiva<\/li>\n<\/ul>\n","protected":false},"featured_media":1674149,"template":"","meta":[],"product_brand":[],"product_cat":[15850,9280,15115,8250,9124,106,1814,265,5270,15060],"product_tag":[14920,14921,13813,13469],"class_list":{"0":"post-447940","1":"product","2":"type-product","3":"status-publish","4":"has-post-thumbnail","6":"product_cat-shop-bestsellers-es","7":"product_cat-bestsellers-label-es","8":"product_cat-bestsellers-menu-es","9":"product_cat-digital-products-es","10":"product_cat-photo-letter-es","11":"product_cat-todos-los-productos","12":"product_cat-bestsellers-es","13":"product_cat-creators-es-2","14":"product_cat-regalos-de-navidad","15":"product_cat-regalos-de-navidad-para-la-familia","16":"product_tag-creators-es-2","17":"product_tag-custom-photo-es","18":"product_tag-poster-de-foto-personalizado","19":"product_tag-regalos-de-navidad-para-la-familia","21":"first","22":"instock","23":"sale","24":"taxable","25":"shipping-taxable","26":"purchasable","27":"product-type-variable"},"yoast_head":"<!-- This site is optimized with the Yoast SEO Premium plugin v27.2 (Yoast SEO v27.2) - https:\/\/yoast.com\/product\/yoast-seo-premium-wordpress\/ -->\n<title>Collage de letras - Positive Prints<\/title>\n<meta name=\"description\" content=\"Transforma tus fotos, palabras y recuerdos en un hermoso collage de fotos con letras. \u00a1Crea una obra de arte \u00fanica que durar\u00e1 por el resto de vuestras vidas!\" \/>\n<meta name=\"robots\" content=\"index, follow, max-snippet:-1, max-image-preview:large, max-video-preview:-1\" \/>\n<link rel=\"canonical\" href=\"https:\/\/positiveprints.com\/es\/producto\/collage-fotografico-de-letras\/\" \/>\n<meta property=\"og:locale\" content=\"es_ES\" \/>\n<meta property=\"og:type\" content=\"article\" \/>\n<meta property=\"og:title\" content=\"Collage de letras\" \/>\n<meta property=\"og:description\" content=\"Sube tus fotos favoritas y personaliza cada letra  A\u00f1ade un mensaje personalizado para que tu dise\u00f1o sea \u00fanico y especial  Usa nuestro editor para personalizar tu dise\u00f1o en 3 sencillos pasos  Previsualiza tu dise\u00f1o r\u00e1pidamente gracias a la vista previa interactiva\" \/>\n<meta property=\"og:url\" content=\"https:\/\/positiveprints.com\/es\/producto\/collage-fotografico-de-letras\/\" \/>\n<meta property=\"og:site_name\" content=\"Positive Prints\" \/>\n<meta property=\"article:publisher\" content=\"https:\/\/www.facebook.com\/positiveprintscom\" \/>\n<meta property=\"article:modified_time\" content=\"2026-04-18T05:04:49+00:00\" \/>\n<meta property=\"og:image\" content=\"https:\/\/positiveprints.com\/wp-content\/uploads\/2025\/06\/ES_Packshot_Collage-de-letras.webp\" \/>\n\t<meta property=\"og:image:width\" content=\"1450\" \/>\n\t<meta property=\"og:image:height\" content=\"1450\" \/>\n\t<meta property=\"og:image:type\" content=\"image\/webp\" \/>\n<meta name=\"twitter:card\" content=\"summary_large_image\" \/>\n<meta name=\"twitter:label1\" content=\"Tiempo de lectura\" \/>\n\t<meta name=\"twitter:data1\" content=\"3 minutos\" \/>\n<!-- \/ Yoast SEO Premium plugin. -->","yoast_head_json":{"title":"Collage de letras - Positive Prints","description":"Transforma tus fotos, palabras y recuerdos en un hermoso collage de fotos con letras. \u00a1Crea una obra de arte \u00fanica que durar\u00e1 por el resto de vuestras vidas!","robots":{"index":"index","follow":"follow","max-snippet":"max-snippet:-1","max-image-preview":"max-image-preview:large","max-video-preview":"max-video-preview:-1"},"canonical":"https:\/\/positiveprints.com\/es\/producto\/collage-fotografico-de-letras\/","og_locale":"es_ES","og_type":"article","og_title":"Collage de letras","og_description":"Sube tus fotos favoritas y personaliza cada letra  A\u00f1ade un mensaje personalizado para que tu dise\u00f1o sea \u00fanico y especial  Usa nuestro editor para personalizar tu dise\u00f1o en 3 sencillos pasos  Previsualiza tu dise\u00f1o r\u00e1pidamente gracias a la vista previa interactiva","og_url":"https:\/\/positiveprints.com\/es\/producto\/collage-fotografico-de-letras\/","og_site_name":"Positive Prints","article_publisher":"https:\/\/www.facebook.com\/positiveprintscom","article_modified_time":"2026-04-18T05:04:49+00:00","og_image":[{"width":1450,"height":1450,"url":"https:\/\/positiveprints.com\/wp-content\/uploads\/2025\/06\/ES_Packshot_Collage-de-letras.webp","type":"image\/webp"}],"twitter_card":"summary_large_image","twitter_misc":{"Tiempo de lectura":"3 minutos"},"schema":{"@context":"https:\/\/schema.org","@graph":[{"@type":["WebPage","ItemPage"],"@id":"https:\/\/positiveprints.com\/es\/producto\/collage-fotografico-de-letras\/","url":"https:\/\/positiveprints.com\/es\/producto\/collage-fotografico-de-letras\/","name":"Collage de letras - Positive Prints","isPartOf":{"@id":"https:\/\/positiveprints.com\/es\/#website"},"primaryImageOfPage":{"@id":"https:\/\/positiveprints.com\/es\/producto\/collage-fotografico-de-letras\/#primaryimage"},"image":{"@id":"https:\/\/positiveprints.com\/es\/producto\/collage-fotografico-de-letras\/#primaryimage"},"thumbnailUrl":"https:\/\/positiveprints.com\/wp-content\/uploads\/2026\/03\/tu-texto_ES.webp","datePublished":"2023-03-29T08:51:28+00:00","dateModified":"2026-04-18T05:04:49+00:00","description":"Transforma tus fotos, palabras y recuerdos en un hermoso collage de fotos con letras. \u00a1Crea una obra de arte \u00fanica que durar\u00e1 por el resto de vuestras vidas!","breadcrumb":{"@id":"https:\/\/positiveprints.com\/es\/producto\/collage-fotografico-de-letras\/#breadcrumb"},"inLanguage":"es","potentialAction":[{"@type":"ReadAction","target":["https:\/\/positiveprints.com\/es\/producto\/collage-fotografico-de-letras\/"]}]},{"@type":"ImageObject","inLanguage":"es","@id":"https:\/\/positiveprints.com\/es\/producto\/collage-fotografico-de-letras\/#primaryimage","url":"https:\/\/positiveprints.com\/wp-content\/uploads\/2026\/03\/tu-texto_ES.webp","contentUrl":"https:\/\/positiveprints.com\/wp-content\/uploads\/2026\/03\/tu-texto_ES.webp","width":1450,"height":1450},{"@type":"BreadcrumbList","@id":"https:\/\/positiveprints.com\/es\/producto\/collage-fotografico-de-letras\/#breadcrumb","itemListElement":[{"@type":"ListItem","position":1,"name":"CASA","item":"https:\/\/positiveprints.com\/es\/"},{"@type":"ListItem","position":2,"name":"Productos","item":"https:\/\/positiveprints.com\/es\/shop\/"},{"@type":"ListItem","position":3,"name":"Collage de letras"}]},{"@type":"WebSite","@id":"https:\/\/positiveprints.com\/es\/#website","url":"https:\/\/positiveprints.com\/es\/","name":"Positive Prints","description":"Custom Gifts for Special Occasions","publisher":{"@id":"https:\/\/positiveprints.com\/es\/#organization"},"potentialAction":[{"@type":"SearchAction","target":{"@type":"EntryPoint","urlTemplate":"https:\/\/positiveprints.com\/es\/?s={search_term_string}"},"query-input":{"@type":"PropertyValueSpecification","valueRequired":true,"valueName":"search_term_string"}}],"inLanguage":"es"},{"@type":"Organization","@id":"https:\/\/positiveprints.com\/es\/#organization","name":"Positive Prints","alternateName":"Positive Prints","url":"https:\/\/positiveprints.com\/es\/","logo":{"@type":"ImageObject","inLanguage":"es","@id":"https:\/\/positiveprints.com\/es\/#\/schema\/logo\/image\/","url":"https:\/\/positiveprints.com\/wp-content\/uploads\/2026\/03\/245815646_1337939713319158_5671353136411139666_n.png","contentUrl":"https:\/\/positiveprints.com\/wp-content\/uploads\/2026\/03\/245815646_1337939713319158_5671353136411139666_n.png","width":800,"height":800,"caption":"Positive Prints"},"image":{"@id":"https:\/\/positiveprints.com\/es\/#\/schema\/logo\/image\/"},"sameAs":["https:\/\/www.facebook.com\/positiveprintscom","https:\/\/www.instagram.com\/positiveprintscom\/","https:\/\/www.tiktok.com\/@positiveprintscom","https:\/\/www.pinterest.com\/positiveprintscom\/"]}]}},"jetpack_sharing_enabled":true,"_links":{"self":[{"href":"https:\/\/positiveprints.com\/es\/wp-json\/wp\/v2\/product\/447940","targetHints":{"allow":["GET"]}}],"collection":[{"href":"https:\/\/positiveprints.com\/es\/wp-json\/wp\/v2\/product"}],"about":[{"href":"https:\/\/positiveprints.com\/es\/wp-json\/wp\/v2\/types\/product"}],"wp:featuredmedia":[{"embeddable":true,"href":"https:\/\/positiveprints.com\/es\/wp-json\/wp\/v2\/media\/1674149"}],"wp:attachment":[{"href":"https:\/\/positiveprints.com\/es\/wp-json\/wp\/v2\/media?parent=447940"}],"wp:term":[{"taxonomy":"product_brand","embeddable":true,"href":"https:\/\/positiveprints.com\/es\/wp-json\/wp\/v2\/product_brand?post=447940"},{"taxonomy":"product_cat","embeddable":true,"href":"https:\/\/positiveprints.com\/es\/wp-json\/wp\/v2\/product_cat?post=447940"},{"taxonomy":"product_tag","embeddable":true,"href":"https:\/\/positiveprints.com\/es\/wp-json\/wp\/v2\/product_tag?post=447940"}],"curies":[{"name":"wp","href":"https:\/\/api.w.org\/{rel}","templated":true}]}}