{"id":440530,"date":"2023-02-23T22:36:36","date_gmt":"2023-02-23T21:36:36","guid":{"rendered":"https:\/\/positiveprints.com\/?post_type=product&#038;p=440530"},"modified":"2026-04-18T06:11:09","modified_gmt":"2026-04-18T05:11:09","slug":"mapa-estelar-doble","status":"publish","type":"product","link":"https:\/\/positiveprints.com\/es\/producto\/mapa-estelar-doble\/","title":{"rendered":"Mapa Estelar Doble"},"content":{"rendered":"<p style=\"margin-top: 1rem\">\u00bfEst\u00e1s buscando un reglo \u00fanico y lleno de significado para una persona especial? \u00a1No busques m\u00e1s! Elige nuestro mapa estelar doble: un mapa que captura el cielo nocturno de dos lugares distintos en un solo lugar, utilizando las fechas y ubicaciones de tu elecci\u00f3n para crear un recuerdo eterno que refleje los momentos m\u00e1s especiales de tu vida.<\/p>\r\n\r\n<h2 class=\"grenB f24 cblue\" style=\"margin-top: 3rem\">\u00bfQu\u00e9 es un mapa estelar doble?<\/h2>\r\n<p style=\"margin-top: 1rem\">Nuestro mapa estelar doble te permite celebrar los momentos especiales en tu vida de manera \u00fanica y visual, como la noche en la que tu alma gemela y t\u00fa nacieron, el momento que se conocieron y el d\u00eda que se casaron, o cualquier otro d\u00eda que sea especial para ti.<\/p>\r\n<p style=\"margin-top: 1rem\">Puedes crear y personalizar tu mapa con nuestro editor en l\u00ednea. \u00a1Es muy f\u00e1cil de usar! Puedes elegir el estilo de la impresi\u00f3n y hacerlo mucho m\u00e1s especial con un mensaje personal, poema o frase que represente algo para ustedes dos.<\/p>\r\n<p style=\"margin-top: 1rem\">Utilizamos los datos astron\u00f3micos m\u00e1s recientes y nuestros algoritmos patentados para crear un mapa estelar preciso que muestre la noche estrellada de los d\u00edas y lugares que elijas. Cada mapa se imprime en un papel de la m\u00e1s alta calidad y se coloca en un hermoso marco de madera para que solo tengas que colocarlo en la pared.<\/p>\r\n\r\n<h2 class=\"grenB f24 cblue\" style=\"margin-top: 3rem\">\u00bfC\u00f3mo crear tu propio mapa estelar doble?<\/h2>\r\n<p style=\"margin-top: 1rem\">En Positive Prints, creemos que los detalles significativos deben durar por el resto de nuestras vidas. Nuestros mapas estelares est\u00e1n dise\u00f1ados para ser un recordatorio eterno de los momentos m\u00e1s especiales de tu vida; sin duda, son un regalo \u00fanico que traer\u00e1 vida, paz y felicidad a cualquier rinc\u00f3n.<\/p>\r\n<p style=\"margin-top: 1rem\">\u00a1Crear tu propio mapa estelar es muy f\u00e1cil! Nuestro sencillo proceso de tres pasos te permitir\u00e1 tener tu dise\u00f1o personalizado en un, dos por tres.<\/p>\r\n\r\n\r\n\r\n<p style=\"margin-top: 1rem\">Paso 1: Elige el dise\u00f1o de tu impresi\u00f3n, as\u00ed como los colores y los elementos que se deban ver en la impresi\u00f3n.<\/p>\r\n\r\n<p style=\"margin-top: 1rem\">Paso 2: Coloca las fechas y ubicaciones, as\u00ed como cualquier mensaje personal que te gustar\u00eda incorporar en el dise\u00f1o.<\/p>\r\n\r\n<p style=\"margin-top: 1rem\">Paso 3: Elige un formato de impresi\u00f3n: p\u00f3ster, lienzo o archivo digital (para que puedas imprimirlo de forma local). Luego, elige el tama\u00f1o y el formato que m\u00e1s te guste.<\/p>\r\n\r\n<p style=\"margin-top: 1rem\">Una vez que hayas concluido con estos tres sencillos pasos, respira\u2026 \u00a1porque nos encargaremos del resto! Nosotros imprimiremos y enmarcaremos tu hermoso mapa estelar doble para que solo te encargues de entregarlo.<\/p>\r\n\r\n<h2 class=\"grenB f24 cblue\" style=\"margin-top: 3rem\">Crea un regalo \u00fanico y significativo para alguien especial<\/h2>\r\n<p style=\"margin-top: 1rem\">Los regalos personalizados son una de las formas m\u00e1s \u00fanicas y especiales de mostrarle a alguien lo mucho que te importa. Ya sea un cumplea\u00f1os, aniversario, d\u00eda de las madres, d\u00eda del padre o solo para mostrar tu aprecio y amor, son un detalle que siempre deja un buen sabor de boca.<\/p>\r\n<p style=\"margin-top: 1rem\">En pocas palabras, recibir este regalo dejar\u00e1 sin palabras a tus seres queridos. \u00a1No esperes m\u00e1s! Crea el tuyo hoy mismo. Con nuestro mapa estelar doble, te ayudaremos a crear un recuerdo eterno para conmemorar aquellos momentos especiales en tu vida.<\/p>","protected":false},"excerpt":{"rendered":"<ul class=\"check-list\">\n<li>Dise\u00f1a un mapa estelar que muestre el cielo nocturno de dos lugares y fechas diferentes<\/li>\n<li>Agrega las constelaciones y la V\u00eda L\u00e1ctea<\/li>\n<li>Usa nuestro editor para personalizar tu dise\u00f1o en apenas tres pasos<\/li>\n<li>A\u00f1ade un mensaje personalizado para que\u00a0tu dise\u00f1o sea \u00fanico y especial<\/li>\n<li>Visualiza tu dise\u00f1o de forma r\u00e1pida usando la vista previa interactiva<\/li>\n<\/ul>\n","protected":false},"featured_media":1251390,"template":"","meta":[],"product_brand":[],"product_cat":[8250,9106,106,265,8012,7693],"product_tag":[14920],"class_list":{"0":"post-440530","1":"product","2":"type-product","3":"status-publish","4":"has-post-thumbnail","6":"product_cat-digital-products-es","7":"product_cat-duo-stars-es","8":"product_cat-todos-los-productos","9":"product_cat-creators-es-2","10":"product_cat-regalos-para-hombres","11":"product_cat-regalos-para-mujeres","12":"product_tag-creators-es-2","14":"first","15":"instock","16":"sale","17":"taxable","18":"shipping-taxable","19":"purchasable","20":"product-type-variable"},"yoast_head":"<!-- This site is optimized with the Yoast SEO Premium plugin v27.2 (Yoast SEO v27.2) - https:\/\/yoast.com\/product\/yoast-seo-premium-wordpress\/ -->\n<title>Mapa Estelar Doble - Positive Prints<\/title>\n<meta name=\"description\" content=\"Con nuestro mapa estelar doble, te ayudaremos a crear un recuerdo eterno para conmemorar aquellos momentos especiales en tu vida.\" \/>\n<meta name=\"robots\" content=\"index, follow, max-snippet:-1, max-image-preview:large, max-video-preview:-1\" \/>\n<link rel=\"canonical\" href=\"https:\/\/positiveprints.com\/es\/producto\/mapa-estelar-doble\/\" \/>\n<meta property=\"og:locale\" content=\"es_ES\" \/>\n<meta property=\"og:type\" content=\"article\" \/>\n<meta property=\"og:title\" content=\"Mapa Estelar Doble\" \/>\n<meta property=\"og:description\" content=\"Dise\u00f1a un mapa estelar que muestre el cielo nocturno de dos lugares y fechas diferentes  Agrega las constelaciones y la V\u00eda L\u00e1ctea  Usa nuestro editor para personalizar tu dise\u00f1o en apenas tres pasos  A\u00f1ade un mensaje personalizado para que\u00a0tu dise\u00f1o sea \u00fanico y especial  Visualiza tu dise\u00f1o de forma r\u00e1pida usando la vista previa interactiva\" \/>\n<meta property=\"og:url\" content=\"https:\/\/positiveprints.com\/es\/producto\/mapa-estelar-doble\/\" \/>\n<meta property=\"og:site_name\" content=\"Positive Prints\" \/>\n<meta property=\"article:publisher\" content=\"https:\/\/www.facebook.com\/positiveprintscom\" \/>\n<meta property=\"article:modified_time\" content=\"2026-04-18T05:11:09+00:00\" \/>\n<meta property=\"og:image\" content=\"https:\/\/positiveprints.com\/wp-content\/uploads\/2024\/11\/PACKSHOT_ES_Digital-Double-Star-Map-product-image-.webp\" \/>\n\t<meta property=\"og:image:width\" content=\"1450\" \/>\n\t<meta property=\"og:image:height\" content=\"1450\" \/>\n\t<meta property=\"og:image:type\" content=\"image\/webp\" \/>\n<meta name=\"twitter:card\" content=\"summary_large_image\" \/>\n<meta name=\"twitter:label1\" content=\"Tiempo de lectura\" \/>\n\t<meta name=\"twitter:data1\" content=\"3 minutos\" \/>\n<!-- \/ Yoast SEO Premium plugin. -->","yoast_head_json":{"title":"Mapa Estelar Doble - Positive Prints","description":"Con nuestro mapa estelar doble, te ayudaremos a crear un recuerdo eterno para conmemorar aquellos momentos especiales en tu vida.","robots":{"index":"index","follow":"follow","max-snippet":"max-snippet:-1","max-image-preview":"max-image-preview:large","max-video-preview":"max-video-preview:-1"},"canonical":"https:\/\/positiveprints.com\/es\/producto\/mapa-estelar-doble\/","og_locale":"es_ES","og_type":"article","og_title":"Mapa Estelar Doble","og_description":"Dise\u00f1a un mapa estelar que muestre el cielo nocturno de dos lugares y fechas diferentes  Agrega las constelaciones y la V\u00eda L\u00e1ctea  Usa nuestro editor para personalizar tu dise\u00f1o en apenas tres pasos  A\u00f1ade un mensaje personalizado para que\u00a0tu dise\u00f1o sea \u00fanico y especial  Visualiza tu dise\u00f1o de forma r\u00e1pida usando la vista previa interactiva","og_url":"https:\/\/positiveprints.com\/es\/producto\/mapa-estelar-doble\/","og_site_name":"Positive Prints","article_publisher":"https:\/\/www.facebook.com\/positiveprintscom","article_modified_time":"2026-04-18T05:11:09+00:00","og_image":[{"width":1450,"height":1450,"url":"https:\/\/positiveprints.com\/wp-content\/uploads\/2024\/11\/PACKSHOT_ES_Digital-Double-Star-Map-product-image-.webp","type":"image\/webp"}],"twitter_card":"summary_large_image","twitter_misc":{"Tiempo de lectura":"3 minutos"},"schema":{"@context":"https:\/\/schema.org","@graph":[{"@type":["WebPage","ItemPage"],"@id":"https:\/\/positiveprints.com\/es\/producto\/mapa-estelar-doble\/","url":"https:\/\/positiveprints.com\/es\/producto\/mapa-estelar-doble\/","name":"Mapa Estelar Doble - Positive Prints","isPartOf":{"@id":"https:\/\/positiveprints.com\/es\/#website"},"primaryImageOfPage":{"@id":"https:\/\/positiveprints.com\/es\/producto\/mapa-estelar-doble\/#primaryimage"},"image":{"@id":"https:\/\/positiveprints.com\/es\/producto\/mapa-estelar-doble\/#primaryimage"},"thumbnailUrl":"https:\/\/positiveprints.com\/wp-content\/uploads\/2024\/11\/PACKSHOT_ES_Digital-Double-Star-Map-product-image-.webp","datePublished":"2023-02-23T21:36:36+00:00","dateModified":"2026-04-18T05:11:09+00:00","description":"Con nuestro mapa estelar doble, te ayudaremos a crear un recuerdo eterno para conmemorar aquellos momentos especiales en tu vida.","breadcrumb":{"@id":"https:\/\/positiveprints.com\/es\/producto\/mapa-estelar-doble\/#breadcrumb"},"inLanguage":"es","potentialAction":[{"@type":"ReadAction","target":["https:\/\/positiveprints.com\/es\/producto\/mapa-estelar-doble\/"]}]},{"@type":"ImageObject","inLanguage":"es","@id":"https:\/\/positiveprints.com\/es\/producto\/mapa-estelar-doble\/#primaryimage","url":"https:\/\/positiveprints.com\/wp-content\/uploads\/2024\/11\/PACKSHOT_ES_Digital-Double-Star-Map-product-image-.webp","contentUrl":"https:\/\/positiveprints.com\/wp-content\/uploads\/2024\/11\/PACKSHOT_ES_Digital-Double-Star-Map-product-image-.webp","width":1450,"height":1450},{"@type":"BreadcrumbList","@id":"https:\/\/positiveprints.com\/es\/producto\/mapa-estelar-doble\/#breadcrumb","itemListElement":[{"@type":"ListItem","position":1,"name":"CASA","item":"https:\/\/positiveprints.com\/es\/"},{"@type":"ListItem","position":2,"name":"Productos","item":"https:\/\/positiveprints.com\/es\/shop\/"},{"@type":"ListItem","position":3,"name":"Mapa Estelar Doble"}]},{"@type":"WebSite","@id":"https:\/\/positiveprints.com\/es\/#website","url":"https:\/\/positiveprints.com\/es\/","name":"Positive Prints","description":"Custom Gifts for Special Occasions","publisher":{"@id":"https:\/\/positiveprints.com\/es\/#organization"},"potentialAction":[{"@type":"SearchAction","target":{"@type":"EntryPoint","urlTemplate":"https:\/\/positiveprints.com\/es\/?s={search_term_string}"},"query-input":{"@type":"PropertyValueSpecification","valueRequired":true,"valueName":"search_term_string"}}],"inLanguage":"es"},{"@type":"Organization","@id":"https:\/\/positiveprints.com\/es\/#organization","name":"Positive Prints","alternateName":"Positive Prints","url":"https:\/\/positiveprints.com\/es\/","logo":{"@type":"ImageObject","inLanguage":"es","@id":"https:\/\/positiveprints.com\/es\/#\/schema\/logo\/image\/","url":"https:\/\/positiveprints.com\/wp-content\/uploads\/2026\/03\/245815646_1337939713319158_5671353136411139666_n.png","contentUrl":"https:\/\/positiveprints.com\/wp-content\/uploads\/2026\/03\/245815646_1337939713319158_5671353136411139666_n.png","width":800,"height":800,"caption":"Positive Prints"},"image":{"@id":"https:\/\/positiveprints.com\/es\/#\/schema\/logo\/image\/"},"sameAs":["https:\/\/www.facebook.com\/positiveprintscom","https:\/\/www.instagram.com\/positiveprintscom\/","https:\/\/www.tiktok.com\/@positiveprintscom","https:\/\/www.pinterest.com\/positiveprintscom\/"]}]}},"jetpack_sharing_enabled":true,"_links":{"self":[{"href":"https:\/\/positiveprints.com\/es\/wp-json\/wp\/v2\/product\/440530","targetHints":{"allow":["GET"]}}],"collection":[{"href":"https:\/\/positiveprints.com\/es\/wp-json\/wp\/v2\/product"}],"about":[{"href":"https:\/\/positiveprints.com\/es\/wp-json\/wp\/v2\/types\/product"}],"wp:featuredmedia":[{"embeddable":true,"href":"https:\/\/positiveprints.com\/es\/wp-json\/wp\/v2\/media\/1251390"}],"wp:attachment":[{"href":"https:\/\/positiveprints.com\/es\/wp-json\/wp\/v2\/media?parent=440530"}],"wp:term":[{"taxonomy":"product_brand","embeddable":true,"href":"https:\/\/positiveprints.com\/es\/wp-json\/wp\/v2\/product_brand?post=440530"},{"taxonomy":"product_cat","embeddable":true,"href":"https:\/\/positiveprints.com\/es\/wp-json\/wp\/v2\/product_cat?post=440530"},{"taxonomy":"product_tag","embeddable":true,"href":"https:\/\/positiveprints.com\/es\/wp-json\/wp\/v2\/product_tag?post=440530"}],"curies":[{"name":"wp","href":"https:\/\/api.w.org\/{rel}","templated":true}]}}