{"id":421694,"date":"2023-02-23T23:27:00","date_gmt":"2023-02-23T22:27:00","guid":{"rendered":"https:\/\/positiveprints.com\/?post_type=product&#038;p=421694"},"modified":"2026-04-18T06:09:42","modified_gmt":"2026-04-18T05:09:42","slug":"mapa-estelar-triple","status":"publish","type":"product","link":"https:\/\/positiveprints.com\/es\/producto\/mapa-estelar-triple\/","title":{"rendered":"Mapa Estelar Triple"},"content":{"rendered":"<p><span style=\"font-weight: 400;\">Crea y regala un mapa estelar triple personalizado: \u00a1es el detalle perfecto para aniversarios, bodas o cumplea\u00f1os! Prep\u00e1rate\u00a0 para sorprender a esa persona especial con esta bonita\u00a0 obra de arte. Sigue leyendo y descubre por qu\u00e9 este tipo de mapas son\u00a0 el regalo perfecto y moderno\u00a0 para dar en cualquier ocasi\u00f3n.<\/span><\/p>\n<h2><b>\u00bfQu\u00e9 es un mapa estelar triple?<\/b><\/h2>\n<p><span style=\"font-weight: 400;\">Un mapa estelar triple es la manera perfecta de mostrarle a tu ser querido cu\u00e1nto significa para ti. Este regalo captura tres momentos significativos en el tiempo a trav\u00e9s del cielo nocturno que se pod\u00eda ver durante esos d\u00edas. A trav\u00e9s de nuestras opciones de personalizaci\u00f3n tu regalo ser\u00e1 inolvidable y tu ser querido guardar\u00e1\u00a0 tu detalle por muchos a\u00f1os.<\/span><\/p>\n<h2><b>\u00bfC\u00f3mo crear un mapa estelar triple?<\/b><\/h2>\n<p><span style=\"font-weight: 400;\">Crear tu mapa estelar triple es muy f\u00e1cil. Elige tres fechas importantes que te gustar\u00eda seleccionar : puede ser un momento especial que compartiste con tu ser amado, una fecha de nacimiento o aniversario o cualquier d\u00eda que sea importante en vuestra\u00a0 relaci\u00f3n. Luego, personaliza tu mapa con los colores y mensajes que quieras. Una vez que hayas terminado tu dise\u00f1o, puedes elegir enviarlo en el tama\u00f1o de impresi\u00f3n que creas conveniente o hacer una descarga digital instant\u00e1nea para imprimirlo t\u00fa mismo .<\/span><\/p>\n<h2><b>Mu\u00e9strale a esa persona especial cu\u00e1nto te importa<\/b><\/h2>\n<p><span style=\"font-weight: 400;\">Los regalos personalizados son una forma \u00fanica y significativa de mostrarle a alguien lo mucho que te importa. A diferencia de las cosas que se pueden comprar en una tienda, los regalos personalizados tienen un toque a\u00fan m\u00e1s especial que no puede ser replicado, ya que te permiten a\u00f1adir\u00a0 tu esencia personal para crear algo \u00fanico. Adem\u00e1s, cuando alguien recibe un regalo personalizado, sabe\u00a0 que ha sido\u00a0 hecho solo para \u00e9l\u00a0 y eso lo hace inolvidable. Los regalos personalizados nunca se olvidan, y perduran m\u00e1s que cualquier otro regalo normal .<\/span><\/p>\n<p><span style=\"font-weight: 400;\">No te pierdas esta incre\u00edble oportunidad de demostrarle\u00a0 cu\u00e1nto te importa. \u00a1Crea tu mapa estelar personalizado, ya sea impreso o en lienzo hoy mismo! Sin duda es un regalo inolvidable que ser\u00e1 recordado por mucho, mucho tiempo.<\/span><\/p><h2 class=\"wp-block-heading\" id=\"h-preguntas-frecuentes\"><strong>Preguntas Frecuentes<\/strong><\/h2><details class=\"wp-block-details is-layout-flow wp-block-details-is-layout-flow\"><summary><strong>\u00bfQu\u00e9 es un Mapa Estelar Triple?<\/strong><\/summary><p>Un Mapa Estelar Triple es un p\u00f3ster personalizado que muestra el cielo nocturno de tres fechas y lugares diferentes. Espec\u00edficamente, captura tres momentos significativos en el tiempo mediante una alineaci\u00f3n astron\u00f3mica precisa. Por lo tanto , inmortaliza m\u00faltiples eventos especiales en una sola obra de arte.\u200b<\/p><\/details><details class=\"wp-block-details is-layout-flow wp-block-details-is-layout-flow\"><summary><strong>\u00bfEs cient\u00edficamente preciso?<\/strong><\/summary><p>S\u00ed, cada mapa es cient\u00edficamente preciso. De hecho, utiliza datos\u00a0 certificados por\u00a0 Hipparcos de la Agencia Espacial Europea. Adem\u00e1s, muestra las estrellas exactas que se ve\u00edan en cada momento en el lugar seleccionado. Tambi\u00e9n incluye coordenadas de latitud y longitud de cada ubicaci\u00f3n.\u200b<\/p><\/details><details class=\"wp-block-details is-layout-flow wp-block-details-is-layout-flow\"><summary><strong>\u00bfPor qu\u00e9 es el regalo perfecto para ocasiones especiales?<\/strong><\/summary><p>Es el regalo perfecto porque captura tres momentos importantes que se atesoran por a\u00f1os. Espec\u00edficamente, es un detalle \u00fanico e inolvidable con un toque personal que no puede ser replicado. Por lo tanto , muestra cu\u00e1nto te importa esa persona importante para ti\u00a0 de una manera especial .\u200b<\/p><\/details><details class=\"wp-block-details is-layout-flow wp-block-details-is-layout-flow\"><summary><strong><strong>\u00bfC\u00f3mo crear mi Mapa Estelar Triple?<\/strong><\/strong><\/summary><p>Crear tu mapa se hace en tres pasos. En primer lugar , elige tres fechas importantes y sus ubicaciones exactas. Luego, personaliza dise\u00f1o, colores, constelaciones, V\u00eda L\u00e1ctea y mensaje especial. Finalmente, selecciona formato impreso, enmarcado, lienzo o descarga digital.\u200b<\/p><\/details><details class=\"wp-block-details is-layout-flow wp-block-details-is-layout-flow\"><summary><strong><strong>\u00bfPara qu\u00e9 ocasiones es perfecto este mapa?<\/strong><\/strong><\/summary><p>Este mapa es perfecto para aniversarios, bodas, cumplea\u00f1os y nacimientos. Adem\u00e1s, es ideal para graduaciones, primer beso, matrimonio o fechas especiales familiares. Tambi\u00e9n es excelente para celebrar m\u00faltiples momentos importantes juntos.\u200b<\/p><\/details><details class=\"wp-block-details is-layout-flow wp-block-details-is-layout-flow\"><summary><strong>\u00bfEn cu\u00e1nto tiempo puedo recibir mi mapa?<\/strong><\/summary><p>Para un regalo r\u00e1pido , elige nuestra descarga digital instant\u00e1nea, un archivo JPEG de alta resoluci\u00f3n 300 dpi que puedes imprimir t\u00fa mismo . Sin embargo, contamos con profuctos f\u00edsicos que imprimimos y enviamos localmente desde nuestros centros en Australia, Canad\u00e1, Estados Unidos, Reino Unido y Europa. Esto garantiza una entrega r\u00e1pida y confiable, normalmente\u00a0 en pocos d\u00edas.<\/p><\/details>","protected":false},"excerpt":{"rendered":"<ul class=\"check-list\">\n<li>Agrega las constelaciones y la V\u00eda L\u00e1ctea<\/li>\n<li>Usa nuestro editor para personalizar tu dise\u00f1o en apenas tres pasos<\/li>\n<li>A\u00f1ade un mensaje personalizado para que\u00a0tu dise\u00f1o sea \u00fanico y especial<\/li>\n<li>Visualiza tu dise\u00f1o de forma r\u00e1pida usando la vista previa interactiva<\/li>\n<\/ul>\n","protected":false},"featured_media":1240815,"template":"","meta":[],"product_brand":[],"product_cat":[8250,9103,106,265,11592,11603,11593,11589,11594,11590,11591,8012,7693],"product_tag":[14920],"class_list":{"0":"post-421694","1":"product","2":"type-product","3":"status-publish","4":"has-post-thumbnail","6":"product_cat-digital-products-es","7":"product_cat-trio-stars-es","8":"product_cat-todos-los-productos","9":"product_cat-creators-es-2","10":"product_cat-10-aniversario","11":"product_cat-50-aniversario","12":"product_cat-15-aniversario","13":"product_cat-1-aniversario","14":"product_cat-20-aniversario","15":"product_cat-2-aniversario","16":"product_cat-5-aniversario","17":"product_cat-regalos-para-hombres","18":"product_cat-regalos-para-mujeres","19":"product_tag-creators-es-2","21":"first","22":"instock","23":"sale","24":"taxable","25":"shipping-taxable","26":"purchasable","27":"product-type-variable"},"yoast_head":"<!-- This site is optimized with the Yoast SEO Premium plugin v27.2 (Yoast SEO v27.2) - https:\/\/yoast.com\/product\/yoast-seo-premium-wordpress\/ -->\n<title>Mapa Estelar Triple - Positive Prints<\/title>\n<meta name=\"description\" content=\"\u00a1Deja una buena impresi\u00f3n con nuestro mapa estelar triple personalizado! Es el detalle perfecto para aniversarios, bodas o cumplea\u00f1os. \u00a1Crea el tuyo ahora mismo!\" \/>\n<meta name=\"robots\" content=\"index, follow, max-snippet:-1, max-image-preview:large, max-video-preview:-1\" \/>\n<link rel=\"canonical\" href=\"https:\/\/positiveprints.com\/es\/producto\/mapa-estelar-triple\/\" \/>\n<meta property=\"og:locale\" content=\"es_ES\" \/>\n<meta property=\"og:type\" content=\"article\" \/>\n<meta property=\"og:title\" content=\"Mapa Estelar Triple\" \/>\n<meta property=\"og:description\" content=\"Agrega las constelaciones y la V\u00eda L\u00e1ctea    Usa nuestro editor para personalizar tu dise\u00f1o en apenas tres pasos    A\u00f1ade un mensaje personalizado para que\u00a0tu dise\u00f1o sea \u00fanico y especial    Visualiza tu dise\u00f1o de forma r\u00e1pida usando la vista previa interactiva\" \/>\n<meta property=\"og:url\" content=\"https:\/\/positiveprints.com\/es\/producto\/mapa-estelar-triple\/\" \/>\n<meta property=\"og:site_name\" content=\"Positive Prints\" \/>\n<meta property=\"article:publisher\" content=\"https:\/\/www.facebook.com\/positiveprintscom\" \/>\n<meta property=\"article:modified_time\" content=\"2026-04-18T05:09:42+00:00\" \/>\n<meta property=\"og:image\" content=\"https:\/\/positiveprints.com\/wp-content\/uploads\/2024\/10\/Packshot_ES_Triple-Star-Map-product-image-1.webp\" \/>\n\t<meta property=\"og:image:width\" content=\"1450\" \/>\n\t<meta property=\"og:image:height\" content=\"1450\" \/>\n\t<meta property=\"og:image:type\" content=\"image\/webp\" \/>\n<meta name=\"twitter:card\" content=\"summary_large_image\" \/>\n<meta name=\"twitter:label1\" content=\"Tiempo de lectura\" \/>\n\t<meta name=\"twitter:data1\" content=\"4 minutos\" \/>\n<!-- \/ Yoast SEO Premium plugin. -->","yoast_head_json":{"title":"Mapa Estelar Triple - Positive Prints","description":"\u00a1Deja una buena impresi\u00f3n con nuestro mapa estelar triple personalizado! Es el detalle perfecto para aniversarios, bodas o cumplea\u00f1os. \u00a1Crea el tuyo ahora mismo!","robots":{"index":"index","follow":"follow","max-snippet":"max-snippet:-1","max-image-preview":"max-image-preview:large","max-video-preview":"max-video-preview:-1"},"canonical":"https:\/\/positiveprints.com\/es\/producto\/mapa-estelar-triple\/","og_locale":"es_ES","og_type":"article","og_title":"Mapa Estelar Triple","og_description":"Agrega las constelaciones y la V\u00eda L\u00e1ctea    Usa nuestro editor para personalizar tu dise\u00f1o en apenas tres pasos    A\u00f1ade un mensaje personalizado para que\u00a0tu dise\u00f1o sea \u00fanico y especial    Visualiza tu dise\u00f1o de forma r\u00e1pida usando la vista previa interactiva","og_url":"https:\/\/positiveprints.com\/es\/producto\/mapa-estelar-triple\/","og_site_name":"Positive Prints","article_publisher":"https:\/\/www.facebook.com\/positiveprintscom","article_modified_time":"2026-04-18T05:09:42+00:00","og_image":[{"width":1450,"height":1450,"url":"https:\/\/positiveprints.com\/wp-content\/uploads\/2024\/10\/Packshot_ES_Triple-Star-Map-product-image-1.webp","type":"image\/webp"}],"twitter_card":"summary_large_image","twitter_misc":{"Tiempo de lectura":"4 minutos"},"schema":{"@context":"https:\/\/schema.org","@graph":[{"@type":["WebPage","ItemPage"],"@id":"https:\/\/positiveprints.com\/es\/producto\/mapa-estelar-triple\/","url":"https:\/\/positiveprints.com\/es\/producto\/mapa-estelar-triple\/","name":"Mapa Estelar Triple - Positive Prints","isPartOf":{"@id":"https:\/\/positiveprints.com\/es\/#website"},"primaryImageOfPage":{"@id":"https:\/\/positiveprints.com\/es\/producto\/mapa-estelar-triple\/#primaryimage"},"image":{"@id":"https:\/\/positiveprints.com\/es\/producto\/mapa-estelar-triple\/#primaryimage"},"thumbnailUrl":"https:\/\/positiveprints.com\/wp-content\/uploads\/2024\/10\/Packshot_ES_Triple-Star-Map-product-image-1.webp","datePublished":"2023-02-23T22:27:00+00:00","dateModified":"2026-04-18T05:09:42+00:00","description":"\u00a1Deja una buena impresi\u00f3n con nuestro mapa estelar triple personalizado! Es el detalle perfecto para aniversarios, bodas o cumplea\u00f1os. \u00a1Crea el tuyo ahora mismo!","breadcrumb":{"@id":"https:\/\/positiveprints.com\/es\/producto\/mapa-estelar-triple\/#breadcrumb"},"inLanguage":"es","potentialAction":[{"@type":"ReadAction","target":["https:\/\/positiveprints.com\/es\/producto\/mapa-estelar-triple\/"]}]},{"@type":"ImageObject","inLanguage":"es","@id":"https:\/\/positiveprints.com\/es\/producto\/mapa-estelar-triple\/#primaryimage","url":"https:\/\/positiveprints.com\/wp-content\/uploads\/2024\/10\/Packshot_ES_Triple-Star-Map-product-image-1.webp","contentUrl":"https:\/\/positiveprints.com\/wp-content\/uploads\/2024\/10\/Packshot_ES_Triple-Star-Map-product-image-1.webp","width":1450,"height":1450},{"@type":"BreadcrumbList","@id":"https:\/\/positiveprints.com\/es\/producto\/mapa-estelar-triple\/#breadcrumb","itemListElement":[{"@type":"ListItem","position":1,"name":"CASA","item":"https:\/\/positiveprints.com\/es\/"},{"@type":"ListItem","position":2,"name":"Productos","item":"https:\/\/positiveprints.com\/es\/shop\/"},{"@type":"ListItem","position":3,"name":"Mapa Estelar Triple"}]},{"@type":"WebSite","@id":"https:\/\/positiveprints.com\/es\/#website","url":"https:\/\/positiveprints.com\/es\/","name":"Positive Prints","description":"Custom Gifts for Special Occasions","publisher":{"@id":"https:\/\/positiveprints.com\/es\/#organization"},"potentialAction":[{"@type":"SearchAction","target":{"@type":"EntryPoint","urlTemplate":"https:\/\/positiveprints.com\/es\/?s={search_term_string}"},"query-input":{"@type":"PropertyValueSpecification","valueRequired":true,"valueName":"search_term_string"}}],"inLanguage":"es"},{"@type":"Organization","@id":"https:\/\/positiveprints.com\/es\/#organization","name":"Positive Prints","alternateName":"Positive Prints","url":"https:\/\/positiveprints.com\/es\/","logo":{"@type":"ImageObject","inLanguage":"es","@id":"https:\/\/positiveprints.com\/es\/#\/schema\/logo\/image\/","url":"https:\/\/positiveprints.com\/wp-content\/uploads\/2026\/03\/245815646_1337939713319158_5671353136411139666_n.png","contentUrl":"https:\/\/positiveprints.com\/wp-content\/uploads\/2026\/03\/245815646_1337939713319158_5671353136411139666_n.png","width":800,"height":800,"caption":"Positive Prints"},"image":{"@id":"https:\/\/positiveprints.com\/es\/#\/schema\/logo\/image\/"},"sameAs":["https:\/\/www.facebook.com\/positiveprintscom","https:\/\/www.instagram.com\/positiveprintscom\/","https:\/\/www.tiktok.com\/@positiveprintscom","https:\/\/www.pinterest.com\/positiveprintscom\/"]}]}},"jetpack_sharing_enabled":true,"_links":{"self":[{"href":"https:\/\/positiveprints.com\/es\/wp-json\/wp\/v2\/product\/421694","targetHints":{"allow":["GET"]}}],"collection":[{"href":"https:\/\/positiveprints.com\/es\/wp-json\/wp\/v2\/product"}],"about":[{"href":"https:\/\/positiveprints.com\/es\/wp-json\/wp\/v2\/types\/product"}],"wp:featuredmedia":[{"embeddable":true,"href":"https:\/\/positiveprints.com\/es\/wp-json\/wp\/v2\/media\/1240815"}],"wp:attachment":[{"href":"https:\/\/positiveprints.com\/es\/wp-json\/wp\/v2\/media?parent=421694"}],"wp:term":[{"taxonomy":"product_brand","embeddable":true,"href":"https:\/\/positiveprints.com\/es\/wp-json\/wp\/v2\/product_brand?post=421694"},{"taxonomy":"product_cat","embeddable":true,"href":"https:\/\/positiveprints.com\/es\/wp-json\/wp\/v2\/product_cat?post=421694"},{"taxonomy":"product_tag","embeddable":true,"href":"https:\/\/positiveprints.com\/es\/wp-json\/wp\/v2\/product_tag?post=421694"}],"curies":[{"name":"wp","href":"https:\/\/api.w.org\/{rel}","templated":true}]}}