{"id":400369,"date":"2023-01-25T12:18:50","date_gmt":"2023-01-25T10:18:50","guid":{"rendered":"https:\/\/positiveprints.com\/?post_type=product&#038;p=400369"},"modified":"2026-04-12T22:44:01","modified_gmt":"2026-04-12T21:44:01","slug":"el-dia-en-que-te-bautizaron","status":"publish","type":"product","link":"https:\/\/positiveprints.com\/es\/producto\/el-dia-en-que-te-bautizaron\/","title":{"rendered":"El d\u00eda en que te bautizaron"},"content":{"rendered":"<p>\u00a1Celebra este d\u00eda tan especial con un hermoso regalo de bautismo! Ya sea que est\u00e9s buscando algo significativo para tu ahijado o tratando de encontrar el regalo perfecto para los padrinos, tenemos un detalle hermoso para cada necesidad. Esta obra de arte llamada \u201cEl d\u00eda en que te bautizaron\u201d ser\u00e1 un precioso recordatorio de la fe y la alegr\u00eda que ronda en la vida de tu ser querido. Comienza a crear tu obra de arte y celebra su d\u00eda especial con un regalo \u00fanico que viene del coraz\u00f3n.<\/p>\r\n<h2 class=\"grenB f24 cblue\" style=\"margin-top: 3rem\">Arte personalizado del \u201cd\u00eda en que te bautizaron\u201d<\/h2>\r\n<p style=\"margin-top: 1rem\">Regalar un\u00a0mapa estelar personalizado\u00a0como regalo de bautismo es una forma inolvidable de conmemorar esta ocasi\u00f3n especial. El mapa te mostrar\u00e1 c\u00f3mo se ve\u00eda el cielo nocturno, con sus estrellas y constelaciones, el d\u00eda en el que esa persona peque\u00f1ita fue bautizada. Al verlo, podr\u00e1 recordar ese d\u00eda especial para siempre. Este detalle se puede enmarcar y colgar en su habitaci\u00f3n, o se puede guardar en un lugar seguro para que sirva como un recordatorio eterno de su fe.<\/p>\r\n<p style=\"margin-top: 1rem\">El mapa se puede personalizar, as\u00ed que tienes muchas opciones para dise\u00f1ar una pieza \u00fanica. \u00a1Todo depende de ti! El mapa con una cita o vers\u00edculo religioso, puede hacer que este detalle sea un regalo \u00fanico y significativo que celebre el bautismo y la fe en s\u00ed. Con este recordatorio personalizado de la presencia de Dios, los padrinos demuestran que est\u00e1n m\u00e1s que involucrados en el camino espiritual de su ahijado o ahijada.<\/p>\r\n<h2 class=\"grenB f24 cblue\" style=\"margin-top: 3rem\">\u00a1Celebra el bautismo!<\/h2>\r\n<p style=\"margin-top: 1rem\">El d\u00eda del bautismo, la familia y los amigos se re\u00fanen para celebrar esta ocasi\u00f3n especial. Es un evento lleno de alegr\u00eda y amor, ya que la persona reci\u00e9n bautizada es bien recibida en la comunidad de la fe. Como parte de la ceremonia, los padrinos tambi\u00e9n pueden presentar regalos a sus ahijados para fomentar la religiosidad y el crecimiento espiritual en sus vidas. Hay diversos regalos para este tipo de eventos, y pueden ser desde cruces y rosarios hasta libros u otros objetos religiosos.<\/p>\r\n<p style=\"margin-top: 1rem\">Por lo general, la ceremonia de bautismo consta de varios pasos, como la unci\u00f3n, la renuncia al pecado y la confesi\u00f3n de fe. Durante el bautismo, el sacerdote derramar\u00e1 agua bendita tres veces sobre la cabeza de la persona que se est\u00e1 bautizando como se\u00f1al de que ahora es parte de la familia de Dios. En este momento, los familiares pueden dar bendiciones para brindar todo el apoyo necesario para que su camino espiritual no se vea afectado.<\/p>\r\n<h2 class=\"grenB f24 cblue\" style=\"margin-top: 3rem\">El regalo perfecto para tu ahijado o tus padrinos<\/h2>\r\n<p style=\"margin-top: 1rem\">Los padrinos y las madrinas tienen un rol importante en la vida de los reci\u00e9n bautizados y a menudo se convierten en figuras importantes para ellos, ya que brindan gu\u00eda y apoyo. Los padrinos asumen la responsabilidad de la crianza religiosa de su ahijado, y les dan apoyo moral y espiritual a lo largo de los a\u00f1os. Tambi\u00e9n se espera que ellos le den un buen ejemplo y lo alienten a tener h\u00e1bitos espirituales saludables, como asistir a la iglesia y rezar.<\/p>\r\n<p style=\"margin-top: 1rem\">Durante el bautismo, los padrinos pueden dar regalos que reflejen su propia fe o inspiren al reci\u00e9n bautizado a desarrollar m\u00e1s su camino. Dichos regalos pueden ser cruces, Biblias, rosarios u otros objetos que simbolicen su compromiso con la fe. Incluso, muchas familias hacen que los padrinos firmen un documento al aceptar su nuevo papel para reforzar la relaci\u00f3n y sellar el compromiso entre ellos y el ahijado o la ahijada.<\/p>","protected":false},"excerpt":{"rendered":"<ul class=\"check-list\">\n<li>Captura la magia con un mapa estelar personalizado que recrea el cielo nocturno, y aprecia ese recuerdo para siempre<\/li>\n<li>Agrega planetas, constelaciones y la V\u00eda L\u00e1ctea<\/li>\n<li>Usa nuestro editor para personalizar tu dise\u00f1o en apenas tres pasos<\/li>\n<li>A\u00f1ade un mensaje personalizado para que\u00a0tu dise\u00f1o sea \u00fanico y especial<\/li>\n<li>Visualiza tu dise\u00f1o de forma r\u00e1pida usando la vista previa interactiva<\/li>\n<\/ul>\n","protected":false},"featured_media":1354464,"template":"","meta":[],"product_brand":[],"product_cat":[7597,3117,106],"product_tag":[15137,15167,15138,15139,8388,15140,15141,15142],"class_list":{"0":"post-400369","1":"product","2":"type-product","3":"status-publish","4":"has-post-thumbnail","6":"product_cat-regalos-de-bautismo","7":"product_cat-star-es-2","8":"product_cat-todos-los-productos","9":"product_tag-baby-baptism-gift-es","10":"product_tag-baptism-es-2","11":"product_tag-baptism-gift-es","12":"product_tag-baptism-gifts-es","13":"product_tag-baptism-es","14":"product_tag-christening-gift-es","15":"product_tag-christening-gifts-es","16":"product_tag-religious-gift-es","18":"first","19":"instock","20":"sale","21":"taxable","22":"shipping-taxable","23":"purchasable","24":"product-type-variable"},"yoast_head":"<!-- This site is optimized with the Yoast SEO Premium plugin v27.2 (Yoast SEO v27.2) - https:\/\/yoast.com\/product\/yoast-seo-premium-wordpress\/ -->\n<title>El d\u00eda en que te bautizaron - Regalo de bautismo - Positive Prints<\/title>\n<meta name=\"description\" content=\"\u00bfBuscas un regalo de bautizo \u00fanico y especial? No busque m\u00e1s: nuestro El d\u00eda en que te bautizaron, es el regalo perfecto para padrinos, madrinas y\/o ahijados\/as.\" \/>\n<meta name=\"robots\" content=\"index, follow, max-snippet:-1, max-image-preview:large, max-video-preview:-1\" \/>\n<link rel=\"canonical\" href=\"https:\/\/positiveprints.com\/es\/producto\/el-dia-en-que-te-bautizaron\/\" \/>\n<meta property=\"og:locale\" content=\"es_ES\" \/>\n<meta property=\"og:type\" content=\"article\" \/>\n<meta property=\"og:title\" content=\"El d\u00eda en que te bautizaron\" \/>\n<meta property=\"og:description\" content=\"Captura la magia con un mapa estelar personalizado que recrea el cielo nocturno, y aprecia ese recuerdo para siempre Agrega planetas, constelaciones y la V\u00eda L\u00e1ctea Usa nuestro editor para personalizar tu dise\u00f1o en apenas tres pasos A\u00f1ade un mensaje personalizado para que\u00a0tu dise\u00f1o sea \u00fanico y especial Visualiza tu dise\u00f1o de forma r\u00e1pida usando la vista previa interactiva\" \/>\n<meta property=\"og:url\" content=\"https:\/\/positiveprints.com\/es\/producto\/el-dia-en-que-te-bautizaron\/\" \/>\n<meta property=\"og:site_name\" content=\"Positive Prints\" \/>\n<meta property=\"article:publisher\" content=\"https:\/\/www.facebook.com\/positiveprintscom\" \/>\n<meta property=\"article:modified_time\" content=\"2026-04-12T21:44:01+00:00\" \/>\n<meta property=\"og:image\" content=\"https:\/\/positiveprints.com\/wp-content\/uploads\/2025\/02\/El-di\u0301a-en-que-te-bautizaron-1.webp\" \/>\n\t<meta property=\"og:image:width\" content=\"1450\" \/>\n\t<meta property=\"og:image:height\" content=\"1450\" \/>\n\t<meta property=\"og:image:type\" content=\"image\/webp\" \/>\n<meta name=\"twitter:card\" content=\"summary_large_image\" \/>\n<meta name=\"twitter:label1\" content=\"Tiempo de lectura\" \/>\n\t<meta name=\"twitter:data1\" content=\"3 minutos\" \/>\n<!-- \/ Yoast SEO Premium plugin. -->","yoast_head_json":{"title":"El d\u00eda en que te bautizaron - Regalo de bautismo - Positive Prints","description":"\u00bfBuscas un regalo de bautizo \u00fanico y especial? No busque m\u00e1s: nuestro El d\u00eda en que te bautizaron, es el regalo perfecto para padrinos, madrinas y\/o ahijados\/as.","robots":{"index":"index","follow":"follow","max-snippet":"max-snippet:-1","max-image-preview":"max-image-preview:large","max-video-preview":"max-video-preview:-1"},"canonical":"https:\/\/positiveprints.com\/es\/producto\/el-dia-en-que-te-bautizaron\/","og_locale":"es_ES","og_type":"article","og_title":"El d\u00eda en que te bautizaron","og_description":"Captura la magia con un mapa estelar personalizado que recrea el cielo nocturno, y aprecia ese recuerdo para siempre Agrega planetas, constelaciones y la V\u00eda L\u00e1ctea Usa nuestro editor para personalizar tu dise\u00f1o en apenas tres pasos A\u00f1ade un mensaje personalizado para que\u00a0tu dise\u00f1o sea \u00fanico y especial Visualiza tu dise\u00f1o de forma r\u00e1pida usando la vista previa interactiva","og_url":"https:\/\/positiveprints.com\/es\/producto\/el-dia-en-que-te-bautizaron\/","og_site_name":"Positive Prints","article_publisher":"https:\/\/www.facebook.com\/positiveprintscom","article_modified_time":"2026-04-12T21:44:01+00:00","og_image":[{"width":1450,"height":1450,"url":"https:\/\/positiveprints.com\/wp-content\/uploads\/2025\/02\/El-di\u0301a-en-que-te-bautizaron-1.webp","type":"image\/webp"}],"twitter_card":"summary_large_image","twitter_misc":{"Tiempo de lectura":"3 minutos"},"schema":{"@context":"https:\/\/schema.org","@graph":[{"@type":["WebPage","ItemPage"],"@id":"https:\/\/positiveprints.com\/es\/producto\/el-dia-en-que-te-bautizaron\/","url":"https:\/\/positiveprints.com\/es\/producto\/el-dia-en-que-te-bautizaron\/","name":"El d\u00eda en que te bautizaron - Regalo de bautismo - Positive Prints","isPartOf":{"@id":"https:\/\/positiveprints.com\/es\/#website"},"primaryImageOfPage":{"@id":"https:\/\/positiveprints.com\/es\/producto\/el-dia-en-que-te-bautizaron\/#primaryimage"},"image":{"@id":"https:\/\/positiveprints.com\/es\/producto\/el-dia-en-que-te-bautizaron\/#primaryimage"},"thumbnailUrl":"https:\/\/positiveprints.com\/wp-content\/uploads\/2025\/02\/El-di\u0301a-en-que-te-bautizaron-1.webp","datePublished":"2023-01-25T10:18:50+00:00","dateModified":"2026-04-12T21:44:01+00:00","description":"\u00bfBuscas un regalo de bautizo \u00fanico y especial? No busque m\u00e1s: nuestro El d\u00eda en que te bautizaron, es el regalo perfecto para padrinos, madrinas y\/o ahijados\/as.","breadcrumb":{"@id":"https:\/\/positiveprints.com\/es\/producto\/el-dia-en-que-te-bautizaron\/#breadcrumb"},"inLanguage":"es","potentialAction":[{"@type":"ReadAction","target":["https:\/\/positiveprints.com\/es\/producto\/el-dia-en-que-te-bautizaron\/"]}]},{"@type":"ImageObject","inLanguage":"es","@id":"https:\/\/positiveprints.com\/es\/producto\/el-dia-en-que-te-bautizaron\/#primaryimage","url":"https:\/\/positiveprints.com\/wp-content\/uploads\/2025\/02\/El-di\u0301a-en-que-te-bautizaron-1.webp","contentUrl":"https:\/\/positiveprints.com\/wp-content\/uploads\/2025\/02\/El-di\u0301a-en-que-te-bautizaron-1.webp","width":1450,"height":1450},{"@type":"BreadcrumbList","@id":"https:\/\/positiveprints.com\/es\/producto\/el-dia-en-que-te-bautizaron\/#breadcrumb","itemListElement":[{"@type":"ListItem","position":1,"name":"CASA","item":"https:\/\/positiveprints.com\/es\/"},{"@type":"ListItem","position":2,"name":"Productos","item":"https:\/\/positiveprints.com\/es\/shop\/"},{"@type":"ListItem","position":3,"name":"El d\u00eda en que te bautizaron"}]},{"@type":"WebSite","@id":"https:\/\/positiveprints.com\/es\/#website","url":"https:\/\/positiveprints.com\/es\/","name":"Positive Prints","description":"Custom Gifts for Special Occasions","publisher":{"@id":"https:\/\/positiveprints.com\/es\/#organization"},"potentialAction":[{"@type":"SearchAction","target":{"@type":"EntryPoint","urlTemplate":"https:\/\/positiveprints.com\/es\/?s={search_term_string}"},"query-input":{"@type":"PropertyValueSpecification","valueRequired":true,"valueName":"search_term_string"}}],"inLanguage":"es"},{"@type":"Organization","@id":"https:\/\/positiveprints.com\/es\/#organization","name":"Positive Prints","alternateName":"Positive Prints","url":"https:\/\/positiveprints.com\/es\/","logo":{"@type":"ImageObject","inLanguage":"es","@id":"https:\/\/positiveprints.com\/es\/#\/schema\/logo\/image\/","url":"https:\/\/positiveprints.com\/wp-content\/uploads\/2026\/03\/245815646_1337939713319158_5671353136411139666_n.png","contentUrl":"https:\/\/positiveprints.com\/wp-content\/uploads\/2026\/03\/245815646_1337939713319158_5671353136411139666_n.png","width":800,"height":800,"caption":"Positive Prints"},"image":{"@id":"https:\/\/positiveprints.com\/es\/#\/schema\/logo\/image\/"},"sameAs":["https:\/\/www.facebook.com\/positiveprintscom","https:\/\/www.instagram.com\/positiveprintscom\/","https:\/\/www.tiktok.com\/@positiveprintscom","https:\/\/www.pinterest.com\/positiveprintscom\/"]}]}},"jetpack_sharing_enabled":true,"_links":{"self":[{"href":"https:\/\/positiveprints.com\/es\/wp-json\/wp\/v2\/product\/400369","targetHints":{"allow":["GET"]}}],"collection":[{"href":"https:\/\/positiveprints.com\/es\/wp-json\/wp\/v2\/product"}],"about":[{"href":"https:\/\/positiveprints.com\/es\/wp-json\/wp\/v2\/types\/product"}],"wp:featuredmedia":[{"embeddable":true,"href":"https:\/\/positiveprints.com\/es\/wp-json\/wp\/v2\/media\/1354464"}],"wp:attachment":[{"href":"https:\/\/positiveprints.com\/es\/wp-json\/wp\/v2\/media?parent=400369"}],"wp:term":[{"taxonomy":"product_brand","embeddable":true,"href":"https:\/\/positiveprints.com\/es\/wp-json\/wp\/v2\/product_brand?post=400369"},{"taxonomy":"product_cat","embeddable":true,"href":"https:\/\/positiveprints.com\/es\/wp-json\/wp\/v2\/product_cat?post=400369"},{"taxonomy":"product_tag","embeddable":true,"href":"https:\/\/positiveprints.com\/es\/wp-json\/wp\/v2\/product_tag?post=400369"}],"curies":[{"name":"wp","href":"https:\/\/api.w.org\/{rel}","templated":true}]}}