{"id":392359,"date":"2022-12-20T11:49:13","date_gmt":"2022-12-20T10:49:13","guid":{"rendered":"https:\/\/positiveprints.com\/?post_type=product&#038;p=392359"},"modified":"2026-04-12T22:45:22","modified_gmt":"2026-04-12T21:45:22","slug":"mapa-para-mejores-amigos","status":"publish","type":"product","link":"https:\/\/positiveprints.com\/es\/producto\/mapa-para-mejores-amigos\/","title":{"rendered":"Mapa para mejores amigos"},"content":{"rendered":"<p style=\"margin-top: 1rem\">\u00a1Demu\u00e9strale a tu mejor amigo cu\u00e1n especial es con un mapa personalizado para mejores amigos! Este detalle \u00fanico es la forma perfecta de mostrarles cu\u00e1n cercana e \u00edntima es su amistad, sin importar cu\u00e1ntos kil\u00f3metros los separen. Sin duda, le estar\u00e1s dando un regalo que atesorar\u00e1 por el resto de su vida.<\/p>\r\n\r\n\r\n\r\n<h2 class=\"grenB f24 cblue\" style=\"margin-top: 3rem\">Mu\u00e9strale a tu amigo lo mucho que significa su amistad para ti<\/h2>\r\n\r\n<p style=\"margin-top: 1rem\">La amistad es una de las fuerzas m\u00e1s poderosas del mundo, y no importa cu\u00e1n lejos est\u00e9n dos personas: una verdadera amistad puede sobrevivir cualquier distancia. Cuando dos personas especiales viven en ciudades, estados o pa\u00edses diferentes, la distancia puede ser dif\u00edcil de aceptar, pero lo que realmente significa es que se siguen preocupando por el otro, a pesar de no hablar o pasar tiempo juntos con frecuencia. La distancia no debilita la relaci\u00f3n de amistad, solo la fortalece. Cuando dos amigos se re\u00fanen despu\u00e9s de estar separados por mucho tiempo, la felicidad y la apreciaci\u00f3n impl\u00edcitas nunca dejan de brotar cuando finalmente est\u00e1n juntos de nuevo. El \u201cmapa para mejores amigos\u201d es la mejor forma de mostrarle a tu mejor amigo o amiga de la vida lo mucho que significa su amistad para ti, sin importar la distancia que haya entre ustedes.<\/p>\r\n\r\n<h2 class=\"grenB f24 cblue\" style=\"margin-top: 3rem\">El \u201cmapa para mejores amigos\u201d es el detalle perfecto<\/h2>\r\n\r\n<p style=\"margin-top: 1rem\">Este mapa personalizado para mejores amigos es el regalo perfecto para esa persona especial que no ha dejado de procurarte a pesar de la distancia. Mu\u00e9strale lo cerca que est\u00e1n con dos mapas: uno con tu ubicaci\u00f3n y otro con la suya. Elige entre una amplia gama de dise\u00f1os y colores que combinen con tus preferencias, y agrega un texto para darle un toque m\u00e1s personal a este incre\u00edble y significativo detalle. Ya sea que elijas un p\u00f3ster impreso o enmarcado, un lienzo, o una descarga digital instant\u00e1nea, este regalo \u00fanico har\u00e1 que tu amigo o amiga se sienta verdaderamente especial y les demuestre lo mucho que los quieres. Haz que tu mejor amigo sienta la verdadera apreciaci\u00f3n que sientes con este regalo \u00fanico. Demu\u00e9strale lo mucho que significa su amistad para ti con nuestro mapa para mejores amigos. \u00a1Consigue el tuyo hoy mismo!<\/p>","protected":false},"excerpt":{"rendered":"<ul class=\"check-list\">\n<li>Recuerda todos esos momentos felices y demu\u00e9strale a tu mejor amigo\/a cu\u00e1nto lo\/la aprecias y atesoras el v\u00ednculo que hab\u00e9is creado<\/li>\n<li>Marca los dos lugares con los s\u00edmbolos de tu elecci\u00f3n<\/li>\n<li>Usa nuestro editor para personalizar tu dise\u00f1o en apenas tres pasos<\/li>\n<li>A\u00f1ade un mensaje personalizado para que\u00a0tu dise\u00f1o sea \u00fanico y especial<\/li>\n<li>Visualiza tu dise\u00f1o de forma r\u00e1pida usando la vista previa interactiva<\/li>\n<\/ul>\n","protected":false},"featured_media":1434494,"template":"","meta":[],"product_brand":[],"product_cat":[9117,106,5270,15045,7837],"product_tag":[8634,11000,11872,15192,15193,9389,15194,15235,13493,9372,13479],"class_list":{"0":"post-392359","1":"product","2":"type-product","3":"status-publish","4":"has-post-thumbnail","6":"product_cat-double-maps-es","7":"product_cat-todos-los-productos","8":"product_cat-regalos-de-navidad","9":"product_cat-regalos-de-navidad-para-amigos","10":"product_cat-regalos-para-amigos","11":"product_tag-amigas","12":"product_tag-amigo","13":"product_tag-amistad","14":"product_tag-best-friend-es","15":"product_tag-best-friends-forever-es","16":"product_tag-besties-es","17":"product_tag-bff-es","18":"product_tag-galentines-day-es-2","19":"product_tag-galentines-day-es","20":"product_tag-mejores-amigos","21":"product_tag-regalos-de-navidad-para-amigos","23":"first","24":"instock","25":"sale","26":"taxable","27":"shipping-taxable","28":"purchasable","29":"product-type-variable"},"yoast_head":"<!-- This site is optimized with the Yoast SEO Premium plugin v27.2 (Yoast SEO v27.2) - https:\/\/yoast.com\/product\/yoast-seo-premium-wordpress\/ -->\n<title>Mapa para mejores amigos - Positive Prints<\/title>\n<meta name=\"robots\" content=\"index, follow, max-snippet:-1, max-image-preview:large, max-video-preview:-1\" \/>\n<link rel=\"canonical\" href=\"https:\/\/positiveprints.com\/es\/producto\/mapa-para-mejores-amigos\/\" \/>\n<meta property=\"og:locale\" content=\"es_ES\" \/>\n<meta property=\"og:type\" content=\"article\" \/>\n<meta property=\"og:title\" content=\"Mapa para mejores amigos\" \/>\n<meta property=\"og:description\" content=\"Recuerda todos esos momentos felices y demu\u00e9strale a tu mejor amigo\/a cu\u00e1nto lo\/la aprecias y atesoras el v\u00ednculo que hab\u00e9is creado Marca los dos lugares con los s\u00edmbolos de tu elecci\u00f3n Usa nuestro editor para personalizar tu dise\u00f1o en apenas tres pasos A\u00f1ade un mensaje personalizado para que\u00a0tu dise\u00f1o sea \u00fanico y especial Visualiza tu dise\u00f1o de forma r\u00e1pida usando la vista previa interactiva\" \/>\n<meta property=\"og:url\" content=\"https:\/\/positiveprints.com\/es\/producto\/mapa-para-mejores-amigos\/\" \/>\n<meta property=\"og:site_name\" content=\"Positive Prints\" \/>\n<meta property=\"article:publisher\" content=\"https:\/\/www.facebook.com\/positiveprintscom\" \/>\n<meta property=\"article:modified_time\" content=\"2026-04-12T21:45:22+00:00\" \/>\n<meta property=\"og:image\" content=\"https:\/\/positiveprints.com\/wp-content\/uploads\/2023\/02\/Mapa-para-mejores-amigos-positive-prints.jpg\" \/>\n\t<meta property=\"og:image:width\" content=\"1080\" \/>\n\t<meta property=\"og:image:height\" content=\"1080\" \/>\n\t<meta property=\"og:image:type\" content=\"image\/jpeg\" \/>\n<meta name=\"twitter:card\" content=\"summary_large_image\" \/>\n<!-- \/ Yoast SEO Premium plugin. -->","yoast_head_json":{"title":"Mapa para mejores amigos - Positive Prints","robots":{"index":"index","follow":"follow","max-snippet":"max-snippet:-1","max-image-preview":"max-image-preview:large","max-video-preview":"max-video-preview:-1"},"canonical":"https:\/\/positiveprints.com\/es\/producto\/mapa-para-mejores-amigos\/","og_locale":"es_ES","og_type":"article","og_title":"Mapa para mejores amigos","og_description":"Recuerda todos esos momentos felices y demu\u00e9strale a tu mejor amigo\/a cu\u00e1nto lo\/la aprecias y atesoras el v\u00ednculo que hab\u00e9is creado Marca los dos lugares con los s\u00edmbolos de tu elecci\u00f3n Usa nuestro editor para personalizar tu dise\u00f1o en apenas tres pasos A\u00f1ade un mensaje personalizado para que\u00a0tu dise\u00f1o sea \u00fanico y especial Visualiza tu dise\u00f1o de forma r\u00e1pida usando la vista previa interactiva","og_url":"https:\/\/positiveprints.com\/es\/producto\/mapa-para-mejores-amigos\/","og_site_name":"Positive Prints","article_publisher":"https:\/\/www.facebook.com\/positiveprintscom","article_modified_time":"2026-04-12T21:45:22+00:00","og_image":[{"width":1080,"height":1080,"url":"https:\/\/positiveprints.com\/wp-content\/uploads\/2023\/02\/Mapa-para-mejores-amigos-positive-prints.jpg","type":"image\/jpeg"}],"twitter_card":"summary_large_image","schema":{"@context":"https:\/\/schema.org","@graph":[{"@type":["WebPage","ItemPage"],"@id":"https:\/\/positiveprints.com\/es\/producto\/mapa-para-mejores-amigos\/","url":"https:\/\/positiveprints.com\/es\/producto\/mapa-para-mejores-amigos\/","name":"Mapa para mejores amigos - Positive Prints","isPartOf":{"@id":"https:\/\/positiveprints.com\/es\/#website"},"primaryImageOfPage":{"@id":"https:\/\/positiveprints.com\/es\/producto\/mapa-para-mejores-amigos\/#primaryimage"},"image":{"@id":"https:\/\/positiveprints.com\/es\/producto\/mapa-para-mejores-amigos\/#primaryimage"},"thumbnailUrl":"https:\/\/positiveprints.com\/wp-content\/uploads\/2025\/05\/Mapa-para-mejores-amigos-1.webp","datePublished":"2022-12-20T10:49:13+00:00","dateModified":"2026-04-12T21:45:22+00:00","breadcrumb":{"@id":"https:\/\/positiveprints.com\/es\/producto\/mapa-para-mejores-amigos\/#breadcrumb"},"inLanguage":"es","potentialAction":[{"@type":"ReadAction","target":["https:\/\/positiveprints.com\/es\/producto\/mapa-para-mejores-amigos\/"]}]},{"@type":"ImageObject","inLanguage":"es","@id":"https:\/\/positiveprints.com\/es\/producto\/mapa-para-mejores-amigos\/#primaryimage","url":"https:\/\/positiveprints.com\/wp-content\/uploads\/2025\/05\/Mapa-para-mejores-amigos-1.webp","contentUrl":"https:\/\/positiveprints.com\/wp-content\/uploads\/2025\/05\/Mapa-para-mejores-amigos-1.webp","width":1450,"height":1450},{"@type":"BreadcrumbList","@id":"https:\/\/positiveprints.com\/es\/producto\/mapa-para-mejores-amigos\/#breadcrumb","itemListElement":[{"@type":"ListItem","position":1,"name":"CASA","item":"https:\/\/positiveprints.com\/es\/"},{"@type":"ListItem","position":2,"name":"Productos","item":"https:\/\/positiveprints.com\/es\/shop\/"},{"@type":"ListItem","position":3,"name":"Mapa para mejores amigos"}]},{"@type":"WebSite","@id":"https:\/\/positiveprints.com\/es\/#website","url":"https:\/\/positiveprints.com\/es\/","name":"Positive Prints","description":"Custom Gifts for Special Occasions","publisher":{"@id":"https:\/\/positiveprints.com\/es\/#organization"},"potentialAction":[{"@type":"SearchAction","target":{"@type":"EntryPoint","urlTemplate":"https:\/\/positiveprints.com\/es\/?s={search_term_string}"},"query-input":{"@type":"PropertyValueSpecification","valueRequired":true,"valueName":"search_term_string"}}],"inLanguage":"es"},{"@type":"Organization","@id":"https:\/\/positiveprints.com\/es\/#organization","name":"Positive Prints","alternateName":"Positive Prints","url":"https:\/\/positiveprints.com\/es\/","logo":{"@type":"ImageObject","inLanguage":"es","@id":"https:\/\/positiveprints.com\/es\/#\/schema\/logo\/image\/","url":"https:\/\/positiveprints.com\/wp-content\/uploads\/2026\/03\/245815646_1337939713319158_5671353136411139666_n.png","contentUrl":"https:\/\/positiveprints.com\/wp-content\/uploads\/2026\/03\/245815646_1337939713319158_5671353136411139666_n.png","width":800,"height":800,"caption":"Positive Prints"},"image":{"@id":"https:\/\/positiveprints.com\/es\/#\/schema\/logo\/image\/"},"sameAs":["https:\/\/www.facebook.com\/positiveprintscom","https:\/\/www.instagram.com\/positiveprintscom\/","https:\/\/www.tiktok.com\/@positiveprintscom","https:\/\/www.pinterest.com\/positiveprintscom\/"]}]}},"jetpack_sharing_enabled":true,"_links":{"self":[{"href":"https:\/\/positiveprints.com\/es\/wp-json\/wp\/v2\/product\/392359","targetHints":{"allow":["GET"]}}],"collection":[{"href":"https:\/\/positiveprints.com\/es\/wp-json\/wp\/v2\/product"}],"about":[{"href":"https:\/\/positiveprints.com\/es\/wp-json\/wp\/v2\/types\/product"}],"wp:featuredmedia":[{"embeddable":true,"href":"https:\/\/positiveprints.com\/es\/wp-json\/wp\/v2\/media\/1434494"}],"wp:attachment":[{"href":"https:\/\/positiveprints.com\/es\/wp-json\/wp\/v2\/media?parent=392359"}],"wp:term":[{"taxonomy":"product_brand","embeddable":true,"href":"https:\/\/positiveprints.com\/es\/wp-json\/wp\/v2\/product_brand?post=392359"},{"taxonomy":"product_cat","embeddable":true,"href":"https:\/\/positiveprints.com\/es\/wp-json\/wp\/v2\/product_cat?post=392359"},{"taxonomy":"product_tag","embeddable":true,"href":"https:\/\/positiveprints.com\/es\/wp-json\/wp\/v2\/product_tag?post=392359"}],"curies":[{"name":"wp","href":"https:\/\/api.w.org\/{rel}","templated":true}]}}