{"id":392283,"date":"2022-12-07T09:12:30","date_gmt":"2022-12-07T08:12:30","guid":{"rendered":"https:\/\/positiveprints.com\/?post_type=product&#038;p=392283"},"modified":"2026-04-07T15:25:21","modified_gmt":"2026-04-07T14:25:21","slug":"mapa-del-amor","status":"publish","type":"product","link":"https:\/\/positiveprints.com\/es\/producto\/mapa-del-amor\/","title":{"rendered":"Mapa del amor"},"content":{"rendered":"<p style=\"margin-top: 1rem\">\u00a1Lleva el amor al siguiente nivel con nuestro \u201cmapa del amor\u201d! Ya sea que esa persona especial y t\u00fa nacieron en lugares diferentes, o que hay lugares significativos que quieren recordar de por vida, el mapa del amor te permite conmemorarlos en un solo lugar y momento.<\/p>\r\n\r\n\r\n<h2 class=\"grenB f24 cblue\" style=\"margin-top: 3rem\">Los lugares son importantes para ti y tu ser amado<\/h2>\r\n\r\n<p style=\"margin-top: 1rem\">Hay algo especial en los lugares que tienen historias de amor profundas y significativas, como la tuya y la de tu pareja. Ya sea el lugar donde crecieron, donde se conocieron, donde se besaron por primera vez, se comprometieron o casaron, o incluso el lugar de su primer hogar: estos lugares son partes importantes de lo que une a dos personas que se derriten de amor.<\/p>\r\n\r\n<p style=\"margin-top: 1rem\">El amor desvanece todo y puede hacer que los peque\u00f1os momentos parezcan monumentales; conmemorar estos lugares preservar\u00e1 esos instantes especiales para siempre. Ya sea que regresen a visitar un lugar de vez en cuando o est\u00e9n compartiendo recuerdos en l\u00ednea, conmemorar los lugares que los unen har\u00e1 que el amor siga floreciendo en su relaci\u00f3n y durante el resto de sus vidas.<\/p>\r\n\r\n\r\n<h2 class=\"grenB f24 cblue\" style=\"margin-top: 3rem\">Personaliza tu mapa del amor<\/h2>\r\n\r\n<p style=\"margin-top: 1rem\">\u00a1Demuestra tu afecto con un \u201cmapa del amor\u201d! Estos mapas personalizados muestran dos ubicaciones: la tuya y la de tu ser querido. Un mapa en forma de coraz\u00f3n, que muestra los lugares donde crecieron, presenta una incre\u00edble y hermosa forma de conmemorar su historia cada d\u00eda desde su nido de amor.<\/p>\r\n\r\n<p style=\"margin-top: 1rem\">Personaliza tu p\u00f3ster o lienzo a\u00fan m\u00e1s con colores y textos para crear una interpretaci\u00f3n \u00fanica del amor que le tienes a esa persona especial. Al terminar de dise\u00f1ar, puedes pedirlo enmarcado, como lienzo, archivo digital o como un p\u00f3ster normal. \u00a1Elige el que m\u00e1s quieras! Captura todos los momentos especiales y preserva su inmenso cari\u00f1o en un \u201cmapa del amor\u201d.<\/p>","protected":false},"excerpt":{"rendered":"<ul class=\"check-list\">\n<li>Captura la esencia de dos lugares especiales con nuestro mapa personalizado<\/li>\n<li>Marca dos lugares con los s\u00edmbolos de tu elecci\u00f3n<\/li>\n<li>Usa nuestro editor para personalizar tu dise\u00f1o en apenas tres pasos<\/li>\n<li>A\u00f1ade un mensaje personalizado para que\u00a0tu dise\u00f1o sea \u00fanico y especial<\/li>\n<li>Visualiza tu dise\u00f1o de forma r\u00e1pida usando la vista previa interactiva<\/li>\n<\/ul>\n","protected":false},"featured_media":1476175,"template":"","meta":[],"product_brand":[],"product_cat":[5334,7933,3119,9117,8215,8189,8012,7757,7646,7789,7678,7693,11189,11188,11187,11250,11249,106],"product_tag":[9093],"class_list":{"0":"post-392283","1":"product","2":"type-product","3":"status-publish","4":"has-post-thumbnail","6":"product_cat-regalos-de-aniversario","7":"product_cat-regalos-para-despedidas-de-soltera","8":"product_cat-regalos-de-san-valentin","9":"product_cat-double-maps-es","10":"product_cat-para-el","11":"product_cat-para-ella","12":"product_cat-regalos-para-hombres","13":"product_cat-regalos-para-mi-esposa","14":"product_cat-regalos-para-mi-esposo","15":"product_cat-regalos-para-mi-novia","16":"product_cat-regalos-para-mi-novio","17":"product_cat-regalos-para-mujeres","18":"product_cat-regalos-de-aniversario-para-el","19":"product_cat-regalos-de-aniversario-para-ella","20":"product_cat-regalos-de-aniversario-para-pareja","21":"product_cat-regalos-de-san-valentin-hombres","22":"product_cat-regalos-de-san-valentin-mujeres","23":"product_cat-todos-los-productos","24":"product_tag-couples-es-2","26":"first","27":"instock","28":"sale","29":"taxable","30":"shipping-taxable","31":"purchasable","32":"product-type-variable"},"yoast_head":"<!-- This site is optimized with the Yoast SEO Premium plugin v27.2 (Yoast SEO v27.2) - https:\/\/yoast.com\/product\/yoast-seo-premium-wordpress\/ -->\n<title>Mapa del amor - Positive Prints<\/title>\n<meta name=\"robots\" content=\"index, follow, max-snippet:-1, max-image-preview:large, max-video-preview:-1\" \/>\n<link rel=\"canonical\" href=\"https:\/\/positiveprints.com\/es\/producto\/mapa-del-amor\/\" \/>\n<meta property=\"og:locale\" content=\"es_ES\" \/>\n<meta property=\"og:type\" content=\"article\" \/>\n<meta property=\"og:title\" content=\"Mapa del amor\" \/>\n<meta property=\"og:description\" content=\"Captura la esencia de dos lugares especiales con nuestro mapa personalizado Marca dos lugares con los s\u00edmbolos de tu elecci\u00f3n Usa nuestro editor para personalizar tu dise\u00f1o en apenas tres pasos A\u00f1ade un mensaje personalizado para que\u00a0tu dise\u00f1o sea \u00fanico y especial Visualiza tu dise\u00f1o de forma r\u00e1pida usando la vista previa interactiva\" \/>\n<meta property=\"og:url\" content=\"https:\/\/positiveprints.com\/es\/producto\/mapa-del-amor\/\" \/>\n<meta property=\"og:site_name\" content=\"Positive Prints\" \/>\n<meta property=\"article:publisher\" content=\"https:\/\/www.facebook.com\/positiveprintscom\" \/>\n<meta property=\"article:modified_time\" content=\"2026-04-07T14:25:21+00:00\" \/>\n<meta property=\"og:image\" content=\"https:\/\/positiveprints.com\/wp-content\/uploads\/2023\/01\/Mapa-del-amor.jpg\" \/>\n\t<meta property=\"og:image:width\" content=\"1080\" \/>\n\t<meta property=\"og:image:height\" content=\"1080\" \/>\n\t<meta property=\"og:image:type\" content=\"image\/jpeg\" \/>\n<meta name=\"twitter:card\" content=\"summary_large_image\" \/>\n<meta name=\"twitter:label1\" content=\"Tiempo de lectura\" \/>\n\t<meta name=\"twitter:data1\" content=\"2 minutos\" \/>\n<!-- \/ Yoast SEO Premium plugin. -->","yoast_head_json":{"title":"Mapa del amor - Positive Prints","robots":{"index":"index","follow":"follow","max-snippet":"max-snippet:-1","max-image-preview":"max-image-preview:large","max-video-preview":"max-video-preview:-1"},"canonical":"https:\/\/positiveprints.com\/es\/producto\/mapa-del-amor\/","og_locale":"es_ES","og_type":"article","og_title":"Mapa del amor","og_description":"Captura la esencia de dos lugares especiales con nuestro mapa personalizado Marca dos lugares con los s\u00edmbolos de tu elecci\u00f3n Usa nuestro editor para personalizar tu dise\u00f1o en apenas tres pasos A\u00f1ade un mensaje personalizado para que\u00a0tu dise\u00f1o sea \u00fanico y especial Visualiza tu dise\u00f1o de forma r\u00e1pida usando la vista previa interactiva","og_url":"https:\/\/positiveprints.com\/es\/producto\/mapa-del-amor\/","og_site_name":"Positive Prints","article_publisher":"https:\/\/www.facebook.com\/positiveprintscom","article_modified_time":"2026-04-07T14:25:21+00:00","og_image":[{"width":1080,"height":1080,"url":"https:\/\/positiveprints.com\/wp-content\/uploads\/2023\/01\/Mapa-del-amor.jpg","type":"image\/jpeg"}],"twitter_card":"summary_large_image","twitter_misc":{"Tiempo de lectura":"2 minutos"},"schema":{"@context":"https:\/\/schema.org","@graph":[{"@type":["WebPage","ItemPage"],"@id":"https:\/\/positiveprints.com\/es\/producto\/mapa-del-amor\/","url":"https:\/\/positiveprints.com\/es\/producto\/mapa-del-amor\/","name":"Mapa del amor - Positive Prints","isPartOf":{"@id":"https:\/\/positiveprints.com\/es\/#website"},"primaryImageOfPage":{"@id":"https:\/\/positiveprints.com\/es\/producto\/mapa-del-amor\/#primaryimage"},"image":{"@id":"https:\/\/positiveprints.com\/es\/producto\/mapa-del-amor\/#primaryimage"},"thumbnailUrl":"https:\/\/positiveprints.com\/wp-content\/uploads\/2025\/07\/Packshot_ES_Mapa-del-amor.webp","datePublished":"2022-12-07T08:12:30+00:00","dateModified":"2026-04-07T14:25:21+00:00","breadcrumb":{"@id":"https:\/\/positiveprints.com\/es\/producto\/mapa-del-amor\/#breadcrumb"},"inLanguage":"es","potentialAction":[{"@type":"ReadAction","target":["https:\/\/positiveprints.com\/es\/producto\/mapa-del-amor\/"]}]},{"@type":"ImageObject","inLanguage":"es","@id":"https:\/\/positiveprints.com\/es\/producto\/mapa-del-amor\/#primaryimage","url":"https:\/\/positiveprints.com\/wp-content\/uploads\/2025\/07\/Packshot_ES_Mapa-del-amor.webp","contentUrl":"https:\/\/positiveprints.com\/wp-content\/uploads\/2025\/07\/Packshot_ES_Mapa-del-amor.webp","width":1450,"height":1450},{"@type":"BreadcrumbList","@id":"https:\/\/positiveprints.com\/es\/producto\/mapa-del-amor\/#breadcrumb","itemListElement":[{"@type":"ListItem","position":1,"name":"CASA","item":"https:\/\/positiveprints.com\/es\/"},{"@type":"ListItem","position":2,"name":"Productos","item":"https:\/\/positiveprints.com\/es\/shop\/"},{"@type":"ListItem","position":3,"name":"Mapa del amor"}]},{"@type":"WebSite","@id":"https:\/\/positiveprints.com\/es\/#website","url":"https:\/\/positiveprints.com\/es\/","name":"Positive Prints","description":"Custom Gifts for Special Occasions","publisher":{"@id":"https:\/\/positiveprints.com\/es\/#organization"},"potentialAction":[{"@type":"SearchAction","target":{"@type":"EntryPoint","urlTemplate":"https:\/\/positiveprints.com\/es\/?s={search_term_string}"},"query-input":{"@type":"PropertyValueSpecification","valueRequired":true,"valueName":"search_term_string"}}],"inLanguage":"es"},{"@type":"Organization","@id":"https:\/\/positiveprints.com\/es\/#organization","name":"Positive Prints","alternateName":"Positive Prints","url":"https:\/\/positiveprints.com\/es\/","logo":{"@type":"ImageObject","inLanguage":"es","@id":"https:\/\/positiveprints.com\/es\/#\/schema\/logo\/image\/","url":"https:\/\/positiveprints.com\/wp-content\/uploads\/2026\/03\/245815646_1337939713319158_5671353136411139666_n.png","contentUrl":"https:\/\/positiveprints.com\/wp-content\/uploads\/2026\/03\/245815646_1337939713319158_5671353136411139666_n.png","width":800,"height":800,"caption":"Positive Prints"},"image":{"@id":"https:\/\/positiveprints.com\/es\/#\/schema\/logo\/image\/"},"sameAs":["https:\/\/www.facebook.com\/positiveprintscom","https:\/\/www.instagram.com\/positiveprintscom\/","https:\/\/www.tiktok.com\/@positiveprintscom","https:\/\/www.pinterest.com\/positiveprintscom\/"]}]}},"jetpack_sharing_enabled":true,"_links":{"self":[{"href":"https:\/\/positiveprints.com\/es\/wp-json\/wp\/v2\/product\/392283","targetHints":{"allow":["GET"]}}],"collection":[{"href":"https:\/\/positiveprints.com\/es\/wp-json\/wp\/v2\/product"}],"about":[{"href":"https:\/\/positiveprints.com\/es\/wp-json\/wp\/v2\/types\/product"}],"wp:featuredmedia":[{"embeddable":true,"href":"https:\/\/positiveprints.com\/es\/wp-json\/wp\/v2\/media\/1476175"}],"wp:attachment":[{"href":"https:\/\/positiveprints.com\/es\/wp-json\/wp\/v2\/media?parent=392283"}],"wp:term":[{"taxonomy":"product_brand","embeddable":true,"href":"https:\/\/positiveprints.com\/es\/wp-json\/wp\/v2\/product_brand?post=392283"},{"taxonomy":"product_cat","embeddable":true,"href":"https:\/\/positiveprints.com\/es\/wp-json\/wp\/v2\/product_cat?post=392283"},{"taxonomy":"product_tag","embeddable":true,"href":"https:\/\/positiveprints.com\/es\/wp-json\/wp\/v2\/product_tag?post=392283"}],"curies":[{"name":"wp","href":"https:\/\/api.w.org\/{rel}","templated":true}]}}