{"id":392240,"date":"2022-12-01T21:19:09","date_gmt":"2022-12-01T20:19:09","guid":{"rendered":"https:\/\/positiveprints.com\/?post_type=product&#038;p=392240"},"modified":"2026-04-12T22:47:58","modified_gmt":"2026-04-12T21:47:58","slug":"para-mi-alma-gemela","status":"publish","type":"product","link":"https:\/\/positiveprints.com\/es\/producto\/para-mi-alma-gemela\/","title":{"rendered":"Para mi alma gemela"},"content":{"rendered":"<p>Cuando miras el cielo nocturno, \u00bfqu\u00e9 es lo que ves? \u00bfVes la inmensidad del universo y te sientes peque\u00f1o? \u00bfO ves la belleza y la majestuosidad de las estrellas y sientes inspiraci\u00f3n cada vez que las aprecias? Observar el cielo nocturno es un recordatorio de que hay alguien especial para cada persona en el mundo. Alguien que puede ver la misma belleza en las estrellas. Alguien que sienta una conexi\u00f3n profunda con el universo y por otra persona especial. Es como mirar el cielo nocturno y ver a un alma gemela. <\/p>\r\n\r\n<h2 class=\"grenB f24 cblue\" style=\"margin-top: 3rem\">La pareja perfecta<\/h2>\r\n\r\n<p style=\"margin-top: 1rem\">Un alma gemela es alguien con quien tienes una conexi\u00f3n profunda y poderosa. Esta persona entiende y nos ama de manera incondicional, y eso hace que sea nuestra pareja perfecta. Las almas gemelas nos ayudan a crecer y evolucionar, y nos desaf\u00edan cada d\u00eda para convertirnos en la mejor versi\u00f3n de nosotros. Nos hacen sentir completos.<\/p>\r\n\r\n<p style=\"margin-top: 1rem\">Cuando encuentras a tu alma gemela, es importante que nunca dejes de cuidar y nutrir tu relaci\u00f3n. Esas personas son especiales y dif\u00edciles de encontrar, y por ello debes tratarlos con amor. Pasa tiempo haciendo cosas que les gusten a ambos y aseg\u00farate de comunicarte con esa persona de forma abierta y honesta. Las almas gemelas son una oportunidad \u00fanica en la vida. \u00a1Aseg\u00farate de atesorarlas de por vida!<\/p>\r\n\r\n<h2 class=\"grenB f24 cblue\" style=\"margin-top: 3rem\">P\u00f3ster personalizado: \u201cPara mi alma gemela\u201d<\/h2>\r\n\r\n<p style=\"margin-top: 1rem\">\u00bfEst\u00e1s buscando un regalo \u00fanico y rom\u00e1ntico para tu alma gemela? \u00a1No busques m\u00e1s porque \u201cPara mi alma gemela\u201d es el detalle perfecto para esa persona especial! Este p\u00f3ster o lienzo personalizado muestra el cielo nocturno de aquella fecha y lugar especiales, adem\u00e1s de un texto personalizado por ti. Incluso puedes elegir los colores favoritos de tu alma gemela y colocarlos en tu p\u00f3ster. Ya sea que pidas un p\u00f3ster impreso, un p\u00f3ster enmarcado, un lienzo o un archivo digital, tu alma gemela atesorar\u00e1 este detalle por siempre. \u00a1No esperes m\u00e1s y pide tu p\u00f3ster \u201cPara mi alma gemela\u201d hoy mismo!<\/p>","protected":false},"excerpt":{"rendered":"<ul class=\"check-list\">\n<li>Celebra a tu media naranja con un mapa estelar personalizado que capture lo m\u00e1gica que es su conexi\u00f3n<\/li>\n<li>Agrega planetas, constelaciones y la V\u00eda L\u00e1ctea<\/li>\n<li>Personal\u00edzalo en tres sencillos pasos<\/li>\n<li>Incluye un texto personalizado<\/li>\n<li>Ve el resultado de inmediato: la vista previa interactiva te permite perfeccionar cada detalle<\/li>\n<\/ul>\n","protected":false},"featured_media":1332770,"template":"","meta":[],"product_brand":[],"product_cat":[106,8012,7693,3117,11249],"product_tag":[9093],"class_list":{"0":"post-392240","1":"product","2":"type-product","3":"status-publish","4":"has-post-thumbnail","6":"product_cat-todos-los-productos","7":"product_cat-regalos-para-hombres","8":"product_cat-regalos-para-mujeres","9":"product_cat-star-es-2","10":"product_cat-regalos-de-san-valentin-mujeres","11":"product_tag-couples-es-2","13":"first","14":"instock","15":"sale","16":"taxable","17":"shipping-taxable","18":"purchasable","19":"product-type-variable"},"yoast_head":"<!-- This site is optimized with the Yoast SEO Premium plugin v27.2 (Yoast SEO v27.2) - https:\/\/yoast.com\/product\/yoast-seo-premium-wordpress\/ -->\n<title>Para mi alma gemela - Positive Prints<\/title>\n<meta name=\"robots\" content=\"index, follow, max-snippet:-1, max-image-preview:large, max-video-preview:-1\" \/>\n<link rel=\"canonical\" href=\"https:\/\/positiveprints.com\/es\/producto\/para-mi-alma-gemela\/\" \/>\n<meta property=\"og:locale\" content=\"es_ES\" \/>\n<meta property=\"og:type\" content=\"article\" \/>\n<meta property=\"og:title\" content=\"Para mi alma gemela\" \/>\n<meta property=\"og:description\" content=\"Celebra a tu media naranja con un mapa estelar personalizado que capture lo m\u00e1gica que es su conexi\u00f3n Agrega planetas, constelaciones y la V\u00eda L\u00e1ctea Personal\u00edzalo en tres sencillos pasos Incluye un texto personalizado Ve el resultado de inmediato: la vista previa interactiva te permite perfeccionar cada detalle\" \/>\n<meta property=\"og:url\" content=\"https:\/\/positiveprints.com\/es\/producto\/para-mi-alma-gemela\/\" \/>\n<meta property=\"og:site_name\" content=\"Positive Prints\" \/>\n<meta property=\"article:publisher\" content=\"https:\/\/www.facebook.com\/positiveprintscom\" \/>\n<meta property=\"article:modified_time\" content=\"2026-04-12T21:47:58+00:00\" \/>\n<meta property=\"og:image\" content=\"https:\/\/positiveprints.com\/wp-content\/uploads\/2025\/01\/Para-mi-alma-gemela-1.webp\" \/>\n\t<meta property=\"og:image:width\" content=\"1450\" \/>\n\t<meta property=\"og:image:height\" content=\"1450\" \/>\n\t<meta property=\"og:image:type\" content=\"image\/webp\" \/>\n<meta name=\"twitter:card\" content=\"summary_large_image\" \/>\n<meta name=\"twitter:label1\" content=\"Tiempo de lectura\" \/>\n\t<meta name=\"twitter:data1\" content=\"2 minutos\" \/>\n<!-- \/ Yoast SEO Premium plugin. -->","yoast_head_json":{"title":"Para mi alma gemela - Positive Prints","robots":{"index":"index","follow":"follow","max-snippet":"max-snippet:-1","max-image-preview":"max-image-preview:large","max-video-preview":"max-video-preview:-1"},"canonical":"https:\/\/positiveprints.com\/es\/producto\/para-mi-alma-gemela\/","og_locale":"es_ES","og_type":"article","og_title":"Para mi alma gemela","og_description":"Celebra a tu media naranja con un mapa estelar personalizado que capture lo m\u00e1gica que es su conexi\u00f3n Agrega planetas, constelaciones y la V\u00eda L\u00e1ctea Personal\u00edzalo en tres sencillos pasos Incluye un texto personalizado Ve el resultado de inmediato: la vista previa interactiva te permite perfeccionar cada detalle","og_url":"https:\/\/positiveprints.com\/es\/producto\/para-mi-alma-gemela\/","og_site_name":"Positive Prints","article_publisher":"https:\/\/www.facebook.com\/positiveprintscom","article_modified_time":"2026-04-12T21:47:58+00:00","og_image":[{"width":1450,"height":1450,"url":"https:\/\/positiveprints.com\/wp-content\/uploads\/2025\/01\/Para-mi-alma-gemela-1.webp","type":"image\/webp"}],"twitter_card":"summary_large_image","twitter_misc":{"Tiempo de lectura":"2 minutos"},"schema":{"@context":"https:\/\/schema.org","@graph":[{"@type":["WebPage","ItemPage"],"@id":"https:\/\/positiveprints.com\/es\/producto\/para-mi-alma-gemela\/","url":"https:\/\/positiveprints.com\/es\/producto\/para-mi-alma-gemela\/","name":"Para mi alma gemela - Positive Prints","isPartOf":{"@id":"https:\/\/positiveprints.com\/es\/#website"},"primaryImageOfPage":{"@id":"https:\/\/positiveprints.com\/es\/producto\/para-mi-alma-gemela\/#primaryimage"},"image":{"@id":"https:\/\/positiveprints.com\/es\/producto\/para-mi-alma-gemela\/#primaryimage"},"thumbnailUrl":"https:\/\/positiveprints.com\/wp-content\/uploads\/2025\/01\/Para-mi-alma-gemela-1.webp","datePublished":"2022-12-01T20:19:09+00:00","dateModified":"2026-04-12T21:47:58+00:00","breadcrumb":{"@id":"https:\/\/positiveprints.com\/es\/producto\/para-mi-alma-gemela\/#breadcrumb"},"inLanguage":"es","potentialAction":[{"@type":"ReadAction","target":["https:\/\/positiveprints.com\/es\/producto\/para-mi-alma-gemela\/"]}]},{"@type":"ImageObject","inLanguage":"es","@id":"https:\/\/positiveprints.com\/es\/producto\/para-mi-alma-gemela\/#primaryimage","url":"https:\/\/positiveprints.com\/wp-content\/uploads\/2025\/01\/Para-mi-alma-gemela-1.webp","contentUrl":"https:\/\/positiveprints.com\/wp-content\/uploads\/2025\/01\/Para-mi-alma-gemela-1.webp","width":1450,"height":1450},{"@type":"BreadcrumbList","@id":"https:\/\/positiveprints.com\/es\/producto\/para-mi-alma-gemela\/#breadcrumb","itemListElement":[{"@type":"ListItem","position":1,"name":"CASA","item":"https:\/\/positiveprints.com\/es\/"},{"@type":"ListItem","position":2,"name":"Productos","item":"https:\/\/positiveprints.com\/es\/shop\/"},{"@type":"ListItem","position":3,"name":"Para mi alma gemela"}]},{"@type":"WebSite","@id":"https:\/\/positiveprints.com\/es\/#website","url":"https:\/\/positiveprints.com\/es\/","name":"Positive Prints","description":"Custom Gifts for Special Occasions","publisher":{"@id":"https:\/\/positiveprints.com\/es\/#organization"},"potentialAction":[{"@type":"SearchAction","target":{"@type":"EntryPoint","urlTemplate":"https:\/\/positiveprints.com\/es\/?s={search_term_string}"},"query-input":{"@type":"PropertyValueSpecification","valueRequired":true,"valueName":"search_term_string"}}],"inLanguage":"es"},{"@type":"Organization","@id":"https:\/\/positiveprints.com\/es\/#organization","name":"Positive Prints","alternateName":"Positive Prints","url":"https:\/\/positiveprints.com\/es\/","logo":{"@type":"ImageObject","inLanguage":"es","@id":"https:\/\/positiveprints.com\/es\/#\/schema\/logo\/image\/","url":"https:\/\/positiveprints.com\/wp-content\/uploads\/2026\/03\/245815646_1337939713319158_5671353136411139666_n.png","contentUrl":"https:\/\/positiveprints.com\/wp-content\/uploads\/2026\/03\/245815646_1337939713319158_5671353136411139666_n.png","width":800,"height":800,"caption":"Positive Prints"},"image":{"@id":"https:\/\/positiveprints.com\/es\/#\/schema\/logo\/image\/"},"sameAs":["https:\/\/www.facebook.com\/positiveprintscom","https:\/\/www.instagram.com\/positiveprintscom\/","https:\/\/www.tiktok.com\/@positiveprintscom","https:\/\/www.pinterest.com\/positiveprintscom\/"]}]}},"jetpack_sharing_enabled":true,"_links":{"self":[{"href":"https:\/\/positiveprints.com\/es\/wp-json\/wp\/v2\/product\/392240","targetHints":{"allow":["GET"]}}],"collection":[{"href":"https:\/\/positiveprints.com\/es\/wp-json\/wp\/v2\/product"}],"about":[{"href":"https:\/\/positiveprints.com\/es\/wp-json\/wp\/v2\/types\/product"}],"wp:featuredmedia":[{"embeddable":true,"href":"https:\/\/positiveprints.com\/es\/wp-json\/wp\/v2\/media\/1332770"}],"wp:attachment":[{"href":"https:\/\/positiveprints.com\/es\/wp-json\/wp\/v2\/media?parent=392240"}],"wp:term":[{"taxonomy":"product_brand","embeddable":true,"href":"https:\/\/positiveprints.com\/es\/wp-json\/wp\/v2\/product_brand?post=392240"},{"taxonomy":"product_cat","embeddable":true,"href":"https:\/\/positiveprints.com\/es\/wp-json\/wp\/v2\/product_cat?post=392240"},{"taxonomy":"product_tag","embeddable":true,"href":"https:\/\/positiveprints.com\/es\/wp-json\/wp\/v2\/product_tag?post=392240"}],"curies":[{"name":"wp","href":"https:\/\/api.w.org\/{rel}","templated":true}]}}