{"id":392159,"date":"2022-12-12T10:35:25","date_gmt":"2023-01-04T11:30:33","guid":{"rendered":"https:\/\/positiveprints.com\/?post_type=product&#038;p=392159"},"modified":"2026-04-12T22:46:39","modified_gmt":"2026-04-12T21:46:39","slug":"onda-sonora-nuestra-cancion-de-amor","status":"publish","type":"product","link":"https:\/\/positiveprints.com\/es\/producto\/onda-sonora-nuestra-cancion-de-amor\/","title":{"rendered":"Onda sonora: Nuestra canci\u00f3n de amor"},"content":{"rendered":"<p style=\"margin-top: 1rem\">Convertir tu canci\u00f3n de amor en una obra de arte es una forma incre\u00edble de expresar todo tu amor mientras decoras una parte de tu hogar. Ya sea que tengas un ser amado desde hace tiempo o que reci\u00e9n hayas conocido a alguien especial, mostrarle tu amor a esa persona a trav\u00e9s de la forma visual de la m\u00fasica convierte tu detalle en algo \u00fanico, lleno de energ\u00eda y con mucho valor sentimental. Todos merecen celebrar el amor dentro y fuera de sus hogares. \u00a1Deja que tu canci\u00f3n de amor traiga alegr\u00eda a tu pared!<\/p>\n\n<h2 class=\"grenB f24 cblue\" style=\"margin-top: 3rem\">La m\u00fasica puede expresar emociones y sentimientos<\/h2>\n\n<p style=\"margin-top: 1rem\">Las canciones de amor son la fuente de confort musical m\u00e1s pura. Nos encanta expresar nuestras emociones m\u00e1s \u00edntimas a trav\u00e9s de letras con ritmo y significado: El amor es un lenguaje universal con el que todos pueden identificarse. <\/p>\n\n<p style=\"margin-top: 1rem\">Conseguimos nuestras canciones de amor de diversos lugares: algunas veces las inventamos por nuestra cuenta y hacemos que reflejen historias reales, mientras que en otras ocasiones las escuchamos en la radio o vemos que alguien famoso se la ha dedicado a su verdadero amor. Independientemente de su origen, sus letras sinceras y hermosas melod\u00edas nos dan el bienestar que quer\u00edamos sentir; un sentimiento de esperanza y amor en un mundo triste y gris.<\/p>\n\n<h2 class=\"grenB f24 cblue\" style=\"margin-top: 3rem\">Personaliza nuestra onda sonora con tu canci\u00f3n de amor<\/h2>\n\n<p style=\"margin-top: 1rem\">\u00bfEst\u00e1s buscando una forma creativa de mostrarle tu amor? Un p\u00f3ster con una onda sonora personalizada de tu canci\u00f3n de amor sin duda garantiza una sonrisa o incluso l\u00e1grimas de alegr\u00eda. Para hacer este regalo especial, sube tu propio archivo de audio o coloca un enlace de Spotify, y personaliza el dise\u00f1o, color y texto que aparece impreso. \u00a1Tienes varias opciones de donde elegir! Pide un p\u00f3ster impreso, una pieza enmarcada o un lienzo, o descarga un archivo digital de inmediato. \u00a1Es algo verdaderamente \u00fanico y significativo que celebra el amor que compartes con tu ser querido!<\/p>\n\n<p style=\"margin-top: 1rem\">\u00bfQu\u00e9 podr\u00eda ser m\u00e1s especial que darle a esa persona especial su propia canci\u00f3n? Crea un p\u00f3ster personalizado con las ondas sonoras de tu canci\u00f3n de amor. \u00a1Es un regalo perfecto para el d\u00eda de San Valent\u00edn o un aniversario!<\/p>","protected":false},"excerpt":{"rendered":"<ul class=\"check-list\">\n<li>Transforma tu voz o cualquier sonido en una hermosa obra de arte personalizada<\/li>\n<li>Simplemente sube un archivo de audio<\/li>\n<li>Agrega un c\u00f3digo QR y escan\u00e9alo para agregar tu canci\u00f3n favorita<\/li>\n<li>Personal\u00edzala en tres sencillos pasos<\/li>\n<li>Elige una plantilla o pon manos a la obra<\/li>\n<\/ul>\n","protected":false},"featured_media":1394702,"template":"","meta":[],"product_brand":[],"product_cat":[106,5334,11187,11188,11189,7486],"product_tag":[9092,14923,9428],"class_list":{"0":"post-392159","1":"product","2":"type-product","3":"status-publish","4":"has-post-thumbnail","6":"product_cat-todos-los-productos","7":"product_cat-regalos-de-aniversario","8":"product_cat-regalos-de-aniversario-para-pareja","9":"product_cat-regalos-de-aniversario-para-ella","10":"product_cat-regalos-de-aniversario-para-el","11":"product_cat-onda-sonora-es","12":"product_tag-aniversario","13":"product_tag-anniversary-es","14":"product_tag-cancion-de-amor","16":"first","17":"instock","18":"sale","19":"taxable","20":"shipping-taxable","21":"purchasable","22":"product-type-variable"},"yoast_head":"<!-- This site is optimized with the Yoast SEO Premium plugin v27.2 (Yoast SEO v27.2) - https:\/\/yoast.com\/product\/yoast-seo-premium-wordpress\/ -->\n<title>Onda sonora: Nuestra canci\u00f3n de amor - Positive Prints<\/title>\n<meta name=\"description\" content=\"Crea un p\u00f3ster personalizado con las ondas sonoras de tu canci\u00f3n de amor.\" \/>\n<meta name=\"robots\" content=\"index, follow, max-snippet:-1, max-image-preview:large, max-video-preview:-1\" \/>\n<link rel=\"canonical\" href=\"https:\/\/positiveprints.com\/es\/producto\/onda-sonora-nuestra-cancion-de-amor\/\" \/>\n<meta property=\"og:locale\" content=\"es_ES\" \/>\n<meta property=\"og:type\" content=\"article\" \/>\n<meta property=\"og:title\" content=\"Onda sonora: Nuestra canci\u00f3n de amor\" \/>\n<meta property=\"og:description\" content=\"Transforma tu voz o cualquier sonido en una hermosa obra de arte personalizada  Simplemente sube un archivo de audio  Agrega un c\u00f3digo QR y escan\u00e9alo para agregar tu canci\u00f3n favorita  Personal\u00edzala en tres sencillos pasos  Elige una plantilla o pon manos a la obra\" \/>\n<meta property=\"og:url\" content=\"https:\/\/positiveprints.com\/es\/producto\/onda-sonora-nuestra-cancion-de-amor\/\" \/>\n<meta property=\"og:site_name\" content=\"Positive Prints\" \/>\n<meta property=\"article:publisher\" content=\"https:\/\/www.facebook.com\/positiveprintscom\" \/>\n<meta property=\"article:modified_time\" content=\"2026-04-12T21:46:39+00:00\" \/>\n<meta property=\"og:image\" content=\"https:\/\/positiveprints.com\/wp-content\/uploads\/2023\/01\/Onda-sonora-Nuestra-cancion-de-amor.jpg\" \/>\n\t<meta property=\"og:image:width\" content=\"1080\" \/>\n\t<meta property=\"og:image:height\" content=\"1080\" \/>\n\t<meta property=\"og:image:type\" content=\"image\/jpeg\" \/>\n<meta name=\"twitter:card\" content=\"summary_large_image\" \/>\n<meta name=\"twitter:label1\" content=\"Tiempo de lectura\" \/>\n\t<meta name=\"twitter:data1\" content=\"2 minutos\" \/>\n<!-- \/ Yoast SEO Premium plugin. -->","yoast_head_json":{"title":"Onda sonora: Nuestra canci\u00f3n de amor - Positive Prints","description":"Crea un p\u00f3ster personalizado con las ondas sonoras de tu canci\u00f3n de amor.","robots":{"index":"index","follow":"follow","max-snippet":"max-snippet:-1","max-image-preview":"max-image-preview:large","max-video-preview":"max-video-preview:-1"},"canonical":"https:\/\/positiveprints.com\/es\/producto\/onda-sonora-nuestra-cancion-de-amor\/","og_locale":"es_ES","og_type":"article","og_title":"Onda sonora: Nuestra canci\u00f3n de amor","og_description":"Transforma tu voz o cualquier sonido en una hermosa obra de arte personalizada  Simplemente sube un archivo de audio  Agrega un c\u00f3digo QR y escan\u00e9alo para agregar tu canci\u00f3n favorita  Personal\u00edzala en tres sencillos pasos  Elige una plantilla o pon manos a la obra","og_url":"https:\/\/positiveprints.com\/es\/producto\/onda-sonora-nuestra-cancion-de-amor\/","og_site_name":"Positive Prints","article_publisher":"https:\/\/www.facebook.com\/positiveprintscom","article_modified_time":"2026-04-12T21:46:39+00:00","og_image":[{"width":1080,"height":1080,"url":"https:\/\/positiveprints.com\/wp-content\/uploads\/2023\/01\/Onda-sonora-Nuestra-cancion-de-amor.jpg","type":"image\/jpeg"}],"twitter_card":"summary_large_image","twitter_misc":{"Tiempo de lectura":"2 minutos"},"schema":{"@context":"https:\/\/schema.org","@graph":[{"@type":["WebPage","ItemPage"],"@id":"https:\/\/positiveprints.com\/es\/producto\/onda-sonora-nuestra-cancion-de-amor\/","url":"https:\/\/positiveprints.com\/es\/producto\/onda-sonora-nuestra-cancion-de-amor\/","name":"Onda sonora: Nuestra canci\u00f3n de amor - Positive Prints","isPartOf":{"@id":"https:\/\/positiveprints.com\/es\/#website"},"primaryImageOfPage":{"@id":"https:\/\/positiveprints.com\/es\/producto\/onda-sonora-nuestra-cancion-de-amor\/#primaryimage"},"image":{"@id":"https:\/\/positiveprints.com\/es\/producto\/onda-sonora-nuestra-cancion-de-amor\/#primaryimage"},"thumbnailUrl":"https:\/\/positiveprints.com\/wp-content\/uploads\/2025\/04\/Nuestra-cancio\u0301n-de-amor-1.webp","datePublished":"2023-01-04T11:30:33+00:00","dateModified":"2026-04-12T21:46:39+00:00","description":"Crea un p\u00f3ster personalizado con las ondas sonoras de tu canci\u00f3n de amor.","breadcrumb":{"@id":"https:\/\/positiveprints.com\/es\/producto\/onda-sonora-nuestra-cancion-de-amor\/#breadcrumb"},"inLanguage":"es","potentialAction":[{"@type":"ReadAction","target":["https:\/\/positiveprints.com\/es\/producto\/onda-sonora-nuestra-cancion-de-amor\/"]}]},{"@type":"ImageObject","inLanguage":"es","@id":"https:\/\/positiveprints.com\/es\/producto\/onda-sonora-nuestra-cancion-de-amor\/#primaryimage","url":"https:\/\/positiveprints.com\/wp-content\/uploads\/2025\/04\/Nuestra-cancio\u0301n-de-amor-1.webp","contentUrl":"https:\/\/positiveprints.com\/wp-content\/uploads\/2025\/04\/Nuestra-cancio\u0301n-de-amor-1.webp","width":1450,"height":1450},{"@type":"BreadcrumbList","@id":"https:\/\/positiveprints.com\/es\/producto\/onda-sonora-nuestra-cancion-de-amor\/#breadcrumb","itemListElement":[{"@type":"ListItem","position":1,"name":"CASA","item":"https:\/\/positiveprints.com\/es\/"},{"@type":"ListItem","position":2,"name":"Productos","item":"https:\/\/positiveprints.com\/es\/shop\/"},{"@type":"ListItem","position":3,"name":"Onda sonora: Nuestra canci\u00f3n de amor"}]},{"@type":"WebSite","@id":"https:\/\/positiveprints.com\/es\/#website","url":"https:\/\/positiveprints.com\/es\/","name":"Positive Prints","description":"Custom Gifts for Special Occasions","publisher":{"@id":"https:\/\/positiveprints.com\/es\/#organization"},"potentialAction":[{"@type":"SearchAction","target":{"@type":"EntryPoint","urlTemplate":"https:\/\/positiveprints.com\/es\/?s={search_term_string}"},"query-input":{"@type":"PropertyValueSpecification","valueRequired":true,"valueName":"search_term_string"}}],"inLanguage":"es"},{"@type":"Organization","@id":"https:\/\/positiveprints.com\/es\/#organization","name":"Positive Prints","alternateName":"Positive Prints","url":"https:\/\/positiveprints.com\/es\/","logo":{"@type":"ImageObject","inLanguage":"es","@id":"https:\/\/positiveprints.com\/es\/#\/schema\/logo\/image\/","url":"https:\/\/positiveprints.com\/wp-content\/uploads\/2026\/03\/245815646_1337939713319158_5671353136411139666_n.png","contentUrl":"https:\/\/positiveprints.com\/wp-content\/uploads\/2026\/03\/245815646_1337939713319158_5671353136411139666_n.png","width":800,"height":800,"caption":"Positive Prints"},"image":{"@id":"https:\/\/positiveprints.com\/es\/#\/schema\/logo\/image\/"},"sameAs":["https:\/\/www.facebook.com\/positiveprintscom","https:\/\/www.instagram.com\/positiveprintscom\/","https:\/\/www.tiktok.com\/@positiveprintscom","https:\/\/www.pinterest.com\/positiveprintscom\/"]}]}},"jetpack_sharing_enabled":true,"_links":{"self":[{"href":"https:\/\/positiveprints.com\/es\/wp-json\/wp\/v2\/product\/392159","targetHints":{"allow":["GET"]}}],"collection":[{"href":"https:\/\/positiveprints.com\/es\/wp-json\/wp\/v2\/product"}],"about":[{"href":"https:\/\/positiveprints.com\/es\/wp-json\/wp\/v2\/types\/product"}],"wp:featuredmedia":[{"embeddable":true,"href":"https:\/\/positiveprints.com\/es\/wp-json\/wp\/v2\/media\/1394702"}],"wp:attachment":[{"href":"https:\/\/positiveprints.com\/es\/wp-json\/wp\/v2\/media?parent=392159"}],"wp:term":[{"taxonomy":"product_brand","embeddable":true,"href":"https:\/\/positiveprints.com\/es\/wp-json\/wp\/v2\/product_brand?post=392159"},{"taxonomy":"product_cat","embeddable":true,"href":"https:\/\/positiveprints.com\/es\/wp-json\/wp\/v2\/product_cat?post=392159"},{"taxonomy":"product_tag","embeddable":true,"href":"https:\/\/positiveprints.com\/es\/wp-json\/wp\/v2\/product_tag?post=392159"}],"curies":[{"name":"wp","href":"https:\/\/api.w.org\/{rel}","templated":true}]}}