{"id":390392,"date":"2022-12-23T16:44:25","date_gmt":"2022-12-23T15:44:25","guid":{"rendered":"https:\/\/positiveprints.com\/?post_type=product&#038;p=390392"},"modified":"2026-04-12T22:45:15","modified_gmt":"2026-04-12T21:45:15","slug":"arte-con-el-latido-de-tu-bebe","status":"publish","type":"product","link":"https:\/\/positiveprints.com\/es\/producto\/arte-con-el-latido-de-tu-bebe\/","title":{"rendered":"Arte con el latido de tu beb\u00e9"},"content":{"rendered":"<p>Los latidos de un beb\u00e9 son uno de los sonidos m\u00e1s preciados en la vida de una pareja. Convi\u00e9rtelos en un recuerdo que dure para siempre con esta obra de arte personalizada. <\/p>\n\n\n\n\n\n<h2 class=\"grenB f24 cblue\" style=\"margin-top: 3rem\">\u00bfQu\u00e9 es el arte con el latido de tu beb\u00e9?<\/h2>\n\n\n\n<p style=\"margin-top: 1rem\">\u00bfRecuerdas la primera vez que escuchaste ese hermoso sonido y supiste que hab\u00eda vida en camino? \u00a1Es una experiencia m\u00e1gica y casi surrealista! Es m\u00fasica para los o\u00eddos de muchos padres, uno que desear\u00edas capturar para la eternidad. Con esta obra de arte, podr\u00e1s atesorar este momento especial en la vida de tu beb\u00e9 para siempre. <\/p>\n\n\n\n<p style=\"margin-top: 1rem\">Este tipo de arte convierte un archivo de audio en una imagen. En lugar de escuchar c\u00f3mo suena el coraz\u00f3n de tu hermoso beb\u00e9, podr\u00e1s verlo y admirarlo cada vez que pases a su alrededor. Es un incre\u00edble homenaje a la primera vez que escuchaste que estabas creando vida, y mostrar el impacto que tuvieron en el mundo, incluso antes de nacer. <\/p>\n\n\n\n<h2 class=\"grenB f24 cblue\" style=\"margin-top: 3rem\">\u00bfPor qu\u00e9 convertir el latido del beb\u00e9 en arte con ondas sonoras?<\/h2>\n\n\n\n<p style=\"margin-top: 1rem\">Muchos padres y sus amigos o familiares eligen regalar arte con ondas sonoras como regalo de baby shower porque es algo incre\u00edblemente \u00fanico. Cada obra de arte es personalizada, lo que significa que no hay dos iguales en el mundo. Combina el archivo de audio de los latidos de tu beb\u00e9 con diferentes colores y textos para que resalte a\u00fan m\u00e1s. El resultado final es un recuerdo que tu hijo o hija apreciar\u00e1 cuando sea mayor, y que t\u00fa atesorar\u00e1s para siempre.<\/p>\n\n\n\n<h2 class=\"grenB f24 cblue\" style=\"margin-top: 3rem\">C\u00f3mo personalizar el latido de tu beb\u00e9 en un lienzo<\/h2>\n\n\n\n<p style=\"margin-top: 1rem\">Positive Prints ha redefinido el concepto del arte personalizado. Estamos orgullosos de ofrecer una obra de arte que represente el latido de tu beb\u00e9 en un lienzo como parte de nuestra colecci\u00f3n. Al igual que con todos nuestros productos personalizados, hacemos que personalizar tu impresi\u00f3n sea f\u00e1cil y conveniente para ti. Esto es lo que debes hacer:<\/p>\n\n\n\n<p style=\"margin-top: 1rem\"><strong>Paso 1: Sube tu archivo de audio.<\/strong> Aceptamos archivos .mp3 y .wav, y convertiremos los sonidos en una onda sonora visual.<\/p>\n\n\n\n<p style=\"margin-top: 1rem\"><strong>Paso 2: Agrega tus detalles favoritos.<\/strong> \u00a1Personalizar el arte con el latido de tu beb\u00e9 es parte de la diversi\u00f3n! Elige uno de nuestros esquemas de color predise\u00f1ados o crea el que m\u00e1s te guste. Agrega una cita especial, la letra de una canci\u00f3n, u otro texto para darle un toque m\u00e1s personal. <\/p>\n\n\n\n<p style=\"margin-top: 1rem\"><strong>Paso 3: Elige el formato y el m\u00e9todo de entrega.<\/strong> Imprimimos en p\u00f3ster y lienzo. Ofrecemos env\u00edo internacional en cualquier pedido, o puedes descargar el archivo digital de tu obra de arte para imprimirla en tu localidad y as\u00ed tenerla r\u00e1pidamente en tus manos. <\/p>\n\n\n\n<h2 class=\"grenB f24 cblue\" style=\"margin-top: 3rem\">\u00a1Regala arte personalizado con ondas sonoras!<\/h2>\n\n\n\n<p style=\"margin-top: 1rem\">Ya sea que est\u00e9s creando un regalo para el baby shower de un ser querido o quieras decorar la habitaci\u00f3n de tu beb\u00e9, esta obra de arte personalizada se convertir\u00e1 en la pieza decorativa favorita de todo tu hogar. Transforma uno de los sonidos m\u00e1s dulces en un recuerdo que trascienda las barreras del tiempo. Comienza aqu\u00ed. <\/p>","protected":false},"excerpt":{"rendered":"<ul class=\"check-list\">\n<li>Captura el sonido de los latidos del coraz\u00f3n de tu beb\u00e9 y convi\u00e9rtelo en una obra de arte que puedas plasmar en tu hogar<\/li>\n<li>Simplemente sube un archivo de audio<\/li>\n<li>Agrega un c\u00f3digo QR y escan\u00e9alo para agregar tu canci\u00f3n favorita<\/li>\n<li>Personal\u00edzala en tres sencillos pasos<\/li>\n<li>Elige una plantilla o pon manos a la obra<\/li>\n<\/ul>\n","protected":false},"featured_media":983241,"template":"","meta":[],"product_brand":[],"product_cat":[7965,5254,7486,7821],"product_tag":[8457],"class_list":{"0":"post-390392","1":"product","2":"type-product","3":"status-publish","4":"has-post-thumbnail","6":"product_cat-regalos-para-baby-showers","7":"product_cat-regalos-de-nacimiento-de-bebe","8":"product_cat-onda-sonora-es","9":"product_cat-regalos-para-padres-primerizos","10":"product_tag-new-parents-es","12":"first","13":"instock","14":"sale","15":"taxable","16":"shipping-taxable","17":"purchasable","18":"product-type-variable"},"yoast_head":"<!-- This site is optimized with the Yoast SEO Premium plugin v27.2 (Yoast SEO v27.2) - https:\/\/yoast.com\/product\/yoast-seo-premium-wordpress\/ -->\n<title>Arte con el latido de tu beb\u00e9 - Positive Prints<\/title>\n<meta name=\"description\" content=\"Los latidos de un beb\u00e9 son uno de los sonidos m\u00e1s preciados en la vida de una pareja. Convi\u00e9rtelos en un recuerdo que dure para siempre con esta obra de arte personalizada.\" \/>\n<meta name=\"robots\" content=\"index, follow, max-snippet:-1, max-image-preview:large, max-video-preview:-1\" \/>\n<link rel=\"canonical\" href=\"https:\/\/positiveprints.com\/es\/producto\/arte-con-el-latido-de-tu-bebe\/\" \/>\n<meta property=\"og:locale\" content=\"es_ES\" \/>\n<meta property=\"og:type\" content=\"article\" \/>\n<meta property=\"og:title\" content=\"Arte con el latido de tu beb\u00e9\" \/>\n<meta property=\"og:description\" content=\"Captura el sonido de los latidos del coraz\u00f3n de tu beb\u00e9 y convi\u00e9rtelo en una obra de arte que puedas plasmar en tu hogar Simplemente sube un archivo de audio Agrega un c\u00f3digo QR y escan\u00e9alo para agregar tu canci\u00f3n favorita Personal\u00edzala en tres sencillos pasos Elige una plantilla o pon manos a la obra\" \/>\n<meta property=\"og:url\" content=\"https:\/\/positiveprints.com\/es\/producto\/arte-con-el-latido-de-tu-bebe\/\" \/>\n<meta property=\"og:site_name\" content=\"Positive Prints\" \/>\n<meta property=\"article:publisher\" content=\"https:\/\/www.facebook.com\/positiveprintscom\" \/>\n<meta property=\"article:modified_time\" content=\"2026-04-12T21:45:15+00:00\" \/>\n<meta property=\"og:image\" content=\"https:\/\/positiveprints.com\/wp-content\/uploads\/2023\/10\/Arte-con-el-latido-de-tu-bebe.jpg\" \/>\n\t<meta property=\"og:image:width\" content=\"1080\" \/>\n\t<meta property=\"og:image:height\" content=\"1080\" \/>\n\t<meta property=\"og:image:type\" content=\"image\/jpeg\" \/>\n<meta name=\"twitter:card\" content=\"summary_large_image\" \/>\n<!-- \/ Yoast SEO Premium plugin. -->","yoast_head_json":{"title":"Arte con el latido de tu beb\u00e9 - Positive Prints","description":"Los latidos de un beb\u00e9 son uno de los sonidos m\u00e1s preciados en la vida de una pareja. Convi\u00e9rtelos en un recuerdo que dure para siempre con esta obra de arte personalizada.","robots":{"index":"index","follow":"follow","max-snippet":"max-snippet:-1","max-image-preview":"max-image-preview:large","max-video-preview":"max-video-preview:-1"},"canonical":"https:\/\/positiveprints.com\/es\/producto\/arte-con-el-latido-de-tu-bebe\/","og_locale":"es_ES","og_type":"article","og_title":"Arte con el latido de tu beb\u00e9","og_description":"Captura el sonido de los latidos del coraz\u00f3n de tu beb\u00e9 y convi\u00e9rtelo en una obra de arte que puedas plasmar en tu hogar Simplemente sube un archivo de audio Agrega un c\u00f3digo QR y escan\u00e9alo para agregar tu canci\u00f3n favorita Personal\u00edzala en tres sencillos pasos Elige una plantilla o pon manos a la obra","og_url":"https:\/\/positiveprints.com\/es\/producto\/arte-con-el-latido-de-tu-bebe\/","og_site_name":"Positive Prints","article_publisher":"https:\/\/www.facebook.com\/positiveprintscom","article_modified_time":"2026-04-12T21:45:15+00:00","og_image":[{"width":1080,"height":1080,"url":"https:\/\/positiveprints.com\/wp-content\/uploads\/2023\/10\/Arte-con-el-latido-de-tu-bebe.jpg","type":"image\/jpeg"}],"twitter_card":"summary_large_image","schema":{"@context":"https:\/\/schema.org","@graph":[{"@type":["WebPage","ItemPage"],"@id":"https:\/\/positiveprints.com\/es\/producto\/arte-con-el-latido-de-tu-bebe\/","url":"https:\/\/positiveprints.com\/es\/producto\/arte-con-el-latido-de-tu-bebe\/","name":"Arte con el latido de tu beb\u00e9 - Positive Prints","isPartOf":{"@id":"https:\/\/positiveprints.com\/es\/#website"},"primaryImageOfPage":{"@id":"https:\/\/positiveprints.com\/es\/producto\/arte-con-el-latido-de-tu-bebe\/#primaryimage"},"image":{"@id":"https:\/\/positiveprints.com\/es\/producto\/arte-con-el-latido-de-tu-bebe\/#primaryimage"},"thumbnailUrl":"https:\/\/positiveprints.com\/wp-content\/uploads\/2023\/10\/Arte-con-el-latido-de-tu-bebe.jpg","datePublished":"2022-12-23T15:44:25+00:00","dateModified":"2026-04-12T21:45:15+00:00","description":"Los latidos de un beb\u00e9 son uno de los sonidos m\u00e1s preciados en la vida de una pareja. Convi\u00e9rtelos en un recuerdo que dure para siempre con esta obra de arte personalizada.","breadcrumb":{"@id":"https:\/\/positiveprints.com\/es\/producto\/arte-con-el-latido-de-tu-bebe\/#breadcrumb"},"inLanguage":"es","potentialAction":[{"@type":"ReadAction","target":["https:\/\/positiveprints.com\/es\/producto\/arte-con-el-latido-de-tu-bebe\/"]}]},{"@type":"ImageObject","inLanguage":"es","@id":"https:\/\/positiveprints.com\/es\/producto\/arte-con-el-latido-de-tu-bebe\/#primaryimage","url":"https:\/\/positiveprints.com\/wp-content\/uploads\/2023\/10\/Arte-con-el-latido-de-tu-bebe.jpg","contentUrl":"https:\/\/positiveprints.com\/wp-content\/uploads\/2023\/10\/Arte-con-el-latido-de-tu-bebe.jpg","width":1080,"height":1080,"caption":"Arte con el latido de tu beb\u00e9"},{"@type":"BreadcrumbList","@id":"https:\/\/positiveprints.com\/es\/producto\/arte-con-el-latido-de-tu-bebe\/#breadcrumb","itemListElement":[{"@type":"ListItem","position":1,"name":"CASA","item":"https:\/\/positiveprints.com\/es\/"},{"@type":"ListItem","position":2,"name":"Productos","item":"https:\/\/positiveprints.com\/es\/shop\/"},{"@type":"ListItem","position":3,"name":"Arte con el latido de tu beb\u00e9"}]},{"@type":"WebSite","@id":"https:\/\/positiveprints.com\/es\/#website","url":"https:\/\/positiveprints.com\/es\/","name":"Positive Prints","description":"Custom Gifts for Special Occasions","publisher":{"@id":"https:\/\/positiveprints.com\/es\/#organization"},"potentialAction":[{"@type":"SearchAction","target":{"@type":"EntryPoint","urlTemplate":"https:\/\/positiveprints.com\/es\/?s={search_term_string}"},"query-input":{"@type":"PropertyValueSpecification","valueRequired":true,"valueName":"search_term_string"}}],"inLanguage":"es"},{"@type":"Organization","@id":"https:\/\/positiveprints.com\/es\/#organization","name":"Positive Prints","alternateName":"Positive Prints","url":"https:\/\/positiveprints.com\/es\/","logo":{"@type":"ImageObject","inLanguage":"es","@id":"https:\/\/positiveprints.com\/es\/#\/schema\/logo\/image\/","url":"https:\/\/positiveprints.com\/wp-content\/uploads\/2026\/03\/245815646_1337939713319158_5671353136411139666_n.png","contentUrl":"https:\/\/positiveprints.com\/wp-content\/uploads\/2026\/03\/245815646_1337939713319158_5671353136411139666_n.png","width":800,"height":800,"caption":"Positive Prints"},"image":{"@id":"https:\/\/positiveprints.com\/es\/#\/schema\/logo\/image\/"},"sameAs":["https:\/\/www.facebook.com\/positiveprintscom","https:\/\/www.instagram.com\/positiveprintscom\/","https:\/\/www.tiktok.com\/@positiveprintscom","https:\/\/www.pinterest.com\/positiveprintscom\/"]}]}},"jetpack_sharing_enabled":true,"_links":{"self":[{"href":"https:\/\/positiveprints.com\/es\/wp-json\/wp\/v2\/product\/390392","targetHints":{"allow":["GET"]}}],"collection":[{"href":"https:\/\/positiveprints.com\/es\/wp-json\/wp\/v2\/product"}],"about":[{"href":"https:\/\/positiveprints.com\/es\/wp-json\/wp\/v2\/types\/product"}],"wp:featuredmedia":[{"embeddable":true,"href":"https:\/\/positiveprints.com\/es\/wp-json\/wp\/v2\/media\/983241"}],"wp:attachment":[{"href":"https:\/\/positiveprints.com\/es\/wp-json\/wp\/v2\/media?parent=390392"}],"wp:term":[{"taxonomy":"product_brand","embeddable":true,"href":"https:\/\/positiveprints.com\/es\/wp-json\/wp\/v2\/product_brand?post=390392"},{"taxonomy":"product_cat","embeddable":true,"href":"https:\/\/positiveprints.com\/es\/wp-json\/wp\/v2\/product_cat?post=390392"},{"taxonomy":"product_tag","embeddable":true,"href":"https:\/\/positiveprints.com\/es\/wp-json\/wp\/v2\/product_tag?post=390392"}],"curies":[{"name":"wp","href":"https:\/\/api.w.org\/{rel}","templated":true}]}}