{"id":381762,"date":"2022-10-06T15:05:01","date_gmt":"2022-10-06T14:05:01","guid":{"rendered":"https:\/\/positiveprints.com\/?post_type=product&#038;p=381762"},"modified":"2026-04-12T22:56:09","modified_gmt":"2026-04-12T21:56:09","slug":"mapa-de-la-familia-a-larga-distancia","status":"publish","type":"product","link":"https:\/\/positiveprints.com\/es\/producto\/mapa-de-la-familia-a-larga-distancia\/","title":{"rendered":"Mapa de la Familia a larga distancia"},"content":{"rendered":"","protected":false},"excerpt":{"rendered":"<ul class=\"check-list\">\n<li>Marca direcciones exactas con el s\u00edmbolo de tu elecci\u00f3n<\/li>\n<li>Personal\u00edzalo en tres sencillos pasos<\/li>\n<li>Incluye un texto personalizado<\/li>\n<li>Ve el resultado de inmediato: la vista previa interactiva te permite perfeccionar cada detalle<\/li>\n<\/ul>\n","protected":false},"featured_media":1698114,"template":"","meta":[],"product_brand":[],"product_cat":[9766,8997,5270,11453,11454,15060,11461,11449,11460,11458,8012,7629,7613,7661,7693,7773,7726,7742,7853,7231],"product_tag":[8541,12637,12628,13429,13351,17279,17190,11779,12638,12629,15267],"class_list":{"0":"post-381762","1":"product","2":"type-product","3":"status-publish","4":"has-post-thumbnail","6":"product_cat-trending-label-es","7":"product_cat-dia-de-los-abuelos","8":"product_cat-regalos-de-navidad","9":"product_cat-regalos-de-navidad-para-abuela","10":"product_cat-regalos-de-navidad-para-abuelo","11":"product_cat-regalos-de-navidad-para-la-familia","12":"product_cat-regalos-de-navidad-para-la-hermana","13":"product_cat-regalos-de-navidad-para-el-hermano","14":"product_cat-regalos-de-navidad-para-los-padres","15":"product_cat-regalos-de-navidad-para-los-ninos","16":"product_cat-regalos-para-hombres","17":"product_cat-regalos-para-mi-hermano","18":"product_cat-regalos-para-el-abuelo","19":"product_cat-regalos-para-mi-hijo","20":"product_cat-regalos-para-mujeres","21":"product_cat-regalos-para-mi-hija","22":"product_cat-regalos-para-la-abuela","23":"product_cat-regalos-para-mi-hermana","24":"product_cat-regalos-para-la-familia","25":"product_cat-triple-maps-es","26":"product_tag-family-es","27":"product_tag-hermana","28":"product_tag-hermano","29":"product_tag-regalo-de-navidad-para-hermana","30":"product_tag-regalo-de-navidad-para-un-abuelo","31":"product_tag-regalo-para-hermana","32":"product_tag-regalo-para-hermano","33":"product_tag-regalos-de-navidad-para-abuela","34":"product_tag-regalos-para-hermana","35":"product_tag-regalos-para-hermano","36":"product_tag-weihnachtsgeschenke-fuer-den-bruder","38":"first","39":"instock","40":"sale","41":"taxable","42":"shipping-taxable","43":"purchasable","44":"product-type-variable"},"yoast_head":"<!-- This site is optimized with the Yoast SEO Premium plugin v27.2 (Yoast SEO v27.2) - https:\/\/yoast.com\/product\/yoast-seo-premium-wordpress\/ -->\n<title>Mapa de la Familia a larga distancia - Positive Prints<\/title>\n<meta name=\"description\" content=\"Saber d\u00f3nde est\u00e1n tus seres queridos puede ser dif\u00edcil, pero este mapa familiar te facilitar\u00e1 la vida. Adem\u00e1s, \u00a1es s\u00faper divertido!\" \/>\n<meta name=\"robots\" content=\"index, follow, max-snippet:-1, max-image-preview:large, max-video-preview:-1\" \/>\n<link rel=\"canonical\" href=\"https:\/\/positiveprints.com\/es\/producto\/mapa-de-la-familia-a-larga-distancia\/\" \/>\n<meta property=\"og:locale\" content=\"es_ES\" \/>\n<meta property=\"og:type\" content=\"article\" \/>\n<meta property=\"og:title\" content=\"Mapa de la Familia a larga distancia\" \/>\n<meta property=\"og:description\" content=\"Marca direcciones exactas con el s\u00edmbolo de tu elecci\u00f3n Personal\u00edzalo en tres sencillos pasos Incluye un texto personalizado Ve el resultado de inmediato: la vista previa interactiva te permite perfeccionar cada detalle\" \/>\n<meta property=\"og:url\" content=\"https:\/\/positiveprints.com\/es\/producto\/mapa-de-la-familia-a-larga-distancia\/\" \/>\n<meta property=\"og:site_name\" content=\"Positive Prints\" \/>\n<meta property=\"article:publisher\" content=\"https:\/\/www.facebook.com\/positiveprintscom\" \/>\n<meta property=\"article:modified_time\" content=\"2026-04-12T21:56:09+00:00\" \/>\n<meta property=\"og:image\" content=\"https:\/\/positiveprints.com\/wp-content\/uploads\/2023\/07\/regalos-a-larga-distancia.jpg\" \/>\n\t<meta property=\"og:image:width\" content=\"1080\" \/>\n\t<meta property=\"og:image:height\" content=\"1080\" \/>\n\t<meta property=\"og:image:type\" content=\"image\/jpeg\" \/>\n<meta name=\"twitter:card\" content=\"summary_large_image\" \/>\n<!-- \/ Yoast SEO Premium plugin. -->","yoast_head_json":{"title":"Mapa de la Familia a larga distancia - Positive Prints","description":"Saber d\u00f3nde est\u00e1n tus seres queridos puede ser dif\u00edcil, pero este mapa familiar te facilitar\u00e1 la vida. Adem\u00e1s, \u00a1es s\u00faper divertido!","robots":{"index":"index","follow":"follow","max-snippet":"max-snippet:-1","max-image-preview":"max-image-preview:large","max-video-preview":"max-video-preview:-1"},"canonical":"https:\/\/positiveprints.com\/es\/producto\/mapa-de-la-familia-a-larga-distancia\/","og_locale":"es_ES","og_type":"article","og_title":"Mapa de la Familia a larga distancia","og_description":"Marca direcciones exactas con el s\u00edmbolo de tu elecci\u00f3n Personal\u00edzalo en tres sencillos pasos Incluye un texto personalizado Ve el resultado de inmediato: la vista previa interactiva te permite perfeccionar cada detalle","og_url":"https:\/\/positiveprints.com\/es\/producto\/mapa-de-la-familia-a-larga-distancia\/","og_site_name":"Positive Prints","article_publisher":"https:\/\/www.facebook.com\/positiveprintscom","article_modified_time":"2026-04-12T21:56:09+00:00","og_image":[{"width":1080,"height":1080,"url":"https:\/\/positiveprints.com\/wp-content\/uploads\/2023\/07\/regalos-a-larga-distancia.jpg","type":"image\/jpeg"}],"twitter_card":"summary_large_image","schema":{"@context":"https:\/\/schema.org","@graph":[{"@type":["WebPage","ItemPage"],"@id":"https:\/\/positiveprints.com\/es\/producto\/mapa-de-la-familia-a-larga-distancia\/","url":"https:\/\/positiveprints.com\/es\/producto\/mapa-de-la-familia-a-larga-distancia\/","name":"Mapa de la Familia a larga distancia - Positive Prints","isPartOf":{"@id":"https:\/\/positiveprints.com\/es\/#website"},"primaryImageOfPage":{"@id":"https:\/\/positiveprints.com\/es\/producto\/mapa-de-la-familia-a-larga-distancia\/#primaryimage"},"image":{"@id":"https:\/\/positiveprints.com\/es\/producto\/mapa-de-la-familia-a-larga-distancia\/#primaryimage"},"thumbnailUrl":"https:\/\/positiveprints.com\/wp-content\/uploads\/2026\/04\/Packshot_ES_XX-Mapa-de-familia-a-distancia.webp","datePublished":"2022-10-06T14:05:01+00:00","dateModified":"2026-04-12T21:56:09+00:00","description":"Saber d\u00f3nde est\u00e1n tus seres queridos puede ser dif\u00edcil, pero este mapa familiar te facilitar\u00e1 la vida. Adem\u00e1s, \u00a1es s\u00faper divertido!","breadcrumb":{"@id":"https:\/\/positiveprints.com\/es\/producto\/mapa-de-la-familia-a-larga-distancia\/#breadcrumb"},"inLanguage":"es","potentialAction":[{"@type":"ReadAction","target":["https:\/\/positiveprints.com\/es\/producto\/mapa-de-la-familia-a-larga-distancia\/"]}]},{"@type":"ImageObject","inLanguage":"es","@id":"https:\/\/positiveprints.com\/es\/producto\/mapa-de-la-familia-a-larga-distancia\/#primaryimage","url":"https:\/\/positiveprints.com\/wp-content\/uploads\/2026\/04\/Packshot_ES_XX-Mapa-de-familia-a-distancia.webp","contentUrl":"https:\/\/positiveprints.com\/wp-content\/uploads\/2026\/04\/Packshot_ES_XX-Mapa-de-familia-a-distancia.webp","width":1450,"height":1450},{"@type":"BreadcrumbList","@id":"https:\/\/positiveprints.com\/es\/producto\/mapa-de-la-familia-a-larga-distancia\/#breadcrumb","itemListElement":[{"@type":"ListItem","position":1,"name":"CASA","item":"https:\/\/positiveprints.com\/es\/"},{"@type":"ListItem","position":2,"name":"Productos","item":"https:\/\/positiveprints.com\/es\/shop\/"},{"@type":"ListItem","position":3,"name":"Mapa de la Familia a larga distancia"}]},{"@type":"WebSite","@id":"https:\/\/positiveprints.com\/es\/#website","url":"https:\/\/positiveprints.com\/es\/","name":"Positive Prints","description":"Custom Gifts for Special Occasions","publisher":{"@id":"https:\/\/positiveprints.com\/es\/#organization"},"potentialAction":[{"@type":"SearchAction","target":{"@type":"EntryPoint","urlTemplate":"https:\/\/positiveprints.com\/es\/?s={search_term_string}"},"query-input":{"@type":"PropertyValueSpecification","valueRequired":true,"valueName":"search_term_string"}}],"inLanguage":"es"},{"@type":"Organization","@id":"https:\/\/positiveprints.com\/es\/#organization","name":"Positive Prints","alternateName":"Positive Prints","url":"https:\/\/positiveprints.com\/es\/","logo":{"@type":"ImageObject","inLanguage":"es","@id":"https:\/\/positiveprints.com\/es\/#\/schema\/logo\/image\/","url":"https:\/\/positiveprints.com\/wp-content\/uploads\/2026\/03\/245815646_1337939713319158_5671353136411139666_n.png","contentUrl":"https:\/\/positiveprints.com\/wp-content\/uploads\/2026\/03\/245815646_1337939713319158_5671353136411139666_n.png","width":800,"height":800,"caption":"Positive Prints"},"image":{"@id":"https:\/\/positiveprints.com\/es\/#\/schema\/logo\/image\/"},"sameAs":["https:\/\/www.facebook.com\/positiveprintscom","https:\/\/www.instagram.com\/positiveprintscom\/","https:\/\/www.tiktok.com\/@positiveprintscom","https:\/\/www.pinterest.com\/positiveprintscom\/"]}]}},"jetpack_sharing_enabled":true,"_links":{"self":[{"href":"https:\/\/positiveprints.com\/es\/wp-json\/wp\/v2\/product\/381762","targetHints":{"allow":["GET"]}}],"collection":[{"href":"https:\/\/positiveprints.com\/es\/wp-json\/wp\/v2\/product"}],"about":[{"href":"https:\/\/positiveprints.com\/es\/wp-json\/wp\/v2\/types\/product"}],"wp:featuredmedia":[{"embeddable":true,"href":"https:\/\/positiveprints.com\/es\/wp-json\/wp\/v2\/media\/1698114"}],"wp:attachment":[{"href":"https:\/\/positiveprints.com\/es\/wp-json\/wp\/v2\/media?parent=381762"}],"wp:term":[{"taxonomy":"product_brand","embeddable":true,"href":"https:\/\/positiveprints.com\/es\/wp-json\/wp\/v2\/product_brand?post=381762"},{"taxonomy":"product_cat","embeddable":true,"href":"https:\/\/positiveprints.com\/es\/wp-json\/wp\/v2\/product_cat?post=381762"},{"taxonomy":"product_tag","embeddable":true,"href":"https:\/\/positiveprints.com\/es\/wp-json\/wp\/v2\/product_tag?post=381762"}],"curies":[{"name":"wp","href":"https:\/\/api.w.org\/{rel}","templated":true}]}}