{"id":381636,"date":"2022-10-11T07:51:05","date_gmt":"2022-10-11T06:51:05","guid":{"rendered":"https:\/\/positiveprints.com\/?post_type=product&#038;p=381636"},"modified":"2026-04-18T06:28:08","modified_gmt":"2026-04-18T05:28:08","slug":"arte-sonoro-con-grabacion-de-voz","status":"publish","type":"product","link":"https:\/\/positiveprints.com\/es\/producto\/arte-sonoro-con-grabacion-de-voz\/","title":{"rendered":"Arte sonoro con grabaci\u00f3n de voz"},"content":{"rendered":"<p>Una forma \u00fanica y especial de mostrarles a tus seres queridos cu\u00e1nto te importan es a trav\u00e9s de un regalo con grabaci\u00f3n de voz. Puedes grabar un mensaje de amor, agradecimiento o felicitaci\u00f3n, personalizado para esa persona especial. Crear una onda sonora con grabaci\u00f3n de voz es f\u00e1cil y divertido, y los resultados son verdaderamente sorprendentes.<\/p> \n\n\n\n<h2 class=\"grenB f24 cblue\" style=\"margin-top: 3rem\">Regalos con grabaci\u00f3n de voz<\/h2>\n\n\n\n<p style=\"margin-top: 1rem\">Este tipo de regalo es una forma creativa de darle voz a un mensaje. Se puede utilizar como regalo de aniversario o graduaci\u00f3n. Tambi\u00e9n puedes grabar las primeras palabras de tu hijo o hija e inmortalizar ese momento para siempre. Es una manera simple y f\u00e1cil de mostrar tu amor y aprecio a alguien especial.<\/p>\n\n\n\n<h2 class=\"grenB f24 cblue\" style=\"margin-top: 3rem\">La onda sonora con grabaci\u00f3n de voz es el regalo perfecto para cualquier ocasi\u00f3n<\/h2>\n\n\n\n\n\n<p style=\"margin-top: 1rem\">Presentamos las ondas sonoras con grabaci\u00f3n de voz: \u00a1un regalo auditivo personalizado que seguramente impresionar\u00e1 a cualquiera al escanear el c\u00f3digo QR! Este regalo innovador te permite grabar tu propio mensaje y reproducirlo al escanear el QR. Cualquiera puede escuchar tu mensaje especial una y otra vez.<\/p>\n\n\n\n<p style=\"margin-top: 1rem\">El arte de ondas sonoras es una forma \u00fanica e innovadora de convertir tus sonidos favoritos en obras de arte personalizadas. Solo debes subir tu audio o buscar tu canci\u00f3n favorita en Spotify, y nuestro editor agregar\u00e1 una dimensi\u00f3n visual al sonido para convertirlo en una maravillosa obra de arte. Luego, elige tu dise\u00f1o y nosotros haremos el resto.<\/p>\n\n\n\n<p style=\"margin-top: 1rem\">El arte de ondas sonoras con grabaci\u00f3n de voz en c\u00f3digo QR es el detalle perfecto para regalar en cualquier ocasi\u00f3n. Ya sea que desees conmemorar un evento especial, grabar tus votos matrimoniales o simplemente mostrarles a tus seres queridos cu\u00e1nto los quieres, este regalo sin duda los dejar\u00e1 boquiabiertos. \u00a1Pide el tuyo hoy mismo!<\/p>","protected":false},"excerpt":{"rendered":"<ul class=\"check-list\">\n<li>Transforma tu voz o cualquier sonido en una hermosa obra de arte personalizada<\/li>\n<li>Simplemente sube un archivo de audio<\/li>\n<li>Agrega un c\u00f3digo QR que permita al escanear o\u00edr tu grabaci\u00f3n<\/li>\n<li>Usa nuestro editor para personalizar tu dise\u00f1o en apenas tres pasos<\/li>\n<li>Elige una plantilla o deja volar tu imaginaci\u00f3n y crea tu propio dise\u00f1o <\/li>\n<\/ul>\n","protected":false},"featured_media":1394914,"template":"","meta":[],"product_brand":[],"product_cat":[8997,5270,11461,11449,11450,11458,7678,7853,7486],"product_tag":[14923,15409,15433,13429,13242,15267],"class_list":{"0":"post-381636","1":"product","2":"type-product","3":"status-publish","4":"has-post-thumbnail","6":"product_cat-dia-de-los-abuelos","7":"product_cat-regalos-de-navidad","8":"product_cat-regalos-de-navidad-para-la-hermana","9":"product_cat-regalos-de-navidad-para-el-hermano","10":"product_cat-regalos-de-navidad-para-los-companeros-de-trabajo","11":"product_cat-regalos-de-navidad-para-los-ninos","12":"product_cat-regalos-para-mi-novio","13":"product_cat-regalos-para-la-familia","14":"product_cat-onda-sonora-es","15":"product_tag-anniversary-es","16":"product_tag-audio-es","17":"product_tag-marco-con-codigo-qr-de-voz","18":"product_tag-regalo-de-navidad-para-hermana","19":"product_tag-regalo-de-navidad-para-un-companero","20":"product_tag-weihnachtsgeschenke-fuer-den-bruder","22":"first","23":"instock","24":"sale","25":"taxable","26":"shipping-taxable","27":"purchasable","28":"product-type-variable"},"yoast_head":"<!-- This site is optimized with the Yoast SEO Premium plugin v27.2 (Yoast SEO v27.2) - https:\/\/yoast.com\/product\/yoast-seo-premium-wordpress\/ -->\n<title>Arte sonoro con grabaci\u00f3n de voz - Positive Prints<\/title>\n<meta name=\"description\" content=\"El arte sonoro es el regalo perfecto para cualquier ocasi\u00f3n. Es una forma especial de mostrarle a tus seres queridos lo mucho que te importan.\" \/>\n<meta name=\"robots\" content=\"index, follow, max-snippet:-1, max-image-preview:large, max-video-preview:-1\" \/>\n<link rel=\"canonical\" href=\"https:\/\/positiveprints.com\/es\/producto\/arte-sonoro-con-grabacion-de-voz\/\" \/>\n<meta property=\"og:locale\" content=\"es_ES\" \/>\n<meta property=\"og:type\" content=\"article\" \/>\n<meta property=\"og:title\" content=\"Arte sonoro con grabaci\u00f3n de voz\" \/>\n<meta property=\"og:description\" content=\"Transforma tu voz o cualquier sonido en una hermosa obra de arte personalizada Simplemente sube un archivo de audio Agrega un c\u00f3digo QR que permita al escanear o\u00edr tu grabaci\u00f3n Usa nuestro editor para personalizar tu dise\u00f1o en apenas tres pasos Elige una plantilla o deja volar tu imaginaci\u00f3n y crea tu propio dise\u00f1o\" \/>\n<meta property=\"og:url\" content=\"https:\/\/positiveprints.com\/es\/producto\/arte-sonoro-con-grabacion-de-voz\/\" \/>\n<meta property=\"og:site_name\" content=\"Positive Prints\" \/>\n<meta property=\"article:publisher\" content=\"https:\/\/www.facebook.com\/positiveprintscom\" \/>\n<meta property=\"article:modified_time\" content=\"2026-04-18T05:28:08+00:00\" \/>\n<meta property=\"og:image\" content=\"https:\/\/positiveprints.com\/wp-content\/uploads\/2025\/04\/Arte-sonoro-con-grabacio\u0301n-de-voz-1.webp\" \/>\n\t<meta property=\"og:image:width\" content=\"1450\" \/>\n\t<meta property=\"og:image:height\" content=\"1450\" \/>\n\t<meta property=\"og:image:type\" content=\"image\/webp\" \/>\n<meta name=\"twitter:card\" content=\"summary_large_image\" \/>\n<!-- \/ Yoast SEO Premium plugin. -->","yoast_head_json":{"title":"Arte sonoro con grabaci\u00f3n de voz - Positive Prints","description":"El arte sonoro es el regalo perfecto para cualquier ocasi\u00f3n. Es una forma especial de mostrarle a tus seres queridos lo mucho que te importan.","robots":{"index":"index","follow":"follow","max-snippet":"max-snippet:-1","max-image-preview":"max-image-preview:large","max-video-preview":"max-video-preview:-1"},"canonical":"https:\/\/positiveprints.com\/es\/producto\/arte-sonoro-con-grabacion-de-voz\/","og_locale":"es_ES","og_type":"article","og_title":"Arte sonoro con grabaci\u00f3n de voz","og_description":"Transforma tu voz o cualquier sonido en una hermosa obra de arte personalizada Simplemente sube un archivo de audio Agrega un c\u00f3digo QR que permita al escanear o\u00edr tu grabaci\u00f3n Usa nuestro editor para personalizar tu dise\u00f1o en apenas tres pasos Elige una plantilla o deja volar tu imaginaci\u00f3n y crea tu propio dise\u00f1o","og_url":"https:\/\/positiveprints.com\/es\/producto\/arte-sonoro-con-grabacion-de-voz\/","og_site_name":"Positive Prints","article_publisher":"https:\/\/www.facebook.com\/positiveprintscom","article_modified_time":"2026-04-18T05:28:08+00:00","og_image":[{"width":1450,"height":1450,"url":"https:\/\/positiveprints.com\/wp-content\/uploads\/2025\/04\/Arte-sonoro-con-grabacio\u0301n-de-voz-1.webp","type":"image\/webp"}],"twitter_card":"summary_large_image","schema":{"@context":"https:\/\/schema.org","@graph":[{"@type":["WebPage","ItemPage"],"@id":"https:\/\/positiveprints.com\/es\/producto\/arte-sonoro-con-grabacion-de-voz\/","url":"https:\/\/positiveprints.com\/es\/producto\/arte-sonoro-con-grabacion-de-voz\/","name":"Arte sonoro con grabaci\u00f3n de voz - Positive Prints","isPartOf":{"@id":"https:\/\/positiveprints.com\/es\/#website"},"primaryImageOfPage":{"@id":"https:\/\/positiveprints.com\/es\/producto\/arte-sonoro-con-grabacion-de-voz\/#primaryimage"},"image":{"@id":"https:\/\/positiveprints.com\/es\/producto\/arte-sonoro-con-grabacion-de-voz\/#primaryimage"},"thumbnailUrl":"https:\/\/positiveprints.com\/wp-content\/uploads\/2025\/04\/Arte-sonoro-con-grabacio\u0301n-de-voz-1.webp","datePublished":"2022-10-11T06:51:05+00:00","dateModified":"2026-04-18T05:28:08+00:00","description":"El arte sonoro es el regalo perfecto para cualquier ocasi\u00f3n. Es una forma especial de mostrarle a tus seres queridos lo mucho que te importan.","breadcrumb":{"@id":"https:\/\/positiveprints.com\/es\/producto\/arte-sonoro-con-grabacion-de-voz\/#breadcrumb"},"inLanguage":"es","potentialAction":[{"@type":"ReadAction","target":["https:\/\/positiveprints.com\/es\/producto\/arte-sonoro-con-grabacion-de-voz\/"]}]},{"@type":"ImageObject","inLanguage":"es","@id":"https:\/\/positiveprints.com\/es\/producto\/arte-sonoro-con-grabacion-de-voz\/#primaryimage","url":"https:\/\/positiveprints.com\/wp-content\/uploads\/2025\/04\/Arte-sonoro-con-grabacio\u0301n-de-voz-1.webp","contentUrl":"https:\/\/positiveprints.com\/wp-content\/uploads\/2025\/04\/Arte-sonoro-con-grabacio\u0301n-de-voz-1.webp","width":1450,"height":1450,"caption":"Arte sonoro con grabacio\u0301n de voz 1"},{"@type":"BreadcrumbList","@id":"https:\/\/positiveprints.com\/es\/producto\/arte-sonoro-con-grabacion-de-voz\/#breadcrumb","itemListElement":[{"@type":"ListItem","position":1,"name":"CASA","item":"https:\/\/positiveprints.com\/es\/"},{"@type":"ListItem","position":2,"name":"Productos","item":"https:\/\/positiveprints.com\/es\/shop\/"},{"@type":"ListItem","position":3,"name":"Arte sonoro con grabaci\u00f3n de voz"}]},{"@type":"WebSite","@id":"https:\/\/positiveprints.com\/es\/#website","url":"https:\/\/positiveprints.com\/es\/","name":"Positive Prints","description":"Custom Gifts for Special Occasions","publisher":{"@id":"https:\/\/positiveprints.com\/es\/#organization"},"potentialAction":[{"@type":"SearchAction","target":{"@type":"EntryPoint","urlTemplate":"https:\/\/positiveprints.com\/es\/?s={search_term_string}"},"query-input":{"@type":"PropertyValueSpecification","valueRequired":true,"valueName":"search_term_string"}}],"inLanguage":"es"},{"@type":"Organization","@id":"https:\/\/positiveprints.com\/es\/#organization","name":"Positive Prints","alternateName":"Positive Prints","url":"https:\/\/positiveprints.com\/es\/","logo":{"@type":"ImageObject","inLanguage":"es","@id":"https:\/\/positiveprints.com\/es\/#\/schema\/logo\/image\/","url":"https:\/\/positiveprints.com\/wp-content\/uploads\/2026\/03\/245815646_1337939713319158_5671353136411139666_n.png","contentUrl":"https:\/\/positiveprints.com\/wp-content\/uploads\/2026\/03\/245815646_1337939713319158_5671353136411139666_n.png","width":800,"height":800,"caption":"Positive Prints"},"image":{"@id":"https:\/\/positiveprints.com\/es\/#\/schema\/logo\/image\/"},"sameAs":["https:\/\/www.facebook.com\/positiveprintscom","https:\/\/www.instagram.com\/positiveprintscom\/","https:\/\/www.tiktok.com\/@positiveprintscom","https:\/\/www.pinterest.com\/positiveprintscom\/"]}]}},"jetpack_sharing_enabled":true,"_links":{"self":[{"href":"https:\/\/positiveprints.com\/es\/wp-json\/wp\/v2\/product\/381636","targetHints":{"allow":["GET"]}}],"collection":[{"href":"https:\/\/positiveprints.com\/es\/wp-json\/wp\/v2\/product"}],"about":[{"href":"https:\/\/positiveprints.com\/es\/wp-json\/wp\/v2\/types\/product"}],"wp:featuredmedia":[{"embeddable":true,"href":"https:\/\/positiveprints.com\/es\/wp-json\/wp\/v2\/media\/1394914"}],"wp:attachment":[{"href":"https:\/\/positiveprints.com\/es\/wp-json\/wp\/v2\/media?parent=381636"}],"wp:term":[{"taxonomy":"product_brand","embeddable":true,"href":"https:\/\/positiveprints.com\/es\/wp-json\/wp\/v2\/product_brand?post=381636"},{"taxonomy":"product_cat","embeddable":true,"href":"https:\/\/positiveprints.com\/es\/wp-json\/wp\/v2\/product_cat?post=381636"},{"taxonomy":"product_tag","embeddable":true,"href":"https:\/\/positiveprints.com\/es\/wp-json\/wp\/v2\/product_tag?post=381636"}],"curies":[{"name":"wp","href":"https:\/\/api.w.org\/{rel}","templated":true}]}}