{"id":376833,"date":"2022-10-10T09:25:21","date_gmt":"2022-10-10T08:25:21","guid":{"rendered":"https:\/\/positiveprints.com\/product\/te-amo-hasta-la-luna-y-de-regreso-abuela\/"},"modified":"2026-05-03T20:56:44","modified_gmt":"2026-05-03T19:56:44","slug":"te-amo-hasta-la-luna-y-de-regreso-abuela","status":"publish","type":"product","link":"https:\/\/positiveprints.com\/es\/producto\/te-amo-hasta-la-luna-y-de-regreso-abuela\/","title":{"rendered":"Te amo hasta la Luna y de regreso, abuela"},"content":{"rendered":"<p>&#8220;Te amo hasta la Luna y de regreso, abuela&#8221; es una impresi\u00f3n personalizada de la Luna con la fecha y la hora que t\u00fa elijas. Es el mejor regalo para la abuela.<\/p>","protected":false},"excerpt":{"rendered":"<ul class=\"check-list\">\n<li>Haz sentir a tu abuela especial y conmemora el d\u00eda en que se convirti\u00f3 en tu abuela de forma que no lo pueda olvidar<\/li>\n<li>Agrega la sombra de la Luna<\/li>\n<li>Personal\u00edzalo en tres sencillos pasos<\/li>\n<li>Elija entre una variedad de dise\u00f1os impresionantes<\/li>\n<li>Ve el resultado de inmediato: la vista previa interactiva te permite perfeccionar cada detalle<\/li>\n<\/ul>\n","protected":false},"featured_media":354484,"template":"","meta":[],"product_brand":[],"product_cat":[7213,5270,11453,7726],"product_tag":[9458,8589,13350],"class_list":{"0":"post-376833","1":"product","2":"type-product","3":"status-publish","4":"has-post-thumbnail","6":"product_cat-moon-es","7":"product_cat-regalos-de-navidad","8":"product_cat-regalos-de-navidad-para-abuela","9":"product_cat-regalos-para-la-abuela","10":"product_tag-abuela","11":"product_tag-abuelita","12":"product_tag-regalo-de-navidad-para-una-abuela","14":"first","15":"instock","16":"sale","17":"taxable","18":"shipping-taxable","19":"purchasable","20":"product-type-variable"},"yoast_head":"<!-- This site is optimized with the Yoast SEO Premium plugin v27.2 (Yoast SEO v27.2) - https:\/\/yoast.com\/product\/yoast-seo-premium-wordpress\/ -->\n<title>Te amo hasta la Luna y de regreso, abuela - Positive Prints<\/title>\n<meta name=\"description\" content=\"Te amo hasta la Luna y de regreso, abuela es una impresi\u00f3n personalizada de la Luna con la fecha y la hora que t\u00fa elijas. Es el mejor regalo para la abuela.\" \/>\n<meta name=\"robots\" content=\"index, follow, max-snippet:-1, max-image-preview:large, max-video-preview:-1\" \/>\n<link rel=\"canonical\" href=\"https:\/\/positiveprints.com\/es\/producto\/te-amo-hasta-la-luna-y-de-regreso-abuela\/\" \/>\n<meta property=\"og:locale\" content=\"es_ES\" \/>\n<meta property=\"og:type\" content=\"article\" \/>\n<meta property=\"og:title\" content=\"Te amo hasta la Luna y de regreso, abuela\" \/>\n<meta property=\"og:description\" content=\"Haz sentir a tu abuela especial y conmemora el d\u00eda en que se convirti\u00f3 en tu abuela de forma que no lo pueda olvidar Agrega la sombra de la Luna Personal\u00edzalo en tres sencillos pasos Elija entre una variedad de dise\u00f1os impresionantes Ve el resultado de inmediato: la vista previa interactiva te permite perfeccionar cada detalle\" \/>\n<meta property=\"og:url\" content=\"https:\/\/positiveprints.com\/es\/producto\/te-amo-hasta-la-luna-y-de-regreso-abuela\/\" \/>\n<meta property=\"og:site_name\" content=\"Positive Prints\" \/>\n<meta property=\"article:publisher\" content=\"https:\/\/www.facebook.com\/positiveprintscom\" \/>\n<meta property=\"article:modified_time\" content=\"2026-05-03T19:56:44+00:00\" \/>\n<meta property=\"og:image\" content=\"https:\/\/positiveprints.com\/wp-content\/uploads\/2022\/10\/grandma-i-love-you-to-the-moon-and-back.jpg\" \/>\n\t<meta property=\"og:image:width\" content=\"1080\" \/>\n\t<meta property=\"og:image:height\" content=\"1080\" \/>\n\t<meta property=\"og:image:type\" content=\"image\/jpeg\" \/>\n<meta name=\"twitter:card\" content=\"summary_large_image\" \/>\n<!-- \/ Yoast SEO Premium plugin. -->","yoast_head_json":{"title":"Te amo hasta la Luna y de regreso, abuela - Positive Prints","description":"Te amo hasta la Luna y de regreso, abuela es una impresi\u00f3n personalizada de la Luna con la fecha y la hora que t\u00fa elijas. Es el mejor regalo para la abuela.","robots":{"index":"index","follow":"follow","max-snippet":"max-snippet:-1","max-image-preview":"max-image-preview:large","max-video-preview":"max-video-preview:-1"},"canonical":"https:\/\/positiveprints.com\/es\/producto\/te-amo-hasta-la-luna-y-de-regreso-abuela\/","og_locale":"es_ES","og_type":"article","og_title":"Te amo hasta la Luna y de regreso, abuela","og_description":"Haz sentir a tu abuela especial y conmemora el d\u00eda en que se convirti\u00f3 en tu abuela de forma que no lo pueda olvidar Agrega la sombra de la Luna Personal\u00edzalo en tres sencillos pasos Elija entre una variedad de dise\u00f1os impresionantes Ve el resultado de inmediato: la vista previa interactiva te permite perfeccionar cada detalle","og_url":"https:\/\/positiveprints.com\/es\/producto\/te-amo-hasta-la-luna-y-de-regreso-abuela\/","og_site_name":"Positive Prints","article_publisher":"https:\/\/www.facebook.com\/positiveprintscom","article_modified_time":"2026-05-03T19:56:44+00:00","og_image":[{"width":1080,"height":1080,"url":"https:\/\/positiveprints.com\/wp-content\/uploads\/2022\/10\/grandma-i-love-you-to-the-moon-and-back.jpg","type":"image\/jpeg"}],"twitter_card":"summary_large_image","schema":{"@context":"https:\/\/schema.org","@graph":[{"@type":["WebPage","ItemPage"],"@id":"https:\/\/positiveprints.com\/es\/producto\/te-amo-hasta-la-luna-y-de-regreso-abuela\/","url":"https:\/\/positiveprints.com\/es\/producto\/te-amo-hasta-la-luna-y-de-regreso-abuela\/","name":"Te amo hasta la Luna y de regreso, abuela - Positive Prints","isPartOf":{"@id":"https:\/\/positiveprints.com\/es\/#website"},"primaryImageOfPage":{"@id":"https:\/\/positiveprints.com\/es\/producto\/te-amo-hasta-la-luna-y-de-regreso-abuela\/#primaryimage"},"image":{"@id":"https:\/\/positiveprints.com\/es\/producto\/te-amo-hasta-la-luna-y-de-regreso-abuela\/#primaryimage"},"thumbnailUrl":"https:\/\/positiveprints.com\/wp-content\/uploads\/2022\/10\/grandma-i-love-you-to-the-moon-and-back.jpg","datePublished":"2022-10-10T08:25:21+00:00","dateModified":"2026-05-03T19:56:44+00:00","description":"Te amo hasta la Luna y de regreso, abuela es una impresi\u00f3n personalizada de la Luna con la fecha y la hora que t\u00fa elijas. Es el mejor regalo para la abuela.","breadcrumb":{"@id":"https:\/\/positiveprints.com\/es\/producto\/te-amo-hasta-la-luna-y-de-regreso-abuela\/#breadcrumb"},"inLanguage":"es","potentialAction":[{"@type":"ReadAction","target":["https:\/\/positiveprints.com\/es\/producto\/te-amo-hasta-la-luna-y-de-regreso-abuela\/"]}]},{"@type":"ImageObject","inLanguage":"es","@id":"https:\/\/positiveprints.com\/es\/producto\/te-amo-hasta-la-luna-y-de-regreso-abuela\/#primaryimage","url":"https:\/\/positiveprints.com\/wp-content\/uploads\/2022\/10\/grandma-i-love-you-to-the-moon-and-back.jpg","contentUrl":"https:\/\/positiveprints.com\/wp-content\/uploads\/2022\/10\/grandma-i-love-you-to-the-moon-and-back.jpg","width":1080,"height":1080,"caption":"Grandma, I love you to the moon and back is a popular quote that expresses the deep love that we have for our grandmothers."},{"@type":"BreadcrumbList","@id":"https:\/\/positiveprints.com\/es\/producto\/te-amo-hasta-la-luna-y-de-regreso-abuela\/#breadcrumb","itemListElement":[{"@type":"ListItem","position":1,"name":"CASA","item":"https:\/\/positiveprints.com\/es\/"},{"@type":"ListItem","position":2,"name":"Productos","item":"https:\/\/positiveprints.com\/es\/shop\/"},{"@type":"ListItem","position":3,"name":"Te amo hasta la Luna y de regreso, abuela"}]},{"@type":"WebSite","@id":"https:\/\/positiveprints.com\/es\/#website","url":"https:\/\/positiveprints.com\/es\/","name":"Positive Prints","description":"Custom Gifts for Special Occasions","publisher":{"@id":"https:\/\/positiveprints.com\/es\/#organization"},"potentialAction":[{"@type":"SearchAction","target":{"@type":"EntryPoint","urlTemplate":"https:\/\/positiveprints.com\/es\/?s={search_term_string}"},"query-input":{"@type":"PropertyValueSpecification","valueRequired":true,"valueName":"search_term_string"}}],"inLanguage":"es"},{"@type":"Organization","@id":"https:\/\/positiveprints.com\/es\/#organization","name":"Positive Prints","alternateName":"Positive Prints ","url":"https:\/\/positiveprints.com\/es\/","logo":{"@type":"ImageObject","inLanguage":"es","@id":"https:\/\/positiveprints.com\/es\/#\/schema\/logo\/image\/","url":"https:\/\/positiveprints.com\/wp-content\/uploads\/2026\/03\/245815646_1337939713319158_5671353136411139666_n.png","contentUrl":"https:\/\/positiveprints.com\/wp-content\/uploads\/2026\/03\/245815646_1337939713319158_5671353136411139666_n.png","width":800,"height":800,"caption":"Positive Prints"},"image":{"@id":"https:\/\/positiveprints.com\/es\/#\/schema\/logo\/image\/"},"sameAs":["https:\/\/www.facebook.com\/positiveprintscom","https:\/\/www.instagram.com\/positiveprintscom\/","https:\/\/www.tiktok.com\/@positiveprintscom","https:\/\/www.pinterest.com\/positiveprintscom\/"]}]}},"jetpack_sharing_enabled":true,"_links":{"self":[{"href":"https:\/\/positiveprints.com\/es\/wp-json\/wp\/v2\/product\/376833","targetHints":{"allow":["GET"]}}],"collection":[{"href":"https:\/\/positiveprints.com\/es\/wp-json\/wp\/v2\/product"}],"about":[{"href":"https:\/\/positiveprints.com\/es\/wp-json\/wp\/v2\/types\/product"}],"wp:featuredmedia":[{"embeddable":true,"href":"https:\/\/positiveprints.com\/es\/wp-json\/wp\/v2\/media\/354484"}],"wp:attachment":[{"href":"https:\/\/positiveprints.com\/es\/wp-json\/wp\/v2\/media?parent=376833"}],"wp:term":[{"taxonomy":"product_brand","embeddable":true,"href":"https:\/\/positiveprints.com\/es\/wp-json\/wp\/v2\/product_brand?post=376833"},{"taxonomy":"product_cat","embeddable":true,"href":"https:\/\/positiveprints.com\/es\/wp-json\/wp\/v2\/product_cat?post=376833"},{"taxonomy":"product_tag","embeddable":true,"href":"https:\/\/positiveprints.com\/es\/wp-json\/wp\/v2\/product_tag?post=376833"}],"curies":[{"name":"wp","href":"https:\/\/api.w.org\/{rel}","templated":true}]}}