{"id":376548,"date":"2022-10-06T21:17:27","date_gmt":"2022-10-06T20:17:27","guid":{"rendered":"https:\/\/positiveprints.com\/product\/nos-conocimos-nos-casamos-nos-mudamos\/"},"modified":"2026-04-18T06:31:15","modified_gmt":"2026-04-18T05:31:15","slug":"nos-conocimos-nos-casamos-nos-mudamos","status":"publish","type":"product","link":"https:\/\/positiveprints.com\/es\/producto\/nos-conocimos-nos-casamos-nos-mudamos\/","title":{"rendered":"Nos Conocimos &#8211; Nos Casamos &#8211; Vivimos"},"content":{"rendered":"<p>\u00bfCu\u00e1les son los tres lugares m\u00e1s importantes del mundo? El lugar donde se conocieron, donde se casaron y donde viven. Cada uno de estos lugares atesora muchos momentos maravillosos para ustedes; tienen tanta suerte de haber coincidido en la vida y poder compartir sus vidas juntos. \u00a1Conmemora cada uno de estos lugares especiales!<\/p>\r\n\r\n\r\n\r\n<h2 class=\"grenB f24 cblue\" style=\"margin-top: 3rem\">Los tres lugares m\u00e1s importantes del mundo: d\u00f3nde nos conocimos, d\u00f3nde nos casamos y d\u00f3nde vivimos<\/h2>\r\n\r\n\r\n\r\n\r\n\r\n<p style=\"margin-top: 1rem\">El primer lugar es donde se conocieron. Quiz\u00e1s era un lugar especial para ambos, incluso antes de que se conocieran. Puede ser un lugar que tu pareja siempre haya querido, o alg\u00fan lugar que tenga un significado personal para ustedes. Aqu\u00ed responden las preguntas: \u00bfC\u00f3mo conociste a tu pareja? \u00bfFue amor a primera vista?<\/p>\r\n\r\n\r\n\r\n\r\n\r\n\r\n\r\n<p style=\"margin-top: 1rem\">El segundo lugar es donde se casaron. Este es un d\u00eda que nunca podr\u00e1n olvidar. Es el d\u00eda en que se comprometieron frente a todos sus amigos y familiares. \u00bfQu\u00e9 hizo que este d\u00eda fuera tan especial? \u00bfQuiz\u00e1s el clima perfecto, el maravilloso lugar o el hecho de que todo sali\u00f3 seg\u00fan lo planeado? \u00a1Son muchos factores!<\/p>\r\n\r\n\r\n\r\n\r\n\r\n\r\n\r\n<p style=\"margin-top: 1rem\">El tercer y \u00faltimo lugar es donde viven. Este es el lugar al que ustedes tienen el lujo de llamar hogar, y est\u00e1 repleto de todas sus cosas favoritas. Es el lugar donde te relajas despu\u00e9s de un d\u00eda cansado y donde pasas tiempo con las personas que amas. \u00bfSe mudaron juntos hace poco? El mapa \u201cNos conocimos, nos casamos, nos mudamos\u201d es el regalo de bienvenida perfecto para adornar cualquier hogar lleno de amor.<\/p>\r\n\r\n\r\n\r\n\r\n\r\n\r\n\r\n<h2 class=\"grenB f24 cblue\" style=\"margin-top: 3rem\">Celebren su maravillosa historia de amor<\/h2>\r\n\r\n\r\n\r\n<p style=\"margin-top: 1rem\">\u201cNos conocimos, nos casamos, nos mudamos\u201d es la manera perfecta de celebrar una historia de amor. Este mapa impreso personalizado es el regalo ideal para inaugurar la casa de una pareja o simplemente complementarlo con la decoraci\u00f3n del hogar.<\/p>\r\n\r\n\r\n\r\n\r\n\r\n\r\n\r\n<p style=\"margin-top: 1rem\">\u201cNos conocimos, nos casamos, nos mudamos\u201d te permite agregar tres ubicaciones: donde se conocieron, se casaron y viven. Personaliza tu mapa con los colores que vayan m\u00e1s con su estilo y agrega un mensaje personal. Puedes pedirlo como un p\u00f3ster impreso o enmarcado, un lienzo o como un archivo de descarga digital para imprimirlo de forma local.<\/p>\r\n\r\n\r\n\r\n\r\n\r\n\r\n\r\n<p style=\"margin-top: 1rem\">Siempre podr\u00e1s recordar los momentos m\u00e1s especiales de tu vida de forma hermosa y \u00fanica. No esperes m\u00e1s: \u00a1comienza a dise\u00f1ar tu mapa \u201cnos conocimos, nos casamos, nos mudamos\u201d hoy mismo!<\/p>","protected":false},"excerpt":{"rendered":"<ul class=\"check-list\">\n<li>Marca direcciones exactas con el s\u00edmbolo de tu elecci\u00f3n<\/li>\n<li>Personal\u00edzalo en tres sencillos pasos<\/li>\n<li>Incluye un texto personalizado<\/li>\n<li>Ve el resultado de inmediato: la vista previa interactiva te permite perfeccionar cada detalle<\/li>\n<\/ul>\n","protected":false},"featured_media":1321470,"template":"","meta":[],"product_brand":[],"product_cat":[5293,8012,7693,7231],"product_tag":[9092,14923],"class_list":{"0":"post-376548","1":"product","2":"type-product","3":"status-publish","4":"has-post-thumbnail","6":"product_cat-regalos-para-mudanzas","7":"product_cat-regalos-para-hombres","8":"product_cat-regalos-para-mujeres","9":"product_cat-triple-maps-es","10":"product_tag-aniversario","11":"product_tag-anniversary-es","13":"first","14":"instock","15":"sale","16":"taxable","17":"shipping-taxable","18":"purchasable","19":"product-type-variable"},"yoast_head":"<!-- This site is optimized with the Yoast SEO Premium plugin v27.2 (Yoast SEO v27.2) - https:\/\/yoast.com\/product\/yoast-seo-premium-wordpress\/ -->\n<title>Nos Conocimos - Nos Casamos - Vivimos - Positive Prints<\/title>\n<meta name=\"description\" content=\"Nos Conocimos - Nos Casamos - Vivimos es el detalle perfecto para conmemorar tu historia de amor. \u00a1P\u00eddelo hoy mismo!\" \/>\n<meta name=\"robots\" content=\"index, follow, max-snippet:-1, max-image-preview:large, max-video-preview:-1\" \/>\n<link rel=\"canonical\" href=\"https:\/\/positiveprints.com\/es\/producto\/nos-conocimos-nos-casamos-nos-mudamos\/\" \/>\n<meta property=\"og:locale\" content=\"es_ES\" \/>\n<meta property=\"og:type\" content=\"article\" \/>\n<meta property=\"og:title\" content=\"Nos Conocimos - Nos Casamos - Vivimos\" \/>\n<meta property=\"og:description\" content=\"Marca direcciones exactas con el s\u00edmbolo de tu elecci\u00f3n  Personal\u00edzalo en tres sencillos pasos  Incluye un texto personalizado  Ve el resultado de inmediato: la vista previa interactiva te permite perfeccionar cada detalle\" \/>\n<meta property=\"og:url\" content=\"https:\/\/positiveprints.com\/es\/producto\/nos-conocimos-nos-casamos-nos-mudamos\/\" \/>\n<meta property=\"og:site_name\" content=\"Positive Prints\" \/>\n<meta property=\"article:publisher\" content=\"https:\/\/www.facebook.com\/positiveprintscom\" \/>\n<meta property=\"article:modified_time\" content=\"2026-04-18T05:31:15+00:00\" \/>\n<meta property=\"og:image\" content=\"https:\/\/positiveprints.com\/wp-content\/uploads\/2022\/10\/Nos-Conocimos-Nos-Casamos-Vivimos.webp\" \/>\n\t<meta property=\"og:image:width\" content=\"1450\" \/>\n\t<meta property=\"og:image:height\" content=\"1450\" \/>\n\t<meta property=\"og:image:type\" content=\"image\/webp\" \/>\n<meta name=\"twitter:card\" content=\"summary_large_image\" \/>\n<meta name=\"twitter:label1\" content=\"Tiempo de lectura\" \/>\n\t<meta name=\"twitter:data1\" content=\"2 minutos\" \/>\n<!-- \/ Yoast SEO Premium plugin. -->","yoast_head_json":{"title":"Nos Conocimos - Nos Casamos - Vivimos - Positive Prints","description":"Nos Conocimos - Nos Casamos - Vivimos es el detalle perfecto para conmemorar tu historia de amor. \u00a1P\u00eddelo hoy mismo!","robots":{"index":"index","follow":"follow","max-snippet":"max-snippet:-1","max-image-preview":"max-image-preview:large","max-video-preview":"max-video-preview:-1"},"canonical":"https:\/\/positiveprints.com\/es\/producto\/nos-conocimos-nos-casamos-nos-mudamos\/","og_locale":"es_ES","og_type":"article","og_title":"Nos Conocimos - Nos Casamos - Vivimos","og_description":"Marca direcciones exactas con el s\u00edmbolo de tu elecci\u00f3n  Personal\u00edzalo en tres sencillos pasos  Incluye un texto personalizado  Ve el resultado de inmediato: la vista previa interactiva te permite perfeccionar cada detalle","og_url":"https:\/\/positiveprints.com\/es\/producto\/nos-conocimos-nos-casamos-nos-mudamos\/","og_site_name":"Positive Prints","article_publisher":"https:\/\/www.facebook.com\/positiveprintscom","article_modified_time":"2026-04-18T05:31:15+00:00","og_image":[{"width":1450,"height":1450,"url":"https:\/\/positiveprints.com\/wp-content\/uploads\/2022\/10\/Nos-Conocimos-Nos-Casamos-Vivimos.webp","type":"image\/webp"}],"twitter_card":"summary_large_image","twitter_misc":{"Tiempo de lectura":"2 minutos"},"schema":{"@context":"https:\/\/schema.org","@graph":[{"@type":["WebPage","ItemPage"],"@id":"https:\/\/positiveprints.com\/es\/producto\/nos-conocimos-nos-casamos-nos-mudamos\/","url":"https:\/\/positiveprints.com\/es\/producto\/nos-conocimos-nos-casamos-nos-mudamos\/","name":"Nos Conocimos - Nos Casamos - Vivimos - Positive Prints","isPartOf":{"@id":"https:\/\/positiveprints.com\/es\/#website"},"primaryImageOfPage":{"@id":"https:\/\/positiveprints.com\/es\/producto\/nos-conocimos-nos-casamos-nos-mudamos\/#primaryimage"},"image":{"@id":"https:\/\/positiveprints.com\/es\/producto\/nos-conocimos-nos-casamos-nos-mudamos\/#primaryimage"},"thumbnailUrl":"https:\/\/positiveprints.com\/wp-content\/uploads\/2022\/10\/Nos-Conocimos-Nos-Casamos-Vivimos.webp","datePublished":"2022-10-06T20:17:27+00:00","dateModified":"2026-04-18T05:31:15+00:00","description":"Nos Conocimos - Nos Casamos - Vivimos es el detalle perfecto para conmemorar tu historia de amor. \u00a1P\u00eddelo hoy mismo!","breadcrumb":{"@id":"https:\/\/positiveprints.com\/es\/producto\/nos-conocimos-nos-casamos-nos-mudamos\/#breadcrumb"},"inLanguage":"es","potentialAction":[{"@type":"ReadAction","target":["https:\/\/positiveprints.com\/es\/producto\/nos-conocimos-nos-casamos-nos-mudamos\/"]}]},{"@type":"ImageObject","inLanguage":"es","@id":"https:\/\/positiveprints.com\/es\/producto\/nos-conocimos-nos-casamos-nos-mudamos\/#primaryimage","url":"https:\/\/positiveprints.com\/wp-content\/uploads\/2022\/10\/Nos-Conocimos-Nos-Casamos-Vivimos.webp","contentUrl":"https:\/\/positiveprints.com\/wp-content\/uploads\/2022\/10\/Nos-Conocimos-Nos-Casamos-Vivimos.webp","width":1450,"height":1450,"caption":"Nos Conocimos Nos Casamos Vivimos"},{"@type":"BreadcrumbList","@id":"https:\/\/positiveprints.com\/es\/producto\/nos-conocimos-nos-casamos-nos-mudamos\/#breadcrumb","itemListElement":[{"@type":"ListItem","position":1,"name":"CASA","item":"https:\/\/positiveprints.com\/es\/"},{"@type":"ListItem","position":2,"name":"Productos","item":"https:\/\/positiveprints.com\/es\/shop\/"},{"@type":"ListItem","position":3,"name":"Nos Conocimos &#8211; Nos Casamos &#8211; Vivimos"}]},{"@type":"WebSite","@id":"https:\/\/positiveprints.com\/es\/#website","url":"https:\/\/positiveprints.com\/es\/","name":"Positive Prints","description":"Custom Gifts for Special Occasions","publisher":{"@id":"https:\/\/positiveprints.com\/es\/#organization"},"potentialAction":[{"@type":"SearchAction","target":{"@type":"EntryPoint","urlTemplate":"https:\/\/positiveprints.com\/es\/?s={search_term_string}"},"query-input":{"@type":"PropertyValueSpecification","valueRequired":true,"valueName":"search_term_string"}}],"inLanguage":"es"},{"@type":"Organization","@id":"https:\/\/positiveprints.com\/es\/#organization","name":"Positive Prints","alternateName":"Positive Prints","url":"https:\/\/positiveprints.com\/es\/","logo":{"@type":"ImageObject","inLanguage":"es","@id":"https:\/\/positiveprints.com\/es\/#\/schema\/logo\/image\/","url":"https:\/\/positiveprints.com\/wp-content\/uploads\/2026\/03\/245815646_1337939713319158_5671353136411139666_n.png","contentUrl":"https:\/\/positiveprints.com\/wp-content\/uploads\/2026\/03\/245815646_1337939713319158_5671353136411139666_n.png","width":800,"height":800,"caption":"Positive Prints"},"image":{"@id":"https:\/\/positiveprints.com\/es\/#\/schema\/logo\/image\/"},"sameAs":["https:\/\/www.facebook.com\/positiveprintscom","https:\/\/www.instagram.com\/positiveprintscom\/","https:\/\/www.tiktok.com\/@positiveprintscom","https:\/\/www.pinterest.com\/positiveprintscom\/"]}]}},"jetpack_sharing_enabled":true,"_links":{"self":[{"href":"https:\/\/positiveprints.com\/es\/wp-json\/wp\/v2\/product\/376548","targetHints":{"allow":["GET"]}}],"collection":[{"href":"https:\/\/positiveprints.com\/es\/wp-json\/wp\/v2\/product"}],"about":[{"href":"https:\/\/positiveprints.com\/es\/wp-json\/wp\/v2\/types\/product"}],"wp:featuredmedia":[{"embeddable":true,"href":"https:\/\/positiveprints.com\/es\/wp-json\/wp\/v2\/media\/1321470"}],"wp:attachment":[{"href":"https:\/\/positiveprints.com\/es\/wp-json\/wp\/v2\/media?parent=376548"}],"wp:term":[{"taxonomy":"product_brand","embeddable":true,"href":"https:\/\/positiveprints.com\/es\/wp-json\/wp\/v2\/product_brand?post=376548"},{"taxonomy":"product_cat","embeddable":true,"href":"https:\/\/positiveprints.com\/es\/wp-json\/wp\/v2\/product_cat?post=376548"},{"taxonomy":"product_tag","embeddable":true,"href":"https:\/\/positiveprints.com\/es\/wp-json\/wp\/v2\/product_tag?post=376548"}],"curies":[{"name":"wp","href":"https:\/\/api.w.org\/{rel}","templated":true}]}}