{"id":376214,"date":"2022-07-21T12:05:10","date_gmt":"2022-07-21T11:05:10","guid":{"rendered":"https:\/\/positiveprints.com\/product\/te-amo-onda-sonora\/"},"modified":"2026-04-23T11:48:43","modified_gmt":"2026-04-23T10:48:43","slug":"te-amo-onda-sonora","status":"publish","type":"product","link":"https:\/\/positiveprints.com\/es\/producto\/te-amo-onda-sonora\/","title":{"rendered":"Onda sonora de un \u201cte amo\u201d"},"content":{"rendered":"<p>Un \u201cte amo\u201d puede ser el sonido m\u00e1s dulce del mundo, especialmente cuando proviene de alguien a quien amas y te inspira a ser la mejor persona que puedes ser. Convierte sus palabras en una onda sonora art\u00edstica que dice \u201cte amo\u201d.<\/p>\n\n\n\n\n\n<h2 class=\"grenB f24 cblue\" style=\"margin-top: 3rem\">\u00bfQu\u00e9 es la onda sonora de un \u201cte amo\u201d?<\/h2>\n\n\n\n<p style=\"margin-top: 1rem\">Los sonidos no solo deleitan nuestros o\u00eddos. Tambi\u00e9n pueden enamorar nuestra vista. Los sonidos vienen en ondas, y aunque no podemos verlas a simple vista, podemos aprovecharlas con la tecnolog\u00eda adecuada. Por ello, utilizamos tecnolog\u00eda de vanguardia para crear ondas sonoras art\u00edsticas.<\/p>\n\n\n\n<p style=\"margin-top: 1rem\">Cuando subes tu archivo de audio, lo convertimos en una onda que puedes visualizar. Cada onda sonora es \u00fanica porque no hay dos voces iguales. Para crear tu propia onda sonora, solo necesitas subir un archivo de audio de tu ser amado diciendo \u201cte amo\u201d y nosotros nos encargaremos de convertirlo en una obra de arte.<\/p>\n\n\n\n\n\n<h2 class=\"grenB f24 cblue\" style=\"margin-top: 3rem\">\u00a1La onda sonora de un \u201cte amo\u201d es el regalo perfecto para cualquier pareja!<\/h2>\n\n\n\n<p style=\"margin-top: 1rem\">A muchos de nuestros clientes les encanta la idea de ver un \u201cte amo\u201d en sus paredes porque les permite escuchar a su otra mitad decirle estas hermosas palabras todos los d\u00edas. A veces sucede que la distancia se interpone, o incluso puede pasar alg\u00fan evento inesperado y tengan que separarse temporalmente; las obras de arte permiten que estas palabras perduren y nunca se pierdan.<\/p>\n\n\n\n<p style=\"margin-top: 1rem\">Las ondas sonoras de un \u201cte amo\u201d es el regalo ideal para cualquier ocasi\u00f3n, por ejemplo:<\/p>\n\n\n\n<ul>\n\n<li>Cumplea\u00f1os<\/li>\n\n<li>Bodas<\/li>\n\n<li>Compromisos<\/li>\n\n<li>Aniversarios<\/li>\n\n<li>D\u00eda de San Valent\u00edn<\/li>\n\n<li>Navidad<\/li>\n\n<li>\u00a1Y cualquier ocasi\u00f3n que sea especial para ti!<\/li>\n\n<\/ul>\n\n\n\n<p style=\"margin-top: 1rem\">Lo que hace que nuestra onda sonora de un \u201cte amo\u201d sea a\u00fan m\u00e1s especial es que es completamente personalizada. Cada onda de sonido se crea a partir de la voz en el archivo de audio, y no se trata de una obra de arte gen\u00e9rica que puedas encontrar en una tienda de regalos. Cuando esa persona cuelgue tu regalo en su pared, siempre recordar\u00e1 que nadie m\u00e1s tiene uno igual.<\/p>\n\n\n\n<h2 class=\"grenB f24 cblue\" style=\"margin-top: 3rem\">C\u00f3mo crear la onda sonora personalizada de un \u201cte amo\u201d<\/h2>\n\n\n\n<p style=\"margin-top: 1rem\">Todos creen que el arte personalizado es un regalo costoso que requiere tiempo y esfuerzo, pero en realidad es m\u00e1s f\u00e1cil que ir a una tienda y comprar algo del estante. En Positive Prints, hemos incorporado la funci\u00f3n de creaci\u00f3n de ondas sonoras en nuestro editor en l\u00ednea. \u00a1Usamos la tecnolog\u00eda en cualquier aspecto de dise\u00f1o! Al igual que en nuestras otras opciones, puedes crear tu propia impresi\u00f3n de una onda sonora en solo tres pasos.<\/p>\n\n\n\n<p style=\"margin-top: 1rem\"><strong>Paso 1:<\/strong> Sube tu archivo de audio. Graba a un ser querido diciendo \u201cte amo\u201d o cualquier cosa que sea importante para ti. Luego comp\u00e1rtelo con nosotros y lo convertiremos en una onda sonora que verdaderamente puedas visualizar.<\/p>\n\n\n\n<p style=\"margin-top: 1rem\"><strong>Paso 2:<\/strong> Elige los colores que quieras usar y agrega m\u00e1s detalles. Tienes control completo sobre c\u00f3mo va a lucir tu onda sonora en f\u00edsico. Elige una de nuestras paletas de colores creadas por nuestros dise\u00f1adores o crea tu propia paleta. Incluso puedes incluir un mensaje en tu impresi\u00f3n para personalizarla a\u00fan m\u00e1s.<\/p>\n\n\n\n<p style=\"margin-top: 1rem\"><strong>Paso 3:<\/strong> Selecciona un formato. Contamos con p\u00f3steres impresos o impresiones sobre lienzo, as\u00ed como archivos digitales que puedes descargar e imprimir tu regalo por tu cuenta.<\/p>\n\n\n\n<h2 class=\"grenB f24 cblue\" style=\"margin-top: 3rem\">\u00a1Comienza hoy mismo!<\/h2>\n\n\n\n<p style=\"margin-top: 1rem\">Crea tu propia onda sonora de un \u201cte amo\u201d hoy mismo. Comienza aqu\u00ed.<\/p>","protected":false},"excerpt":{"rendered":"<ul class=\"check-list\">\n<li>Convierte tu \u201cte amo\u201d en una obra de arte personalizada<\/li>\n<li>Simplemente sube un archivo de audio<\/li>\n<li>Agrega un c\u00f3digo QR y escan\u00e9alo para agregar tu canci\u00f3n favorita<\/li>\n<li>Personal\u00edzala en tres sencillos pasos<\/li>\n<li>Elige una plantilla o pon manos a la obra<\/li>\n<\/ul>\n","protected":false},"featured_media":631967,"template":"","meta":[],"product_brand":[],"product_cat":[5270,11455,11456,11452,11448,11462,11457,7678,7646,7789,7757,7805,7486,3119,11249,11250],"product_tag":[14923,11826,11821,11757,11825,11820,11771],"class_list":{"0":"post-376214","1":"product","2":"type-product","3":"status-publish","4":"has-post-thumbnail","6":"product_cat-regalos-de-navidad","7":"product_cat-regalos-de-navidad-para-mujer","8":"product_cat-regalos-de-navidad-para-hombre","9":"product_cat-regalos-de-navidad-para-la-novia","10":"product_cat-regalos-de-navidad-para-el-novio","11":"product_cat-regalos-de-navidad-para-la-esposa","12":"product_cat-regalos-de-navidad-para-el-marido","13":"product_cat-regalos-para-mi-novio","14":"product_cat-regalos-para-mi-esposo","15":"product_cat-regalos-para-mi-novia","16":"product_cat-regalos-para-mi-esposa","17":"product_cat-regalos-para-parejas","18":"product_cat-onda-sonora-es","19":"product_cat-regalos-de-san-valentin","20":"product_cat-regalos-de-san-valentin-mujeres","21":"product_cat-regalos-de-san-valentin-hombres","22":"product_tag-anniversary-es","23":"product_tag-regalos-de-navidad-para-el","24":"product_tag-regalos-de-navidad-para-el-marido","25":"product_tag-regalos-de-navidad-para-el-novio","26":"product_tag-regalos-de-navidad-para-ella","27":"product_tag-regalos-de-navidad-para-la-esposa","28":"product_tag-regalos-de-navidad-para-la-novia","30":"first","31":"instock","32":"sale","33":"taxable","34":"shipping-taxable","35":"purchasable","36":"product-type-variable"},"yoast_head":"<!-- This site is optimized with the Yoast SEO Premium plugin v27.2 (Yoast SEO v27.2) - https:\/\/yoast.com\/product\/yoast-seo-premium-wordpress\/ -->\n<title>Te amo Onda sonora - Positive Prints<\/title>\n<meta name=\"description\" content=\"Te amo puede ser el sonido m\u00e1s lindo del mundo, especialmente cuando viene de alguien a quien amas. Convierte tus palabras en una onda sonora que diga te amo.\" \/>\n<meta name=\"robots\" content=\"index, follow, max-snippet:-1, max-image-preview:large, max-video-preview:-1\" \/>\n<link rel=\"canonical\" href=\"https:\/\/positiveprints.com\/es\/producto\/te-amo-onda-sonora\/\" \/>\n<meta property=\"og:locale\" content=\"es_ES\" \/>\n<meta property=\"og:type\" content=\"article\" \/>\n<meta property=\"og:title\" content=\"Onda sonora de un \u201cte amo\u201d\" \/>\n<meta property=\"og:description\" content=\"Convierte tu \u201cte amo\u201d en una obra de arte personalizada  Simplemente sube un archivo de audio  Agrega un c\u00f3digo QR y escan\u00e9alo para agregar tu canci\u00f3n favorita  Personal\u00edzala en tres sencillos pasos  Elige una plantilla o pon manos a la obra\" \/>\n<meta property=\"og:url\" content=\"https:\/\/positiveprints.com\/es\/producto\/te-amo-onda-sonora\/\" \/>\n<meta property=\"og:site_name\" content=\"Positive Prints\" \/>\n<meta property=\"article:publisher\" content=\"https:\/\/www.facebook.com\/positiveprintscom\" \/>\n<meta property=\"article:modified_time\" content=\"2026-04-23T10:48:43+00:00\" \/>\n<meta property=\"og:image\" content=\"https:\/\/positiveprints.com\/wp-content\/uploads\/2023\/07\/Te-amo-Onda-sonora.jpg\" \/>\n\t<meta property=\"og:image:width\" content=\"1080\" \/>\n\t<meta property=\"og:image:height\" content=\"1080\" \/>\n\t<meta property=\"og:image:type\" content=\"image\/jpeg\" \/>\n<meta name=\"twitter:card\" content=\"summary_large_image\" \/>\n<meta name=\"twitter:label1\" content=\"Tiempo de lectura\" \/>\n\t<meta name=\"twitter:data1\" content=\"1 minuto\" \/>\n<!-- \/ Yoast SEO Premium plugin. -->","yoast_head_json":{"title":"Te amo Onda sonora - Positive Prints","description":"Te amo puede ser el sonido m\u00e1s lindo del mundo, especialmente cuando viene de alguien a quien amas. Convierte tus palabras en una onda sonora que diga te amo.","robots":{"index":"index","follow":"follow","max-snippet":"max-snippet:-1","max-image-preview":"max-image-preview:large","max-video-preview":"max-video-preview:-1"},"canonical":"https:\/\/positiveprints.com\/es\/producto\/te-amo-onda-sonora\/","og_locale":"es_ES","og_type":"article","og_title":"Onda sonora de un \u201cte amo\u201d","og_description":"Convierte tu \u201cte amo\u201d en una obra de arte personalizada  Simplemente sube un archivo de audio  Agrega un c\u00f3digo QR y escan\u00e9alo para agregar tu canci\u00f3n favorita  Personal\u00edzala en tres sencillos pasos  Elige una plantilla o pon manos a la obra","og_url":"https:\/\/positiveprints.com\/es\/producto\/te-amo-onda-sonora\/","og_site_name":"Positive Prints","article_publisher":"https:\/\/www.facebook.com\/positiveprintscom","article_modified_time":"2026-04-23T10:48:43+00:00","og_image":[{"width":1080,"height":1080,"url":"https:\/\/positiveprints.com\/wp-content\/uploads\/2023\/07\/Te-amo-Onda-sonora.jpg","type":"image\/jpeg"}],"twitter_card":"summary_large_image","twitter_misc":{"Tiempo de lectura":"1 minuto"},"schema":{"@context":"https:\/\/schema.org","@graph":[{"@type":["WebPage","ItemPage"],"@id":"https:\/\/positiveprints.com\/es\/producto\/te-amo-onda-sonora\/","url":"https:\/\/positiveprints.com\/es\/producto\/te-amo-onda-sonora\/","name":"Te amo Onda sonora - Positive Prints","isPartOf":{"@id":"https:\/\/positiveprints.com\/es\/#website"},"primaryImageOfPage":{"@id":"https:\/\/positiveprints.com\/es\/producto\/te-amo-onda-sonora\/#primaryimage"},"image":{"@id":"https:\/\/positiveprints.com\/es\/producto\/te-amo-onda-sonora\/#primaryimage"},"thumbnailUrl":"https:\/\/positiveprints.com\/wp-content\/uploads\/2023\/07\/Te-amo-Onda-sonora.jpg","datePublished":"2022-07-21T11:05:10+00:00","dateModified":"2026-04-23T10:48:43+00:00","description":"Te amo puede ser el sonido m\u00e1s lindo del mundo, especialmente cuando viene de alguien a quien amas. Convierte tus palabras en una onda sonora que diga te amo.","breadcrumb":{"@id":"https:\/\/positiveprints.com\/es\/producto\/te-amo-onda-sonora\/#breadcrumb"},"inLanguage":"es","potentialAction":[{"@type":"ReadAction","target":["https:\/\/positiveprints.com\/es\/producto\/te-amo-onda-sonora\/"]}]},{"@type":"ImageObject","inLanguage":"es","@id":"https:\/\/positiveprints.com\/es\/producto\/te-amo-onda-sonora\/#primaryimage","url":"https:\/\/positiveprints.com\/wp-content\/uploads\/2023\/07\/Te-amo-Onda-sonora.jpg","contentUrl":"https:\/\/positiveprints.com\/wp-content\/uploads\/2023\/07\/Te-amo-Onda-sonora.jpg","width":1080,"height":1080,"caption":"Te amo Onda sonora"},{"@type":"BreadcrumbList","@id":"https:\/\/positiveprints.com\/es\/producto\/te-amo-onda-sonora\/#breadcrumb","itemListElement":[{"@type":"ListItem","position":1,"name":"CASA","item":"https:\/\/positiveprints.com\/es\/"},{"@type":"ListItem","position":2,"name":"Productos","item":"https:\/\/positiveprints.com\/es\/shop\/"},{"@type":"ListItem","position":3,"name":"Onda sonora de un \u201cte amo\u201d"}]},{"@type":"WebSite","@id":"https:\/\/positiveprints.com\/es\/#website","url":"https:\/\/positiveprints.com\/es\/","name":"Positive Prints","description":"Custom Gifts for Special Occasions","publisher":{"@id":"https:\/\/positiveprints.com\/es\/#organization"},"potentialAction":[{"@type":"SearchAction","target":{"@type":"EntryPoint","urlTemplate":"https:\/\/positiveprints.com\/es\/?s={search_term_string}"},"query-input":{"@type":"PropertyValueSpecification","valueRequired":true,"valueName":"search_term_string"}}],"inLanguage":"es"},{"@type":"Organization","@id":"https:\/\/positiveprints.com\/es\/#organization","name":"Positive Prints","alternateName":"Positive Prints ","url":"https:\/\/positiveprints.com\/es\/","logo":{"@type":"ImageObject","inLanguage":"es","@id":"https:\/\/positiveprints.com\/es\/#\/schema\/logo\/image\/","url":"https:\/\/positiveprints.com\/wp-content\/uploads\/2026\/03\/245815646_1337939713319158_5671353136411139666_n.png","contentUrl":"https:\/\/positiveprints.com\/wp-content\/uploads\/2026\/03\/245815646_1337939713319158_5671353136411139666_n.png","width":800,"height":800,"caption":"Positive Prints"},"image":{"@id":"https:\/\/positiveprints.com\/es\/#\/schema\/logo\/image\/"},"sameAs":["https:\/\/www.facebook.com\/positiveprintscom","https:\/\/www.instagram.com\/positiveprintscom\/","https:\/\/www.tiktok.com\/@positiveprintscom","https:\/\/www.pinterest.com\/positiveprintscom\/"]}]}},"jetpack_sharing_enabled":true,"_links":{"self":[{"href":"https:\/\/positiveprints.com\/es\/wp-json\/wp\/v2\/product\/376214","targetHints":{"allow":["GET"]}}],"collection":[{"href":"https:\/\/positiveprints.com\/es\/wp-json\/wp\/v2\/product"}],"about":[{"href":"https:\/\/positiveprints.com\/es\/wp-json\/wp\/v2\/types\/product"}],"wp:featuredmedia":[{"embeddable":true,"href":"https:\/\/positiveprints.com\/es\/wp-json\/wp\/v2\/media\/631967"}],"wp:attachment":[{"href":"https:\/\/positiveprints.com\/es\/wp-json\/wp\/v2\/media?parent=376214"}],"wp:term":[{"taxonomy":"product_brand","embeddable":true,"href":"https:\/\/positiveprints.com\/es\/wp-json\/wp\/v2\/product_brand?post=376214"},{"taxonomy":"product_cat","embeddable":true,"href":"https:\/\/positiveprints.com\/es\/wp-json\/wp\/v2\/product_cat?post=376214"},{"taxonomy":"product_tag","embeddable":true,"href":"https:\/\/positiveprints.com\/es\/wp-json\/wp\/v2\/product_tag?post=376214"}],"curies":[{"name":"wp","href":"https:\/\/api.w.org\/{rel}","templated":true}]}}